{"id":10036,"date":"2021-02-02T07:45:54","date_gmt":"2021-02-02T06:45:54","guid":{"rendered":"http:\/\/www.spa-grillon.fr\/?page_id=10036"},"modified":"2021-02-27T16:24:58","modified_gmt":"2021-02-27T15:24:58","slug":"ralph","status":"publish","type":"page","link":"https:\/\/www.spa-grillon.fr\/?page_id=10036","title":{"rendered":"RALPH"},"content":{"rendered":"<p style=\"text-align: justify;\"><img decoding=\"async\" loading=\"lazy\" class=\"alignleft size-medium wp-image-10038\" src=\"http:\/\/www.spa-grillon.fr\/wp-content\/uploads\/2021\/02\/Ralph-2-300x300.jpg\" alt=\"Ralph (2)\" width=\"300\" height=\"300\" srcset=\"https:\/\/www.spa-grillon.fr\/wp-content\/uploads\/2021\/02\/Ralph-2-300x300.jpg 300w, https:\/\/www.spa-grillon.fr\/wp-content\/uploads\/2021\/02\/Ralph-2-150x150.jpg 150w, https:\/\/www.spa-grillon.fr\/wp-content\/uploads\/2021\/02\/Ralph-2-768x768.jpg 768w, https:\/\/www.spa-grillon.fr\/wp-content\/uploads\/2021\/02\/Ralph-2-1024x1024.jpg 1024w\" sizes=\"(max-width: 300px) 100vw, 300px\" \/>A onze mois, Ralph est d\u00e9j\u00e0 un bien grand chat. Adopt\u00e9 chaton au refuge, le voil\u00e0 d\u00e9j\u00e0 de retour! Il n&rsquo;\u00e9tait pas fait pour la vie en appartement. Difficile \u00e0 pr\u00e9voir quand on est b\u00e9b\u00e9&#8230; Il aura donc besoin d&rsquo;une famille aimante, avec \u00e9ventuellement des enfants, qui puissent comprendre qu&rsquo;il n&rsquo;est pas un jouet et qu&rsquo;il ne faut pas le houspiller sans cesse. Il est tr\u00e8s affectueux et il aime s&rsquo;amuser et explorer. Il lui faudra surtout un acc\u00e8s \u00e0 l&rsquo;ext\u00e9rieur pour \u00e9tancher sa soif de d\u00e9couvertes car il n&rsquo;est pas fait pour rester dedans. Une cohabitation avec d&rsquo;autres chats peut difficilement s&rsquo;envisager car il est tr\u00e8s possessif. Au refuge, il s&rsquo;entend bien avec les autres mais en maison, c&rsquo;est plus compliqu\u00e9 : il veut les c\u00e2lins pour lui tout seul. On \u00e9vitera aussi les chiens. Ralph est d\u00e9j\u00e0 castr\u00e9. C&rsquo;est un chat gentil et calme, propre, c\u00e2lin ou ind\u00e9pendant selon son humeur. Un chat, quoi !<\/p>\n<p style=\"text-align: center;\"><strong>Attention : Ralph a la chance d&rsquo;\u00eatre un chat magnifique et il plaira sans doute \u00e0 beaucoup : assurez-vous tout de m\u00eame que vous saurez lui apporter ce dont il a besoin et respecter sa nature de chat.<\/strong><\/p>\n<p style=\"text-align: justify;\"><img decoding=\"async\" loading=\"lazy\" class=\"wp-image-10037 aligncenter\" src=\"http:\/\/www.spa-grillon.fr\/wp-content\/uploads\/2021\/02\/Ralph-1-1024x1024.jpg\" alt=\"Ralph (1)\" width=\"488\" height=\"488\" srcset=\"https:\/\/www.spa-grillon.fr\/wp-content\/uploads\/2021\/02\/Ralph-1-1024x1024.jpg 1024w, https:\/\/www.spa-grillon.fr\/wp-content\/uploads\/2021\/02\/Ralph-1-150x150.jpg 150w, https:\/\/www.spa-grillon.fr\/wp-content\/uploads\/2021\/02\/Ralph-1-300x300.jpg 300w, https:\/\/www.spa-grillon.fr\/wp-content\/uploads\/2021\/02\/Ralph-1-768x768.jpg 768w\" sizes=\"(max-width: 488px) 100vw, 488px\" \/><img decoding=\"async\" loading=\"lazy\" class=\"wp-image-10043 aligncenter\" src=\"http:\/\/www.spa-grillon.fr\/wp-content\/uploads\/2021\/02\/Ralph-7-938x1024.jpg\" alt=\"Ralph (7)\" width=\"489\" height=\"534\" srcset=\"https:\/\/www.spa-grillon.fr\/wp-content\/uploads\/2021\/02\/Ralph-7-938x1024.jpg 938w, https:\/\/www.spa-grillon.fr\/wp-content\/uploads\/2021\/02\/Ralph-7-275x300.jpg 275w, https:\/\/www.spa-grillon.fr\/wp-content\/uploads\/2021\/02\/Ralph-7-768x838.jpg 768w\" sizes=\"(max-width: 489px) 100vw, 489px\" \/><img decoding=\"async\" loading=\"lazy\" class=\"wp-image-10040 aligncenter\" src=\"http:\/\/www.spa-grillon.fr\/wp-content\/uploads\/2021\/02\/Ralph-4-1024x1024.jpg\" alt=\"Ralph (4)\" width=\"497\" height=\"497\" srcset=\"https:\/\/www.spa-grillon.fr\/wp-content\/uploads\/2021\/02\/Ralph-4-1024x1024.jpg 1024w, https:\/\/www.spa-grillon.fr\/wp-content\/uploads\/2021\/02\/Ralph-4-150x150.jpg 150w, https:\/\/www.spa-grillon.fr\/wp-content\/uploads\/2021\/02\/Ralph-4-300x300.jpg 300w, https:\/\/www.spa-grillon.fr\/wp-content\/uploads\/2021\/02\/Ralph-4-768x768.jpg 768w\" sizes=\"(max-width: 497px) 100vw, 497px\" \/><\/p>\n<p style=\"text-align: justify;\">\n","protected":false},"excerpt":{"rendered":"<p>A onze mois, Ralph est d\u00e9j\u00e0 un bien grand chat. Adopt\u00e9 chaton au refuge, le voil\u00e0 d\u00e9j\u00e0 de retour! Il n&rsquo;\u00e9tait pas fait pour la vie en appartement. Difficile \u00e0 pr\u00e9voir quand on est b\u00e9b\u00e9&#8230; Il aura donc besoin d&rsquo;une &hellip; <a href=\"https:\/\/www.spa-grillon.fr\/?page_id=10036\">Continuer la lecture <span class=\"meta-nav\">&rarr;<\/span><\/a><\/p>\n","protected":false},"author":2,"featured_media":0,"parent":0,"menu_order":0,"comment_status":"closed","ping_status":"closed","template":"","meta":[],"_links":{"self":[{"href":"https:\/\/www.spa-grillon.fr\/index.php?rest_route=\/wp\/v2\/pages\/10036"}],"collection":[{"href":"https:\/\/www.spa-grillon.fr\/index.php?rest_route=\/wp\/v2\/pages"}],"about":[{"href":"https:\/\/www.spa-grillon.fr\/index.php?rest_route=\/wp\/v2\/types\/page"}],"author":[{"embeddable":true,"href":"https:\/\/www.spa-grillon.fr\/index.php?rest_route=\/wp\/v2\/users\/2"}],"replies":[{"embeddable":true,"href":"https:\/\/www.spa-grillon.fr\/index.php?rest_route=%2Fwp%2Fv2%2Fcomments&post=10036"}],"version-history":[{"count":6,"href":"https:\/\/www.spa-grillon.fr\/index.php?rest_route=\/wp\/v2\/pages\/10036\/revisions"}],"predecessor-version":[{"id":10135,"href":"https:\/\/www.spa-grillon.fr\/index.php?rest_route=\/wp\/v2\/pages\/10036\/revisions\/10135"}],"wp:attachment":[{"href":"https:\/\/www.spa-grillon.fr\/index.php?rest_route=%2Fwp%2Fv2%2Fmedia&parent=10036"}],"curies":[{"name":"wp","href":"https:\/\/api.w.org\/{rel}","templated":true}]}}