{"id":10099,"date":"2021-02-20T21:37:19","date_gmt":"2021-02-20T20:37:19","guid":{"rendered":"http:\/\/www.spa-grillon.fr\/?page_id=10099"},"modified":"2021-02-20T21:37:19","modified_gmt":"2021-02-20T20:37:19","slug":"martin","status":"publish","type":"page","link":"https:\/\/www.spa-grillon.fr\/?page_id=10099","title":{"rendered":"MARTIN"},"content":{"rendered":"<p style=\"text-align: justify;\"><img decoding=\"async\" loading=\"lazy\" class=\"alignleft size-medium wp-image-10104\" src=\"http:\/\/www.spa-grillon.fr\/wp-content\/uploads\/2021\/02\/Martin-6-300x300.jpg\" alt=\"Martin (6)\" width=\"300\" height=\"300\" srcset=\"https:\/\/www.spa-grillon.fr\/wp-content\/uploads\/2021\/02\/Martin-6-300x300.jpg 300w, https:\/\/www.spa-grillon.fr\/wp-content\/uploads\/2021\/02\/Martin-6-150x150.jpg 150w, https:\/\/www.spa-grillon.fr\/wp-content\/uploads\/2021\/02\/Martin-6-768x767.jpg 768w, https:\/\/www.spa-grillon.fr\/wp-content\/uploads\/2021\/02\/Martin-6-1024x1024.jpg 1024w\" sizes=\"(max-width: 300px) 100vw, 300px\" \/>Voici Martin. N\u00e9 en juin 2019 environ, ce gentil matou est arriv\u00e9 au refuge avec une patte bless\u00e9e mais tout est rentr\u00e9 dans l&rsquo;ordre et le voil\u00e0 d\u00e9sormais \u00e0 l&rsquo;adoption. Il a sans doute eu l&rsquo;habitude de vivre dehors un temps car il a tr\u00e8s envie de sortir mais il appr\u00e9cie aussi beaucoup les coussins : il lui faudra donc une maison avec un acc\u00e8s ext\u00e9rieur. On ne conna\u00eet pas bien pour l&rsquo;instant ses ententes avec ses cong\u00e9n\u00e8res ou les chiens mais il semble en avoir peur. Mais les chats sont adaptables selon le candidat \u00e0 la colocation ! Il est tr\u00e8s c\u00e2lin : affectueux en diable, il poursuit toute main un peu caressante pour y lover son petit nez curieux. Il aime beaucoup les genoux et s&rsquo;y installe tr\u00e8s volontiers. Il miaule alors d\u00e9sesp\u00e9r\u00e9ment lorsqu&rsquo;on s&rsquo;en va. Il semble ind\u00e9pendant mais aura besoin de compagnie. Il a \u00e9t\u00e9 castr\u00e9 \u00e0 son arriv\u00e9e ce qui l&#8217;emp\u00eachera de courir le guilledou dans le quartier qui l&rsquo;accueillera ! Le p\u00e2le azur de ses yeux refl\u00e8te la douceur de ce gentil matou qui s&rsquo;ennuie beaucoup ici. Il est temps pour lui de trouver un foyer d\u00e9finitif.<\/p>\n<p style=\"text-align: justify;\"><img decoding=\"async\" loading=\"lazy\" class=\"wp-image-10106 aligncenter\" src=\"http:\/\/www.spa-grillon.fr\/wp-content\/uploads\/2021\/02\/Martin-8-1014x1024.jpg\" alt=\"Martin (8)\" width=\"522\" height=\"527\" srcset=\"https:\/\/www.spa-grillon.fr\/wp-content\/uploads\/2021\/02\/Martin-8-1014x1024.jpg 1014w, https:\/\/www.spa-grillon.fr\/wp-content\/uploads\/2021\/02\/Martin-8-150x150.jpg 150w, https:\/\/www.spa-grillon.fr\/wp-content\/uploads\/2021\/02\/Martin-8-297x300.jpg 297w, https:\/\/www.spa-grillon.fr\/wp-content\/uploads\/2021\/02\/Martin-8-768x775.jpg 768w\" sizes=\"(max-width: 522px) 100vw, 522px\" \/><\/p>\n<p style=\"text-align: justify;\"><img decoding=\"async\" loading=\"lazy\" class=\"wp-image-10109 aligncenter\" src=\"http:\/\/www.spa-grillon.fr\/wp-content\/uploads\/2021\/02\/Martin-11-801x1024.jpg\" alt=\"Martin (11)\" width=\"520\" height=\"665\" srcset=\"https:\/\/www.spa-grillon.fr\/wp-content\/uploads\/2021\/02\/Martin-11-801x1024.jpg 801w, https:\/\/www.spa-grillon.fr\/wp-content\/uploads\/2021\/02\/Martin-11-235x300.jpg 235w, https:\/\/www.spa-grillon.fr\/wp-content\/uploads\/2021\/02\/Martin-11-768x981.jpg 768w\" sizes=\"(max-width: 520px) 100vw, 520px\" \/><\/p>\n<p style=\"text-align: justify;\"><img decoding=\"async\" loading=\"lazy\" class=\"wp-image-10102  aligncenter\" src=\"http:\/\/www.spa-grillon.fr\/wp-content\/uploads\/2021\/02\/Martin-3-e1613853392993-1024x1024.jpg\" alt=\"Martin (3)\" width=\"521\" height=\"521\" srcset=\"https:\/\/www.spa-grillon.fr\/wp-content\/uploads\/2021\/02\/Martin-3-e1613853392993-1024x1024.jpg 1024w, https:\/\/www.spa-grillon.fr\/wp-content\/uploads\/2021\/02\/Martin-3-e1613853392993-150x150.jpg 150w, https:\/\/www.spa-grillon.fr\/wp-content\/uploads\/2021\/02\/Martin-3-e1613853392993-300x300.jpg 300w, https:\/\/www.spa-grillon.fr\/wp-content\/uploads\/2021\/02\/Martin-3-e1613853392993-768x768.jpg 768w, https:\/\/www.spa-grillon.fr\/wp-content\/uploads\/2021\/02\/Martin-3-e1613853392993.jpg 1740w\" sizes=\"(max-width: 521px) 100vw, 521px\" \/><\/p>\n","protected":false},"excerpt":{"rendered":"<p>Voici Martin. N\u00e9 en juin 2019 environ, ce gentil matou est arriv\u00e9 au refuge avec une patte bless\u00e9e mais tout est rentr\u00e9 dans l&rsquo;ordre et le voil\u00e0 d\u00e9sormais \u00e0 l&rsquo;adoption. Il a sans doute eu l&rsquo;habitude de vivre dehors un &hellip; <a href=\"https:\/\/www.spa-grillon.fr\/?page_id=10099\">Continuer la lecture <span class=\"meta-nav\">&rarr;<\/span><\/a><\/p>\n","protected":false},"author":2,"featured_media":0,"parent":0,"menu_order":0,"comment_status":"closed","ping_status":"closed","template":"","meta":[],"_links":{"self":[{"href":"https:\/\/www.spa-grillon.fr\/index.php?rest_route=\/wp\/v2\/pages\/10099"}],"collection":[{"href":"https:\/\/www.spa-grillon.fr\/index.php?rest_route=\/wp\/v2\/pages"}],"about":[{"href":"https:\/\/www.spa-grillon.fr\/index.php?rest_route=\/wp\/v2\/types\/page"}],"author":[{"embeddable":true,"href":"https:\/\/www.spa-grillon.fr\/index.php?rest_route=\/wp\/v2\/users\/2"}],"replies":[{"embeddable":true,"href":"https:\/\/www.spa-grillon.fr\/index.php?rest_route=%2Fwp%2Fv2%2Fcomments&post=10099"}],"version-history":[{"count":1,"href":"https:\/\/www.spa-grillon.fr\/index.php?rest_route=\/wp\/v2\/pages\/10099\/revisions"}],"predecessor-version":[{"id":10112,"href":"https:\/\/www.spa-grillon.fr\/index.php?rest_route=\/wp\/v2\/pages\/10099\/revisions\/10112"}],"wp:attachment":[{"href":"https:\/\/www.spa-grillon.fr\/index.php?rest_route=%2Fwp%2Fv2%2Fmedia&parent=10099"}],"curies":[{"name":"wp","href":"https:\/\/api.w.org\/{rel}","templated":true}]}}