{"id":10237,"date":"2021-03-20T18:40:57","date_gmt":"2021-03-20T17:40:57","guid":{"rendered":"http:\/\/www.spa-grillon.fr\/?page_id=10237"},"modified":"2023-12-25T19:35:29","modified_gmt":"2023-12-25T18:35:29","slug":"princesse","status":"publish","type":"page","link":"https:\/\/www.spa-grillon.fr\/?page_id=10237","title":{"rendered":"PRINCESSE"},"content":{"rendered":"<p><img decoding=\"async\" loading=\"lazy\" class=\"alignleft wp-image-12995 size-medium\" src=\"http:\/\/www.spa-grillon.fr\/wp-content\/uploads\/2021\/03\/Princesse-4-1-300x300.jpg\" alt=\"Princesse (4)\" width=\"300\" height=\"300\" srcset=\"https:\/\/www.spa-grillon.fr\/wp-content\/uploads\/2021\/03\/Princesse-4-1-300x300.jpg 300w, https:\/\/www.spa-grillon.fr\/wp-content\/uploads\/2021\/03\/Princesse-4-1-150x150.jpg 150w, https:\/\/www.spa-grillon.fr\/wp-content\/uploads\/2021\/03\/Princesse-4-1-768x768.jpg 768w, https:\/\/www.spa-grillon.fr\/wp-content\/uploads\/2021\/03\/Princesse-4-1-1024x1024.jpg 1024w\" sizes=\"(max-width: 300px) 100vw, 300px\" \/><\/p>\n<p>&nbsp;<\/p>\n<p><strong>Sexe <\/strong>: femelle<\/p>\n<p><strong>Race <\/strong>: X boxer<\/p>\n<p><strong>Age <\/strong>: n\u00e9 en 11\/2014<\/p>\n<p><strong>Taille <\/strong>: grande<\/p>\n<p>&nbsp;<\/p>\n<p style=\"text-align: justify;\"><strong><br \/>\nCaract\u00e9ristiques<\/strong> :\u00a0 Princesse est un cr\u00e8ve-c\u0153ur. Cette chienne adorable, douce et c\u00e2line nous a pourtant \u00e9t\u00e9 abandonn\u00e9e parce qu&rsquo;elle se blessait pour pouvoir sortir de la maison. Il a \u00e9t\u00e9 tr\u00e8s difficile pour elle d&rsquo;\u00eatre seule. Nous ne saurons jamais vraiment ce qu&rsquo;elle a v\u00e9cu pour d\u00e9velopper une telle crainte de la s\u00e9paration mais tout se travaille. Au refuge, elle a d\u00fb apprendre la solitude \u00e0 la dure mais elle va mieux maintenant. Un peu de patience, beaucoup d&rsquo;amour et des conseils avis\u00e9s, et il sera possible de pr\u00e9server cette belle toutoune de ses angoisses. Si vous avez besoin d&rsquo;une compagne pr\u00e9sente, douce, si vous \u00eates pr\u00eat \u00e0 lui donner ce qu&rsquo;il lui faut, Princesse est faite pour vous. Elle peut vivre avec des personnes jeunes, plus \u00e2g\u00e9es, des enfants. Les chats sont vraiment un sujet de discorde : devant un matou, elle perd la t\u00eate et rien ne peut la retenir. On ne sait pas vraiment si elle peut cohabiter avec un chien : elle a ses t\u00eates mais elle se prom\u00e8ne ais\u00e9ment avec eux. Nous prendrons le temps de faire des tests. Elle ne tire pas trop en laisse, sauf au d\u00e9part et si une sollicitation vraiment irr\u00e9sistible se pr\u00e9sente. Elle est aussi tr\u00e8s joueuse \u00e0 ses heures. Le refuge est une vraie souffrance pour cette chienne : il est urgent qu&rsquo;elle trouve un foyer, pour de bon cette fois.<\/p>\n<p style=\"text-align: justify;\"><img decoding=\"async\" loading=\"lazy\" class=\"wp-image-14349 aligncenter\" src=\"https:\/\/www.spa-grillon.fr\/wp-content\/uploads\/2021\/03\/Princesse-7-947x1024.jpg\" alt=\"Princesse (7)\" width=\"519\" height=\"561\" srcset=\"https:\/\/www.spa-grillon.fr\/wp-content\/uploads\/2021\/03\/Princesse-7-947x1024.jpg 947w, https:\/\/www.spa-grillon.fr\/wp-content\/uploads\/2021\/03\/Princesse-7-278x300.jpg 278w, https:\/\/www.spa-grillon.fr\/wp-content\/uploads\/2021\/03\/Princesse-7-768x830.jpg 768w, https:\/\/www.spa-grillon.fr\/wp-content\/uploads\/2021\/03\/Princesse-7.jpg 1665w\" sizes=\"(max-width: 519px) 100vw, 519px\" \/> <img decoding=\"async\" loading=\"lazy\" class=\"wp-image-14348 aligncenter\" src=\"https:\/\/www.spa-grillon.fr\/wp-content\/uploads\/2021\/03\/Princesse-6-705x1024.jpg\" alt=\"Princesse (6)\" width=\"425\" height=\"617\" srcset=\"https:\/\/www.spa-grillon.fr\/wp-content\/uploads\/2021\/03\/Princesse-6-705x1024.jpg 705w, https:\/\/www.spa-grillon.fr\/wp-content\/uploads\/2021\/03\/Princesse-6-207x300.jpg 207w, https:\/\/www.spa-grillon.fr\/wp-content\/uploads\/2021\/03\/Princesse-6-768x1115.jpg 768w, https:\/\/www.spa-grillon.fr\/wp-content\/uploads\/2021\/03\/Princesse-6.jpg 1096w\" sizes=\"(max-width: 425px) 100vw, 425px\" \/><\/p>\n<div id=\"attachment_12987\" style=\"width: 481px\" class=\"wp-caption aligncenter\"><img aria-describedby=\"caption-attachment-12987\" decoding=\"async\" loading=\"lazy\" class=\"wp-image-12987 \" src=\"http:\/\/www.spa-grillon.fr\/wp-content\/uploads\/2021\/03\/Princesse-18-e1675014857973-1024x938.jpg\" alt=\"Princesse (18)\" width=\"471\" height=\"431\" srcset=\"https:\/\/www.spa-grillon.fr\/wp-content\/uploads\/2021\/03\/Princesse-18-e1675014857973-1024x938.jpg 1024w, https:\/\/www.spa-grillon.fr\/wp-content\/uploads\/2021\/03\/Princesse-18-e1675014857973-300x275.jpg 300w, https:\/\/www.spa-grillon.fr\/wp-content\/uploads\/2021\/03\/Princesse-18-e1675014857973-768x704.jpg 768w, https:\/\/www.spa-grillon.fr\/wp-content\/uploads\/2021\/03\/Princesse-18-e1675014857973.jpg 1196w\" sizes=\"(max-width: 471px) 100vw, 471px\" \/><p id=\"caption-attachment-12987\" class=\"wp-caption-text\">Les champs de bl\u00e9, y&rsquo;a que \u00e7a de vrai !<\/p><\/div>\n<p style=\"text-align: justify;\"><img decoding=\"async\" loading=\"lazy\" class=\"aligncenter wp-image-12984 \" src=\"http:\/\/www.spa-grillon.fr\/wp-content\/uploads\/2021\/03\/Princesse-15-e1675014820857-994x1024.jpg\" alt=\"Princesse (15)\" width=\"482\" height=\"496\" srcset=\"https:\/\/www.spa-grillon.fr\/wp-content\/uploads\/2021\/03\/Princesse-15-e1675014820857-994x1024.jpg 994w, https:\/\/www.spa-grillon.fr\/wp-content\/uploads\/2021\/03\/Princesse-15-e1675014820857-291x300.jpg 291w, https:\/\/www.spa-grillon.fr\/wp-content\/uploads\/2021\/03\/Princesse-15-e1675014820857-768x791.jpg 768w, https:\/\/www.spa-grillon.fr\/wp-content\/uploads\/2021\/03\/Princesse-15-e1675014820857.jpg 1184w\" sizes=\"(max-width: 482px) 100vw, 482px\" \/> <img decoding=\"async\" loading=\"lazy\" class=\"wp-image-12989 aligncenter\" src=\"http:\/\/www.spa-grillon.fr\/wp-content\/uploads\/2021\/03\/Princesse-20-768x1024.jpg\" alt=\"Princesse (20)\" width=\"476\" height=\"635\" srcset=\"https:\/\/www.spa-grillon.fr\/wp-content\/uploads\/2021\/03\/Princesse-20-768x1024.jpg 768w, https:\/\/www.spa-grillon.fr\/wp-content\/uploads\/2021\/03\/Princesse-20-225x300.jpg 225w, https:\/\/www.spa-grillon.fr\/wp-content\/uploads\/2021\/03\/Princesse-20.jpg 1200w\" sizes=\"(max-width: 476px) 100vw, 476px\" \/><\/p>\n<p style=\"text-align: justify;\"><img decoding=\"async\" loading=\"lazy\" class=\"wp-image-12994 aligncenter\" src=\"http:\/\/www.spa-grillon.fr\/wp-content\/uploads\/2021\/03\/Princesse-8-850x1024.jpg\" alt=\"Princesse (8)\" width=\"446\" height=\"537\" srcset=\"https:\/\/www.spa-grillon.fr\/wp-content\/uploads\/2021\/03\/Princesse-8-850x1024.jpg 850w, https:\/\/www.spa-grillon.fr\/wp-content\/uploads\/2021\/03\/Princesse-8-249x300.jpg 249w, https:\/\/www.spa-grillon.fr\/wp-content\/uploads\/2021\/03\/Princesse-8-768x926.jpg 768w, https:\/\/www.spa-grillon.fr\/wp-content\/uploads\/2021\/03\/Princesse-8.jpg 1170w\" sizes=\"(max-width: 446px) 100vw, 446px\" \/><img decoding=\"async\" loading=\"lazy\" class=\"wp-image-10254 aligncenter\" src=\"http:\/\/www.spa-grillon.fr\/wp-content\/uploads\/2021\/03\/20210313_115516-1024x1024.jpg\" alt=\"20210313_115516\" width=\"499\" height=\"499\" srcset=\"https:\/\/www.spa-grillon.fr\/wp-content\/uploads\/2021\/03\/20210313_115516-1024x1024.jpg 1024w, https:\/\/www.spa-grillon.fr\/wp-content\/uploads\/2021\/03\/20210313_115516-150x150.jpg 150w, https:\/\/www.spa-grillon.fr\/wp-content\/uploads\/2021\/03\/20210313_115516-300x300.jpg 300w, https:\/\/www.spa-grillon.fr\/wp-content\/uploads\/2021\/03\/20210313_115516-768x768.jpg 768w\" sizes=\"(max-width: 499px) 100vw, 499px\" \/><\/p>\n<div id=\"attachment_12979\" style=\"width: 413px\" class=\"wp-caption aligncenter\"><img aria-describedby=\"caption-attachment-12979\" decoding=\"async\" loading=\"lazy\" class=\"wp-image-12979 \" src=\"http:\/\/www.spa-grillon.fr\/wp-content\/uploads\/2021\/03\/Princesse-10-e1675015032740-292x300.jpg\" alt=\"La nouvelle reine des neiges...\" width=\"403\" height=\"414\" srcset=\"https:\/\/www.spa-grillon.fr\/wp-content\/uploads\/2021\/03\/Princesse-10-e1675015032740-292x300.jpg 292w, https:\/\/www.spa-grillon.fr\/wp-content\/uploads\/2021\/03\/Princesse-10-e1675015032740-768x790.jpg 768w, https:\/\/www.spa-grillon.fr\/wp-content\/uploads\/2021\/03\/Princesse-10-e1675015032740-996x1024.jpg 996w, https:\/\/www.spa-grillon.fr\/wp-content\/uploads\/2021\/03\/Princesse-10-e1675015032740.jpg 1240w\" sizes=\"(max-width: 403px) 100vw, 403px\" \/><p id=\"caption-attachment-12979\" class=\"wp-caption-text\">La nouvelle reine des neiges&#8230;<\/p><\/div>\n<p><img decoding=\"async\" loading=\"lazy\" class=\"alignleft  wp-image-14351\" src=\"https:\/\/www.spa-grillon.fr\/wp-content\/uploads\/2021\/03\/Princesse-2-1-774x1024.jpg\" alt=\"Princesse (2)\" width=\"257\" height=\"340\" srcset=\"https:\/\/www.spa-grillon.fr\/wp-content\/uploads\/2021\/03\/Princesse-2-1-774x1024.jpg 774w, https:\/\/www.spa-grillon.fr\/wp-content\/uploads\/2021\/03\/Princesse-2-1-227x300.jpg 227w, https:\/\/www.spa-grillon.fr\/wp-content\/uploads\/2021\/03\/Princesse-2-1-768x1017.jpg 768w, https:\/\/www.spa-grillon.fr\/wp-content\/uploads\/2021\/03\/Princesse-2-1.jpg 893w\" sizes=\"(max-width: 257px) 100vw, 257px\" \/> <img decoding=\"async\" loading=\"lazy\" class=\"alignleft wp-image-14352 \" src=\"https:\/\/www.spa-grillon.fr\/wp-content\/uploads\/2021\/03\/Princesse-3-1-e1703529296253-257x300.jpg\" alt=\"Princesse (3)\" width=\"291\" height=\"340\" srcset=\"https:\/\/www.spa-grillon.fr\/wp-content\/uploads\/2021\/03\/Princesse-3-1-e1703529296253-257x300.jpg 257w, https:\/\/www.spa-grillon.fr\/wp-content\/uploads\/2021\/03\/Princesse-3-1-e1703529296253-768x897.jpg 768w, https:\/\/www.spa-grillon.fr\/wp-content\/uploads\/2021\/03\/Princesse-3-1-e1703529296253.jpg 832w\" sizes=\"(max-width: 291px) 100vw, 291px\" \/><\/p>\n<p style=\"text-align: justify;\"><img decoding=\"async\" loading=\"lazy\" class=\"wp-image-10251 aligncenter\" src=\"http:\/\/www.spa-grillon.fr\/wp-content\/uploads\/2021\/03\/20210313_115328-1024x1024.jpg\" alt=\"20210313_115328\" width=\"499\" height=\"499\" srcset=\"https:\/\/www.spa-grillon.fr\/wp-content\/uploads\/2021\/03\/20210313_115328-1024x1024.jpg 1024w, https:\/\/www.spa-grillon.fr\/wp-content\/uploads\/2021\/03\/20210313_115328-150x150.jpg 150w, https:\/\/www.spa-grillon.fr\/wp-content\/uploads\/2021\/03\/20210313_115328-300x300.jpg 300w, https:\/\/www.spa-grillon.fr\/wp-content\/uploads\/2021\/03\/20210313_115328-768x768.jpg 768w\" sizes=\"(max-width: 499px) 100vw, 499px\" \/><\/p>\n","protected":false},"excerpt":{"rendered":"<p>&nbsp; Sexe : femelle Race : X boxer Age : n\u00e9 en 11\/2014 Taille : grande &nbsp; Caract\u00e9ristiques :\u00a0 Princesse est un cr\u00e8ve-c\u0153ur. Cette chienne adorable, douce et c\u00e2line nous a pourtant \u00e9t\u00e9 abandonn\u00e9e parce qu&rsquo;elle se blessait pour pouvoir &hellip; <a href=\"https:\/\/www.spa-grillon.fr\/?page_id=10237\">Continuer la lecture <span class=\"meta-nav\">&rarr;<\/span><\/a><\/p>\n","protected":false},"author":2,"featured_media":0,"parent":0,"menu_order":0,"comment_status":"closed","ping_status":"closed","template":"","meta":[],"_links":{"self":[{"href":"https:\/\/www.spa-grillon.fr\/index.php?rest_route=\/wp\/v2\/pages\/10237"}],"collection":[{"href":"https:\/\/www.spa-grillon.fr\/index.php?rest_route=\/wp\/v2\/pages"}],"about":[{"href":"https:\/\/www.spa-grillon.fr\/index.php?rest_route=\/wp\/v2\/types\/page"}],"author":[{"embeddable":true,"href":"https:\/\/www.spa-grillon.fr\/index.php?rest_route=\/wp\/v2\/users\/2"}],"replies":[{"embeddable":true,"href":"https:\/\/www.spa-grillon.fr\/index.php?rest_route=%2Fwp%2Fv2%2Fcomments&post=10237"}],"version-history":[{"count":14,"href":"https:\/\/www.spa-grillon.fr\/index.php?rest_route=\/wp\/v2\/pages\/10237\/revisions"}],"predecessor-version":[{"id":14353,"href":"https:\/\/www.spa-grillon.fr\/index.php?rest_route=\/wp\/v2\/pages\/10237\/revisions\/14353"}],"wp:attachment":[{"href":"https:\/\/www.spa-grillon.fr\/index.php?rest_route=%2Fwp%2Fv2%2Fmedia&parent=10237"}],"curies":[{"name":"wp","href":"https:\/\/api.w.org\/{rel}","templated":true}]}}