{"id":10312,"date":"2021-03-28T18:55:15","date_gmt":"2021-03-28T17:55:15","guid":{"rendered":"http:\/\/www.spa-grillon.fr\/?page_id=10312"},"modified":"2021-04-04T16:35:09","modified_gmt":"2021-04-04T15:35:09","slug":"lilou","status":"publish","type":"page","link":"https:\/\/www.spa-grillon.fr\/?page_id=10312","title":{"rendered":"LILOU"},"content":{"rendered":"<p style=\"text-align: justify;\"><img decoding=\"async\" loading=\"lazy\" class=\"alignleft wp-image-10316\" src=\"http:\/\/www.spa-grillon.fr\/wp-content\/uploads\/2021\/03\/20210320_121834-300x300.jpg\" alt=\"20210320_121834\" width=\"328\" height=\"328\" srcset=\"https:\/\/www.spa-grillon.fr\/wp-content\/uploads\/2021\/03\/20210320_121834-300x300.jpg 300w, https:\/\/www.spa-grillon.fr\/wp-content\/uploads\/2021\/03\/20210320_121834-150x150.jpg 150w, https:\/\/www.spa-grillon.fr\/wp-content\/uploads\/2021\/03\/20210320_121834-768x768.jpg 768w, https:\/\/www.spa-grillon.fr\/wp-content\/uploads\/2021\/03\/20210320_121834-1024x1024.jpg 1024w\" sizes=\"(max-width: 328px) 100vw, 328px\" \/>Lilou est arriv\u00e9e au refuge avec sa copine Heidi apr\u00e8s le d\u00e9c\u00e8s de leur maitresse. Elle n&rsquo;avaient jamais connu l&rsquo;ext\u00e9rieur. Cette s\u00e9paration a \u00e9t\u00e9 extr\u00eamement douloureuse pour ces deux chattes d&rsquo;environ 5 ans au point qu&rsquo;il nous a \u00e9t\u00e9 impossible de les toucher pendant plusieurs semaines. Heidi est rest\u00e9e sauvageonne mais appr\u00e9cie grandement l&rsquo;ext\u00e9rieur, le soleil et les gourmandises. Elle progresse \u00e0 son rythme et nous approche de plus en plus, avec curiosit\u00e9. Elle n&rsquo;est pas adoptable pour l&rsquo;heure. Ce n&rsquo;est pas grave car les deux frangines ne se c\u00f4toient plus vraiment et elles peuvent tr\u00e8s bien \u00eatre adopt\u00e9es s\u00e9par\u00e9ment. Leurs caract\u00e8res sont vraiment diff\u00e9rents. Lilou, elle, ne sort pas et pr\u00e9f\u00e8re les doux couchages de l&rsquo;int\u00e9rieur, quitte \u00e0 se cacher sous des couvertures! Elle a tr\u00e8s peur des aboiements des chiens dehors. Mais depuis quelque temps, elle s&rsquo;est apais\u00e9e et a r\u00e9v\u00e9l\u00e9 son vrai caract\u00e8re : c&rsquo;est un amour de chatte, qui \u00e9tait simplement terroris\u00e9e et paralys\u00e9e par la peur. Aujourd&rsquo;hui, elle adore les c\u00e2lins et m\u00eame si l&rsquo;ambiance du refuge la stresse encore, elle se laisse tr\u00e8s facilement approcher, c\u00e2liner, porter. Elle devient m\u00eame demandeuse et progresse de jour en jour. Elle appr\u00e9ciera donc une vie en appartement, au calme, avec une famille qui saura lui laisser le temps de s&rsquo;adapter pour profiter ensuite \u00e0 fond de la douceur de cette chatte, magnifique et surtout si douce. On \u00e9vitera les chiens, \u00e0 moins d&rsquo;une \u00ab\u00a0p\u00e2te\u00a0\u00bb bien tranquille et indiff\u00e9rente. Fiez-vous au bleu de ses yeux : ils me mentent pas. C&rsquo;est le bonheur qu&rsquo;elle vous promet !<\/p>\n<p style=\"text-align: justify;\"><img decoding=\"async\" loading=\"lazy\" class=\"wp-image-10349 aligncenter\" src=\"http:\/\/www.spa-grillon.fr\/wp-content\/uploads\/2021\/04\/Lilou-e1617301639160-1024x1024.jpg\" alt=\"Lilou\" width=\"542\" height=\"542\" srcset=\"https:\/\/www.spa-grillon.fr\/wp-content\/uploads\/2021\/04\/Lilou-e1617301639160-1024x1024.jpg 1024w, https:\/\/www.spa-grillon.fr\/wp-content\/uploads\/2021\/04\/Lilou-e1617301639160-150x150.jpg 150w, https:\/\/www.spa-grillon.fr\/wp-content\/uploads\/2021\/04\/Lilou-e1617301639160-300x300.jpg 300w, https:\/\/www.spa-grillon.fr\/wp-content\/uploads\/2021\/04\/Lilou-e1617301639160-768x768.jpg 768w\" sizes=\"(max-width: 542px) 100vw, 542px\" \/><\/p>\n<p style=\"text-align: justify;\"><img decoding=\"async\" loading=\"lazy\" class=\"wp-image-10317 aligncenter\" src=\"http:\/\/www.spa-grillon.fr\/wp-content\/uploads\/2021\/03\/20210320_121854-1024x1024.jpg\" alt=\"20210320_121854\" width=\"498\" height=\"498\" srcset=\"https:\/\/www.spa-grillon.fr\/wp-content\/uploads\/2021\/03\/20210320_121854-1024x1024.jpg 1024w, https:\/\/www.spa-grillon.fr\/wp-content\/uploads\/2021\/03\/20210320_121854-150x150.jpg 150w, https:\/\/www.spa-grillon.fr\/wp-content\/uploads\/2021\/03\/20210320_121854-300x300.jpg 300w, https:\/\/www.spa-grillon.fr\/wp-content\/uploads\/2021\/03\/20210320_121854-768x768.jpg 768w\" sizes=\"(max-width: 498px) 100vw, 498px\" \/><\/p>\n<p><img decoding=\"async\" loading=\"lazy\" class=\"wp-image-10313 aligncenter\" src=\"http:\/\/www.spa-grillon.fr\/wp-content\/uploads\/2021\/03\/20210320_121523-1024x1024.jpg\" alt=\"20210320_121523\" width=\"503\" height=\"503\" srcset=\"https:\/\/www.spa-grillon.fr\/wp-content\/uploads\/2021\/03\/20210320_121523-1024x1024.jpg 1024w, https:\/\/www.spa-grillon.fr\/wp-content\/uploads\/2021\/03\/20210320_121523-150x150.jpg 150w, https:\/\/www.spa-grillon.fr\/wp-content\/uploads\/2021\/03\/20210320_121523-300x300.jpg 300w, https:\/\/www.spa-grillon.fr\/wp-content\/uploads\/2021\/03\/20210320_121523-768x768.jpg 768w, https:\/\/www.spa-grillon.fr\/wp-content\/uploads\/2021\/03\/20210320_121523.jpg 2045w\" sizes=\"(max-width: 503px) 100vw, 503px\" \/><\/p>\n<div style=\"width: 320px;\" class=\"wp-video\"><!--[if lt IE 9]><script>document.createElement('video');<\/script><![endif]-->\n<video class=\"wp-video-shortcode\" id=\"video-10312-1\" width=\"320\" height=\"180\" preload=\"metadata\" controls=\"controls\"><source type=\"video\/mp4\" src=\"http:\/\/www.spa-grillon.fr\/wp-content\/uploads\/2021\/03\/20210320_121209.mp4?_=1\" \/><a href=\"http:\/\/www.spa-grillon.fr\/wp-content\/uploads\/2021\/03\/20210320_121209.mp4\">http:\/\/www.spa-grillon.fr\/wp-content\/uploads\/2021\/03\/20210320_121209.mp4<\/a><\/video><\/div>\n","protected":false},"excerpt":{"rendered":"<p>Lilou est arriv\u00e9e au refuge avec sa copine Heidi apr\u00e8s le d\u00e9c\u00e8s de leur maitresse. Elle n&rsquo;avaient jamais connu l&rsquo;ext\u00e9rieur. Cette s\u00e9paration a \u00e9t\u00e9 extr\u00eamement douloureuse pour ces deux chattes d&rsquo;environ 5 ans au point qu&rsquo;il nous a \u00e9t\u00e9 impossible &hellip; <a href=\"https:\/\/www.spa-grillon.fr\/?page_id=10312\">Continuer la lecture <span class=\"meta-nav\">&rarr;<\/span><\/a><\/p>\n","protected":false},"author":2,"featured_media":0,"parent":0,"menu_order":0,"comment_status":"closed","ping_status":"closed","template":"","meta":[],"_links":{"self":[{"href":"https:\/\/www.spa-grillon.fr\/index.php?rest_route=\/wp\/v2\/pages\/10312"}],"collection":[{"href":"https:\/\/www.spa-grillon.fr\/index.php?rest_route=\/wp\/v2\/pages"}],"about":[{"href":"https:\/\/www.spa-grillon.fr\/index.php?rest_route=\/wp\/v2\/types\/page"}],"author":[{"embeddable":true,"href":"https:\/\/www.spa-grillon.fr\/index.php?rest_route=\/wp\/v2\/users\/2"}],"replies":[{"embeddable":true,"href":"https:\/\/www.spa-grillon.fr\/index.php?rest_route=%2Fwp%2Fv2%2Fcomments&post=10312"}],"version-history":[{"count":7,"href":"https:\/\/www.spa-grillon.fr\/index.php?rest_route=\/wp\/v2\/pages\/10312\/revisions"}],"predecessor-version":[{"id":10362,"href":"https:\/\/www.spa-grillon.fr\/index.php?rest_route=\/wp\/v2\/pages\/10312\/revisions\/10362"}],"wp:attachment":[{"href":"https:\/\/www.spa-grillon.fr\/index.php?rest_route=%2Fwp%2Fv2%2Fmedia&parent=10312"}],"curies":[{"name":"wp","href":"https:\/\/api.w.org\/{rel}","templated":true}]}}