{"id":104,"date":"2011-03-20T18:47:55","date_gmt":"2011-03-20T17:47:55","guid":{"rendered":"http:\/\/www.spa-grillon.fr\/?page_id=104"},"modified":"2026-01-03T20:15:36","modified_gmt":"2026-01-03T19:15:36","slug":"nous-aider","status":"publish","type":"page","link":"https:\/\/www.spa-grillon.fr\/?page_id=104","title":{"rendered":"NOUS AIDER"},"content":{"rendered":"\n<p><\/p>\n\n\n\n<h2 class=\"wp-block-heading\"><strong>L&rsquo;adh\u00e9sion<\/strong><\/h2>\n\n\n\n<p style=\"text-align: justify;\">Il vous suffit pour cela de faire la demande de la carte de membre de l&rsquo;association et de vous acquitter de la cotisation de 20 euros pour l&rsquo;ann\u00e9e civile. Vous pouvez aussi obtenir cette carte lors de l&rsquo;assembl\u00e9e g\u00e9n\u00e9rale qui se tient g\u00e9n\u00e9ralement en f\u00e9vrier. Vous pouvez \u00e9galement adh\u00e9rer en ligne en cliquant ci-dessous : <p style=\"text-align: justify;\">\n\n\n\n<iframe id=\"haWidget\" allowtransparency=\"true\" src=\"https:\/\/www.helloasso.com\/associations\/spa-de-l-enclave-des-papes\/adhesions\/adhesion-2026-2\/widget-bouton\" style=\"width: 100%; height: 70px; border: none;\" onload=\"window.addEventListener( 'message', function(e) { const dataHeight = e.data.height; const haWidgetElement = document.getElementById('haWidget'); haWidgetElement.height = dataHeight + 'px'; } )\" ><\/iframe>\n\n\n\n<h2 class=\"wp-block-heading\"><strong>Le b\u00e9n\u00e9volat<\/strong><\/h2>\n\n\n\n<p style=\"text-align: justify;\">Les b\u00e9n\u00e9voles sont indispensables au fonctionnement du refuge. Nous manquons de bras solides : vous serez donc les bienvenus pour vous occuper des chiens, des chats, faire des travaux (construction des parcs, pose de grillage, travaux divers et vari\u00e9s de bricolage, d&rsquo;\u00e9lectricit\u00e9, de plomberie, de jardinage, d&rsquo;\u00e9lagage&#8230;)<p style=\"text-align: justify;\">\n\n\n<p style=\"text-align: center;\"><strong> Pour mieux cerner vos envies et les besoins du refuge, merci de nous envoyer, par mail de pr\u00e9f\u00e9rence, votre num\u00e9ro de t\u00e9l\u00e9phone : nos r\u00e9f\u00e9rents b\u00e9n\u00e9volat, Anne et Genevi\u00e8ve, vous rappelleront pour un entretien et vous donneront tous les renseignements utiles.\u00a0<\/strong><\/p>\n\n\n<h2 class=\"wp-block-heading\"><strong>Les dons en nature<\/strong><\/h2>\n\n\n\n<p>&#8211; Antiparasitaires et vermifuges. <\/p>\n\n\n\n<p>&#8211; Laisses, colliers, harnais<\/p>\n\n\n\n<p>&#8211; Liti\u00e8re, croquettes, bo\u00eetes, friandises pour chiens et chats<\/p>\n\n\n\n<p>&#8211; Couvertures ou mat\u00e9riel divers (lasure, peinture, outils&#8230; )<\/p>\n\n\n\n<p><span style=\"text-decoration: underline;\">Mais pas de matelas, d&rsquo;oreillers, ni de v\u00eatements.<\/span><\/p>\n\n\n\n<h2 class=\"wp-block-heading\"><strong>Les dons financiers<\/strong><\/h2>\n\n\n\n<p style=\"text-align: justify;\">Les soins v\u00e9t\u00e9rinaires, la nourriture, les travaux et r\u00e9parations, tout cela co\u00fbte cher. Tout don, m\u00eame petit, est utile. Vous pouvez aussi effectuer le paiement direct de certaines factures v\u00e9t\u00e9rinaires. Vous pouvez libeller vos ch\u00e8ques au nom de la SPA de l\u2019Enclave des Papes, faire un don en ligne sur notre site via la plateforme hello asso. <p style=\"text-align: justify;\">\n\n\n\n<iframe id=\"haWidget\" allowtransparency=\"true\" src=\"https:\/\/www.helloasso.com\/associations\/spa-de-l-enclave-des-papes\/formulaires\/1\/widget-bouton\" style=\"width:100%;height:70px;border:none;\"><\/iframe><div style=\"width:100%;text-align:center;\"><\/div>\n\n\n\n<h2 class=\"wp-block-heading\"><strong>Le teaming<\/strong><\/h2>\n\n\n\n<p style=\"text-align: justify;\">Rejoignez l&rsquo;\u00e9quipe des teamers de la SPA ! En vous inscrivant sur le site s\u00e9curis\u00e9 en lien ci-dessous, vous donnez par pr\u00e9l\u00e8vement un euro par mois. C&rsquo;est sans engagement et permet \u00e0 ceux qui ont de petits moyens d&rsquo;aider aussi nos prot\u00e9g\u00e9s. Plus nous sommes nombreux, plus les dons sont importants. Alors, partagez ! <p style=\"text-align: justify;\">\n\n\n\n<iframe src=\"https:\/\/www.teaming.net\/group\/spread\/widgets\/jzhJxtu4a0whusSCQWHEaf3F7Qgyxy6kC84oie8LfLQBX\/2?lang=fr_FR&#038;TM=true\" width=375 height=109 frameborder='0' scrolling=\"no\" style=\"overflow: hidden;\"><\/iframe>\n\n\n\n<h2 class=\"wp-block-heading\"><strong>Le legs<\/strong><\/h2>\n\n\n\n<p style=\"text-align: justify;\">Si vous souhaitez soutenir la cause que nous d\u00e9fendons et vous assurer que nos animaux b\u00e9n\u00e9ficieront de votre appui, attention \u00e0 bien pr\u00e9ciser \u00e0 votre notaire le nom complet de notre association : SPA DE L&rsquo;ENCLAVE DES PAPES et non pas SPA tout court. Sans cette mention, vos legs et donations seront destin\u00e9s au si\u00e8ge parisien de la SPA dont nous ne faisons pas partie et non \u00e0 notre association.<p style=\"text-align: justify;\">\n\n\n\n<p class=\"has-text-align-center\"><strong>Quelle que soit votre fa\u00e7on de nous aider, un grand MERCI!<\/strong><\/p>\n","protected":false},"excerpt":{"rendered":"<p>L&rsquo;adh\u00e9sion Il vous suffit pour cela de faire la demande de la carte de membre de l&rsquo;association et de vous acquitter de la cotisation de 20 euros pour l&rsquo;ann\u00e9e civile. Vous pouvez aussi obtenir cette carte lors de l&rsquo;assembl\u00e9e g\u00e9n\u00e9rale &hellip; <a href=\"https:\/\/www.spa-grillon.fr\/?page_id=104\">Continuer la lecture <span class=\"meta-nav\">&rarr;<\/span><\/a><\/p>\n","protected":false},"author":2,"featured_media":0,"parent":0,"menu_order":0,"comment_status":"closed","ping_status":"closed","template":"","meta":[],"_links":{"self":[{"href":"https:\/\/www.spa-grillon.fr\/index.php?rest_route=\/wp\/v2\/pages\/104"}],"collection":[{"href":"https:\/\/www.spa-grillon.fr\/index.php?rest_route=\/wp\/v2\/pages"}],"about":[{"href":"https:\/\/www.spa-grillon.fr\/index.php?rest_route=\/wp\/v2\/types\/page"}],"author":[{"embeddable":true,"href":"https:\/\/www.spa-grillon.fr\/index.php?rest_route=\/wp\/v2\/users\/2"}],"replies":[{"embeddable":true,"href":"https:\/\/www.spa-grillon.fr\/index.php?rest_route=%2Fwp%2Fv2%2Fcomments&post=104"}],"version-history":[{"count":31,"href":"https:\/\/www.spa-grillon.fr\/index.php?rest_route=\/wp\/v2\/pages\/104\/revisions"}],"predecessor-version":[{"id":18180,"href":"https:\/\/www.spa-grillon.fr\/index.php?rest_route=\/wp\/v2\/pages\/104\/revisions\/18180"}],"wp:attachment":[{"href":"https:\/\/www.spa-grillon.fr\/index.php?rest_route=%2Fwp%2Fv2%2Fmedia&parent=104"}],"curies":[{"name":"wp","href":"https:\/\/api.w.org\/{rel}","templated":true}]}}