{"id":10496,"date":"2021-05-15T16:31:33","date_gmt":"2021-05-15T15:31:33","guid":{"rendered":"http:\/\/www.spa-grillon.fr\/?page_id=10496"},"modified":"2021-05-15T18:15:05","modified_gmt":"2021-05-15T17:15:05","slug":"clochette-2","status":"publish","type":"page","link":"https:\/\/www.spa-grillon.fr\/?page_id=10496","title":{"rendered":"CLOCHETTE"},"content":{"rendered":"<p style=\"text-align: justify;\"><img decoding=\"async\" loading=\"lazy\" class=\"alignleft wp-image-10498 size-medium\" src=\"http:\/\/www.spa-grillon.fr\/wp-content\/uploads\/2021\/05\/Clochette-6-279x300.jpg\" alt=\"Clochette (6)\" width=\"279\" height=\"300\" \/>Clochette est une petite chatte n\u00e9e en 2015. Elle est arriv\u00e9e r\u00e9cemment suite \u00e0 un d\u00e9m\u00e9nagement avec son fr\u00e8re Happy : tous les deux avaient \u00e9t\u00e9 habitu\u00e9s \u00e0 l&rsquo;ext\u00e9rieur et n&rsquo;ont pas support\u00e9 de se retrouver dans un petit appartement. Il lui faudra donc un petit jardin au minimum. C&rsquo;est une minette douce et c\u00e2line qui est rest\u00e9e un peu timide quelques jours mais elle est maintenant bien adapt\u00e9e \u00e0 la chatterie. Elle est sociable et s&rsquo;entend relativement bien avec ses cong\u00e9n\u00e8res m\u00eame si elle se montre un peu r\u00e9serv\u00e9e. Elle peut s&rsquo;adapter \u00e0 une famille avec enfants ou avec une personne seule. Elle peut \u00eatre adopt\u00e9e avec Happy ou sans lui : ils s&rsquo;entendent bien mais semblent assez ind\u00e9pendants l&rsquo;un de l&rsquo;autre.<\/p>\n<p style=\"text-align: justify;\"><img decoding=\"async\" loading=\"lazy\" class=\"aligncenter wp-image-10500\" src=\"http:\/\/www.spa-grillon.fr\/wp-content\/uploads\/2021\/05\/Clochette-8-792x1024.jpg\" alt=\"Clochette (8)\" width=\"500\" height=\"646\" srcset=\"https:\/\/www.spa-grillon.fr\/wp-content\/uploads\/2021\/05\/Clochette-8-792x1024.jpg 792w, https:\/\/www.spa-grillon.fr\/wp-content\/uploads\/2021\/05\/Clochette-8-232x300.jpg 232w, https:\/\/www.spa-grillon.fr\/wp-content\/uploads\/2021\/05\/Clochette-8-768x993.jpg 768w, https:\/\/www.spa-grillon.fr\/wp-content\/uploads\/2021\/05\/Clochette-8.jpg 1973w\" sizes=\"(max-width: 500px) 100vw, 500px\" \/><img decoding=\"async\" loading=\"lazy\" class=\"aligncenter wp-image-10503 \" src=\"http:\/\/www.spa-grillon.fr\/wp-content\/uploads\/2021\/05\/Clochette-11-e1621092660920-905x1024.jpg\" alt=\"Clochette (11)\" width=\"499\" height=\"564\" srcset=\"https:\/\/www.spa-grillon.fr\/wp-content\/uploads\/2021\/05\/Clochette-11-e1621092660920-905x1024.jpg 905w, https:\/\/www.spa-grillon.fr\/wp-content\/uploads\/2021\/05\/Clochette-11-e1621092660920-265x300.jpg 265w, https:\/\/www.spa-grillon.fr\/wp-content\/uploads\/2021\/05\/Clochette-11-e1621092660920-768x869.jpg 768w, https:\/\/www.spa-grillon.fr\/wp-content\/uploads\/2021\/05\/Clochette-11-e1621092660920.jpg 1792w\" sizes=\"(max-width: 499px) 100vw, 499px\" \/><img decoding=\"async\" loading=\"lazy\" class=\"aligncenter  wp-image-10529\" src=\"http:\/\/www.spa-grillon.fr\/wp-content\/uploads\/2021\/05\/Clochette-2-1024x1024.jpg\" alt=\"Clochette (2)\" width=\"498\" height=\"498\" srcset=\"https:\/\/www.spa-grillon.fr\/wp-content\/uploads\/2021\/05\/Clochette-2-1024x1024.jpg 1024w, https:\/\/www.spa-grillon.fr\/wp-content\/uploads\/2021\/05\/Clochette-2-150x150.jpg 150w, https:\/\/www.spa-grillon.fr\/wp-content\/uploads\/2021\/05\/Clochette-2-300x300.jpg 300w, https:\/\/www.spa-grillon.fr\/wp-content\/uploads\/2021\/05\/Clochette-2-768x768.jpg 768w, https:\/\/www.spa-grillon.fr\/wp-content\/uploads\/2021\/05\/Clochette-2.jpg 1102w\" sizes=\"(max-width: 498px) 100vw, 498px\" \/><\/p>\n<p style=\"text-align: justify;\"><img decoding=\"async\" loading=\"lazy\" class=\"aligncenter  wp-image-10530\" src=\"http:\/\/www.spa-grillon.fr\/wp-content\/uploads\/2021\/05\/Clochette-1-1014x1024.jpg\" alt=\"Clochette (1)\" width=\"502\" height=\"507\" srcset=\"https:\/\/www.spa-grillon.fr\/wp-content\/uploads\/2021\/05\/Clochette-1-1014x1024.jpg 1014w, https:\/\/www.spa-grillon.fr\/wp-content\/uploads\/2021\/05\/Clochette-1-150x150.jpg 150w, https:\/\/www.spa-grillon.fr\/wp-content\/uploads\/2021\/05\/Clochette-1-297x300.jpg 297w, https:\/\/www.spa-grillon.fr\/wp-content\/uploads\/2021\/05\/Clochette-1-768x776.jpg 768w, https:\/\/www.spa-grillon.fr\/wp-content\/uploads\/2021\/05\/Clochette-1.jpg 1195w\" sizes=\"(max-width: 502px) 100vw, 502px\" \/><\/p>\n","protected":false},"excerpt":{"rendered":"<p>Clochette est une petite chatte n\u00e9e en 2015. Elle est arriv\u00e9e r\u00e9cemment suite \u00e0 un d\u00e9m\u00e9nagement avec son fr\u00e8re Happy : tous les deux avaient \u00e9t\u00e9 habitu\u00e9s \u00e0 l&rsquo;ext\u00e9rieur et n&rsquo;ont pas support\u00e9 de se retrouver dans un petit appartement. &hellip; <a href=\"https:\/\/www.spa-grillon.fr\/?page_id=10496\">Continuer la lecture <span class=\"meta-nav\">&rarr;<\/span><\/a><\/p>\n","protected":false},"author":2,"featured_media":0,"parent":0,"menu_order":0,"comment_status":"closed","ping_status":"closed","template":"","meta":[],"_links":{"self":[{"href":"https:\/\/www.spa-grillon.fr\/index.php?rest_route=\/wp\/v2\/pages\/10496"}],"collection":[{"href":"https:\/\/www.spa-grillon.fr\/index.php?rest_route=\/wp\/v2\/pages"}],"about":[{"href":"https:\/\/www.spa-grillon.fr\/index.php?rest_route=\/wp\/v2\/types\/page"}],"author":[{"embeddable":true,"href":"https:\/\/www.spa-grillon.fr\/index.php?rest_route=\/wp\/v2\/users\/2"}],"replies":[{"embeddable":true,"href":"https:\/\/www.spa-grillon.fr\/index.php?rest_route=%2Fwp%2Fv2%2Fcomments&post=10496"}],"version-history":[{"count":4,"href":"https:\/\/www.spa-grillon.fr\/index.php?rest_route=\/wp\/v2\/pages\/10496\/revisions"}],"predecessor-version":[{"id":10531,"href":"https:\/\/www.spa-grillon.fr\/index.php?rest_route=\/wp\/v2\/pages\/10496\/revisions\/10531"}],"wp:attachment":[{"href":"https:\/\/www.spa-grillon.fr\/index.php?rest_route=%2Fwp%2Fv2%2Fmedia&parent=10496"}],"curies":[{"name":"wp","href":"https:\/\/api.w.org\/{rel}","templated":true}]}}