{"id":10670,"date":"2021-06-20T16:57:42","date_gmt":"2021-06-20T15:57:42","guid":{"rendered":"http:\/\/www.spa-grillon.fr\/?page_id=10670"},"modified":"2021-06-20T16:58:42","modified_gmt":"2021-06-20T15:58:42","slug":"jerome","status":"publish","type":"page","link":"https:\/\/www.spa-grillon.fr\/?page_id=10670","title":{"rendered":"JEROME"},"content":{"rendered":"<p style=\"text-align: justify;\"><img decoding=\"async\" loading=\"lazy\" class=\"alignleft wp-image-10678\" src=\"http:\/\/www.spa-grillon.fr\/wp-content\/uploads\/2021\/06\/J\u00e9r\u00f4me-8-232x300.jpg\" alt=\"J\u00e9r\u00f4me (8)\" width=\"258\" height=\"334\" \/>Voil\u00e0 un nom bizarre pour un chat\u00a0 ! J\u00e9r\u00f4me, lui, \u00e7a lui convient &#8230; Ce qui lui convient moins, c&rsquo;est la vie au refuge avec tous ces bruits, ces aboiements, cette solitude. Lui qui est un matou si c\u00e2lin, si gentil ! Son ma\u00eetre est r\u00e9cemment d\u00e9c\u00e9d\u00e9 et personne n&rsquo;a voulu prendre en charge ce matou pourtant tr\u00e8s familier. Il a connu l&rsquo;ext\u00e9rieur, il faudra donc qu&rsquo;il puisse sortir et se promener en s\u00e9curit\u00e9. Chat sociable, il aime tout le monde mais son s\u00e9jour au refuge le rend un peu timide. C&rsquo;est un chat qui semble ind\u00e9pendant mais toujours pr\u00e9sent : un matou qui vous surveillera toujours d&rsquo;un \u0153il quand vous le croyez parti faire un tour ! A\u00a0 5 ans, il est en pleine forme et surtout, il en a fini avec les b\u00eatises des chatons et l&rsquo;esprit trop aventureux des ados qui barulent. Il sera sans doute un chat pos\u00e9 et calme. N&rsquo;ayez pas peur de son poil long : il s&rsquo;entretient tout seul et ne tombe pas plus que celui d&rsquo;un chat \u00e0 poils courts. Venez rencontrer celui qui se cache derri\u00e8re ce dr\u00f4le de patronyme et surtout donnez-lui une chance de retrouver une famille, lui qui aime tant les humains.<\/p>\n<p style=\"text-align: justify;\"><img decoding=\"async\" loading=\"lazy\" class=\"wp-image-10676 aligncenter\" src=\"http:\/\/www.spa-grillon.fr\/wp-content\/uploads\/2021\/06\/J\u00e9r\u00f4me-6-e1624204566841-832x1024.jpg\" alt=\"J\u00e9r\u00f4me (6)\" width=\"528\" height=\"650\" srcset=\"https:\/\/www.spa-grillon.fr\/wp-content\/uploads\/2021\/06\/J\u00e9r\u00f4me-6-e1624204566841-832x1024.jpg 832w, https:\/\/www.spa-grillon.fr\/wp-content\/uploads\/2021\/06\/J\u00e9r\u00f4me-6-e1624204566841-244x300.jpg 244w, https:\/\/www.spa-grillon.fr\/wp-content\/uploads\/2021\/06\/J\u00e9r\u00f4me-6-e1624204566841-768x945.jpg 768w, https:\/\/www.spa-grillon.fr\/wp-content\/uploads\/2021\/06\/J\u00e9r\u00f4me-6-e1624204566841.jpg 1355w\" sizes=\"(max-width: 528px) 100vw, 528px\" \/><\/p>\n<p style=\"text-align: justify;\"><img decoding=\"async\" loading=\"lazy\" class=\"wp-image-10674 aligncenter\" src=\"http:\/\/www.spa-grillon.fr\/wp-content\/uploads\/2021\/06\/J\u00e9r\u00f4me-4-871x1024.jpg\" alt=\"J\u00e9r\u00f4me (4)\" width=\"535\" height=\"629\" srcset=\"https:\/\/www.spa-grillon.fr\/wp-content\/uploads\/2021\/06\/J\u00e9r\u00f4me-4-871x1024.jpg 871w, https:\/\/www.spa-grillon.fr\/wp-content\/uploads\/2021\/06\/J\u00e9r\u00f4me-4-255x300.jpg 255w, https:\/\/www.spa-grillon.fr\/wp-content\/uploads\/2021\/06\/J\u00e9r\u00f4me-4-768x903.jpg 768w, https:\/\/www.spa-grillon.fr\/wp-content\/uploads\/2021\/06\/J\u00e9r\u00f4me-4.jpg 1719w\" sizes=\"(max-width: 535px) 100vw, 535px\" \/><\/p>\n","protected":false},"excerpt":{"rendered":"<p>Voil\u00e0 un nom bizarre pour un chat\u00a0 ! J\u00e9r\u00f4me, lui, \u00e7a lui convient &#8230; Ce qui lui convient moins, c&rsquo;est la vie au refuge avec tous ces bruits, ces aboiements, cette solitude. Lui qui est un matou si c\u00e2lin, si &hellip; <a href=\"https:\/\/www.spa-grillon.fr\/?page_id=10670\">Continuer la lecture <span class=\"meta-nav\">&rarr;<\/span><\/a><\/p>\n","protected":false},"author":2,"featured_media":0,"parent":0,"menu_order":0,"comment_status":"closed","ping_status":"closed","template":"","meta":[],"_links":{"self":[{"href":"https:\/\/www.spa-grillon.fr\/index.php?rest_route=\/wp\/v2\/pages\/10670"}],"collection":[{"href":"https:\/\/www.spa-grillon.fr\/index.php?rest_route=\/wp\/v2\/pages"}],"about":[{"href":"https:\/\/www.spa-grillon.fr\/index.php?rest_route=\/wp\/v2\/types\/page"}],"author":[{"embeddable":true,"href":"https:\/\/www.spa-grillon.fr\/index.php?rest_route=\/wp\/v2\/users\/2"}],"replies":[{"embeddable":true,"href":"https:\/\/www.spa-grillon.fr\/index.php?rest_route=%2Fwp%2Fv2%2Fcomments&post=10670"}],"version-history":[{"count":2,"href":"https:\/\/www.spa-grillon.fr\/index.php?rest_route=\/wp\/v2\/pages\/10670\/revisions"}],"predecessor-version":[{"id":10680,"href":"https:\/\/www.spa-grillon.fr\/index.php?rest_route=\/wp\/v2\/pages\/10670\/revisions\/10680"}],"wp:attachment":[{"href":"https:\/\/www.spa-grillon.fr\/index.php?rest_route=%2Fwp%2Fv2%2Fmedia&parent=10670"}],"curies":[{"name":"wp","href":"https:\/\/api.w.org\/{rel}","templated":true}]}}