{"id":108,"date":"2011-03-20T18:50:15","date_gmt":"2011-03-20T17:50:15","guid":{"rendered":"http:\/\/www.spa-grillon.fr\/?page_id=108"},"modified":"2022-07-12T15:20:54","modified_gmt":"2022-07-12T14:20:54","slug":"contact-2","status":"publish","type":"page","link":"https:\/\/www.spa-grillon.fr\/?page_id=108","title":{"rendered":"CONTACT"},"content":{"rendered":"<p><strong><span style=\"text-decoration: underline;\">Courrier <\/span><\/strong><\/p>\n<p><strong>S.P.A de l\u2019Enclave des Papes<\/strong><br \/>\nQuartier le Testourlas<br \/>\n225 Route de Richerenches<br \/>\n84 600\u00a0 Grillon<\/p>\n<p><strong><span style=\"text-decoration: underline;\">T\u00e9l\u00e9phone<\/span><\/strong><\/p>\n<p style=\"text-align: justify;\">Nous sommes souvent avec les animaux et les matin\u00e9es sont consacr\u00e9es \u00e0 l&rsquo;entretien : nous ne r\u00e9pondons donc pas au t\u00e9l\u00e9phone le matin : alors n&rsquo;h\u00e9sitez pas \u00e0 laisser un message avec vos coordonn\u00e9es et les raisons de votre appel, nous vous recontactons dans les plus brefs d\u00e9lais.<\/p>\n<p>06.71.14.15.82 (Refuge)<\/p>\n<p><span style=\"text-decoration: underline;\"><strong>Mail<\/strong><\/span><\/p>\n<p>spagrillon@gmail.com<\/p>\n<p><span style=\"text-decoration: underline;\"><strong>Facebook<\/strong><\/span><\/p>\n<p>www.facebook.com\/spagrillon<\/p>\n<p><strong>Pour ne pas vous perdre dans les vignes, quelques indications\u00a0:<\/strong><\/p>\n<p style=\"text-align: center;\"><strong><span style=\"text-decoration: underline;\"><a href=\"http:\/\/www.spa-grillon.fr\/wp-content\/uploads\/2011\/03\/plan-SPA.jpg\"><img decoding=\"async\" loading=\"lazy\" class=\"aligncenter size-medium wp-image-109\" title=\"plan SPA\" src=\"http:\/\/www.spa-grillon.fr\/wp-content\/uploads\/2011\/03\/plan-SPA-239x300.jpg\" alt=\"\" width=\"239\" height=\"300\" srcset=\"https:\/\/www.spa-grillon.fr\/wp-content\/uploads\/2011\/03\/plan-SPA-239x300.jpg 239w, https:\/\/www.spa-grillon.fr\/wp-content\/uploads\/2011\/03\/plan-SPA.jpg 488w\" sizes=\"(max-width: 239px) 100vw, 239px\" \/><\/a><\/span><\/strong><\/p>\n<p style=\"text-align: center;\"><strong>Le refuge est ouvert au public tous les jours de 14h \u00e0 17h, sur rendez-vous.<\/strong><\/p>\n<p style=\"text-align: center;\"><strong>JUILLET &#8211; AO\u00dbT : de 15h \u00e0 18h, sur rendez-vous<\/strong><\/p>\n<p style=\"text-align: center;\"><strong>Ferm\u00e9 dimanche et jours f\u00e9ri\u00e9s.<\/strong><\/p>\n<p>&nbsp;<\/p>\n<p style=\"text-align: center;\"><strong>\u00a0<\/strong><\/p>\n","protected":false},"excerpt":{"rendered":"<p>Courrier S.P.A de l\u2019Enclave des Papes Quartier le Testourlas 225 Route de Richerenches 84 600\u00a0 Grillon T\u00e9l\u00e9phone Nous sommes souvent avec les animaux et les matin\u00e9es sont consacr\u00e9es \u00e0 l&rsquo;entretien : nous ne r\u00e9pondons donc pas au t\u00e9l\u00e9phone le matin &hellip; <a href=\"https:\/\/www.spa-grillon.fr\/?page_id=108\">Continuer la lecture <span class=\"meta-nav\">&rarr;<\/span><\/a><\/p>\n","protected":false},"author":2,"featured_media":0,"parent":0,"menu_order":0,"comment_status":"closed","ping_status":"closed","template":"","meta":[],"_links":{"self":[{"href":"https:\/\/www.spa-grillon.fr\/index.php?rest_route=\/wp\/v2\/pages\/108"}],"collection":[{"href":"https:\/\/www.spa-grillon.fr\/index.php?rest_route=\/wp\/v2\/pages"}],"about":[{"href":"https:\/\/www.spa-grillon.fr\/index.php?rest_route=\/wp\/v2\/types\/page"}],"author":[{"embeddable":true,"href":"https:\/\/www.spa-grillon.fr\/index.php?rest_route=\/wp\/v2\/users\/2"}],"replies":[{"embeddable":true,"href":"https:\/\/www.spa-grillon.fr\/index.php?rest_route=%2Fwp%2Fv2%2Fcomments&post=108"}],"version-history":[{"count":19,"href":"https:\/\/www.spa-grillon.fr\/index.php?rest_route=\/wp\/v2\/pages\/108\/revisions"}],"predecessor-version":[{"id":12298,"href":"https:\/\/www.spa-grillon.fr\/index.php?rest_route=\/wp\/v2\/pages\/108\/revisions\/12298"}],"wp:attachment":[{"href":"https:\/\/www.spa-grillon.fr\/index.php?rest_route=%2Fwp%2Fv2%2Fmedia&parent=108"}],"curies":[{"name":"wp","href":"https:\/\/api.w.org\/{rel}","templated":true}]}}