{"id":11024,"date":"2021-10-02T19:08:41","date_gmt":"2021-10-02T18:08:41","guid":{"rendered":"http:\/\/www.spa-grillon.fr\/?page_id=11024"},"modified":"2021-10-31T09:16:10","modified_gmt":"2021-10-31T08:16:10","slug":"spirou","status":"publish","type":"page","link":"https:\/\/www.spa-grillon.fr\/?page_id=11024","title":{"rendered":"SPIROU"},"content":{"rendered":"<p>Spirou est un des premiers arriv\u00e9s :<\/p>\n<div id=\"attachment_11025\" style=\"width: 429px\" class=\"wp-caption aligncenter\"><a href=\"http:\/\/www.spa-grillon.fr\/wp-content\/uploads\/2021\/10\/Spirou-2-1.jpg\" rel=\"attachment wp-att-11025\"><img aria-describedby=\"caption-attachment-11025\" decoding=\"async\" loading=\"lazy\" class=\" wp-image-11025\" src=\"http:\/\/www.spa-grillon.fr\/wp-content\/uploads\/2021\/10\/Spirou-2-1-1024x694.jpg\" alt=\"SPIROU \u00e0 son arriv\u00e9e\" width=\"419\" height=\"284\" srcset=\"https:\/\/www.spa-grillon.fr\/wp-content\/uploads\/2021\/10\/Spirou-2-1-1024x694.jpg 1024w, https:\/\/www.spa-grillon.fr\/wp-content\/uploads\/2021\/10\/Spirou-2-1-300x203.jpg 300w, https:\/\/www.spa-grillon.fr\/wp-content\/uploads\/2021\/10\/Spirou-2-1-768x520.jpg 768w, https:\/\/www.spa-grillon.fr\/wp-content\/uploads\/2021\/10\/Spirou-2-1.jpg 1864w\" sizes=\"(max-width: 419px) 100vw, 419px\" \/><\/a><p id=\"caption-attachment-11025\" class=\"wp-caption-text\">SPIROU \u00e0 son arriv\u00e9e<\/p><\/div>\n<p style=\"text-align: justify;\">Depuis, ce joli b\u00e9b\u00e9 a bien grandi et surtout beaucoup chang\u00e9. Tr\u00e8s craintif au d\u00e9part, la n\u00e9cessit\u00e9 de subir les soins quotidiens l&rsquo;a habitu\u00e9 au contact des humains et en a fait un des plus c\u00e2lins. Il ronronne pour un oui ou pour un non et surtout il a une imagination fertile quand il s&rsquo;agit de trouver des positions pour dormir&#8230; Spirou se trouvera certainement plus \u00e0 l&rsquo;aise dans une famille calme, sans enfant trop turbulent&#8230; Il est assez pantouflard et une vie en appartement peut lui convenir.<\/p>\n<p><img decoding=\"async\" loading=\"lazy\" class=\"aligncenter wp-image-11115\" src=\"http:\/\/www.spa-grillon.fr\/wp-content\/uploads\/2021\/10\/Spirou-9-1024x956.jpg\" alt=\"SPIROU, n\u00e9 en 04\/2021\" width=\"472\" height=\"441\" \/><\/p>\n<div id=\"attachment_11114\" style=\"width: 554px\" class=\"wp-caption aligncenter\"><img aria-describedby=\"caption-attachment-11114\" decoding=\"async\" loading=\"lazy\" class=\"wp-image-11114 \" src=\"http:\/\/www.spa-grillon.fr\/wp-content\/uploads\/2021\/10\/Spirou-8-e1633897233907-1024x707.jpg\" alt=\"Spirou (8)\" width=\"544\" height=\"375\" srcset=\"https:\/\/www.spa-grillon.fr\/wp-content\/uploads\/2021\/10\/Spirou-8-e1633897233907-1024x707.jpg 1024w, https:\/\/www.spa-grillon.fr\/wp-content\/uploads\/2021\/10\/Spirou-8-e1633897233907-300x207.jpg 300w, https:\/\/www.spa-grillon.fr\/wp-content\/uploads\/2021\/10\/Spirou-8-e1633897233907-768x530.jpg 768w\" sizes=\"(max-width: 544px) 100vw, 544px\" \/><p id=\"caption-attachment-11114\" class=\"wp-caption-text\">Spirou est encore un peu roussi par les bains qu&rsquo;il a subis ! Mais son joli blanc immacul\u00e9 est en train de revenir &#8230;<\/p><\/div>\n<p><a href=\"http:\/\/www.spa-grillon.fr\/wp-content\/uploads\/2021\/10\/Spirou.jpg\" rel=\"attachment wp-att-11013\"><img decoding=\"async\" loading=\"lazy\" class=\"wp-image-11013 aligncenter\" src=\"http:\/\/www.spa-grillon.fr\/wp-content\/uploads\/2021\/10\/Spirou-778x1024.jpg\" alt=\"Spirou\" width=\"475\" height=\"625\" srcset=\"https:\/\/www.spa-grillon.fr\/wp-content\/uploads\/2021\/10\/Spirou-778x1024.jpg 778w, https:\/\/www.spa-grillon.fr\/wp-content\/uploads\/2021\/10\/Spirou-228x300.jpg 228w, https:\/\/www.spa-grillon.fr\/wp-content\/uploads\/2021\/10\/Spirou-768x1011.jpg 768w, https:\/\/www.spa-grillon.fr\/wp-content\/uploads\/2021\/10\/Spirou.jpg 1178w\" sizes=\"(max-width: 475px) 100vw, 475px\" \/><\/a><img decoding=\"async\" loading=\"lazy\" class=\"wp-image-11117 aligncenter\" src=\"http:\/\/www.spa-grillon.fr\/wp-content\/uploads\/2021\/10\/Spirou-11-670x1024.jpg\" alt=\"Spirou\" width=\"417\" height=\"637\" srcset=\"https:\/\/www.spa-grillon.fr\/wp-content\/uploads\/2021\/10\/Spirou-11-670x1024.jpg 670w, https:\/\/www.spa-grillon.fr\/wp-content\/uploads\/2021\/10\/Spirou-11-196x300.jpg 196w, https:\/\/www.spa-grillon.fr\/wp-content\/uploads\/2021\/10\/Spirou-11-768x1174.jpg 768w, https:\/\/www.spa-grillon.fr\/wp-content\/uploads\/2021\/10\/Spirou-11.jpg 1279w\" sizes=\"(max-width: 417px) 100vw, 417px\" \/><\/p>\n<p><a href=\"http:\/\/www.spa-grillon.fr\/wp-content\/uploads\/2021\/10\/Spirou-2.jpg\" rel=\"attachment wp-att-11011\"><img decoding=\"async\" loading=\"lazy\" class=\"aligncenter wp-image-11011\" src=\"http:\/\/www.spa-grillon.fr\/wp-content\/uploads\/2021\/10\/Spirou-2-748x1024.jpg\" alt=\"SPIROU, n\u00e9 en 04\/2021\" width=\"474\" height=\"649\" srcset=\"https:\/\/www.spa-grillon.fr\/wp-content\/uploads\/2021\/10\/Spirou-2-748x1024.jpg 748w, https:\/\/www.spa-grillon.fr\/wp-content\/uploads\/2021\/10\/Spirou-2-219x300.jpg 219w, https:\/\/www.spa-grillon.fr\/wp-content\/uploads\/2021\/10\/Spirou-2-768x1051.jpg 768w, https:\/\/www.spa-grillon.fr\/wp-content\/uploads\/2021\/10\/Spirou-2.jpg 925w\" sizes=\"(max-width: 474px) 100vw, 474px\" \/><\/a><\/p>\n<div id=\"attachment_11028\" style=\"width: 441px\" class=\"wp-caption aligncenter\"><a href=\"http:\/\/www.spa-grillon.fr\/wp-content\/uploads\/2021\/10\/20210826_134426-1.jpg\" rel=\"attachment wp-att-11028\"><img aria-describedby=\"caption-attachment-11028\" decoding=\"async\" loading=\"lazy\" class=\" wp-image-11028\" src=\"http:\/\/www.spa-grillon.fr\/wp-content\/uploads\/2021\/10\/20210826_134426-1-1024x833.jpg\" alt=\"L\u00e0, on est bien ! \" width=\"431\" height=\"530\" \/><\/a><p id=\"caption-attachment-11028\" class=\"wp-caption-text\">L\u00e0, on est bien !<\/p><\/div>\n<p>&nbsp;<\/p>\n<p>&nbsp;<\/p>\n","protected":false},"excerpt":{"rendered":"<p>Spirou est un des premiers arriv\u00e9s : Depuis, ce joli b\u00e9b\u00e9 a bien grandi et surtout beaucoup chang\u00e9. Tr\u00e8s craintif au d\u00e9part, la n\u00e9cessit\u00e9 de subir les soins quotidiens l&rsquo;a habitu\u00e9 au contact des humains et en a fait un &hellip; <a href=\"https:\/\/www.spa-grillon.fr\/?page_id=11024\">Continuer la lecture <span class=\"meta-nav\">&rarr;<\/span><\/a><\/p>\n","protected":false},"author":2,"featured_media":0,"parent":0,"menu_order":0,"comment_status":"closed","ping_status":"closed","template":"","meta":[],"_links":{"self":[{"href":"https:\/\/www.spa-grillon.fr\/index.php?rest_route=\/wp\/v2\/pages\/11024"}],"collection":[{"href":"https:\/\/www.spa-grillon.fr\/index.php?rest_route=\/wp\/v2\/pages"}],"about":[{"href":"https:\/\/www.spa-grillon.fr\/index.php?rest_route=\/wp\/v2\/types\/page"}],"author":[{"embeddable":true,"href":"https:\/\/www.spa-grillon.fr\/index.php?rest_route=\/wp\/v2\/users\/2"}],"replies":[{"embeddable":true,"href":"https:\/\/www.spa-grillon.fr\/index.php?rest_route=%2Fwp%2Fv2%2Fcomments&post=11024"}],"version-history":[{"count":5,"href":"https:\/\/www.spa-grillon.fr\/index.php?rest_route=\/wp\/v2\/pages\/11024\/revisions"}],"predecessor-version":[{"id":11236,"href":"https:\/\/www.spa-grillon.fr\/index.php?rest_route=\/wp\/v2\/pages\/11024\/revisions\/11236"}],"wp:attachment":[{"href":"https:\/\/www.spa-grillon.fr\/index.php?rest_route=%2Fwp%2Fv2%2Fmedia&parent=11024"}],"curies":[{"name":"wp","href":"https:\/\/api.w.org\/{rel}","templated":true}]}}