{"id":11031,"date":"2021-10-02T19:17:55","date_gmt":"2021-10-02T18:17:55","guid":{"rendered":"http:\/\/www.spa-grillon.fr\/?page_id=11031"},"modified":"2021-10-10T21:25:59","modified_gmt":"2021-10-10T20:25:59","slug":"sacha-2","status":"publish","type":"page","link":"https:\/\/www.spa-grillon.fr\/?page_id=11031","title":{"rendered":"SACHA"},"content":{"rendered":"<p style=\"text-align: justify;\">Un des plus gentils et calmes de la bande&#8230; Quoique la sagesse tend \u00e0 tourner parfois \u00e0 la fripouillerie ! Il est tr\u00e8s certainement un des plus gourmands. Un peu maigrichon \u00e0 son arriv\u00e9e, il a maintenant pris un tour de taille respectable qu&rsquo;il faudra surveiller quand m\u00eame ! Sacha peut s&rsquo;accommoder \u00e0 la vie en appartement : il serait parfait avec des enfants. Il sera un matou magnifique avec des rayures que tout le monde f\u00e9lin lui enviera !<\/p>\n<p style=\"text-align: justify;\">A noter, la mine renfrogn\u00e9e qu&rsquo;il a en photo ne lui rend pas justice : il est bien plus rigolo qu&rsquo;il n&rsquo;en a l&rsquo;air. Tout le monde ne peut pas \u00eatre photog\u00e9nique !<\/p>\n<p style=\"text-align: justify;\"><img decoding=\"async\" loading=\"lazy\" class=\"wp-image-11074 aligncenter\" src=\"http:\/\/www.spa-grillon.fr\/wp-content\/uploads\/2015\/07\/IMG-20211003-WA0013-e1633265031760-1024x927.jpg\" alt=\"IMG-20211003-WA0013\" width=\"415\" height=\"375\" srcset=\"https:\/\/www.spa-grillon.fr\/wp-content\/uploads\/2015\/07\/IMG-20211003-WA0013-e1633265031760-1024x927.jpg 1024w, https:\/\/www.spa-grillon.fr\/wp-content\/uploads\/2015\/07\/IMG-20211003-WA0013-e1633265031760-300x272.jpg 300w, https:\/\/www.spa-grillon.fr\/wp-content\/uploads\/2015\/07\/IMG-20211003-WA0013-e1633265031760-768x695.jpg 768w, https:\/\/www.spa-grillon.fr\/wp-content\/uploads\/2015\/07\/IMG-20211003-WA0013-e1633265031760.jpg 1056w\" sizes=\"(max-width: 415px) 100vw, 415px\" \/><\/p>\n<p><a href=\"http:\/\/www.spa-grillon.fr\/wp-content\/uploads\/2021\/10\/Sasha-e1633197283229.jpg\" rel=\"attachment wp-att-10996\"><img decoding=\"async\" loading=\"lazy\" class=\"aligncenter wp-image-10996\" src=\"http:\/\/www.spa-grillon.fr\/wp-content\/uploads\/2021\/10\/Sasha-e1633198279182-1024x825.jpg\" alt=\"SACHA, n\u00e9 en 04\/2021\" width=\"515\" height=\"415\" \/><img decoding=\"async\" loading=\"lazy\" class=\"wp-image-11102 aligncenter\" src=\"http:\/\/www.spa-grillon.fr\/wp-content\/uploads\/2021\/10\/Sacha-3-763x1024.jpg\" alt=\"Sacha (3)\" width=\"492\" height=\"660\" srcset=\"https:\/\/www.spa-grillon.fr\/wp-content\/uploads\/2021\/10\/Sacha-3-763x1024.jpg 763w, https:\/\/www.spa-grillon.fr\/wp-content\/uploads\/2021\/10\/Sacha-3-223x300.jpg 223w, https:\/\/www.spa-grillon.fr\/wp-content\/uploads\/2021\/10\/Sacha-3-768x1031.jpg 768w, https:\/\/www.spa-grillon.fr\/wp-content\/uploads\/2021\/10\/Sacha-3.jpg 1757w\" sizes=\"(max-width: 492px) 100vw, 492px\" \/><\/a><\/p>\n<p><a href=\"http:\/\/www.spa-grillon.fr\/wp-content\/uploads\/2021\/10\/Sasha-e1633197283229.jpg\" rel=\"attachment wp-att-10996\"><img decoding=\"async\" loading=\"lazy\" class=\"wp-image-11102 aligncenter\" src=\"http:\/\/www.spa-grillon.fr\/wp-content\/uploads\/2021\/10\/Sacha-3-763x1024.jpg\" alt=\"Sacha (3)\" width=\"492\" height=\"660\" srcset=\"https:\/\/www.spa-grillon.fr\/wp-content\/uploads\/2021\/10\/Sacha-3-763x1024.jpg 763w, https:\/\/www.spa-grillon.fr\/wp-content\/uploads\/2021\/10\/Sacha-3-223x300.jpg 223w, https:\/\/www.spa-grillon.fr\/wp-content\/uploads\/2021\/10\/Sacha-3-768x1031.jpg 768w, https:\/\/www.spa-grillon.fr\/wp-content\/uploads\/2021\/10\/Sacha-3.jpg 1757w\" sizes=\"(max-width: 492px) 100vw, 492px\" \/><\/a><\/p>\n","protected":false},"excerpt":{"rendered":"<p>Un des plus gentils et calmes de la bande&#8230; Quoique la sagesse tend \u00e0 tourner parfois \u00e0 la fripouillerie ! Il est tr\u00e8s certainement un des plus gourmands. Un peu maigrichon \u00e0 son arriv\u00e9e, il a maintenant pris un tour &hellip; <a href=\"https:\/\/www.spa-grillon.fr\/?page_id=11031\">Continuer la lecture <span class=\"meta-nav\">&rarr;<\/span><\/a><\/p>\n","protected":false},"author":2,"featured_media":0,"parent":0,"menu_order":0,"comment_status":"closed","ping_status":"closed","template":"","meta":[],"_links":{"self":[{"href":"https:\/\/www.spa-grillon.fr\/index.php?rest_route=\/wp\/v2\/pages\/11031"}],"collection":[{"href":"https:\/\/www.spa-grillon.fr\/index.php?rest_route=\/wp\/v2\/pages"}],"about":[{"href":"https:\/\/www.spa-grillon.fr\/index.php?rest_route=\/wp\/v2\/types\/page"}],"author":[{"embeddable":true,"href":"https:\/\/www.spa-grillon.fr\/index.php?rest_route=\/wp\/v2\/users\/2"}],"replies":[{"embeddable":true,"href":"https:\/\/www.spa-grillon.fr\/index.php?rest_route=%2Fwp%2Fv2%2Fcomments&post=11031"}],"version-history":[{"count":5,"href":"https:\/\/www.spa-grillon.fr\/index.php?rest_route=\/wp\/v2\/pages\/11031\/revisions"}],"predecessor-version":[{"id":11133,"href":"https:\/\/www.spa-grillon.fr\/index.php?rest_route=\/wp\/v2\/pages\/11031\/revisions\/11133"}],"wp:attachment":[{"href":"https:\/\/www.spa-grillon.fr\/index.php?rest_route=%2Fwp%2Fv2%2Fmedia&parent=11031"}],"curies":[{"name":"wp","href":"https:\/\/api.w.org\/{rel}","templated":true}]}}