{"id":11035,"date":"2021-10-02T19:28:36","date_gmt":"2021-10-02T18:28:36","guid":{"rendered":"http:\/\/www.spa-grillon.fr\/?page_id=11035"},"modified":"2021-10-10T21:24:04","modified_gmt":"2021-10-10T20:24:04","slug":"soprano","status":"publish","type":"page","link":"https:\/\/www.spa-grillon.fr\/?page_id=11035","title":{"rendered":"SOPRANO"},"content":{"rendered":"<p>Soprano \u00e9tait tr\u00e8s bavard et d\u00e9monstratif \u00e0 son arriv\u00e9e. C&rsquo;est comme \u00e7a qu&rsquo;on le distinguait de son frangin Scapin :<\/p>\n<p><a href=\"http:\/\/www.spa-grillon.fr\/wp-content\/uploads\/2015\/07\/scapin-et-soprano-et-Socrate-1.jpg\" rel=\"attachment wp-att-10610\"><img decoding=\"async\" loading=\"lazy\" class=\"wp-image-10610 aligncenter\" src=\"http:\/\/www.spa-grillon.fr\/wp-content\/uploads\/2015\/07\/scapin-et-soprano-et-Socrate-1-1024x705.jpg\" alt=\"scapin et soprano et Socrate (1)\" width=\"424\" height=\"292\" srcset=\"https:\/\/www.spa-grillon.fr\/wp-content\/uploads\/2015\/07\/scapin-et-soprano-et-Socrate-1-1024x705.jpg 1024w, https:\/\/www.spa-grillon.fr\/wp-content\/uploads\/2015\/07\/scapin-et-soprano-et-Socrate-1-300x207.jpg 300w, https:\/\/www.spa-grillon.fr\/wp-content\/uploads\/2015\/07\/scapin-et-soprano-et-Socrate-1-768x529.jpg 768w\" sizes=\"(max-width: 424px) 100vw, 424px\" \/><\/a><\/p>\n<p style=\"text-align: justify;\">Il s&rsquo;est assagi depuis et il est devenu un joli chaton tr\u00e8s c\u00e2lin. En ce moment, les allergies \u00e0 l&rsquo;ambroisie sans doute) lui donnent l\u2019\u0153il un peu rouge mais ce n&rsquo;est rien. Il est en pleine forme. Il aura besoin d&rsquo;un acc\u00e8s \u00e0 l&rsquo;ext\u00e9rieur, m\u00eame petit car il a d\u00e9j\u00e0 v\u00e9cu dehors mais ici, ce n&rsquo;est pas un grand intr\u00e9pide. L&rsquo;occasion fera peut-\u00eatre plus tard le larron?<\/p>\n<p style=\"text-align: justify;\"><img decoding=\"async\" loading=\"lazy\" class=\"wp-image-11095 aligncenter\" src=\"http:\/\/www.spa-grillon.fr\/wp-content\/uploads\/2021\/10\/Soprano-2-965x1024.jpg\" alt=\"Soprano (2)\" width=\"499\" height=\"529\" srcset=\"https:\/\/www.spa-grillon.fr\/wp-content\/uploads\/2021\/10\/Soprano-2-965x1024.jpg 965w, https:\/\/www.spa-grillon.fr\/wp-content\/uploads\/2021\/10\/Soprano-2-283x300.jpg 283w, https:\/\/www.spa-grillon.fr\/wp-content\/uploads\/2021\/10\/Soprano-2-768x815.jpg 768w, https:\/\/www.spa-grillon.fr\/wp-content\/uploads\/2021\/10\/Soprano-2.jpg 1596w\" sizes=\"(max-width: 499px) 100vw, 499px\" \/><\/p>\n<p style=\"text-align: justify;\"><img decoding=\"async\" loading=\"lazy\" class=\"wp-image-11099 aligncenter\" src=\"http:\/\/www.spa-grillon.fr\/wp-content\/uploads\/2021\/10\/Soprano-6-1024x907.jpg\" alt=\"Soprano\" width=\"508\" height=\"450\" srcset=\"https:\/\/www.spa-grillon.fr\/wp-content\/uploads\/2021\/10\/Soprano-6-1024x907.jpg 1024w, https:\/\/www.spa-grillon.fr\/wp-content\/uploads\/2021\/10\/Soprano-6-300x266.jpg 300w, https:\/\/www.spa-grillon.fr\/wp-content\/uploads\/2021\/10\/Soprano-6-768x680.jpg 768w\" sizes=\"(max-width: 508px) 100vw, 508px\" \/> <img decoding=\"async\" loading=\"lazy\" class=\"wp-image-11098 aligncenter\" src=\"http:\/\/www.spa-grillon.fr\/wp-content\/uploads\/2021\/10\/Soprano-5-838x1024.jpg\" alt=\"Soprano (5)\" width=\"468\" height=\"572\" srcset=\"https:\/\/www.spa-grillon.fr\/wp-content\/uploads\/2021\/10\/Soprano-5-838x1024.jpg 838w, https:\/\/www.spa-grillon.fr\/wp-content\/uploads\/2021\/10\/Soprano-5-246x300.jpg 246w, https:\/\/www.spa-grillon.fr\/wp-content\/uploads\/2021\/10\/Soprano-5-768x938.jpg 768w\" sizes=\"(max-width: 468px) 100vw, 468px\" \/> <img decoding=\"async\" loading=\"lazy\" class=\"wp-image-11096 aligncenter\" src=\"http:\/\/www.spa-grillon.fr\/wp-content\/uploads\/2021\/10\/Soprano-3-815x1024.jpg\" alt=\"Soprano (3)\" width=\"466\" height=\"586\" srcset=\"https:\/\/www.spa-grillon.fr\/wp-content\/uploads\/2021\/10\/Soprano-3-815x1024.jpg 815w, https:\/\/www.spa-grillon.fr\/wp-content\/uploads\/2021\/10\/Soprano-3-239x300.jpg 239w, https:\/\/www.spa-grillon.fr\/wp-content\/uploads\/2021\/10\/Soprano-3-768x965.jpg 768w, https:\/\/www.spa-grillon.fr\/wp-content\/uploads\/2021\/10\/Soprano-3.jpg 1712w\" sizes=\"(max-width: 466px) 100vw, 466px\" \/><\/p>\n<div id=\"attachment_11010\" style=\"width: 528px\" class=\"wp-caption aligncenter\"><a href=\"http:\/\/www.spa-grillon.fr\/wp-content\/uploads\/2021\/10\/Soprano.jpg\" rel=\"attachment wp-att-11010\"><img aria-describedby=\"caption-attachment-11010\" decoding=\"async\" loading=\"lazy\" class=\" wp-image-11010\" src=\"http:\/\/www.spa-grillon.fr\/wp-content\/uploads\/2021\/10\/Soprano-826x1024.jpg\" alt=\"SOPRANO, n\u00e9 en 04\/2021\" width=\"518\" height=\"643\" srcset=\"https:\/\/www.spa-grillon.fr\/wp-content\/uploads\/2021\/10\/Soprano-826x1024.jpg 826w, https:\/\/www.spa-grillon.fr\/wp-content\/uploads\/2021\/10\/Soprano-242x300.jpg 242w, https:\/\/www.spa-grillon.fr\/wp-content\/uploads\/2021\/10\/Soprano-768x952.jpg 768w, https:\/\/www.spa-grillon.fr\/wp-content\/uploads\/2021\/10\/Soprano.jpg 1891w\" sizes=\"(max-width: 518px) 100vw, 518px\" \/><\/a><p id=\"caption-attachment-11010\" class=\"wp-caption-text\">Soprano vous fait de l&rsquo;oeil !<\/p><\/div>\n","protected":false},"excerpt":{"rendered":"<p>Soprano \u00e9tait tr\u00e8s bavard et d\u00e9monstratif \u00e0 son arriv\u00e9e. C&rsquo;est comme \u00e7a qu&rsquo;on le distinguait de son frangin Scapin : Il s&rsquo;est assagi depuis et il est devenu un joli chaton tr\u00e8s c\u00e2lin. En ce moment, les allergies \u00e0 l&rsquo;ambroisie &hellip; <a href=\"https:\/\/www.spa-grillon.fr\/?page_id=11035\">Continuer la lecture <span class=\"meta-nav\">&rarr;<\/span><\/a><\/p>\n","protected":false},"author":2,"featured_media":0,"parent":0,"menu_order":0,"comment_status":"closed","ping_status":"closed","template":"","meta":[],"_links":{"self":[{"href":"https:\/\/www.spa-grillon.fr\/index.php?rest_route=\/wp\/v2\/pages\/11035"}],"collection":[{"href":"https:\/\/www.spa-grillon.fr\/index.php?rest_route=\/wp\/v2\/pages"}],"about":[{"href":"https:\/\/www.spa-grillon.fr\/index.php?rest_route=\/wp\/v2\/types\/page"}],"author":[{"embeddable":true,"href":"https:\/\/www.spa-grillon.fr\/index.php?rest_route=\/wp\/v2\/users\/2"}],"replies":[{"embeddable":true,"href":"https:\/\/www.spa-grillon.fr\/index.php?rest_route=%2Fwp%2Fv2%2Fcomments&post=11035"}],"version-history":[{"count":3,"href":"https:\/\/www.spa-grillon.fr\/index.php?rest_route=\/wp\/v2\/pages\/11035\/revisions"}],"predecessor-version":[{"id":11132,"href":"https:\/\/www.spa-grillon.fr\/index.php?rest_route=\/wp\/v2\/pages\/11035\/revisions\/11132"}],"wp:attachment":[{"href":"https:\/\/www.spa-grillon.fr\/index.php?rest_route=%2Fwp%2Fv2%2Fmedia&parent=11035"}],"curies":[{"name":"wp","href":"https:\/\/api.w.org\/{rel}","templated":true}]}}