{"id":11037,"date":"2021-10-02T19:34:10","date_gmt":"2021-10-02T18:34:10","guid":{"rendered":"http:\/\/www.spa-grillon.fr\/?page_id=11037"},"modified":"2021-10-10T21:29:49","modified_gmt":"2021-10-10T20:29:49","slug":"sancha","status":"publish","type":"page","link":"https:\/\/www.spa-grillon.fr\/?page_id=11037","title":{"rendered":"SANCHA"},"content":{"rendered":"<p style=\"text-align: justify;\">Arriv\u00e9 avec sa maman Raya et son frangin Speed, tous deux adopt\u00e9s, Sancha est rest\u00e9 un peu plus&#8230; Tr\u00e8s timide tant que son fr\u00e8re \u00e9tait l\u00e0, il a depuis pris de l&rsquo;assurance. C&rsquo;est lui qui a le plus souffert des bains quotidiens et il n&rsquo;est pas f\u00e2ch\u00e9 que tout soit derri\u00e8re lui. pourtant, il ne nous en veut pas et vient chercher les caresses et les gourmandises. Le traitement a roussi un peu son poil blanc, mais cela va partir d&rsquo;ici quelques temps. Il faudra \u00e0 Sancha un acc\u00e8s \u00e0 l&rsquo;ext\u00e9rieur pour qu&rsquo;il soit heureux.<\/p>\n<div id=\"attachment_10592\" style=\"width: 355px\" class=\"wp-caption aligncenter\"><a href=\"http:\/\/www.spa-grillon.fr\/wp-content\/uploads\/2021\/06\/20210602_155836.jpg\" rel=\"attachment wp-att-10592\"><img aria-describedby=\"caption-attachment-10592\" decoding=\"async\" loading=\"lazy\" class=\" wp-image-10592\" src=\"http:\/\/www.spa-grillon.fr\/wp-content\/uploads\/2021\/06\/20210602_155836-871x1024.jpg\" alt=\"Sancha \u00e0 droite avec maman...\" width=\"345\" height=\"406\" srcset=\"https:\/\/www.spa-grillon.fr\/wp-content\/uploads\/2021\/06\/20210602_155836-871x1024.jpg 871w, https:\/\/www.spa-grillon.fr\/wp-content\/uploads\/2021\/06\/20210602_155836-255x300.jpg 255w, https:\/\/www.spa-grillon.fr\/wp-content\/uploads\/2021\/06\/20210602_155836-768x903.jpg 768w\" sizes=\"(max-width: 345px) 100vw, 345px\" \/><\/a><p id=\"caption-attachment-10592\" class=\"wp-caption-text\">Sancha \u00e0 droite avec maman&#8230;<\/p><\/div>\n<div id=\"attachment_10993\" style=\"width: 530px\" class=\"wp-caption aligncenter\"><a href=\"http:\/\/www.spa-grillon.fr\/wp-content\/uploads\/2021\/10\/Sancha-6.jpg\" rel=\"attachment wp-att-10993\"><img aria-describedby=\"caption-attachment-10993\" decoding=\"async\" loading=\"lazy\" class=\"wp-image-10993\" src=\"http:\/\/www.spa-grillon.fr\/wp-content\/uploads\/2021\/10\/Sancha-6-e1633199597122-1024x725.jpg\" alt=\"Sancha (6)\" width=\"520\" height=\"368\" srcset=\"https:\/\/www.spa-grillon.fr\/wp-content\/uploads\/2021\/10\/Sancha-6-e1633199597122-1024x725.jpg 1024w, https:\/\/www.spa-grillon.fr\/wp-content\/uploads\/2021\/10\/Sancha-6-e1633199597122-300x212.jpg 300w, https:\/\/www.spa-grillon.fr\/wp-content\/uploads\/2021\/10\/Sancha-6-e1633199597122-768x544.jpg 768w, https:\/\/www.spa-grillon.fr\/wp-content\/uploads\/2021\/10\/Sancha-6-e1633199597122.jpg 1360w\" sizes=\"(max-width: 520px) 100vw, 520px\" \/><\/a><p id=\"caption-attachment-10993\" class=\"wp-caption-text\">Aujourd&rsquo;hui, Sancha a toujours ses grand yeux tout ronds !<\/p><\/div>\n<p style=\"text-align: justify;\"><img decoding=\"async\" loading=\"lazy\" class=\"wp-image-11090 aligncenter\" src=\"http:\/\/www.spa-grillon.fr\/wp-content\/uploads\/2021\/10\/Sancha-6-1-1024x807.jpg\" alt=\"Sancha (6)\" width=\"536\" height=\"422\" srcset=\"https:\/\/www.spa-grillon.fr\/wp-content\/uploads\/2021\/10\/Sancha-6-1-1024x807.jpg 1024w, https:\/\/www.spa-grillon.fr\/wp-content\/uploads\/2021\/10\/Sancha-6-1-300x236.jpg 300w, https:\/\/www.spa-grillon.fr\/wp-content\/uploads\/2021\/10\/Sancha-6-1-768x605.jpg 768w\" sizes=\"(max-width: 536px) 100vw, 536px\" \/> <img decoding=\"async\" loading=\"lazy\" class=\"wp-image-11089 aligncenter\" src=\"http:\/\/www.spa-grillon.fr\/wp-content\/uploads\/2021\/10\/Sancha-5-1-1018x1024.jpg\" alt=\"Sancha (5)\" width=\"542\" height=\"545\" srcset=\"https:\/\/www.spa-grillon.fr\/wp-content\/uploads\/2021\/10\/Sancha-5-1-1018x1024.jpg 1018w, https:\/\/www.spa-grillon.fr\/wp-content\/uploads\/2021\/10\/Sancha-5-1-150x150.jpg 150w, https:\/\/www.spa-grillon.fr\/wp-content\/uploads\/2021\/10\/Sancha-5-1-298x300.jpg 298w, https:\/\/www.spa-grillon.fr\/wp-content\/uploads\/2021\/10\/Sancha-5-1-768x772.jpg 768w\" sizes=\"(max-width: 542px) 100vw, 542px\" \/> <img decoding=\"async\" loading=\"lazy\" class=\" wp-image-11088 aligncenter\" src=\"http:\/\/www.spa-grillon.fr\/wp-content\/uploads\/2021\/10\/Sancha-4-967x1024.jpg\" alt=\"Sancha (4)\" width=\"544\" height=\"576\" srcset=\"https:\/\/www.spa-grillon.fr\/wp-content\/uploads\/2021\/10\/Sancha-4-967x1024.jpg 967w, https:\/\/www.spa-grillon.fr\/wp-content\/uploads\/2021\/10\/Sancha-4-283x300.jpg 283w, https:\/\/www.spa-grillon.fr\/wp-content\/uploads\/2021\/10\/Sancha-4-768x813.jpg 768w, https:\/\/www.spa-grillon.fr\/wp-content\/uploads\/2021\/10\/Sancha-4.jpg 1584w\" sizes=\"(max-width: 544px) 100vw, 544px\" \/> <img decoding=\"async\" loading=\"lazy\" class=\" wp-image-11087 aligncenter\" src=\"http:\/\/www.spa-grillon.fr\/wp-content\/uploads\/2021\/10\/Sancha-3-929x1024.jpg\" alt=\"Sancha (3)\" width=\"548\" height=\"604\" srcset=\"https:\/\/www.spa-grillon.fr\/wp-content\/uploads\/2021\/10\/Sancha-3-929x1024.jpg 929w, https:\/\/www.spa-grillon.fr\/wp-content\/uploads\/2021\/10\/Sancha-3-272x300.jpg 272w, https:\/\/www.spa-grillon.fr\/wp-content\/uploads\/2021\/10\/Sancha-3-768x847.jpg 768w, https:\/\/www.spa-grillon.fr\/wp-content\/uploads\/2021\/10\/Sancha-3.jpg 1487w\" sizes=\"(max-width: 548px) 100vw, 548px\" \/><\/p>\n<p style=\"text-align: justify;\"><a href=\"http:\/\/www.spa-grillon.fr\/wp-content\/uploads\/2021\/10\/Sancha-1.jpg\" rel=\"attachment wp-att-10988\"><img decoding=\"async\" loading=\"lazy\" class=\"wp-image-10988 aligncenter\" src=\"http:\/\/www.spa-grillon.fr\/wp-content\/uploads\/2021\/10\/Sancha-1-e1633199639206-1024x948.jpg\" alt=\"Sancha (1)\" width=\"488\" height=\"452\" srcset=\"https:\/\/www.spa-grillon.fr\/wp-content\/uploads\/2021\/10\/Sancha-1-e1633199639206-1024x948.jpg 1024w, https:\/\/www.spa-grillon.fr\/wp-content\/uploads\/2021\/10\/Sancha-1-e1633199639206-300x278.jpg 300w, https:\/\/www.spa-grillon.fr\/wp-content\/uploads\/2021\/10\/Sancha-1-e1633199639206-768x711.jpg 768w, https:\/\/www.spa-grillon.fr\/wp-content\/uploads\/2021\/10\/Sancha-1-e1633199639206.jpg 1539w\" sizes=\"(max-width: 488px) 100vw, 488px\" \/><\/a><\/p>\n","protected":false},"excerpt":{"rendered":"<p>Arriv\u00e9 avec sa maman Raya et son frangin Speed, tous deux adopt\u00e9s, Sancha est rest\u00e9 un peu plus&#8230; Tr\u00e8s timide tant que son fr\u00e8re \u00e9tait l\u00e0, il a depuis pris de l&rsquo;assurance. C&rsquo;est lui qui a le plus souffert des &hellip; <a href=\"https:\/\/www.spa-grillon.fr\/?page_id=11037\">Continuer la lecture <span class=\"meta-nav\">&rarr;<\/span><\/a><\/p>\n","protected":false},"author":2,"featured_media":0,"parent":0,"menu_order":0,"comment_status":"closed","ping_status":"closed","template":"","meta":[],"_links":{"self":[{"href":"https:\/\/www.spa-grillon.fr\/index.php?rest_route=\/wp\/v2\/pages\/11037"}],"collection":[{"href":"https:\/\/www.spa-grillon.fr\/index.php?rest_route=\/wp\/v2\/pages"}],"about":[{"href":"https:\/\/www.spa-grillon.fr\/index.php?rest_route=\/wp\/v2\/types\/page"}],"author":[{"embeddable":true,"href":"https:\/\/www.spa-grillon.fr\/index.php?rest_route=\/wp\/v2\/users\/2"}],"replies":[{"embeddable":true,"href":"https:\/\/www.spa-grillon.fr\/index.php?rest_route=%2Fwp%2Fv2%2Fcomments&post=11037"}],"version-history":[{"count":4,"href":"https:\/\/www.spa-grillon.fr\/index.php?rest_route=\/wp\/v2\/pages\/11037\/revisions"}],"predecessor-version":[{"id":11136,"href":"https:\/\/www.spa-grillon.fr\/index.php?rest_route=\/wp\/v2\/pages\/11037\/revisions\/11136"}],"wp:attachment":[{"href":"https:\/\/www.spa-grillon.fr\/index.php?rest_route=%2Fwp%2Fv2%2Fmedia&parent=11037"}],"curies":[{"name":"wp","href":"https:\/\/api.w.org\/{rel}","templated":true}]}}