{"id":11040,"date":"2021-10-02T19:38:39","date_gmt":"2021-10-02T18:38:39","guid":{"rendered":"http:\/\/www.spa-grillon.fr\/?page_id=11040"},"modified":"2021-10-10T21:18:57","modified_gmt":"2021-10-10T20:18:57","slug":"saiko","status":"publish","type":"page","link":"https:\/\/www.spa-grillon.fr\/?page_id=11040","title":{"rendered":"SAIKO"},"content":{"rendered":"<p>Arriv\u00e9 le dernier de notre petite bande, Saiko est rest\u00e9 un peu \u00e0 l&rsquo;\u00e9cart des autres. Timide et discret, il peine \u00e0 s&rsquo;imposer et sera sans doute un minet un peu timor\u00e9. Pas craintif, mais manquant d&rsquo;assurance : il faut parfois le convaincre. Cela n&#8217;emp\u00eache qu&rsquo;il ne laissera pas sa place pour les caresses et les friandises mais il sera sans doute plus \u00e0 l&rsquo;aise dans une famille restreinte, une personne seule et calme, comme lui. Il peut s&rsquo;adapter \u00e0 la vie en appartement car ce n&rsquo;est ni un aventurier, ni un sportif !<img decoding=\"async\" loading=\"lazy\" class=\"wp-image-11126 aligncenter\" src=\"http:\/\/www.spa-grillon.fr\/wp-content\/uploads\/2021\/10\/Saiko-e1633897118658-1024x900.jpg\" alt=\"Saiko\" width=\"480\" height=\"421\" srcset=\"https:\/\/www.spa-grillon.fr\/wp-content\/uploads\/2021\/10\/Saiko-e1633897118658-1024x900.jpg 1024w, https:\/\/www.spa-grillon.fr\/wp-content\/uploads\/2021\/10\/Saiko-e1633897118658-300x264.jpg 300w, https:\/\/www.spa-grillon.fr\/wp-content\/uploads\/2021\/10\/Saiko-e1633897118658-768x675.jpg 768w, https:\/\/www.spa-grillon.fr\/wp-content\/uploads\/2021\/10\/Saiko-e1633897118658.jpg 1119w\" sizes=\"(max-width: 480px) 100vw, 480px\" \/><\/p>\n<p><a href=\"http:\/\/www.spa-grillon.fr\/wp-content\/uploads\/2021\/10\/saiko-4.jpg\" rel=\"attachment wp-att-10986\"><img decoding=\"async\" loading=\"lazy\" class=\"aligncenter wp-image-10986\" src=\"http:\/\/www.spa-grillon.fr\/wp-content\/uploads\/2021\/10\/saiko-4-1024x948.jpg\" alt=\"SAIKO\" width=\"482\" height=\"446\" srcset=\"https:\/\/www.spa-grillon.fr\/wp-content\/uploads\/2021\/10\/saiko-4-1024x948.jpg 1024w, https:\/\/www.spa-grillon.fr\/wp-content\/uploads\/2021\/10\/saiko-4-300x278.jpg 300w, https:\/\/www.spa-grillon.fr\/wp-content\/uploads\/2021\/10\/saiko-4-768x711.jpg 768w, https:\/\/www.spa-grillon.fr\/wp-content\/uploads\/2021\/10\/saiko-4.jpg 1807w\" sizes=\"(max-width: 482px) 100vw, 482px\" \/><\/a><\/p>\n<p style=\"text-align: justify;\"><a href=\"http:\/\/www.spa-grillon.fr\/wp-content\/uploads\/2021\/10\/Saiko-3.jpg\" rel=\"attachment wp-att-10985\"><img decoding=\"async\" loading=\"lazy\" class=\"wp-image-10985 aligncenter\" src=\"http:\/\/www.spa-grillon.fr\/wp-content\/uploads\/2021\/10\/Saiko-3-e1633199891729-1024x766.jpg\" alt=\"Saiko (3)\" width=\"485\" height=\"363\" \/><\/a><\/p>\n<p style=\"text-align: justify;\"><a href=\"http:\/\/www.spa-grillon.fr\/wp-content\/uploads\/2021\/10\/saiko.jpg\" rel=\"attachment wp-att-10987\"><img decoding=\"async\" loading=\"lazy\" class=\"wp-image-10987 aligncenter\" src=\"http:\/\/www.spa-grillon.fr\/wp-content\/uploads\/2021\/10\/saiko-1024x981.jpg\" alt=\"saiko\" width=\"482\" height=\"462\" srcset=\"https:\/\/www.spa-grillon.fr\/wp-content\/uploads\/2021\/10\/saiko-1024x981.jpg 1024w, https:\/\/www.spa-grillon.fr\/wp-content\/uploads\/2021\/10\/saiko-300x288.jpg 300w, https:\/\/www.spa-grillon.fr\/wp-content\/uploads\/2021\/10\/saiko-768x736.jpg 768w\" sizes=\"(max-width: 482px) 100vw, 482px\" \/><\/a><\/p>\n","protected":false},"excerpt":{"rendered":"<p>Arriv\u00e9 le dernier de notre petite bande, Saiko est rest\u00e9 un peu \u00e0 l&rsquo;\u00e9cart des autres. Timide et discret, il peine \u00e0 s&rsquo;imposer et sera sans doute un minet un peu timor\u00e9. Pas craintif, mais manquant d&rsquo;assurance : il faut &hellip; <a href=\"https:\/\/www.spa-grillon.fr\/?page_id=11040\">Continuer la lecture <span class=\"meta-nav\">&rarr;<\/span><\/a><\/p>\n","protected":false},"author":2,"featured_media":0,"parent":0,"menu_order":0,"comment_status":"closed","ping_status":"closed","template":"","meta":[],"_links":{"self":[{"href":"https:\/\/www.spa-grillon.fr\/index.php?rest_route=\/wp\/v2\/pages\/11040"}],"collection":[{"href":"https:\/\/www.spa-grillon.fr\/index.php?rest_route=\/wp\/v2\/pages"}],"about":[{"href":"https:\/\/www.spa-grillon.fr\/index.php?rest_route=\/wp\/v2\/types\/page"}],"author":[{"embeddable":true,"href":"https:\/\/www.spa-grillon.fr\/index.php?rest_route=\/wp\/v2\/users\/2"}],"replies":[{"embeddable":true,"href":"https:\/\/www.spa-grillon.fr\/index.php?rest_route=%2Fwp%2Fv2%2Fcomments&post=11040"}],"version-history":[{"count":3,"href":"https:\/\/www.spa-grillon.fr\/index.php?rest_route=\/wp\/v2\/pages\/11040\/revisions"}],"predecessor-version":[{"id":11128,"href":"https:\/\/www.spa-grillon.fr\/index.php?rest_route=\/wp\/v2\/pages\/11040\/revisions\/11128"}],"wp:attachment":[{"href":"https:\/\/www.spa-grillon.fr\/index.php?rest_route=%2Fwp%2Fv2%2Fmedia&parent=11040"}],"curies":[{"name":"wp","href":"https:\/\/api.w.org\/{rel}","templated":true}]}}