{"id":11154,"date":"2021-10-10T21:46:01","date_gmt":"2021-10-10T20:46:01","guid":{"rendered":"http:\/\/www.spa-grillon.fr\/?page_id=11154"},"modified":"2021-10-27T14:17:56","modified_gmt":"2021-10-27T13:17:56","slug":"sia","status":"publish","type":"page","link":"https:\/\/www.spa-grillon.fr\/?page_id=11154","title":{"rendered":"SIA"},"content":{"rendered":"<p><img decoding=\"async\" loading=\"lazy\" class=\"alignleft wp-image-11146 size-medium\" src=\"http:\/\/www.spa-grillon.fr\/wp-content\/uploads\/2015\/07\/Sia-5-243x300.jpg\" alt=\"SIA, n\u00e9e en 06\/2021\" width=\"243\" height=\"300\" srcset=\"https:\/\/www.spa-grillon.fr\/wp-content\/uploads\/2015\/07\/Sia-5-243x300.jpg 243w, https:\/\/www.spa-grillon.fr\/wp-content\/uploads\/2015\/07\/Sia-5-768x949.jpg 768w, https:\/\/www.spa-grillon.fr\/wp-content\/uploads\/2015\/07\/Sia-5-829x1024.jpg 829w, https:\/\/www.spa-grillon.fr\/wp-content\/uploads\/2015\/07\/Sia-5.jpg 1412w\" sizes=\"(max-width: 243px) 100vw, 243px\" \/><\/p>\n<p style=\"text-align: justify;\">Jolie fleur un peu timide au premier abord, elle a la particularit\u00e9 d&rsquo;avoir, outre sa belle robe blanche, les yeux vairons : un bleu, un vert. Ajoutez \u00e0 cela une queue tricolore, vous obtiendrez une petite minette unique! Gentille et plut\u00f4t calme, elle se montre un peu impressionn\u00e9e par les nouveaux venus mais sans panique non plus. Ellest sociable une fois rassur\u00e9e et adore son nouveau copain Sultan. Attention toutefois : comme beaucoup de chats blancs, elle sera sensible aux coups de soleil dans nos contr\u00e9es o\u00f9 le soleil tape. Il serait pr\u00e9f\u00e9rable qu&rsquo;elle soit adopt\u00e9e en appartement.<\/p>\n<p style=\"text-align: justify;\">\n<p style=\"text-align: justify;\"><a href=\"http:\/\/www.spa-grillon.fr\/wp-content\/uploads\/2021\/10\/20211024_143139.jpg\" rel=\"attachment wp-att-11225\"><img decoding=\"async\" loading=\"lazy\" class=\" wp-image-11225 aligncenter\" src=\"http:\/\/www.spa-grillon.fr\/wp-content\/uploads\/2021\/10\/20211024_143139-296x300.jpg\" alt=\"20211024_143139\" width=\"445\" height=\"451\" srcset=\"https:\/\/www.spa-grillon.fr\/wp-content\/uploads\/2021\/10\/20211024_143139-296x300.jpg 296w, https:\/\/www.spa-grillon.fr\/wp-content\/uploads\/2021\/10\/20211024_143139-768x778.jpg 768w, https:\/\/www.spa-grillon.fr\/wp-content\/uploads\/2021\/10\/20211024_143139-1011x1024.jpg 1011w, https:\/\/www.spa-grillon.fr\/wp-content\/uploads\/2021\/10\/20211024_143139.jpg 1289w\" sizes=\"(max-width: 445px) 100vw, 445px\" \/><\/a><img decoding=\"async\" loading=\"lazy\" class=\"wp-image-11145 aligncenter\" src=\"http:\/\/www.spa-grillon.fr\/wp-content\/uploads\/2015\/07\/Sia-4-704x1024.jpg\" alt=\"Sia (4)\" width=\"406\" height=\"591\" \/><\/p>\n<div id=\"attachment_11226\" style=\"width: 410px\" class=\"wp-caption aligncenter\"><a href=\"http:\/\/www.spa-grillon.fr\/wp-content\/uploads\/2021\/10\/20211023_132510.jpg\" rel=\"attachment wp-att-11226\"><img aria-describedby=\"caption-attachment-11226\" decoding=\"async\" loading=\"lazy\" class=\" wp-image-11226\" src=\"http:\/\/www.spa-grillon.fr\/wp-content\/uploads\/2021\/10\/20211023_132510-300x293.jpg\" alt=\"Avec son nouveau copain, Sultan\" width=\"400\" height=\"391\" srcset=\"https:\/\/www.spa-grillon.fr\/wp-content\/uploads\/2021\/10\/20211023_132510-300x293.jpg 300w, https:\/\/www.spa-grillon.fr\/wp-content\/uploads\/2021\/10\/20211023_132510-768x750.jpg 768w, https:\/\/www.spa-grillon.fr\/wp-content\/uploads\/2021\/10\/20211023_132510-1024x1000.jpg 1024w\" sizes=\"(max-width: 400px) 100vw, 400px\" \/><\/a><p id=\"caption-attachment-11226\" class=\"wp-caption-text\">Avec son nouveau copain, Sultan<\/p><\/div>\n<p style=\"text-align: justify;\"><img decoding=\"async\" loading=\"lazy\" class=\"wp-image-11145 aligncenter\" src=\"http:\/\/www.spa-grillon.fr\/wp-content\/uploads\/2015\/07\/Sia-4-704x1024.jpg\" alt=\"Sia (4)\" width=\"406\" height=\"591\" \/><img decoding=\"async\" loading=\"lazy\" class=\"wp-image-11144 aligncenter\" src=\"http:\/\/www.spa-grillon.fr\/wp-content\/uploads\/2015\/07\/Sia-3-837x1024.jpg\" alt=\"Sia (3)\" width=\"408\" height=\"499\" srcset=\"https:\/\/www.spa-grillon.fr\/wp-content\/uploads\/2015\/07\/Sia-3-837x1024.jpg 837w, https:\/\/www.spa-grillon.fr\/wp-content\/uploads\/2015\/07\/Sia-3-245x300.jpg 245w, https:\/\/www.spa-grillon.fr\/wp-content\/uploads\/2015\/07\/Sia-3-768x939.jpg 768w, https:\/\/www.spa-grillon.fr\/wp-content\/uploads\/2015\/07\/Sia-3.jpg 1300w\" sizes=\"(max-width: 408px) 100vw, 408px\" \/> <img decoding=\"async\" loading=\"lazy\" class=\"wp-image-11143 aligncenter\" src=\"http:\/\/www.spa-grillon.fr\/wp-content\/uploads\/2015\/07\/Sia-2-929x1024.jpg\" alt=\"Sia (2)\" width=\"409\" height=\"451\" srcset=\"https:\/\/www.spa-grillon.fr\/wp-content\/uploads\/2015\/07\/Sia-2-929x1024.jpg 929w, https:\/\/www.spa-grillon.fr\/wp-content\/uploads\/2015\/07\/Sia-2-272x300.jpg 272w, https:\/\/www.spa-grillon.fr\/wp-content\/uploads\/2015\/07\/Sia-2-768x846.jpg 768w, https:\/\/www.spa-grillon.fr\/wp-content\/uploads\/2015\/07\/Sia-2.jpg 1377w\" sizes=\"(max-width: 409px) 100vw, 409px\" \/><\/p>\n<p><img decoding=\"async\" loading=\"lazy\" class=\"wp-image-11147 aligncenter\" src=\"http:\/\/www.spa-grillon.fr\/wp-content\/uploads\/2015\/07\/Sia-6-951x1024.jpg\" alt=\"SIA, n\u00e9e en 06\/2021\" width=\"410\" height=\"441\" srcset=\"https:\/\/www.spa-grillon.fr\/wp-content\/uploads\/2015\/07\/Sia-6-951x1024.jpg 951w, https:\/\/www.spa-grillon.fr\/wp-content\/uploads\/2015\/07\/Sia-6-279x300.jpg 279w, https:\/\/www.spa-grillon.fr\/wp-content\/uploads\/2015\/07\/Sia-6-768x827.jpg 768w, https:\/\/www.spa-grillon.fr\/wp-content\/uploads\/2015\/07\/Sia-6.jpg 1639w\" sizes=\"(max-width: 410px) 100vw, 410px\" \/><\/p>\n","protected":false},"excerpt":{"rendered":"<p>Jolie fleur un peu timide au premier abord, elle a la particularit\u00e9 d&rsquo;avoir, outre sa belle robe blanche, les yeux vairons : un bleu, un vert. Ajoutez \u00e0 cela une queue tricolore, vous obtiendrez une petite minette unique! Gentille et &hellip; <a href=\"https:\/\/www.spa-grillon.fr\/?page_id=11154\">Continuer la lecture <span class=\"meta-nav\">&rarr;<\/span><\/a><\/p>\n","protected":false},"author":2,"featured_media":0,"parent":0,"menu_order":0,"comment_status":"closed","ping_status":"closed","template":"","meta":[],"_links":{"self":[{"href":"https:\/\/www.spa-grillon.fr\/index.php?rest_route=\/wp\/v2\/pages\/11154"}],"collection":[{"href":"https:\/\/www.spa-grillon.fr\/index.php?rest_route=\/wp\/v2\/pages"}],"about":[{"href":"https:\/\/www.spa-grillon.fr\/index.php?rest_route=\/wp\/v2\/types\/page"}],"author":[{"embeddable":true,"href":"https:\/\/www.spa-grillon.fr\/index.php?rest_route=\/wp\/v2\/users\/2"}],"replies":[{"embeddable":true,"href":"https:\/\/www.spa-grillon.fr\/index.php?rest_route=%2Fwp%2Fv2%2Fcomments&post=11154"}],"version-history":[{"count":3,"href":"https:\/\/www.spa-grillon.fr\/index.php?rest_route=\/wp\/v2\/pages\/11154\/revisions"}],"predecessor-version":[{"id":11228,"href":"https:\/\/www.spa-grillon.fr\/index.php?rest_route=\/wp\/v2\/pages\/11154\/revisions\/11228"}],"wp:attachment":[{"href":"https:\/\/www.spa-grillon.fr\/index.php?rest_route=%2Fwp%2Fv2%2Fmedia&parent=11154"}],"curies":[{"name":"wp","href":"https:\/\/api.w.org\/{rel}","templated":true}]}}