{"id":11156,"date":"2021-10-10T21:55:07","date_gmt":"2021-10-10T20:55:07","guid":{"rendered":"http:\/\/www.spa-grillon.fr\/?page_id=11156"},"modified":"2021-11-27T18:54:43","modified_gmt":"2021-11-27T17:54:43","slug":"scotty","status":"publish","type":"page","link":"https:\/\/www.spa-grillon.fr\/?page_id=11156","title":{"rendered":"SCOTTY"},"content":{"rendered":"<p><img decoding=\"async\" loading=\"lazy\" class=\"alignleft wp-image-11139 size-medium\" src=\"http:\/\/www.spa-grillon.fr\/wp-content\/uploads\/2015\/07\/Scotty-2-245x300.jpg\" alt=\"SCOTTY, n\u00e9 en 06\/2021\" width=\"245\" height=\"300\" srcset=\"https:\/\/www.spa-grillon.fr\/wp-content\/uploads\/2015\/07\/Scotty-2-245x300.jpg 245w, https:\/\/www.spa-grillon.fr\/wp-content\/uploads\/2015\/07\/Scotty-2-768x941.jpg 768w, https:\/\/www.spa-grillon.fr\/wp-content\/uploads\/2015\/07\/Scotty-2-836x1024.jpg 836w, https:\/\/www.spa-grillon.fr\/wp-content\/uploads\/2015\/07\/Scotty-2.jpg 1495w\" sizes=\"(max-width: 245px) 100vw, 245px\" \/><\/p>\n<p style=\"text-align: justify;\">Fr\u00e8re de Sia, adopt\u00e9e d\u00e9j\u00e0, Scotty est un chaton sans histoire, tout gentil et tout timide. En famille d&rsquo;accueil, il est facile et tr\u00e8s c\u00e2lin : mais une fois dans la chatterie, sa nature craintive ressort et il a tendance \u00e0 fuir. Ses adoptant devront faire preuve d&rsquo;un peu de patience pour lui. Mais la vid\u00e9o prouve Il est sociable avec ses cong\u00e9n\u00e8res.<\/p>\n<p style=\"text-align: justify;\"><img decoding=\"async\" loading=\"lazy\" class=\"wp-image-11138 aligncenter\" src=\"http:\/\/www.spa-grillon.fr\/wp-content\/uploads\/2015\/07\/Scotty-1-839x1024.jpg\" alt=\"Scotty (1)\" width=\"551\" height=\"673\" \/><\/p>\n<p style=\"text-align: justify;\"><img decoding=\"async\" loading=\"lazy\" class=\"wp-image-11140 aligncenter\" src=\"http:\/\/www.spa-grillon.fr\/wp-content\/uploads\/2015\/07\/Scotty-3-871x1024.jpg\" alt=\"Scotty (3)\" width=\"569\" height=\"669\" srcset=\"https:\/\/www.spa-grillon.fr\/wp-content\/uploads\/2015\/07\/Scotty-3-871x1024.jpg 871w, https:\/\/www.spa-grillon.fr\/wp-content\/uploads\/2015\/07\/Scotty-3-255x300.jpg 255w, https:\/\/www.spa-grillon.fr\/wp-content\/uploads\/2015\/07\/Scotty-3-768x903.jpg 768w\" sizes=\"(max-width: 569px) 100vw, 569px\" \/><\/p>\n<div style=\"width: 176px;\" class=\"wp-video\"><!--[if lt IE 9]><script>document.createElement('video');<\/script><![endif]-->\n<video class=\"wp-video-shortcode\" id=\"video-11156-1\" width=\"176\" height=\"320\" preload=\"metadata\" controls=\"controls\"><source type=\"video\/mp4\" src=\"http:\/\/www.spa-grillon.fr\/wp-content\/uploads\/2021\/11\/VID-20211125-WA0065.mp4?_=1\" \/><a href=\"http:\/\/www.spa-grillon.fr\/wp-content\/uploads\/2021\/11\/VID-20211125-WA0065.mp4\">http:\/\/www.spa-grillon.fr\/wp-content\/uploads\/2021\/11\/VID-20211125-WA0065.mp4<\/a><\/video><\/div>\n","protected":false},"excerpt":{"rendered":"<p>Fr\u00e8re de Sia, adopt\u00e9e d\u00e9j\u00e0, Scotty est un chaton sans histoire, tout gentil et tout timide. En famille d&rsquo;accueil, il est facile et tr\u00e8s c\u00e2lin : mais une fois dans la chatterie, sa nature craintive ressort et il a tendance &hellip; <a href=\"https:\/\/www.spa-grillon.fr\/?page_id=11156\">Continuer la lecture <span class=\"meta-nav\">&rarr;<\/span><\/a><\/p>\n","protected":false},"author":2,"featured_media":0,"parent":0,"menu_order":0,"comment_status":"closed","ping_status":"closed","template":"","meta":[],"_links":{"self":[{"href":"https:\/\/www.spa-grillon.fr\/index.php?rest_route=\/wp\/v2\/pages\/11156"}],"collection":[{"href":"https:\/\/www.spa-grillon.fr\/index.php?rest_route=\/wp\/v2\/pages"}],"about":[{"href":"https:\/\/www.spa-grillon.fr\/index.php?rest_route=\/wp\/v2\/types\/page"}],"author":[{"embeddable":true,"href":"https:\/\/www.spa-grillon.fr\/index.php?rest_route=\/wp\/v2\/users\/2"}],"replies":[{"embeddable":true,"href":"https:\/\/www.spa-grillon.fr\/index.php?rest_route=%2Fwp%2Fv2%2Fcomments&post=11156"}],"version-history":[{"count":3,"href":"https:\/\/www.spa-grillon.fr\/index.php?rest_route=\/wp\/v2\/pages\/11156\/revisions"}],"predecessor-version":[{"id":11391,"href":"https:\/\/www.spa-grillon.fr\/index.php?rest_route=\/wp\/v2\/pages\/11156\/revisions\/11391"}],"wp:attachment":[{"href":"https:\/\/www.spa-grillon.fr\/index.php?rest_route=%2Fwp%2Fv2%2Fmedia&parent=11156"}],"curies":[{"name":"wp","href":"https:\/\/api.w.org\/{rel}","templated":true}]}}