{"id":11158,"date":"2021-10-10T22:00:23","date_gmt":"2021-10-10T21:00:23","guid":{"rendered":"http:\/\/www.spa-grillon.fr\/?page_id=11158"},"modified":"2021-10-27T14:03:47","modified_gmt":"2021-10-27T13:03:47","slug":"sultan-2","status":"publish","type":"page","link":"https:\/\/www.spa-grillon.fr\/?page_id=11158","title":{"rendered":"SULTAN"},"content":{"rendered":"<p style=\"text-align: justify;\"><img decoding=\"async\" loading=\"lazy\" class=\"alignleft size-medium wp-image-11152\" src=\"http:\/\/www.spa-grillon.fr\/wp-content\/uploads\/2015\/07\/Sultan-300x269.jpg\" alt=\"Sultan\" width=\"300\" height=\"269\" srcset=\"https:\/\/www.spa-grillon.fr\/wp-content\/uploads\/2015\/07\/Sultan-300x269.jpg 300w, https:\/\/www.spa-grillon.fr\/wp-content\/uploads\/2015\/07\/Sultan-768x689.jpg 768w, https:\/\/www.spa-grillon.fr\/wp-content\/uploads\/2015\/07\/Sultan-1024x919.jpg 1024w\" sizes=\"(max-width: 300px) 100vw, 300px\" \/>Attention, beau gosse ! Sultan est arriv\u00e9 par la fourri\u00e8re. Il portait un collier mais malgr\u00e9 nos appels, personne ne l&rsquo;a r\u00e9clam\u00e9. Il passe donc \u00e0 l&rsquo;adoption. C&rsquo;est un vrai petit ph\u00e9nom\u00e8ne. Aussi coquin qu&rsquo;il est mignon. Parfaitement \u00e0 l&rsquo;aise, il s&rsquo;amuse de tout, cherche les copains mais ceux-ci \u00e9tant un peu plus petits, ils sont un peu effray\u00e9s par le trublion. Si vous ne croyez pas qu&rsquo;un kilo de chat peut animer tout une maison, c&rsquo;est que vous ne connaissez pas Sultan!<\/p>\n<p><img decoding=\"async\" loading=\"lazy\" class=\"aligncenter wp-image-11151 \" src=\"http:\/\/www.spa-grillon.fr\/wp-content\/uploads\/2015\/07\/Sultan-6-732x1024.jpg\" alt=\"SULTAN, n\u00e9 en 05\/2021\" width=\"513\" height=\"717\" srcset=\"https:\/\/www.spa-grillon.fr\/wp-content\/uploads\/2015\/07\/Sultan-6-732x1024.jpg 732w, https:\/\/www.spa-grillon.fr\/wp-content\/uploads\/2015\/07\/Sultan-6-214x300.jpg 214w, https:\/\/www.spa-grillon.fr\/wp-content\/uploads\/2015\/07\/Sultan-6-768x1074.jpg 768w\" sizes=\"(max-width: 513px) 100vw, 513px\" \/><\/p>\n<p style=\"text-align: justify;\"><img decoding=\"async\" loading=\"lazy\" class=\"wp-image-11150 aligncenter\" src=\"http:\/\/www.spa-grillon.fr\/wp-content\/uploads\/2015\/07\/Sultan-5-755x1024.jpg\" alt=\"Sultan (5)\" width=\"515\" height=\"698\" srcset=\"https:\/\/www.spa-grillon.fr\/wp-content\/uploads\/2015\/07\/Sultan-5-755x1024.jpg 755w, https:\/\/www.spa-grillon.fr\/wp-content\/uploads\/2015\/07\/Sultan-5-221x300.jpg 221w, https:\/\/www.spa-grillon.fr\/wp-content\/uploads\/2015\/07\/Sultan-5-768x1042.jpg 768w\" sizes=\"(max-width: 515px) 100vw, 515px\" \/> <a href=\"http:\/\/www.spa-grillon.fr\/wp-content\/uploads\/2021\/10\/20211024_143504.jpg\" rel=\"attachment wp-att-11219\"><img decoding=\"async\" loading=\"lazy\" class=\" wp-image-11219 aligncenter\" src=\"http:\/\/www.spa-grillon.fr\/wp-content\/uploads\/2021\/10\/20211024_143504-238x300.jpg\" alt=\"20211024_143504\" width=\"512\" height=\"645\" srcset=\"https:\/\/www.spa-grillon.fr\/wp-content\/uploads\/2021\/10\/20211024_143504-238x300.jpg 238w, https:\/\/www.spa-grillon.fr\/wp-content\/uploads\/2021\/10\/20211024_143504-768x967.jpg 768w, https:\/\/www.spa-grillon.fr\/wp-content\/uploads\/2021\/10\/20211024_143504-813x1024.jpg 813w, https:\/\/www.spa-grillon.fr\/wp-content\/uploads\/2021\/10\/20211024_143504.jpg 1999w\" sizes=\"(max-width: 512px) 100vw, 512px\" \/><\/a><\/p>\n","protected":false},"excerpt":{"rendered":"<p>Attention, beau gosse ! Sultan est arriv\u00e9 par la fourri\u00e8re. Il portait un collier mais malgr\u00e9 nos appels, personne ne l&rsquo;a r\u00e9clam\u00e9. Il passe donc \u00e0 l&rsquo;adoption. C&rsquo;est un vrai petit ph\u00e9nom\u00e8ne. Aussi coquin qu&rsquo;il est mignon. Parfaitement \u00e0 l&rsquo;aise, &hellip; <a href=\"https:\/\/www.spa-grillon.fr\/?page_id=11158\">Continuer la lecture <span class=\"meta-nav\">&rarr;<\/span><\/a><\/p>\n","protected":false},"author":2,"featured_media":0,"parent":0,"menu_order":0,"comment_status":"closed","ping_status":"closed","template":"","meta":[],"_links":{"self":[{"href":"https:\/\/www.spa-grillon.fr\/index.php?rest_route=\/wp\/v2\/pages\/11158"}],"collection":[{"href":"https:\/\/www.spa-grillon.fr\/index.php?rest_route=\/wp\/v2\/pages"}],"about":[{"href":"https:\/\/www.spa-grillon.fr\/index.php?rest_route=\/wp\/v2\/types\/page"}],"author":[{"embeddable":true,"href":"https:\/\/www.spa-grillon.fr\/index.php?rest_route=\/wp\/v2\/users\/2"}],"replies":[{"embeddable":true,"href":"https:\/\/www.spa-grillon.fr\/index.php?rest_route=%2Fwp%2Fv2%2Fcomments&post=11158"}],"version-history":[{"count":3,"href":"https:\/\/www.spa-grillon.fr\/index.php?rest_route=\/wp\/v2\/pages\/11158\/revisions"}],"predecessor-version":[{"id":11222,"href":"https:\/\/www.spa-grillon.fr\/index.php?rest_route=\/wp\/v2\/pages\/11158\/revisions\/11222"}],"wp:attachment":[{"href":"https:\/\/www.spa-grillon.fr\/index.php?rest_route=%2Fwp%2Fv2%2Fmedia&parent=11158"}],"curies":[{"name":"wp","href":"https:\/\/api.w.org\/{rel}","templated":true}]}}