{"id":11445,"date":"2021-12-19T07:18:17","date_gmt":"2021-12-19T06:18:17","guid":{"rendered":"http:\/\/www.spa-grillon.fr\/?page_id=11445"},"modified":"2022-06-08T22:02:50","modified_gmt":"2022-06-08T21:02:50","slug":"ballou","status":"publish","type":"page","link":"https:\/\/www.spa-grillon.fr\/?page_id=11445","title":{"rendered":"BALLOU"},"content":{"rendered":"<p><a href=\"http:\/\/www.spa-grillon.fr\/wp-content\/uploads\/2011\/03\/20211218_132703.jpg\" rel=\"attachment wp-att-11462\"><img decoding=\"async\" loading=\"lazy\" class=\"alignleft wp-image-11462 size-medium\" src=\"http:\/\/www.spa-grillon.fr\/wp-content\/uploads\/2011\/03\/20211218_132703-265x300.jpg\" alt=\"BALLOU\" width=\"265\" height=\"300\" srcset=\"https:\/\/www.spa-grillon.fr\/wp-content\/uploads\/2011\/03\/20211218_132703-265x300.jpg 265w, https:\/\/www.spa-grillon.fr\/wp-content\/uploads\/2011\/03\/20211218_132703-768x868.jpg 768w, https:\/\/www.spa-grillon.fr\/wp-content\/uploads\/2011\/03\/20211218_132703-906x1024.jpg 906w, https:\/\/www.spa-grillon.fr\/wp-content\/uploads\/2011\/03\/20211218_132703.jpg 1619w\" sizes=\"(max-width: 265px) 100vw, 265px\" \/><\/a><\/p>\n<p>&nbsp;<\/p>\n<p><strong>Sexe<\/strong> : m\u00e2le<\/p>\n<p><strong>Race <\/strong>: race commune<\/p>\n<p><strong>Age <\/strong>: n\u00e9 en 2014<\/p>\n<p><strong>Taille <\/strong>: taille moyenne\/grande<\/p>\n<p>&nbsp;<\/p>\n<p style=\"text-align: justify;\"><strong>Caract\u00e9ristiques <\/strong>: Ballou a \u00e9t\u00e9 adopt\u00e9 b\u00e9b\u00e9 chez nous et huit ans plus tard, le revoil\u00e0 \u00e0 l&rsquo;adoption. C&rsquo;est un chien adorable avec les gens : affectueux, \u00e0 l&rsquo;\u00e9coute, ob\u00e9issant. Il marche impeccablement en laisse, a un tr\u00e8s bon rappel et se colle sur vos pieds pour avoir des c\u00e2lins. Il est tr\u00e8s calme. Au refuge, il ne cherche pas \u00e0 fuguer, bien que ce soit la raison que l&rsquo;on nous ait donn\u00e9e pour l&rsquo;abandonner. Il aime jouer et courir. En revanche, ses relations avec ses cong\u00e9n\u00e8res sont ex\u00e9crables, m\u00e2les comme femelles. Il reste sympa avec certains sans que l&rsquo;on sache pourquoi. Impossible d&rsquo;envisager une cohabitation avec un chat non plus. Il devra donc imp\u00e9rativement \u00eatre le seul animal du foyer. Il aime bien promener : il aura donc besoin de balades r\u00e9guli\u00e8res. Ind\u00e9pendamment de ses relations avec les autres animaux, Ballou est un amour de chien. C&rsquo;est un chien rustique qui a besoin de beaucoup d&rsquo;affection.<\/p>\n<p style=\"text-align: justify;\"><a href=\"http:\/\/www.spa-grillon.fr\/wp-content\/uploads\/2021\/12\/20220604_134023.jpg\" rel=\"attachment wp-att-12145\"><img decoding=\"async\" loading=\"lazy\" class=\"wp-image-12145 aligncenter\" src=\"http:\/\/www.spa-grillon.fr\/wp-content\/uploads\/2021\/12\/20220604_134023-681x1024.jpg\" alt=\"20220604_134023\" width=\"438\" height=\"658\" srcset=\"https:\/\/www.spa-grillon.fr\/wp-content\/uploads\/2021\/12\/20220604_134023-681x1024.jpg 681w, https:\/\/www.spa-grillon.fr\/wp-content\/uploads\/2021\/12\/20220604_134023-199x300.jpg 199w, https:\/\/www.spa-grillon.fr\/wp-content\/uploads\/2021\/12\/20220604_134023-768x1155.jpg 768w, https:\/\/www.spa-grillon.fr\/wp-content\/uploads\/2021\/12\/20220604_134023.jpg 896w\" sizes=\"(max-width: 438px) 100vw, 438px\" \/><\/a> <a href=\"http:\/\/www.spa-grillon.fr\/wp-content\/uploads\/2021\/12\/20220604_134333.jpg\" rel=\"attachment wp-att-12146\"><img decoding=\"async\" loading=\"lazy\" class=\"wp-image-12146 aligncenter\" src=\"http:\/\/www.spa-grillon.fr\/wp-content\/uploads\/2021\/12\/20220604_134333-1024x970.jpg\" alt=\"20220604_134333\" width=\"445\" height=\"421\" srcset=\"https:\/\/www.spa-grillon.fr\/wp-content\/uploads\/2021\/12\/20220604_134333-1024x970.jpg 1024w, https:\/\/www.spa-grillon.fr\/wp-content\/uploads\/2021\/12\/20220604_134333-300x284.jpg 300w, https:\/\/www.spa-grillon.fr\/wp-content\/uploads\/2021\/12\/20220604_134333-768x727.jpg 768w, https:\/\/www.spa-grillon.fr\/wp-content\/uploads\/2021\/12\/20220604_134333.jpg 1901w\" sizes=\"(max-width: 445px) 100vw, 445px\" \/><\/a> <a href=\"http:\/\/www.spa-grillon.fr\/wp-content\/uploads\/2021\/12\/20220604_134610.jpg\" rel=\"attachment wp-att-12148\"><img decoding=\"async\" loading=\"lazy\" class=\"wp-image-12148 aligncenter\" src=\"http:\/\/www.spa-grillon.fr\/wp-content\/uploads\/2021\/12\/20220604_134610-725x1024.jpg\" alt=\"20220604_134610\" width=\"448\" height=\"633\" srcset=\"https:\/\/www.spa-grillon.fr\/wp-content\/uploads\/2021\/12\/20220604_134610-725x1024.jpg 725w, https:\/\/www.spa-grillon.fr\/wp-content\/uploads\/2021\/12\/20220604_134610-212x300.jpg 212w, https:\/\/www.spa-grillon.fr\/wp-content\/uploads\/2021\/12\/20220604_134610-768x1084.jpg 768w, https:\/\/www.spa-grillon.fr\/wp-content\/uploads\/2021\/12\/20220604_134610.jpg 1255w\" sizes=\"(max-width: 448px) 100vw, 448px\" \/><\/a><\/p>\n<p style=\"text-align: justify;\"><img decoding=\"async\" loading=\"lazy\" class=\"wp-image-11456 aligncenter\" src=\"http:\/\/www.spa-grillon.fr\/wp-content\/uploads\/2021\/12\/20211218_132847-889x1024.jpg\" alt=\"20211218_132847\" width=\"495\" height=\"570\" srcset=\"https:\/\/www.spa-grillon.fr\/wp-content\/uploads\/2021\/12\/20211218_132847-889x1024.jpg 889w, https:\/\/www.spa-grillon.fr\/wp-content\/uploads\/2021\/12\/20211218_132847-260x300.jpg 260w, https:\/\/www.spa-grillon.fr\/wp-content\/uploads\/2021\/12\/20211218_132847-768x885.jpg 768w, https:\/\/www.spa-grillon.fr\/wp-content\/uploads\/2021\/12\/20211218_132847.jpg 1651w\" sizes=\"(max-width: 495px) 100vw, 495px\" \/><img decoding=\"async\" loading=\"lazy\" class=\"wp-image-11451 aligncenter\" src=\"http:\/\/www.spa-grillon.fr\/wp-content\/uploads\/2021\/12\/20211218_132833-780x1024.jpg\" alt=\"20211218_132833\" width=\"491\" height=\"644\" srcset=\"https:\/\/www.spa-grillon.fr\/wp-content\/uploads\/2021\/12\/20211218_132833-780x1024.jpg 780w, https:\/\/www.spa-grillon.fr\/wp-content\/uploads\/2021\/12\/20211218_132833-228x300.jpg 228w, https:\/\/www.spa-grillon.fr\/wp-content\/uploads\/2021\/12\/20211218_132833-768x1009.jpg 768w, https:\/\/www.spa-grillon.fr\/wp-content\/uploads\/2021\/12\/20211218_132833.jpg 1395w\" sizes=\"(max-width: 491px) 100vw, 491px\" \/><img decoding=\"async\" loading=\"lazy\" class=\"wp-image-11446 aligncenter\" src=\"http:\/\/www.spa-grillon.fr\/wp-content\/uploads\/2021\/12\/20211218_132345-906x1024.jpg\" alt=\"20211218_132345\" width=\"487\" height=\"551\" srcset=\"https:\/\/www.spa-grillon.fr\/wp-content\/uploads\/2021\/12\/20211218_132345-906x1024.jpg 906w, https:\/\/www.spa-grillon.fr\/wp-content\/uploads\/2021\/12\/20211218_132345-265x300.jpg 265w, https:\/\/www.spa-grillon.fr\/wp-content\/uploads\/2021\/12\/20211218_132345-768x868.jpg 768w, https:\/\/www.spa-grillon.fr\/wp-content\/uploads\/2021\/12\/20211218_132345.jpg 1985w\" sizes=\"(max-width: 487px) 100vw, 487px\" \/><img decoding=\"async\" loading=\"lazy\" class=\"wp-image-11457 aligncenter\" src=\"http:\/\/www.spa-grillon.fr\/wp-content\/uploads\/2021\/12\/IMG-20211127-WA0029-e1639894474165-775x1024.jpg\" alt=\"IMG-20211127-WA0029\" width=\"487\" height=\"643\" srcset=\"https:\/\/www.spa-grillon.fr\/wp-content\/uploads\/2021\/12\/IMG-20211127-WA0029-e1639894474165-775x1024.jpg 775w, https:\/\/www.spa-grillon.fr\/wp-content\/uploads\/2021\/12\/IMG-20211127-WA0029-e1639894474165-227x300.jpg 227w, https:\/\/www.spa-grillon.fr\/wp-content\/uploads\/2021\/12\/IMG-20211127-WA0029-e1639894474165-768x1014.jpg 768w, https:\/\/www.spa-grillon.fr\/wp-content\/uploads\/2021\/12\/IMG-20211127-WA0029-e1639894474165.jpg 836w\" sizes=\"(max-width: 487px) 100vw, 487px\" \/><\/p>\n","protected":false},"excerpt":{"rendered":"<p>&nbsp; Sexe : m\u00e2le Race : race commune Age : n\u00e9 en 2014 Taille : taille moyenne\/grande &nbsp; Caract\u00e9ristiques : Ballou a \u00e9t\u00e9 adopt\u00e9 b\u00e9b\u00e9 chez nous et huit ans plus tard, le revoil\u00e0 \u00e0 l&rsquo;adoption. C&rsquo;est un chien adorable &hellip; <a href=\"https:\/\/www.spa-grillon.fr\/?page_id=11445\">Continuer la lecture <span class=\"meta-nav\">&rarr;<\/span><\/a><\/p>\n","protected":false},"author":2,"featured_media":0,"parent":0,"menu_order":0,"comment_status":"closed","ping_status":"closed","template":"","meta":[],"_links":{"self":[{"href":"https:\/\/www.spa-grillon.fr\/index.php?rest_route=\/wp\/v2\/pages\/11445"}],"collection":[{"href":"https:\/\/www.spa-grillon.fr\/index.php?rest_route=\/wp\/v2\/pages"}],"about":[{"href":"https:\/\/www.spa-grillon.fr\/index.php?rest_route=\/wp\/v2\/types\/page"}],"author":[{"embeddable":true,"href":"https:\/\/www.spa-grillon.fr\/index.php?rest_route=\/wp\/v2\/users\/2"}],"replies":[{"embeddable":true,"href":"https:\/\/www.spa-grillon.fr\/index.php?rest_route=%2Fwp%2Fv2%2Fcomments&post=11445"}],"version-history":[{"count":8,"href":"https:\/\/www.spa-grillon.fr\/index.php?rest_route=\/wp\/v2\/pages\/11445\/revisions"}],"predecessor-version":[{"id":12149,"href":"https:\/\/www.spa-grillon.fr\/index.php?rest_route=\/wp\/v2\/pages\/11445\/revisions\/12149"}],"wp:attachment":[{"href":"https:\/\/www.spa-grillon.fr\/index.php?rest_route=%2Fwp%2Fv2%2Fmedia&parent=11445"}],"curies":[{"name":"wp","href":"https:\/\/api.w.org\/{rel}","templated":true}]}}