{"id":11465,"date":"2021-12-19T07:44:54","date_gmt":"2021-12-19T06:44:54","guid":{"rendered":"http:\/\/www.spa-grillon.fr\/?page_id=11465"},"modified":"2021-12-25T17:10:59","modified_gmt":"2021-12-25T16:10:59","slug":"paco","status":"publish","type":"page","link":"https:\/\/www.spa-grillon.fr\/?page_id=11465","title":{"rendered":"PACO"},"content":{"rendered":"<p><strong><a href=\"http:\/\/www.spa-grillon.fr\/wp-content\/uploads\/2021\/12\/20211218_131413.jpg\" rel=\"attachment wp-att-11466\"><img decoding=\"async\" loading=\"lazy\" class=\"wp-image-11466 size-medium alignleft\" src=\"http:\/\/www.spa-grillon.fr\/wp-content\/uploads\/2021\/12\/20211218_131413-e1639896505597-300x300.jpg\" alt=\"20211218_131413\" width=\"300\" height=\"300\" srcset=\"https:\/\/www.spa-grillon.fr\/wp-content\/uploads\/2021\/12\/20211218_131413-e1639896505597-300x300.jpg 300w, https:\/\/www.spa-grillon.fr\/wp-content\/uploads\/2021\/12\/20211218_131413-e1639896505597-150x150.jpg 150w, https:\/\/www.spa-grillon.fr\/wp-content\/uploads\/2021\/12\/20211218_131413-e1639896505597-768x768.jpg 768w, https:\/\/www.spa-grillon.fr\/wp-content\/uploads\/2021\/12\/20211218_131413-e1639896505597-1024x1024.jpg 1024w, https:\/\/www.spa-grillon.fr\/wp-content\/uploads\/2021\/12\/20211218_131413-e1639896505597.jpg 1070w\" sizes=\"(max-width: 300px) 100vw, 300px\" \/><\/a><\/strong><\/p>\n<p>&nbsp;<\/p>\n<p><strong><br \/>\nSexe <\/strong>: m\u00e2le<\/p>\n<p><strong>Race <\/strong>: berger belge malinois<\/p>\n<p><strong>Age <\/strong>: n\u00e9 en 03\/2019<\/p>\n<p><strong>Taille <\/strong>: grande<\/p>\n<p>&nbsp;<\/p>\n<p style=\"text-align: justify;\"><strong>Caract\u00e9ristiques<\/strong> : Paco connaissait d\u00e9j\u00e0 notre refuge pour y venir r\u00e9guli\u00e8rement en pension. Mais c&rsquo;est pour de bon qu&rsquo;il se retrouve chez nous aujourd&rsquo;hui car Paco vient de perdre son humain, malheureusement d\u00e9c\u00e9d\u00e9. Celui-ci avait fait du bon travail d&rsquo;\u00e9ducation car Paco n&rsquo;est pas un de ces hurluberlus de malous un peu d\u00e9jant\u00e9s qu&rsquo;on voit souvent dans les refuges : il est tr\u00e8s ob\u00e9issant et sait \u00eatre calme. Il est jeune et au maximum de sa force, il est donc indispensable que son futur adoptant soit quelqu&rsquo;un de sportif et disponible pour le sortir r\u00e9guli\u00e8rement mais les bases sont acquises. De grandes randonn\u00e9es en famille, \u00e7a, il adorerait ! Il est tr\u00e8s sociable avec les autres chiens, m\u00e2les comme femelles, et il sera sans doute tr\u00e8s heureux dans une famille poss\u00e9dant d\u00e9j\u00e0 un chien qui saura s&rsquo;amuser avec ce loulou joueur et plein d&rsquo;\u00e9nergie. Il a un peu de gras \u00e0 r\u00e9cup\u00e9rer (il appara\u00eet tr\u00e8s maigre sur les photos) pourtant il mange bien et s&#8217;emploie \u00e0 refaire dispara\u00eetre ses c\u00f4tes trop apparentes. C&rsquo;est juste qu&rsquo;il court beaucoup : c&rsquo;est un athl\u00e8te ! Si vous pensez r\u00e9unir les conditions n\u00e9cessaires pour accueillir Paco, n&rsquo;h\u00e9sitez pas et contactez le refuge pour le rencontrer.<\/p>\n<p style=\"text-align: justify;\"><a href=\"http:\/\/www.spa-grillon.fr\/wp-content\/uploads\/2021\/12\/20211218_131633.jpg\" rel=\"attachment wp-att-11478\"><img decoding=\"async\" loading=\"lazy\" class=\"wp-image-11478 aligncenter\" src=\"http:\/\/www.spa-grillon.fr\/wp-content\/uploads\/2021\/12\/20211218_131633-851x1024.jpg\" alt=\"20211218_131633\" width=\"451\" height=\"543\" srcset=\"https:\/\/www.spa-grillon.fr\/wp-content\/uploads\/2021\/12\/20211218_131633-851x1024.jpg 851w, https:\/\/www.spa-grillon.fr\/wp-content\/uploads\/2021\/12\/20211218_131633-249x300.jpg 249w, https:\/\/www.spa-grillon.fr\/wp-content\/uploads\/2021\/12\/20211218_131633-768x924.jpg 768w, https:\/\/www.spa-grillon.fr\/wp-content\/uploads\/2021\/12\/20211218_131633.jpg 1654w\" sizes=\"(max-width: 451px) 100vw, 451px\" \/><\/a><\/p>\n<p style=\"text-align: justify;\"><a href=\"http:\/\/www.spa-grillon.fr\/wp-content\/uploads\/2021\/12\/20211218_131756.jpg\" rel=\"attachment wp-att-11483\"><img decoding=\"async\" loading=\"lazy\" class=\"wp-image-11483 aligncenter\" src=\"http:\/\/www.spa-grillon.fr\/wp-content\/uploads\/2021\/12\/20211218_131756-844x1024.jpg\" alt=\"20211218_131756\" width=\"450\" height=\"546\" srcset=\"https:\/\/www.spa-grillon.fr\/wp-content\/uploads\/2021\/12\/20211218_131756-844x1024.jpg 844w, https:\/\/www.spa-grillon.fr\/wp-content\/uploads\/2021\/12\/20211218_131756-247x300.jpg 247w, https:\/\/www.spa-grillon.fr\/wp-content\/uploads\/2021\/12\/20211218_131756-768x932.jpg 768w\" sizes=\"(max-width: 450px) 100vw, 450px\" \/><\/a><a href=\"http:\/\/www.spa-grillon.fr\/wp-content\/uploads\/2021\/12\/20211218_131621.jpg\" rel=\"attachment wp-att-11476\"><img decoding=\"async\" loading=\"lazy\" class=\"wp-image-11476 aligncenter\" src=\"http:\/\/www.spa-grillon.fr\/wp-content\/uploads\/2021\/12\/20211218_131621-652x1024.jpg\" alt=\"20211218_131621\" width=\"450\" height=\"707\" srcset=\"https:\/\/www.spa-grillon.fr\/wp-content\/uploads\/2021\/12\/20211218_131621-652x1024.jpg 652w, https:\/\/www.spa-grillon.fr\/wp-content\/uploads\/2021\/12\/20211218_131621-191x300.jpg 191w, https:\/\/www.spa-grillon.fr\/wp-content\/uploads\/2021\/12\/20211218_131621-768x1206.jpg 768w, https:\/\/www.spa-grillon.fr\/wp-content\/uploads\/2021\/12\/20211218_131621.jpg 1668w\" sizes=\"(max-width: 450px) 100vw, 450px\" \/><\/a><a href=\"http:\/\/www.spa-grillon.fr\/wp-content\/uploads\/2021\/12\/20211218_131517.jpg\" rel=\"attachment wp-att-11472\"><img decoding=\"async\" loading=\"lazy\" class=\"wp-image-11472 aligncenter\" src=\"http:\/\/www.spa-grillon.fr\/wp-content\/uploads\/2021\/12\/20211218_131517-873x1024.jpg\" alt=\"20211218_131517\" width=\"450\" height=\"528\" srcset=\"https:\/\/www.spa-grillon.fr\/wp-content\/uploads\/2021\/12\/20211218_131517-873x1024.jpg 873w, https:\/\/www.spa-grillon.fr\/wp-content\/uploads\/2021\/12\/20211218_131517-256x300.jpg 256w, https:\/\/www.spa-grillon.fr\/wp-content\/uploads\/2021\/12\/20211218_131517-768x901.jpg 768w\" sizes=\"(max-width: 450px) 100vw, 450px\" \/><\/a><a href=\"http:\/\/www.spa-grillon.fr\/wp-content\/uploads\/2021\/12\/20211218_131418.jpg\" rel=\"attachment wp-att-11467\"><img decoding=\"async\" loading=\"lazy\" class=\"wp-image-11467 aligncenter\" src=\"http:\/\/www.spa-grillon.fr\/wp-content\/uploads\/2021\/12\/20211218_131418-743x1024.jpg\" alt=\"20211218_131418\" width=\"450\" height=\"620\" srcset=\"https:\/\/www.spa-grillon.fr\/wp-content\/uploads\/2021\/12\/20211218_131418-743x1024.jpg 743w, https:\/\/www.spa-grillon.fr\/wp-content\/uploads\/2021\/12\/20211218_131418-218x300.jpg 218w, https:\/\/www.spa-grillon.fr\/wp-content\/uploads\/2021\/12\/20211218_131418-768x1058.jpg 768w, https:\/\/www.spa-grillon.fr\/wp-content\/uploads\/2021\/12\/20211218_131418.jpg 1993w\" sizes=\"(max-width: 450px) 100vw, 450px\" \/><\/a><\/p>\n","protected":false},"excerpt":{"rendered":"<p>&nbsp; Sexe : m\u00e2le Race : berger belge malinois Age : n\u00e9 en 03\/2019 Taille : grande &nbsp; Caract\u00e9ristiques : Paco connaissait d\u00e9j\u00e0 notre refuge pour y venir r\u00e9guli\u00e8rement en pension. Mais c&rsquo;est pour de bon qu&rsquo;il se retrouve chez &hellip; <a href=\"https:\/\/www.spa-grillon.fr\/?page_id=11465\">Continuer la lecture <span class=\"meta-nav\">&rarr;<\/span><\/a><\/p>\n","protected":false},"author":2,"featured_media":0,"parent":0,"menu_order":0,"comment_status":"closed","ping_status":"closed","template":"","meta":[],"_links":{"self":[{"href":"https:\/\/www.spa-grillon.fr\/index.php?rest_route=\/wp\/v2\/pages\/11465"}],"collection":[{"href":"https:\/\/www.spa-grillon.fr\/index.php?rest_route=\/wp\/v2\/pages"}],"about":[{"href":"https:\/\/www.spa-grillon.fr\/index.php?rest_route=\/wp\/v2\/types\/page"}],"author":[{"embeddable":true,"href":"https:\/\/www.spa-grillon.fr\/index.php?rest_route=\/wp\/v2\/users\/2"}],"replies":[{"embeddable":true,"href":"https:\/\/www.spa-grillon.fr\/index.php?rest_route=%2Fwp%2Fv2%2Fcomments&post=11465"}],"version-history":[{"count":11,"href":"https:\/\/www.spa-grillon.fr\/index.php?rest_route=\/wp\/v2\/pages\/11465\/revisions"}],"predecessor-version":[{"id":11518,"href":"https:\/\/www.spa-grillon.fr\/index.php?rest_route=\/wp\/v2\/pages\/11465\/revisions\/11518"}],"wp:attachment":[{"href":"https:\/\/www.spa-grillon.fr\/index.php?rest_route=%2Fwp%2Fv2%2Fmedia&parent=11465"}],"curies":[{"name":"wp","href":"https:\/\/api.w.org\/{rel}","templated":true}]}}