{"id":11496,"date":"2021-12-19T08:06:47","date_gmt":"2021-12-19T07:06:47","guid":{"rendered":"http:\/\/www.spa-grillon.fr\/?page_id=11496"},"modified":"2021-12-19T18:51:32","modified_gmt":"2021-12-19T17:51:32","slug":"mulan","status":"publish","type":"page","link":"https:\/\/www.spa-grillon.fr\/?page_id=11496","title":{"rendered":"MULAN"},"content":{"rendered":"<p><strong><a href=\"http:\/\/www.spa-grillon.fr\/wp-content\/uploads\/2021\/12\/Mulan-1.jpg\" rel=\"attachment wp-att-11499\"><img decoding=\"async\" loading=\"lazy\" class=\"wp-image-11499 size-medium alignleft\" src=\"http:\/\/www.spa-grillon.fr\/wp-content\/uploads\/2021\/12\/Mulan-1-300x300.jpg\" alt=\"Mulan'\" width=\"300\" height=\"300\" srcset=\"https:\/\/www.spa-grillon.fr\/wp-content\/uploads\/2021\/12\/Mulan-1-300x300.jpg 300w, https:\/\/www.spa-grillon.fr\/wp-content\/uploads\/2021\/12\/Mulan-1-150x150.jpg 150w, https:\/\/www.spa-grillon.fr\/wp-content\/uploads\/2021\/12\/Mulan-1-768x768.jpg 768w, https:\/\/www.spa-grillon.fr\/wp-content\/uploads\/2021\/12\/Mulan-1-1024x1024.jpg 1024w, https:\/\/www.spa-grillon.fr\/wp-content\/uploads\/2021\/12\/Mulan-1.jpg 1554w\" sizes=\"(max-width: 300px) 100vw, 300px\" \/><\/a><\/strong><\/p>\n<p><strong><br \/>\nSexe<\/strong> : femelle<\/p>\n<p><strong>Race <\/strong>: race commune (apparence korthal)<\/p>\n<p><strong>Age <\/strong>: n\u00e9 en 2020<\/p>\n<p><strong>Taille <\/strong>: taille moyenne\/grande<\/p>\n<p>&nbsp;<\/p>\n<p>&nbsp;<\/p>\n<p style=\"text-align: justify;\"><strong>Caract\u00e9ristiques <\/strong>: Mulan est une vraie petite f\u00e9e ! Douce, gentille, sans m\u00e9chancet\u00e9 aucune, elle a le caract\u00e8re pacifique de beaucoup de griffons, notamment avec ses cong\u00e9n\u00e8res avec qui elle s&rsquo;entend bien. Avec les chats, hum&#8230; c&rsquo;est autre chose et ses intentions ne sont pas tr\u00e8s claires. Il faudra donc rester vigilants car m\u00eames les jolies petites f\u00e9es poilues peuvent cacher de noirs desseins ! Mulan est arriv\u00e9e par la fourri\u00e8re et n&rsquo;a jamais \u00e9t\u00e9 r\u00e9clam\u00e9e. C&rsquo;est une chienne qui sera sans doute heureuse en famille, avec du monde autour d&rsquo;elle, si possible un autre chien. Elle est tr\u00e8s joueuse et affectueuse : elle devrait appr\u00e9cier les enfants mais ce sera \u00e0 v\u00e9rifier quand nous la conna\u00eetrons mieux. Ce qu&rsquo;elle veut par-dessus tout c&rsquo;est la compagnie des humains, des balades, un jardin o\u00f9 faire des roulades au soleil&#8230; une vie de chien, quoi !<\/p>\n<p style=\"text-align: justify;\"><a href=\"http:\/\/www.spa-grillon.fr\/wp-content\/uploads\/2021\/12\/IMG-20211218-WA0008.jpg\" rel=\"attachment wp-att-11504\"><img decoding=\"async\" loading=\"lazy\" class=\"wp-image-11504 aligncenter\" src=\"http:\/\/www.spa-grillon.fr\/wp-content\/uploads\/2021\/12\/IMG-20211218-WA0008-e1639897442785-1024x1024.jpg\" alt=\"IMG-20211218-WA0008\" width=\"470\" height=\"470\" srcset=\"https:\/\/www.spa-grillon.fr\/wp-content\/uploads\/2021\/12\/IMG-20211218-WA0008-e1639897442785-1024x1024.jpg 1024w, https:\/\/www.spa-grillon.fr\/wp-content\/uploads\/2021\/12\/IMG-20211218-WA0008-e1639897442785-150x150.jpg 150w, https:\/\/www.spa-grillon.fr\/wp-content\/uploads\/2021\/12\/IMG-20211218-WA0008-e1639897442785-300x300.jpg 300w, https:\/\/www.spa-grillon.fr\/wp-content\/uploads\/2021\/12\/IMG-20211218-WA0008-e1639897442785-768x768.jpg 768w, https:\/\/www.spa-grillon.fr\/wp-content\/uploads\/2021\/12\/IMG-20211218-WA0008-e1639897442785.jpg 1120w\" sizes=\"(max-width: 470px) 100vw, 470px\" \/><\/a><\/p>\n<p><a href=\"http:\/\/www.spa-grillon.fr\/wp-content\/uploads\/2021\/12\/20211218_131737.jpg\" rel=\"attachment wp-att-11482\"><img decoding=\"async\" loading=\"lazy\" class=\"wp-image-11482 aligncenter\" src=\"http:\/\/www.spa-grillon.fr\/wp-content\/uploads\/2021\/12\/20211218_131737-779x1024.jpg\" alt=\"20211218_131737\" width=\"470\" height=\"618\" srcset=\"https:\/\/www.spa-grillon.fr\/wp-content\/uploads\/2021\/12\/20211218_131737-779x1024.jpg 779w, https:\/\/www.spa-grillon.fr\/wp-content\/uploads\/2021\/12\/20211218_131737-228x300.jpg 228w, https:\/\/www.spa-grillon.fr\/wp-content\/uploads\/2021\/12\/20211218_131737-768x1009.jpg 768w\" sizes=\"(max-width: 470px) 100vw, 470px\" \/><\/a><a href=\"http:\/\/www.spa-grillon.fr\/wp-content\/uploads\/2021\/12\/20211218_131702.jpg\" rel=\"attachment wp-att-11480\"><img decoding=\"async\" loading=\"lazy\" class=\"wp-image-11480 aligncenter\" src=\"http:\/\/www.spa-grillon.fr\/wp-content\/uploads\/2021\/12\/20211218_131702-757x1024.jpg\" alt=\"20211218_131702\" width=\"470\" height=\"636\" srcset=\"https:\/\/www.spa-grillon.fr\/wp-content\/uploads\/2021\/12\/20211218_131702-757x1024.jpg 757w, https:\/\/www.spa-grillon.fr\/wp-content\/uploads\/2021\/12\/20211218_131702-222x300.jpg 222w, https:\/\/www.spa-grillon.fr\/wp-content\/uploads\/2021\/12\/20211218_131702-768x1039.jpg 768w, https:\/\/www.spa-grillon.fr\/wp-content\/uploads\/2021\/12\/20211218_131702.jpg 1650w\" sizes=\"(max-width: 470px) 100vw, 470px\" \/><\/a><a href=\"http:\/\/www.spa-grillon.fr\/wp-content\/uploads\/2021\/12\/Mulan-3.jpg\" rel=\"attachment wp-att-11501\"><img decoding=\"async\" loading=\"lazy\" class=\"wp-image-11501 aligncenter\" src=\"http:\/\/www.spa-grillon.fr\/wp-content\/uploads\/2021\/12\/Mulan-3-1024x1024.jpg\" alt=\"Mulan'''\" width=\"470\" height=\"470\" srcset=\"https:\/\/www.spa-grillon.fr\/wp-content\/uploads\/2021\/12\/Mulan-3-1024x1024.jpg 1024w, https:\/\/www.spa-grillon.fr\/wp-content\/uploads\/2021\/12\/Mulan-3-150x150.jpg 150w, https:\/\/www.spa-grillon.fr\/wp-content\/uploads\/2021\/12\/Mulan-3-300x300.jpg 300w, https:\/\/www.spa-grillon.fr\/wp-content\/uploads\/2021\/12\/Mulan-3-768x768.jpg 768w\" sizes=\"(max-width: 470px) 100vw, 470px\" \/><\/a><a href=\"http:\/\/www.spa-grillon.fr\/wp-content\/uploads\/2021\/12\/Mulan-5.jpg\" rel=\"attachment wp-att-11497\"><img decoding=\"async\" loading=\"lazy\" class=\"wp-image-11497 aligncenter\" src=\"http:\/\/www.spa-grillon.fr\/wp-content\/uploads\/2021\/12\/Mulan-5-1024x1024.jpg\" alt=\"Mulan 5\" width=\"470\" height=\"470\" srcset=\"https:\/\/www.spa-grillon.fr\/wp-content\/uploads\/2021\/12\/Mulan-5-1024x1024.jpg 1024w, https:\/\/www.spa-grillon.fr\/wp-content\/uploads\/2021\/12\/Mulan-5-150x150.jpg 150w, https:\/\/www.spa-grillon.fr\/wp-content\/uploads\/2021\/12\/Mulan-5-300x300.jpg 300w, https:\/\/www.spa-grillon.fr\/wp-content\/uploads\/2021\/12\/Mulan-5-768x768.jpg 768w, https:\/\/www.spa-grillon.fr\/wp-content\/uploads\/2021\/12\/Mulan-5.jpg 1545w\" sizes=\"(max-width: 470px) 100vw, 470px\" \/><\/a><\/p>\n<p style=\"text-align: justify;\">\n","protected":false},"excerpt":{"rendered":"<p>Sexe : femelle Race : race commune (apparence korthal) Age : n\u00e9 en 2020 Taille : taille moyenne\/grande &nbsp; &nbsp; Caract\u00e9ristiques : Mulan est une vraie petite f\u00e9e ! Douce, gentille, sans m\u00e9chancet\u00e9 aucune, elle a le caract\u00e8re pacifique de &hellip; <a href=\"https:\/\/www.spa-grillon.fr\/?page_id=11496\">Continuer la lecture <span class=\"meta-nav\">&rarr;<\/span><\/a><\/p>\n","protected":false},"author":2,"featured_media":0,"parent":0,"menu_order":0,"comment_status":"closed","ping_status":"closed","template":"","meta":[],"_links":{"self":[{"href":"https:\/\/www.spa-grillon.fr\/index.php?rest_route=\/wp\/v2\/pages\/11496"}],"collection":[{"href":"https:\/\/www.spa-grillon.fr\/index.php?rest_route=\/wp\/v2\/pages"}],"about":[{"href":"https:\/\/www.spa-grillon.fr\/index.php?rest_route=\/wp\/v2\/types\/page"}],"author":[{"embeddable":true,"href":"https:\/\/www.spa-grillon.fr\/index.php?rest_route=\/wp\/v2\/users\/2"}],"replies":[{"embeddable":true,"href":"https:\/\/www.spa-grillon.fr\/index.php?rest_route=%2Fwp%2Fv2%2Fcomments&post=11496"}],"version-history":[{"count":5,"href":"https:\/\/www.spa-grillon.fr\/index.php?rest_route=\/wp\/v2\/pages\/11496\/revisions"}],"predecessor-version":[{"id":11515,"href":"https:\/\/www.spa-grillon.fr\/index.php?rest_route=\/wp\/v2\/pages\/11496\/revisions\/11515"}],"wp:attachment":[{"href":"https:\/\/www.spa-grillon.fr\/index.php?rest_route=%2Fwp%2Fv2%2Fmedia&parent=11496"}],"curies":[{"name":"wp","href":"https:\/\/api.w.org\/{rel}","templated":true}]}}