{"id":11519,"date":"2022-01-22T18:52:22","date_gmt":"2022-01-22T17:52:22","guid":{"rendered":"http:\/\/www.spa-grillon.fr\/?page_id=11519"},"modified":"2025-11-07T18:34:40","modified_gmt":"2025-11-07T17:34:40","slug":"willy","status":"publish","type":"page","link":"https:\/\/www.spa-grillon.fr\/?page_id=11519","title":{"rendered":"WILLY"},"content":{"rendered":"\n<div class=\"wp-block-media-text alignwide is-stacked-on-mobile\"><figure class=\"wp-block-media-text__media\"><img decoding=\"async\" loading=\"lazy\" width=\"1024\" height=\"1024\" src=\"https:\/\/www.spa-grillon.fr\/wp-content\/uploads\/2025\/11\/Willy-2-1-1024x1024.jpg\" alt=\"\" class=\"wp-image-17918 size-full\" srcset=\"https:\/\/www.spa-grillon.fr\/wp-content\/uploads\/2025\/11\/Willy-2-1-1024x1024.jpg 1024w, https:\/\/www.spa-grillon.fr\/wp-content\/uploads\/2025\/11\/Willy-2-1-300x300.jpg 300w, https:\/\/www.spa-grillon.fr\/wp-content\/uploads\/2025\/11\/Willy-2-1-150x150.jpg 150w, https:\/\/www.spa-grillon.fr\/wp-content\/uploads\/2025\/11\/Willy-2-1-768x768.jpg 768w, https:\/\/www.spa-grillon.fr\/wp-content\/uploads\/2025\/11\/Willy-2-1-1536x1536.jpg 1536w, https:\/\/www.spa-grillon.fr\/wp-content\/uploads\/2025\/11\/Willy-2-1-2048x2048.jpg 2048w\" sizes=\"(max-width: 1024px) 100vw, 1024px\" \/><\/figure><div class=\"wp-block-media-text__content\">\n<p><strong>Sexe<\/strong> : m\u00e2le<\/p>\n\n\n\n<p><strong>Race <\/strong>: x \u00e9pagneul<\/p>\n\n\n\n<p><strong>Age <\/strong>: n\u00e9 en 2019<\/p>\n\n\n\n<p><strong>Taille <\/strong>: taille moyenne\/grande<\/p>\n<\/div><\/div>\n\n\n\n<p align=\"justify\"><strong>Caract\u00e9ristiques <\/strong>: Willy est arriv\u00e9 avec son fr\u00e8re Jimmy, apr\u00e8s de premi\u00e8res ann\u00e9es pass\u00e9es plus ou moins livr\u00e9s \u00e0 eux-m\u00eames. Apr\u00e8s une p\u00e9riode d&rsquo;observation assez longue, Willy, tr\u00e8s peureux, est devenu un chien tr\u00e8s attachant et plein de vie. Il est devenu la mascotte ici et il est&nbsp; de tous les \u00e9v\u00e9nements : il a fi\u00e8rement repr\u00e9sent\u00e9 la SPA \u00e0 la marche d&rsquo;Octobre Rose avec notre gardien, \u00e0 la Marche de l&rsquo;Enclave et il participe souvent aux randonn\u00e9es collectives. Extr\u00eamement intelligent, il apprend tr\u00e8s vite. La marche en laisse est encore un peu \u00ab\u00a0explosive\u00a0\u00bb et il faudra travailler encore cela mais Mathilde, l&rsquo;\u00e9ducatrice qui travaille avec nous, lui a appris \u00ab\u00a0assis\u00a0\u00bb, \u00ab\u00a0couch\u00e9\u00a0\u00bb, et \u00ab\u00a0au pied\u00a0\u00bb en moins d&rsquo;une heure. Inutile de dire que dans une famille, avec la r\u00e9gularit\u00e9 et la r\u00e9p\u00e9tition, il apprendra tout \u00e7a et bien d&rsquo;autres choses encore. Comme il est malin comme pas deux, il faudra vraiment lui donner une \u00e9ducation car il aura t\u00f4t fait de vous entourlouper. Affectueux, gourmand et vif, il lui faudra un jardin clos (car il peut aimer partir en balade tout seul), et de l&rsquo;activit\u00e9 car c&rsquo;est un athl\u00e8te ! Il court les chats, il faudra donc \u00e9viter les matous. Quant aux chiens, il pourra cohabiter avec une femelle et avec certains m\u00e2les : il a ses t\u00eates mais en g\u00e9n\u00e9ral \u00e7a se passe assez bien, voire tr\u00e8s bien. On ne sait pas s&rsquo;il chasse ou non mais ce sera obligatoirement un chien de famille et non de chenil. On \u00e9vitera les jeunes enfants et les personnes \u00e2g\u00e9es avec Willy car il peut \u00eatre assez brutal dans ses d\u00e9placements.<p align=\"justify\">\n\n\n<div class=\"wp-block-image\">\n<figure class=\"aligncenter is-resized\"><a href=\"http:\/\/www.spa-grillon.fr\/wp-content\/uploads\/2022\/01\/20230219_114655.jpg\" rel=\"attachment wp-att-13183\"><img decoding=\"async\" loading=\"lazy\" src=\"http:\/\/www.spa-grillon.fr\/wp-content\/uploads\/2022\/01\/20230219_114655-674x1024.jpg\" alt=\"20230219_114655\" class=\"wp-image-13183\" width=\"468\" height=\"710\" srcset=\"https:\/\/www.spa-grillon.fr\/wp-content\/uploads\/2022\/01\/20230219_114655-674x1024.jpg 674w, https:\/\/www.spa-grillon.fr\/wp-content\/uploads\/2022\/01\/20230219_114655-197x300.jpg 197w, https:\/\/www.spa-grillon.fr\/wp-content\/uploads\/2022\/01\/20230219_114655-768x1167.jpg 768w, https:\/\/www.spa-grillon.fr\/wp-content\/uploads\/2022\/01\/20230219_114655.jpg 1464w\" sizes=\"(max-width: 468px) 100vw, 468px\" \/><\/a><\/figure><\/div>\n\n<div class=\"wp-block-image\">\n<figure class=\"aligncenter size-large is-resized\"><a href=\"https:\/\/www.spa-grillon.fr\/wp-content\/uploads\/2025\/11\/Willy-3-scaled.jpg\"><img decoding=\"async\" loading=\"lazy\" src=\"https:\/\/www.spa-grillon.fr\/wp-content\/uploads\/2025\/11\/Willy-3-1024x683.jpg\" alt=\"\" class=\"wp-image-17920\" width=\"469\" height=\"312\" srcset=\"https:\/\/www.spa-grillon.fr\/wp-content\/uploads\/2025\/11\/Willy-3-1024x683.jpg 1024w, https:\/\/www.spa-grillon.fr\/wp-content\/uploads\/2025\/11\/Willy-3-300x200.jpg 300w, https:\/\/www.spa-grillon.fr\/wp-content\/uploads\/2025\/11\/Willy-3-768x512.jpg 768w, https:\/\/www.spa-grillon.fr\/wp-content\/uploads\/2025\/11\/Willy-3-1536x1024.jpg 1536w, https:\/\/www.spa-grillon.fr\/wp-content\/uploads\/2025\/11\/Willy-3-2048x1365.jpg 2048w\" sizes=\"(max-width: 469px) 100vw, 469px\" \/><\/a><\/figure><\/div>\n\n<div class=\"wp-block-image\">\n<figure class=\"aligncenter size-large is-resized\"><a href=\"https:\/\/www.spa-grillon.fr\/wp-content\/uploads\/2025\/11\/IMG-20251005-WA0005.jpg\"><img decoding=\"async\" loading=\"lazy\" src=\"https:\/\/www.spa-grillon.fr\/wp-content\/uploads\/2025\/11\/IMG-20251005-WA0005-768x1024.jpg\" alt=\"\" class=\"wp-image-17846\" width=\"500\" height=\"666\" srcset=\"https:\/\/www.spa-grillon.fr\/wp-content\/uploads\/2025\/11\/IMG-20251005-WA0005-768x1024.jpg 768w, https:\/\/www.spa-grillon.fr\/wp-content\/uploads\/2025\/11\/IMG-20251005-WA0005-225x300.jpg 225w, https:\/\/www.spa-grillon.fr\/wp-content\/uploads\/2025\/11\/IMG-20251005-WA0005-1152x1536.jpg 1152w, https:\/\/www.spa-grillon.fr\/wp-content\/uploads\/2025\/11\/IMG-20251005-WA0005.jpg 1200w\" sizes=\"(max-width: 500px) 100vw, 500px\" \/><\/a><\/figure><\/div>\n\n<div class=\"wp-block-image\">\n<figure class=\"aligncenter is-resized\"><a href=\"http:\/\/www.spa-grillon.fr\/wp-content\/uploads\/2022\/01\/20230219_115055.jpg\" rel=\"attachment wp-att-13187\"><img decoding=\"async\" loading=\"lazy\" src=\"http:\/\/www.spa-grillon.fr\/wp-content\/uploads\/2022\/01\/20230219_115055-949x1024.jpg\" alt=\"Avec son copain Titan\" class=\"wp-image-13187\" width=\"506\" height=\"545\" srcset=\"https:\/\/www.spa-grillon.fr\/wp-content\/uploads\/2022\/01\/20230219_115055-949x1024.jpg 949w, https:\/\/www.spa-grillon.fr\/wp-content\/uploads\/2022\/01\/20230219_115055-278x300.jpg 278w, https:\/\/www.spa-grillon.fr\/wp-content\/uploads\/2022\/01\/20230219_115055-768x829.jpg 768w, https:\/\/www.spa-grillon.fr\/wp-content\/uploads\/2022\/01\/20230219_115055.jpg 1178w\" sizes=\"(max-width: 506px) 100vw, 506px\" \/><\/a><figcaption class=\"wp-element-caption\">Avec son copain Titan<\/figcaption><\/figure><\/div>\n\n<div class=\"wp-block-image\">\n<figure class=\"aligncenter is-resized\"><img decoding=\"async\" loading=\"lazy\" src=\"https:\/\/www.spa-grillon.fr\/wp-content\/uploads\/2022\/01\/Willy-2-712x1024.jpg\" alt=\"Willy (2)\" class=\"wp-image-14370\" width=\"480\" height=\"690\" srcset=\"https:\/\/www.spa-grillon.fr\/wp-content\/uploads\/2022\/01\/Willy-2-712x1024.jpg 712w, https:\/\/www.spa-grillon.fr\/wp-content\/uploads\/2022\/01\/Willy-2-209x300.jpg 209w, https:\/\/www.spa-grillon.fr\/wp-content\/uploads\/2022\/01\/Willy-2-768x1105.jpg 768w, https:\/\/www.spa-grillon.fr\/wp-content\/uploads\/2022\/01\/Willy-2.jpg 1599w\" sizes=\"(max-width: 480px) 100vw, 480px\" \/><\/figure><\/div>\n\n<div class=\"wp-block-image\">\n<figure class=\"aligncenter is-resized\"><a href=\"http:\/\/www.spa-grillon.fr\/wp-content\/uploads\/2021\/12\/IMG-20220119-WA0006.jpg\"><img decoding=\"async\" loading=\"lazy\" src=\"http:\/\/www.spa-grillon.fr\/wp-content\/uploads\/2021\/12\/IMG-20220119-WA0006-700x1024.jpg\" alt=\"IMG-20220119-WA0006\" class=\"wp-image-11634\" width=\"352\" height=\"515\" srcset=\"https:\/\/www.spa-grillon.fr\/wp-content\/uploads\/2021\/12\/IMG-20220119-WA0006-700x1024.jpg 700w, https:\/\/www.spa-grillon.fr\/wp-content\/uploads\/2021\/12\/IMG-20220119-WA0006-205x300.jpg 205w, https:\/\/www.spa-grillon.fr\/wp-content\/uploads\/2021\/12\/IMG-20220119-WA0006-768x1123.jpg 768w, https:\/\/www.spa-grillon.fr\/wp-content\/uploads\/2021\/12\/IMG-20220119-WA0006.jpg 925w\" sizes=\"(max-width: 352px) 100vw, 352px\" \/><\/a><figcaption class=\"wp-element-caption\">Willy \u00e0 l&rsquo;\u00e9cole ! Tr\u00e8\u00e8\u00e8\u00e8s attentif !<\/figcaption><\/figure><\/div>\n\n<div class=\"wp-block-image\">\n<figure class=\"aligncenter size-large is-resized\"><a href=\"https:\/\/www.spa-grillon.fr\/wp-content\/uploads\/2025\/11\/IMG-20251026-WA0034.jpg\"><img decoding=\"async\" loading=\"lazy\" src=\"https:\/\/www.spa-grillon.fr\/wp-content\/uploads\/2025\/11\/IMG-20251026-WA0034-768x1024.jpg\" alt=\"\" class=\"wp-image-17847\" width=\"477\" height=\"636\" srcset=\"https:\/\/www.spa-grillon.fr\/wp-content\/uploads\/2025\/11\/IMG-20251026-WA0034-768x1024.jpg 768w, https:\/\/www.spa-grillon.fr\/wp-content\/uploads\/2025\/11\/IMG-20251026-WA0034-225x300.jpg 225w, https:\/\/www.spa-grillon.fr\/wp-content\/uploads\/2025\/11\/IMG-20251026-WA0034-1152x1536.jpg 1152w, https:\/\/www.spa-grillon.fr\/wp-content\/uploads\/2025\/11\/IMG-20251026-WA0034.jpg 1200w\" sizes=\"(max-width: 477px) 100vw, 477px\" \/><\/a><figcaption class=\"wp-element-caption\">Dans la Lance, en rando, il fait le guet&#8230;<\/figcaption><\/figure><\/div>\n\n<div class=\"wp-block-image\">\n<figure class=\"aligncenter is-resized\"><a href=\"http:\/\/www.spa-grillon.fr\/wp-content\/uploads\/2022\/01\/20230219_114725.jpg\" rel=\"attachment wp-att-13184\"><img decoding=\"async\" loading=\"lazy\" src=\"http:\/\/www.spa-grillon.fr\/wp-content\/uploads\/2022\/01\/20230219_114725-802x1024.jpg\" alt=\"20230219_114725\" class=\"wp-image-13184\" width=\"478\" height=\"610\" srcset=\"https:\/\/www.spa-grillon.fr\/wp-content\/uploads\/2022\/01\/20230219_114725-802x1024.jpg 802w, https:\/\/www.spa-grillon.fr\/wp-content\/uploads\/2022\/01\/20230219_114725-235x300.jpg 235w, https:\/\/www.spa-grillon.fr\/wp-content\/uploads\/2022\/01\/20230219_114725-768x980.jpg 768w, https:\/\/www.spa-grillon.fr\/wp-content\/uploads\/2022\/01\/20230219_114725.jpg 931w\" sizes=\"(max-width: 478px) 100vw, 478px\" \/><\/a><\/figure><\/div>\n\n<div class=\"wp-block-image\">\n<figure class=\"aligncenter is-resized\"><img decoding=\"async\" loading=\"lazy\" src=\"https:\/\/www.spa-grillon.fr\/wp-content\/uploads\/2022\/01\/Willy-5-839x1024.jpg\" alt=\"Willy (5)\" class=\"wp-image-14371\" width=\"468\" height=\"570\" srcset=\"https:\/\/www.spa-grillon.fr\/wp-content\/uploads\/2022\/01\/Willy-5-839x1024.jpg 839w, https:\/\/www.spa-grillon.fr\/wp-content\/uploads\/2022\/01\/Willy-5-246x300.jpg 246w, https:\/\/www.spa-grillon.fr\/wp-content\/uploads\/2022\/01\/Willy-5.jpg 1567w\" sizes=\"(max-width: 468px) 100vw, 468px\" \/><\/figure><\/div>\n\n\n<p> <\/p>\n\n\n\n<figure class=\"wp-block-image\"><img alt=\"\"\/><\/figure>\n","protected":false},"excerpt":{"rendered":"<p>Sexe : m\u00e2le Race : x \u00e9pagneul Age : n\u00e9 en 2019 Taille : taille moyenne\/grande Caract\u00e9ristiques : Willy est arriv\u00e9 avec son fr\u00e8re Jimmy, apr\u00e8s de premi\u00e8res ann\u00e9es pass\u00e9es plus ou moins livr\u00e9s \u00e0 eux-m\u00eames. Apr\u00e8s une p\u00e9riode d&rsquo;observation &hellip; <a href=\"https:\/\/www.spa-grillon.fr\/?page_id=11519\">Continuer la lecture <span class=\"meta-nav\">&rarr;<\/span><\/a><\/p>\n","protected":false},"author":2,"featured_media":0,"parent":0,"menu_order":0,"comment_status":"closed","ping_status":"closed","template":"","meta":[],"_links":{"self":[{"href":"https:\/\/www.spa-grillon.fr\/index.php?rest_route=\/wp\/v2\/pages\/11519"}],"collection":[{"href":"https:\/\/www.spa-grillon.fr\/index.php?rest_route=\/wp\/v2\/pages"}],"about":[{"href":"https:\/\/www.spa-grillon.fr\/index.php?rest_route=\/wp\/v2\/types\/page"}],"author":[{"embeddable":true,"href":"https:\/\/www.spa-grillon.fr\/index.php?rest_route=\/wp\/v2\/users\/2"}],"replies":[{"embeddable":true,"href":"https:\/\/www.spa-grillon.fr\/index.php?rest_route=%2Fwp%2Fv2%2Fcomments&post=11519"}],"version-history":[{"count":10,"href":"https:\/\/www.spa-grillon.fr\/index.php?rest_route=\/wp\/v2\/pages\/11519\/revisions"}],"predecessor-version":[{"id":17921,"href":"https:\/\/www.spa-grillon.fr\/index.php?rest_route=\/wp\/v2\/pages\/11519\/revisions\/17921"}],"wp:attachment":[{"href":"https:\/\/www.spa-grillon.fr\/index.php?rest_route=%2Fwp%2Fv2%2Fmedia&parent=11519"}],"curies":[{"name":"wp","href":"https:\/\/api.w.org\/{rel}","templated":true}]}}