{"id":11585,"date":"2022-01-20T17:24:56","date_gmt":"2022-01-20T16:24:56","guid":{"rendered":"http:\/\/www.spa-grillon.fr\/?page_id=11585"},"modified":"2022-02-25T07:37:23","modified_gmt":"2022-02-25T06:37:23","slug":"oscar-3","status":"publish","type":"page","link":"https:\/\/www.spa-grillon.fr\/?page_id=11585","title":{"rendered":"OSCAR"},"content":{"rendered":"<p style=\"text-align: left;\"><a href=\"http:\/\/www.spa-grillon.fr\/wp-content\/uploads\/2011\/03\/20220105_153915.jpg\" rel=\"attachment wp-att-11621\"><img decoding=\"async\" loading=\"lazy\" class=\"size-medium wp-image-11621 alignleft\" src=\"http:\/\/www.spa-grillon.fr\/wp-content\/uploads\/2011\/03\/20220105_153915-300x300.jpg\" alt=\"20220105_153915\" width=\"300\" height=\"300\" srcset=\"https:\/\/www.spa-grillon.fr\/wp-content\/uploads\/2011\/03\/20220105_153915-300x300.jpg 300w, https:\/\/www.spa-grillon.fr\/wp-content\/uploads\/2011\/03\/20220105_153915-150x150.jpg 150w, https:\/\/www.spa-grillon.fr\/wp-content\/uploads\/2011\/03\/20220105_153915-768x768.jpg 768w, https:\/\/www.spa-grillon.fr\/wp-content\/uploads\/2011\/03\/20220105_153915.jpg 969w\" sizes=\"(max-width: 300px) 100vw, 300px\" \/><\/a><\/p>\n<p>&nbsp;<\/p>\n<p><strong>Sexe <\/strong>: m\u00e2le<\/p>\n<p><strong>Race <\/strong>: Montagne des Pyr\u00e9n\u00e9es<\/p>\n<p><strong>Age <\/strong>: n\u00e9 le 31\/12\/2018<\/p>\n<p><strong>Taille <\/strong>: tr\u00e8s grande<\/p>\n<p>&nbsp;<\/p>\n<p style=\"text-align: justify;\"><strong><br \/>\nCaract\u00e9ristiques : <\/strong>Oscar est un colosse mais il est surtout une montagne d&rsquo;affection. Contraints de le garder le plus souvent attach\u00e9, ses propri\u00e9taires ont pr\u00e9f\u00e9r\u00e9 lui laisser une chance d&rsquo;avoir une vie plus belle en nous le confiant.<br \/>\nUn peu m\u00e9fiant au d\u00e9but, c&rsquo;est la race qui veut cela, Oscar est tr\u00e8s affectueux et d\u00e9monstratif une fois \u00e0 l&rsquo;aise. Sa taille et son \u00e9nergie font qu&rsquo;il est \u00e0 d\u00e9conseiller en pr\u00e9sence de jeunes enfants ou de personnes fragiles car il est vraiment tr\u00e8s puissant et quand il saute dans vos bras, \u00e7a peut surprendre ! Il adore jouer et ses parties peuvent tourner au jeu de quilles (et devinez qui est la quille !) si on ne fait pas attention ! Mais il n&rsquo;a pas de m\u00e9chancet\u00e9. C&rsquo;est un chien tr\u00e8s joyeux, enjou\u00e9. En laisse, il prom\u00e8ne facilement mais s&rsquo;il voit un chat ou un cong\u00e9n\u00e8re, inutile de dire que l&rsquo;heureux d\u00e9tenteur de sa laisse risque de se retrouver propuls\u00e9 dans la ionosph\u00e8re ! Il vivait avec d&rsquo;autres chiens et un chat donc il est a priori sociable. Les essais que nous avons faits sont tr\u00e8s encourageants : il semble bien s&rsquo;entendre avec ses cong\u00e9n\u00e8res. Il faudra \u00e0 la future famille de ce g\u00e9ant des montagnes un vaste terrain bien clos car il a tendance \u00e0 fuguer pour promener tout seul : mais c&rsquo;est peut-\u00eatre l&rsquo;attache qui \u00e9tait cause de ce comportement car pour l&rsquo;instant, il semble surtout rechercher notre compagnie. Une vraie vie de famille et des balades sportives (c&rsquo;est un patou : le tour du p\u00e2t\u00e9 de maisons deux fois par jour, c&rsquo;est insuffisant!) lui feront peut-\u00eatre passer ses envies d&rsquo;escapade. Oscar, bien qu&rsquo;il soit bon gardien, n&rsquo;est pas fait pour une vie solitaire : il a trop besoin de l&rsquo;humain. Il aura besoin d&rsquo;\u00eatre entour\u00e9, m\u00eame s&rsquo;il est capable de rester seul.<\/p>\n<p style=\"text-align: justify;\">Si vous \u00eates disponible, un peu costaud quand m\u00eame (et si vous voulez savoir ce qu&rsquo;on ressent \u00e0 c\u00f4t\u00e9 du Y\u00e9ti!) venez le rencontrer : vous ne sera pas d\u00e9\u00e7u.<\/p>\n<p style=\"text-align: justify;\"><span style=\"color: #ff00ff;\">mise \u00e0 jour :\u00a0<span style=\"color: #000000;\">Oscar a \u00e9t\u00e9 adopt\u00e9 puis ramen\u00e9 quelques jour apr\u00e8s car le chien avait pris le dessus. Les adoptants l&rsquo;ont laiss\u00e9 faire ce qu&rsquo;il voulait (sauter sur eux, monter dans le lit). Oscar n&rsquo;a pas mordu mais a grogn\u00e9.\u00a0 Nous l&rsquo;avons soumis \u00e0 l&rsquo;examen d&rsquo;un sp\u00e9cialiste \u00e9ducateur canin avec qui nous travaillons r\u00e9guli\u00e8rement : il a \u00e9t\u00e9 parfait, un peu ent\u00eat\u00e9 (c&rsquo;est un patou!) et plus trouillard que dominant. Elle nous a certifi\u00e9 qu&rsquo;Oscar n&rsquo;avait pas de probl\u00e8me mais qu&rsquo;il fallait des adoptants tr\u00e8s \u00e0 l&rsquo;\u00e9coute des consignes pour qu&rsquo;il comprenne tout de suite quelle est sa place. Nous accompagnerons autant que n\u00e9cessaire la future famille. Oscar est un super chien, il faut juste ne pas vouloir en faire ce qu&rsquo;il n&rsquo;est pas.\u00a0<\/span><\/span><\/p>\n<p style=\"text-align: justify;\"><a href=\"http:\/\/www.spa-grillon.fr\/wp-content\/uploads\/2022\/01\/IMG-20220118-WA0021.jpg\"><img decoding=\"async\" loading=\"lazy\" class=\"aligncenter wp-image-11618\" src=\"http:\/\/www.spa-grillon.fr\/wp-content\/uploads\/2022\/01\/IMG-20220118-WA0021.jpg\" alt=\"IMG-20220118-WA0021\" width=\"506\" height=\"432\" srcset=\"https:\/\/www.spa-grillon.fr\/wp-content\/uploads\/2022\/01\/IMG-20220118-WA0021.jpg 611w, https:\/\/www.spa-grillon.fr\/wp-content\/uploads\/2022\/01\/IMG-20220118-WA0021-300x256.jpg 300w\" sizes=\"(max-width: 506px) 100vw, 506px\" \/><\/a><\/p>\n<p style=\"text-align: justify;\"><a href=\"http:\/\/www.spa-grillon.fr\/wp-content\/uploads\/2022\/01\/IMG-20220118-WA0019.jpg\"><img decoding=\"async\" loading=\"lazy\" class=\"aligncenter wp-image-11616\" src=\"http:\/\/www.spa-grillon.fr\/wp-content\/uploads\/2022\/01\/IMG-20220118-WA0019.jpg\" alt=\"IMG-20220118-WA0019\" width=\"499\" height=\"565\" srcset=\"https:\/\/www.spa-grillon.fr\/wp-content\/uploads\/2022\/01\/IMG-20220118-WA0019.jpg 704w, https:\/\/www.spa-grillon.fr\/wp-content\/uploads\/2022\/01\/IMG-20220118-WA0019-265x300.jpg 265w\" sizes=\"(max-width: 499px) 100vw, 499px\" \/><\/a><\/p>\n<p style=\"text-align: justify;\"><a href=\"http:\/\/www.spa-grillon.fr\/wp-content\/uploads\/2022\/01\/IMG-20220118-WA0014.jpg\"><img decoding=\"async\" loading=\"lazy\" class=\"aligncenter wp-image-11614\" src=\"http:\/\/www.spa-grillon.fr\/wp-content\/uploads\/2022\/01\/IMG-20220118-WA0014-589x1024.jpg\" alt=\"IMG-20220118-WA0014\" width=\"432\" height=\"751\" srcset=\"https:\/\/www.spa-grillon.fr\/wp-content\/uploads\/2022\/01\/IMG-20220118-WA0014-589x1024.jpg 589w, https:\/\/www.spa-grillon.fr\/wp-content\/uploads\/2022\/01\/IMG-20220118-WA0014-173x300.jpg 173w, https:\/\/www.spa-grillon.fr\/wp-content\/uploads\/2022\/01\/IMG-20220118-WA0014.jpg 738w\" sizes=\"(max-width: 432px) 100vw, 432px\" \/><\/a><\/p>\n<p style=\"text-align: justify;\"><a href=\"http:\/\/www.spa-grillon.fr\/wp-content\/uploads\/2022\/01\/20220105_153857.jpg\"><img decoding=\"async\" loading=\"lazy\" class=\"aligncenter wp-image-11604\" src=\"http:\/\/www.spa-grillon.fr\/wp-content\/uploads\/2022\/01\/20220105_153857-946x1024.jpg\" alt=\"20220105_153857\" width=\"502\" height=\"543\" srcset=\"https:\/\/www.spa-grillon.fr\/wp-content\/uploads\/2022\/01\/20220105_153857-946x1024.jpg 946w, https:\/\/www.spa-grillon.fr\/wp-content\/uploads\/2022\/01\/20220105_153857-277x300.jpg 277w, https:\/\/www.spa-grillon.fr\/wp-content\/uploads\/2022\/01\/20220105_153857-768x831.jpg 768w, https:\/\/www.spa-grillon.fr\/wp-content\/uploads\/2022\/01\/20220105_153857.jpg 2020w\" sizes=\"(max-width: 502px) 100vw, 502px\" \/><\/a><\/p>\n","protected":false},"excerpt":{"rendered":"<p>&nbsp; Sexe : m\u00e2le Race : Montagne des Pyr\u00e9n\u00e9es Age : n\u00e9 le 31\/12\/2018 Taille : tr\u00e8s grande &nbsp; Caract\u00e9ristiques : Oscar est un colosse mais il est surtout une montagne d&rsquo;affection. Contraints de le garder le plus souvent attach\u00e9, &hellip; <a href=\"https:\/\/www.spa-grillon.fr\/?page_id=11585\">Continuer la lecture <span class=\"meta-nav\">&rarr;<\/span><\/a><\/p>\n","protected":false},"author":2,"featured_media":0,"parent":0,"menu_order":0,"comment_status":"closed","ping_status":"closed","template":"","meta":[],"_links":{"self":[{"href":"https:\/\/www.spa-grillon.fr\/index.php?rest_route=\/wp\/v2\/pages\/11585"}],"collection":[{"href":"https:\/\/www.spa-grillon.fr\/index.php?rest_route=\/wp\/v2\/pages"}],"about":[{"href":"https:\/\/www.spa-grillon.fr\/index.php?rest_route=\/wp\/v2\/types\/page"}],"author":[{"embeddable":true,"href":"https:\/\/www.spa-grillon.fr\/index.php?rest_route=\/wp\/v2\/users\/2"}],"replies":[{"embeddable":true,"href":"https:\/\/www.spa-grillon.fr\/index.php?rest_route=%2Fwp%2Fv2%2Fcomments&post=11585"}],"version-history":[{"count":7,"href":"https:\/\/www.spa-grillon.fr\/index.php?rest_route=\/wp\/v2\/pages\/11585\/revisions"}],"predecessor-version":[{"id":11755,"href":"https:\/\/www.spa-grillon.fr\/index.php?rest_route=\/wp\/v2\/pages\/11585\/revisions\/11755"}],"wp:attachment":[{"href":"https:\/\/www.spa-grillon.fr\/index.php?rest_route=%2Fwp%2Fv2%2Fmedia&parent=11585"}],"curies":[{"name":"wp","href":"https:\/\/api.w.org\/{rel}","templated":true}]}}