{"id":11597,"date":"2022-01-20T17:33:32","date_gmt":"2022-01-20T16:33:32","guid":{"rendered":"http:\/\/www.spa-grillon.fr\/?page_id=11597"},"modified":"2022-01-23T16:25:54","modified_gmt":"2022-01-23T15:25:54","slug":"titou","status":"publish","type":"page","link":"https:\/\/www.spa-grillon.fr\/?page_id=11597","title":{"rendered":"TITOU"},"content":{"rendered":"<p><strong><a href=\"http:\/\/www.spa-grillon.fr\/wp-content\/uploads\/2022\/01\/Titou-1.jpg\" rel=\"attachment wp-att-11599\"><img decoding=\"async\" loading=\"lazy\" class=\"size-medium wp-image-11599 alignleft\" src=\"http:\/\/www.spa-grillon.fr\/wp-content\/uploads\/2022\/01\/Titou-1-287x300.jpg\" alt=\"Titou'\" width=\"287\" height=\"300\" srcset=\"https:\/\/www.spa-grillon.fr\/wp-content\/uploads\/2022\/01\/Titou-1-287x300.jpg 287w, https:\/\/www.spa-grillon.fr\/wp-content\/uploads\/2022\/01\/Titou-1-768x803.jpg 768w, https:\/\/www.spa-grillon.fr\/wp-content\/uploads\/2022\/01\/Titou-1-980x1024.jpg 980w\" sizes=\"(max-width: 287px) 100vw, 287px\" \/><\/a> <\/strong><\/p>\n<p>&nbsp;<\/p>\n<p><strong>Sexe <\/strong>: m\u00e2le<\/p>\n<p><strong>Race <\/strong>: crois\u00e9 teckel lagotto<\/p>\n<p><strong>Age <\/strong>: n\u00e9 en 04\/2021<\/p>\n<p><strong>Taille <\/strong>: moyenne<\/p>\n<p>&nbsp;<\/p>\n<p style=\"text-align: justify;\"><strong><br \/>\nCaract\u00e9ristiques : <\/strong>Voici un petit gars tr\u00e8s attachant avec une dr\u00f4le de binette! Peureux avec les \u00e9trangers, il commence \u00e0 prendre un peu d&rsquo;assurance et il appr\u00e9cie terriblement les c\u00e2lins et les attentions. Oui, il est tr\u00e8s \u00ab\u00a0bisous\u00a0\u00bb ! Du coup, il peut se montrer un peu jaloux avec ses cong\u00e9n\u00e8res qui captent plus l&rsquo;attention que lui mais il est sociable et partage paisiblement son parc avec deux copains. Il faudra juste ne pas le traiter comme un prince car il pourrait, comme tous les chiens \u00e0 qui on passe tous les caprices, devenir p\u00e9nible. La pr\u00e9sence d&rsquo;un autre chien bien dans ses poils serait sans doute b\u00e9n\u00e9fique pour parfaire son \u00e9quilibre. Il s&rsquo;int\u00e9resse un peu aux chats mais il ne conna\u00eet pas encore trop ce genre de copain : ce sera \u00e0 tester plus avant si n\u00e9cessaire. Il ne tire pas beaucoup en laisse m\u00eame si un brin d&rsquo;\u00e9ducation peut s&rsquo;av\u00e9rer utile mais une famille aimante sera pour lui la meilleure des motivations pour apprendre. Le refuge, ce n&rsquo;est certes pas affreux, mais ce n&rsquo;est pas l&rsquo;id\u00e9al pour passer son adolescence : alors donnez-lui une chance de trouver une vraie famille : vous verrez, il deviendra un toutou parfait ! Il peut convenir \u00e0 une personne seule comme \u00e0 une famille nombreuse.<\/p>\n<p style=\"text-align: justify;\"><a href=\"http:\/\/www.spa-grillon.fr\/wp-content\/uploads\/2022\/01\/Titou.jpg\" rel=\"attachment wp-att-11598\"><img decoding=\"async\" loading=\"lazy\" class=\"wp-image-11598 aligncenter\" src=\"http:\/\/www.spa-grillon.fr\/wp-content\/uploads\/2022\/01\/Titou-827x1024.jpg\" alt=\"Titou\" width=\"518\" height=\"641\" srcset=\"https:\/\/www.spa-grillon.fr\/wp-content\/uploads\/2022\/01\/Titou-827x1024.jpg 827w, https:\/\/www.spa-grillon.fr\/wp-content\/uploads\/2022\/01\/Titou-242x300.jpg 242w, https:\/\/www.spa-grillon.fr\/wp-content\/uploads\/2022\/01\/Titou-768x951.jpg 768w, https:\/\/www.spa-grillon.fr\/wp-content\/uploads\/2022\/01\/Titou.jpg 1868w\" sizes=\"(max-width: 518px) 100vw, 518px\" \/><\/a> <a href=\"http:\/\/www.spa-grillon.fr\/wp-content\/uploads\/2022\/01\/Titou-2.jpg\" rel=\"attachment wp-att-11600\"><img decoding=\"async\" loading=\"lazy\" class=\"wp-image-11600 aligncenter\" src=\"http:\/\/www.spa-grillon.fr\/wp-content\/uploads\/2022\/01\/Titou-2-1024x1024.jpg\" alt=\"Titou''\" width=\"516\" height=\"516\" srcset=\"https:\/\/www.spa-grillon.fr\/wp-content\/uploads\/2022\/01\/Titou-2-1024x1024.jpg 1024w, https:\/\/www.spa-grillon.fr\/wp-content\/uploads\/2022\/01\/Titou-2-150x150.jpg 150w, https:\/\/www.spa-grillon.fr\/wp-content\/uploads\/2022\/01\/Titou-2-300x300.jpg 300w, https:\/\/www.spa-grillon.fr\/wp-content\/uploads\/2022\/01\/Titou-2-768x768.jpg 768w, https:\/\/www.spa-grillon.fr\/wp-content\/uploads\/2022\/01\/Titou-2.jpg 1848w\" sizes=\"(max-width: 516px) 100vw, 516px\" \/><\/a><\/p>\n","protected":false},"excerpt":{"rendered":"<p>&nbsp; Sexe : m\u00e2le Race : crois\u00e9 teckel lagotto Age : n\u00e9 en 04\/2021 Taille : moyenne &nbsp; Caract\u00e9ristiques : Voici un petit gars tr\u00e8s attachant avec une dr\u00f4le de binette! Peureux avec les \u00e9trangers, il commence \u00e0 prendre un &hellip; <a href=\"https:\/\/www.spa-grillon.fr\/?page_id=11597\">Continuer la lecture <span class=\"meta-nav\">&rarr;<\/span><\/a><\/p>\n","protected":false},"author":2,"featured_media":0,"parent":0,"menu_order":0,"comment_status":"closed","ping_status":"closed","template":"","meta":[],"_links":{"self":[{"href":"https:\/\/www.spa-grillon.fr\/index.php?rest_route=\/wp\/v2\/pages\/11597"}],"collection":[{"href":"https:\/\/www.spa-grillon.fr\/index.php?rest_route=\/wp\/v2\/pages"}],"about":[{"href":"https:\/\/www.spa-grillon.fr\/index.php?rest_route=\/wp\/v2\/types\/page"}],"author":[{"embeddable":true,"href":"https:\/\/www.spa-grillon.fr\/index.php?rest_route=\/wp\/v2\/users\/2"}],"replies":[{"embeddable":true,"href":"https:\/\/www.spa-grillon.fr\/index.php?rest_route=%2Fwp%2Fv2%2Fcomments&post=11597"}],"version-history":[{"count":5,"href":"https:\/\/www.spa-grillon.fr\/index.php?rest_route=\/wp\/v2\/pages\/11597\/revisions"}],"predecessor-version":[{"id":11642,"href":"https:\/\/www.spa-grillon.fr\/index.php?rest_route=\/wp\/v2\/pages\/11597\/revisions\/11642"}],"wp:attachment":[{"href":"https:\/\/www.spa-grillon.fr\/index.php?rest_route=%2Fwp%2Fv2%2Fmedia&parent=11597"}],"curies":[{"name":"wp","href":"https:\/\/api.w.org\/{rel}","templated":true}]}}