{"id":11662,"date":"2022-01-26T18:42:24","date_gmt":"2022-01-26T17:42:24","guid":{"rendered":"http:\/\/www.spa-grillon.fr\/?page_id=11662"},"modified":"2022-01-30T18:32:45","modified_gmt":"2022-01-30T17:32:45","slug":"scarlett","status":"publish","type":"page","link":"https:\/\/www.spa-grillon.fr\/?page_id=11662","title":{"rendered":"SCARLETT"},"content":{"rendered":"<p style=\"text-align: justify;\"><img decoding=\"async\" loading=\"lazy\" class=\"alignleft wp-image-11663 size-medium\" src=\"http:\/\/www.spa-grillon.fr\/wp-content\/uploads\/2022\/01\/20220115_115049-1-e1643563830226-287x300.jpg\" alt=\"20220115_115049\" width=\"287\" height=\"300\" srcset=\"https:\/\/www.spa-grillon.fr\/wp-content\/uploads\/2022\/01\/20220115_115049-1-e1643563830226-287x300.jpg 287w, https:\/\/www.spa-grillon.fr\/wp-content\/uploads\/2022\/01\/20220115_115049-1-e1643563830226-768x802.jpg 768w, https:\/\/www.spa-grillon.fr\/wp-content\/uploads\/2022\/01\/20220115_115049-1-e1643563830226-981x1024.jpg 981w, https:\/\/www.spa-grillon.fr\/wp-content\/uploads\/2022\/01\/20220115_115049-1-e1643563830226.jpg 1108w\" sizes=\"(max-width: 287px) 100vw, 287px\" \/>\u00a0 Scarlett est une minette ultra sensible et la situation difficile qu&rsquo;elle a connue fait ressortir sa douceur et son attachement aux humains. Elle a d\u00fb subir des traitements longs pour gu\u00e9rir de la teigne entre autres. Maintenant compl\u00e8tement remise, cette minette r\u00e9siliante nous fait profiter de sa gentillesse et de son caract\u00e8re enjou\u00e9. Elle ne nous en veut pas une seconde ! Tr\u00e8s intelligente, elle ma\u00eetrise comme pas deux les jeux de balle. Curieuse et effront\u00e9e, elle est tr\u00e8s sociable avec les autres chats et aime jouer avec eux. Elle n&rsquo;a pas connu l&rsquo;ext\u00e9rieur et pourrait se faire \u00e0 la vie en appartement du moment qu&rsquo;elle n&rsquo;est pas seule trop longtemps. La compagnie d&rsquo;un autre animal lui serait sans doute b\u00e9n\u00e9fique, m\u00eame si quelques feulements sont \u00e0 pr\u00e9voir au d\u00e9but car elle a son petit caract\u00e8re face \u00e0 la nouveaut\u00e9 ! Mais elle est fonci\u00e8rement douce et gentille et tr\u00e8s sociable une fois en confiance.<\/p>\n<p style=\"text-align: justify;\"><a href=\"http:\/\/www.spa-grillon.fr\/wp-content\/uploads\/2022\/01\/20220130_120824.jpg\" rel=\"attachment wp-att-11679\"><img decoding=\"async\" loading=\"lazy\" class=\"wp-image-11679 aligncenter\" src=\"http:\/\/www.spa-grillon.fr\/wp-content\/uploads\/2022\/01\/20220130_120824-e1643563804587-1024x1005.jpg\" alt=\"20220130_120824\" width=\"498\" height=\"489\" srcset=\"https:\/\/www.spa-grillon.fr\/wp-content\/uploads\/2022\/01\/20220130_120824-e1643563804587-1024x1005.jpg 1024w, https:\/\/www.spa-grillon.fr\/wp-content\/uploads\/2022\/01\/20220130_120824-e1643563804587-300x295.jpg 300w, https:\/\/www.spa-grillon.fr\/wp-content\/uploads\/2022\/01\/20220130_120824-e1643563804587-768x754.jpg 768w, https:\/\/www.spa-grillon.fr\/wp-content\/uploads\/2022\/01\/20220130_120824-e1643563804587.jpg 1326w\" sizes=\"(max-width: 498px) 100vw, 498px\" \/><\/a><img decoding=\"async\" loading=\"lazy\" class=\"aligncenter wp-image-11648 \" src=\"http:\/\/www.spa-grillon.fr\/wp-content\/uploads\/2022\/01\/20220115_115104-e1643218254111-1024x1020.jpg\" alt=\"20220115_115104\" width=\"459\" height=\"457\" srcset=\"https:\/\/www.spa-grillon.fr\/wp-content\/uploads\/2022\/01\/20220115_115104-e1643218254111-1024x1020.jpg 1024w, https:\/\/www.spa-grillon.fr\/wp-content\/uploads\/2022\/01\/20220115_115104-e1643218254111-150x150.jpg 150w, https:\/\/www.spa-grillon.fr\/wp-content\/uploads\/2022\/01\/20220115_115104-e1643218254111-300x300.jpg 300w, https:\/\/www.spa-grillon.fr\/wp-content\/uploads\/2022\/01\/20220115_115104-e1643218254111-768x765.jpg 768w, https:\/\/www.spa-grillon.fr\/wp-content\/uploads\/2022\/01\/20220115_115104-e1643218254111.jpg 1427w\" sizes=\"(max-width: 459px) 100vw, 459px\" \/><img decoding=\"async\" loading=\"lazy\" class=\"wp-image-11650 aligncenter\" src=\"http:\/\/www.spa-grillon.fr\/wp-content\/uploads\/2022\/01\/20220126_153003-1024x971.jpg\" alt=\"20220126_153003\" width=\"458\" height=\"434\" srcset=\"https:\/\/www.spa-grillon.fr\/wp-content\/uploads\/2022\/01\/20220126_153003-1024x971.jpg 1024w, https:\/\/www.spa-grillon.fr\/wp-content\/uploads\/2022\/01\/20220126_153003-300x285.jpg 300w, https:\/\/www.spa-grillon.fr\/wp-content\/uploads\/2022\/01\/20220126_153003-768x728.jpg 768w\" sizes=\"(max-width: 458px) 100vw, 458px\" \/><\/p>\n<div style=\"width: 640px;\" class=\"wp-video\"><!--[if lt IE 9]><script>document.createElement('video');<\/script><![endif]-->\n<video class=\"wp-video-shortcode\" id=\"video-11662-1\" width=\"640\" height=\"360\" preload=\"metadata\" controls=\"controls\"><source type=\"video\/mp4\" src=\"http:\/\/www.spa-grillon.fr\/wp-content\/uploads\/2022\/01\/20220115_115419.mp4?_=1\" \/><a href=\"http:\/\/www.spa-grillon.fr\/wp-content\/uploads\/2022\/01\/20220115_115419.mp4\">http:\/\/www.spa-grillon.fr\/wp-content\/uploads\/2022\/01\/20220115_115419.mp4<\/a><\/video><\/div>\n<p style=\"text-align: justify;\">\n","protected":false},"excerpt":{"rendered":"<p>\u00a0 Scarlett est une minette ultra sensible et la situation difficile qu&rsquo;elle a connue fait ressortir sa douceur et son attachement aux humains. Elle a d\u00fb subir des traitements longs pour gu\u00e9rir de la teigne entre autres. Maintenant compl\u00e8tement remise, &hellip; <a href=\"https:\/\/www.spa-grillon.fr\/?page_id=11662\">Continuer la lecture <span class=\"meta-nav\">&rarr;<\/span><\/a><\/p>\n","protected":false},"author":2,"featured_media":0,"parent":0,"menu_order":0,"comment_status":"closed","ping_status":"closed","template":"","meta":[],"_links":{"self":[{"href":"https:\/\/www.spa-grillon.fr\/index.php?rest_route=\/wp\/v2\/pages\/11662"}],"collection":[{"href":"https:\/\/www.spa-grillon.fr\/index.php?rest_route=\/wp\/v2\/pages"}],"about":[{"href":"https:\/\/www.spa-grillon.fr\/index.php?rest_route=\/wp\/v2\/types\/page"}],"author":[{"embeddable":true,"href":"https:\/\/www.spa-grillon.fr\/index.php?rest_route=\/wp\/v2\/users\/2"}],"replies":[{"embeddable":true,"href":"https:\/\/www.spa-grillon.fr\/index.php?rest_route=%2Fwp%2Fv2%2Fcomments&post=11662"}],"version-history":[{"count":4,"href":"https:\/\/www.spa-grillon.fr\/index.php?rest_route=\/wp\/v2\/pages\/11662\/revisions"}],"predecessor-version":[{"id":11684,"href":"https:\/\/www.spa-grillon.fr\/index.php?rest_route=\/wp\/v2\/pages\/11662\/revisions\/11684"}],"wp:attachment":[{"href":"https:\/\/www.spa-grillon.fr\/index.php?rest_route=%2Fwp%2Fv2%2Fmedia&parent=11662"}],"curies":[{"name":"wp","href":"https:\/\/api.w.org\/{rel}","templated":true}]}}