{"id":11776,"date":"2022-03-06T19:16:13","date_gmt":"2022-03-06T18:16:13","guid":{"rendered":"http:\/\/www.spa-grillon.fr\/?page_id=11776"},"modified":"2022-05-29T17:11:34","modified_gmt":"2022-05-29T16:11:34","slug":"baya-2","status":"publish","type":"page","link":"https:\/\/www.spa-grillon.fr\/?page_id=11776","title":{"rendered":"BAYA"},"content":{"rendered":"<p><img decoding=\"async\" loading=\"lazy\" class=\"alignleft size-medium wp-image-11786\" src=\"http:\/\/www.spa-grillon.fr\/wp-content\/uploads\/2022\/03\/20220219_120320-227x300.jpg\" alt=\"20220219_120320\" width=\"227\" height=\"300\" srcset=\"https:\/\/www.spa-grillon.fr\/wp-content\/uploads\/2022\/03\/20220219_120320-227x300.jpg 227w, https:\/\/www.spa-grillon.fr\/wp-content\/uploads\/2022\/03\/20220219_120320-768x1016.jpg 768w, https:\/\/www.spa-grillon.fr\/wp-content\/uploads\/2022\/03\/20220219_120320-774x1024.jpg 774w\" sizes=\"(max-width: 227px) 100vw, 227px\" \/><\/p>\n<p>&nbsp;<\/p>\n<p><strong>Sexe <\/strong>: femelle<\/p>\n<p><strong>Race <\/strong>: X labrador<\/p>\n<p><strong>Age <\/strong>: n\u00e9 en 02\/2019<\/p>\n<p><strong>Taille <\/strong>: grande<\/p>\n<p>&nbsp;<\/p>\n<p>&nbsp;<\/p>\n<p style=\"text-align: justify;\"><strong>Caract\u00e9ristiques :\u00a0<\/strong> Baya est une jeune chienne pleine de vie et ce n&rsquo;est pas son handicap qui l&#8217;emp\u00eachera de profiter \u00e0 fond de l&rsquo;existence ! Une vilaine infection lui a caus\u00e9 cette blessure : elle ne pose plus vraiment sa patte avant : tout au plus sert-elle parfois \u00e0 reprendre son \u00e9quilibre. Il n&rsquo;y a pas de soins particulier \u00e0 lui prodiguer. Elle tient seulement sa patte en l&rsquo;air et se l\u00e8che parfois mais elle ne semble g\u00ean\u00e9e ni pour balader ni pour sauter ! Cela dit, elle la pose de plus en plus depuis qu&rsquo;on la masse pour assouplir la peau. Bien s\u00fbr, elle ne fera pas de grandes randonn\u00e9es mais des balades d&rsquo;une heure quotidiennes ne l\u2019effraient pas. C\u00f4t\u00e9 ententes, c&rsquo;est une chienne tr\u00e8s sympa avec les autres, m\u00e2les, femelles mais elle est tr\u00e8s possessive et elle semblait plus int\u00e9ress\u00e9e par la surveillance de ses jouets que par les chiens qui ont fait l&rsquo;essai avec elle. Elle parait peu s&rsquo;int\u00e9resser aux chats mais il faudra s&rsquo;en assurer vraiment si le cas se pr\u00e9sente. C&rsquo;est une chienne tr\u00e8s joyeuse, c\u00e2line, bien dans ses poils, toujours contente de vous accueillir par des sauts \u00e9nergiques. On la d\u00e9conseillera \u00e0 une personne \u00e2g\u00e9e car m\u00eame un peu limit\u00e9e, elle a de la force \u00e0 revendre et tire encore assez sur sa laisse. Elle aura besoin d&rsquo;un jardin. Un peu d&rsquo;\u00e9ducation sera n\u00e9cessaire mais elle a un tr\u00e8s bon fond.<\/p>\n<p style=\"text-align: justify;\"><img decoding=\"async\" loading=\"lazy\" class=\"wp-image-11780 aligncenter\" src=\"http:\/\/www.spa-grillon.fr\/wp-content\/uploads\/2022\/03\/20220219_120027-779x1024.jpg\" alt=\"20220219_120027\" width=\"567\" height=\"745\" srcset=\"https:\/\/www.spa-grillon.fr\/wp-content\/uploads\/2022\/03\/20220219_120027-779x1024.jpg 779w, https:\/\/www.spa-grillon.fr\/wp-content\/uploads\/2022\/03\/20220219_120027-228x300.jpg 228w, https:\/\/www.spa-grillon.fr\/wp-content\/uploads\/2022\/03\/20220219_120027-768x1009.jpg 768w, https:\/\/www.spa-grillon.fr\/wp-content\/uploads\/2022\/03\/20220219_120027.jpg 1531w\" sizes=\"(max-width: 567px) 100vw, 567px\" \/><\/p>\n<p style=\"text-align: justify;\"><a href=\"http:\/\/www.spa-grillon.fr\/wp-content\/uploads\/2022\/03\/20220319_120824.jpg\" rel=\"attachment wp-att-11890\"><img decoding=\"async\" loading=\"lazy\" class=\"wp-image-11890 aligncenter\" src=\"http:\/\/www.spa-grillon.fr\/wp-content\/uploads\/2022\/03\/20220319_120824-e1648401519607-1024x962.jpg\" alt=\"20220319_120824\" width=\"531\" height=\"499\" srcset=\"https:\/\/www.spa-grillon.fr\/wp-content\/uploads\/2022\/03\/20220319_120824-e1648401519607-1024x962.jpg 1024w, https:\/\/www.spa-grillon.fr\/wp-content\/uploads\/2022\/03\/20220319_120824-e1648401519607-300x282.jpg 300w, https:\/\/www.spa-grillon.fr\/wp-content\/uploads\/2022\/03\/20220319_120824-e1648401519607-768x722.jpg 768w, https:\/\/www.spa-grillon.fr\/wp-content\/uploads\/2022\/03\/20220319_120824-e1648401519607.jpg 1490w\" sizes=\"(max-width: 531px) 100vw, 531px\" \/><\/a><img decoding=\"async\" loading=\"lazy\" class=\"wp-image-11782 aligncenter\" src=\"http:\/\/www.spa-grillon.fr\/wp-content\/uploads\/2022\/03\/20220219_120037-1024x983.jpg\" alt=\"20220219_120037\" width=\"569\" height=\"546\" srcset=\"https:\/\/www.spa-grillon.fr\/wp-content\/uploads\/2022\/03\/20220219_120037-1024x983.jpg 1024w, https:\/\/www.spa-grillon.fr\/wp-content\/uploads\/2022\/03\/20220219_120037-300x288.jpg 300w, https:\/\/www.spa-grillon.fr\/wp-content\/uploads\/2022\/03\/20220219_120037-768x737.jpg 768w\" sizes=\"(max-width: 569px) 100vw, 569px\" \/><\/p>\n<p style=\"text-align: justify;\">\n<p style=\"text-align: justify;\">\n<p style=\"text-align: justify;\"><img decoding=\"async\" loading=\"lazy\" class=\"wp-image-11781 aligncenter\" src=\"http:\/\/www.spa-grillon.fr\/wp-content\/uploads\/2022\/03\/20220219_120031-885x1024.jpg\" alt=\"20220219_120031\" width=\"571\" height=\"661\" srcset=\"https:\/\/www.spa-grillon.fr\/wp-content\/uploads\/2022\/03\/20220219_120031-885x1024.jpg 885w, https:\/\/www.spa-grillon.fr\/wp-content\/uploads\/2022\/03\/20220219_120031-259x300.jpg 259w, https:\/\/www.spa-grillon.fr\/wp-content\/uploads\/2022\/03\/20220219_120031-768x888.jpg 768w, https:\/\/www.spa-grillon.fr\/wp-content\/uploads\/2022\/03\/20220219_120031.jpg 1879w\" sizes=\"(max-width: 571px) 100vw, 571px\" \/><\/p>\n<div style=\"width: 640px;\" class=\"wp-video\"><!--[if lt IE 9]><script>document.createElement('video');<\/script><![endif]-->\n<video class=\"wp-video-shortcode\" id=\"video-11776-1\" width=\"640\" height=\"360\" preload=\"metadata\" controls=\"controls\"><source type=\"video\/mp4\" src=\"http:\/\/www.spa-grillon.fr\/wp-content\/uploads\/2022\/03\/20220219_120047.mp4?_=1\" \/><a href=\"http:\/\/www.spa-grillon.fr\/wp-content\/uploads\/2022\/03\/20220219_120047.mp4\">http:\/\/www.spa-grillon.fr\/wp-content\/uploads\/2022\/03\/20220219_120047.mp4<\/a><\/video><\/div>\n","protected":false},"excerpt":{"rendered":"<p>&nbsp; Sexe : femelle Race : X labrador Age : n\u00e9 en 02\/2019 Taille : grande &nbsp; &nbsp; Caract\u00e9ristiques :\u00a0 Baya est une jeune chienne pleine de vie et ce n&rsquo;est pas son handicap qui l&#8217;emp\u00eachera de profiter \u00e0 fond &hellip; <a href=\"https:\/\/www.spa-grillon.fr\/?page_id=11776\">Continuer la lecture <span class=\"meta-nav\">&rarr;<\/span><\/a><\/p>\n","protected":false},"author":2,"featured_media":0,"parent":0,"menu_order":0,"comment_status":"closed","ping_status":"closed","template":"","meta":[],"_links":{"self":[{"href":"https:\/\/www.spa-grillon.fr\/index.php?rest_route=\/wp\/v2\/pages\/11776"}],"collection":[{"href":"https:\/\/www.spa-grillon.fr\/index.php?rest_route=\/wp\/v2\/pages"}],"about":[{"href":"https:\/\/www.spa-grillon.fr\/index.php?rest_route=\/wp\/v2\/types\/page"}],"author":[{"embeddable":true,"href":"https:\/\/www.spa-grillon.fr\/index.php?rest_route=\/wp\/v2\/users\/2"}],"replies":[{"embeddable":true,"href":"https:\/\/www.spa-grillon.fr\/index.php?rest_route=%2Fwp%2Fv2%2Fcomments&post=11776"}],"version-history":[{"count":10,"href":"https:\/\/www.spa-grillon.fr\/index.php?rest_route=\/wp\/v2\/pages\/11776\/revisions"}],"predecessor-version":[{"id":12117,"href":"https:\/\/www.spa-grillon.fr\/index.php?rest_route=\/wp\/v2\/pages\/11776\/revisions\/12117"}],"wp:attachment":[{"href":"https:\/\/www.spa-grillon.fr\/index.php?rest_route=%2Fwp%2Fv2%2Fmedia&parent=11776"}],"curies":[{"name":"wp","href":"https:\/\/api.w.org\/{rel}","templated":true}]}}