{"id":11793,"date":"2022-03-11T18:54:46","date_gmt":"2022-03-11T17:54:46","guid":{"rendered":"http:\/\/www.spa-grillon.fr\/?page_id=11793"},"modified":"2022-03-12T20:45:15","modified_gmt":"2022-03-12T19:45:15","slug":"violette","status":"publish","type":"page","link":"https:\/\/www.spa-grillon.fr\/?page_id=11793","title":{"rendered":"VIOLETTE"},"content":{"rendered":"<p style=\"text-align: left;\"><a href=\"http:\/\/www.spa-grillon.fr\/wp-content\/uploads\/2022\/03\/IMG-20220311-WA0002.jpg\" rel=\"attachment wp-att-11798\"><img decoding=\"async\" loading=\"lazy\" class=\"alignleft wp-image-11798 size-medium\" src=\"http:\/\/www.spa-grillon.fr\/wp-content\/uploads\/2022\/03\/IMG-20220311-WA0002-e1647021239974-300x288.jpg\" alt=\"IMG-20220311-WA0002\" width=\"300\" height=\"288\" \/><\/a><\/p>\n<p>&nbsp;<\/p>\n<p><strong>Sexe <\/strong>: femelle<\/p>\n<p><strong>Race <\/strong>: race commune<\/p>\n<p><strong>Age <\/strong>: n\u00e9 en 01\/2017<\/p>\n<p><strong>Taille <\/strong>: grande<\/p>\n<p>&nbsp;<\/p>\n<p style=\"text-align: justify;\"><strong>Caract\u00e9ristiques :\u00a0<\/strong> Elle nous est arriv\u00e9e au printemps, cette jolie chienne si gentille malgr\u00e9 les malheurs qui semblent lui \u00eatre advenus. Trouv\u00e9e dans un foss\u00e9, perdue, elle nous a \u00e9t\u00e9 amen\u00e9e mais personne n&rsquo;a admis \u00eatre son propri\u00e9taire. Elle a vraisemblablement eu un grave accident plus jeune car elle est sourde, a perdu un \u0153il et ne voit pas de l&rsquo;autre. Autant dire que sa vie est compliqu\u00e9e : aveugle et sourde, elle arrive tout de m\u00eame \u00e0 se d\u00e9placer une fois qu&rsquo;elle a ses rep\u00e8res car le nez, lui, il fonctionne ! Elle se prom\u00e8ne en laisse facilement, quand elle marche car elle semble pr\u00e9f\u00e9rer pour l&rsquo;instant se mettre sur le dos et r\u00e9clamer les grattouilles ! Il lui faudra un environnement s\u00e9curis\u00e9, qui lui permette de trouver une routine tant dans ses d\u00e9placements que dans son rythme de vie, pour qu&rsquo;elle puisse prendre de l&rsquo;assurance. Ne pas d\u00e9placer ses affaires, faire les choses dans le m\u00eame ordre pour qu&rsquo;elle puisse m\u00e9moriser les lieux, les r\u00f4les de chaque lieu. Ce ne sera pas une chienne difficile \u00e0 vivre et son handicap sans doute moins complexe \u00e0 g\u00e9rer qu&rsquo;un chien handicap\u00e9 moteur qu&rsquo;il faudrait porter. C&rsquo;est juste son rythme de vie qu&rsquo;il faudra adapter un peu. Et surtout elle aura besoin de pr\u00e9sence. Des retrait\u00e9s peu actifs pourraient \u00eatre une bonne solution pour elle car elle n&rsquo;a pas besoin d&rsquo;une intense activit\u00e9 physique, m\u00eame si elle est jeune et qu&rsquo;elle appr\u00e9cie les balades. A part \u00e7a, elle est adorable, tr\u00e8s douce et gentille. Elle s&rsquo;entend avec les chiens mais serait peut-\u00eatre mieux toute seule avec son humain. On ne sait pas vraiment si un autre chien lui permettrait de se calquer sur lui ou si cela la perturberait. Il faudra voir si le cas se pr\u00e9sente. Les chats ne semblent pas lui poser de probl\u00e8me.<\/p>\n<p style=\"text-align: justify;\">Nous ne cherchons pas pour Violette de famille d&rsquo;accueil mais un adoptant d\u00e9finitif car la stabilit\u00e9 lui est vraiment n\u00e9cessaire.<\/p>\n<p style=\"text-align: center;\">\u00ab\u00a0On ne voit bien qu&rsquo;avec le c\u0153ur, l&rsquo;essentiel est invisible pour les yeux\u00a0\u00bb et Violette, comme Saint Exup\u00e9ry, le sait bien\u00a0 !<\/p>\n<p style=\"text-align: center;\"><a href=\"http:\/\/www.spa-grillon.fr\/wp-content\/uploads\/2022\/03\/IMG-20220311-WA0002.jpg\" rel=\"attachment wp-att-11798\"><img decoding=\"async\" loading=\"lazy\" class=\"aligncenter wp-image-11798 \" src=\"http:\/\/www.spa-grillon.fr\/wp-content\/uploads\/2022\/03\/IMG-20220311-WA0002-e1647021350996.jpg\" alt=\"IMG-20220311-WA0002\" width=\"532\" height=\"554\" srcset=\"https:\/\/www.spa-grillon.fr\/wp-content\/uploads\/2022\/03\/IMG-20220311-WA0002-e1647021350996.jpg 924w, https:\/\/www.spa-grillon.fr\/wp-content\/uploads\/2022\/03\/IMG-20220311-WA0002-e1647021350996-288x300.jpg 288w, https:\/\/www.spa-grillon.fr\/wp-content\/uploads\/2022\/03\/IMG-20220311-WA0002-e1647021350996-768x800.jpg 768w\" sizes=\"(max-width: 532px) 100vw, 532px\" \/><\/a><\/p>\n<p style=\"text-align: center;\"><a href=\"http:\/\/www.spa-grillon.fr\/wp-content\/uploads\/2022\/03\/IMG-20220311-WA0004.jpg\" rel=\"attachment wp-att-11800\"><img decoding=\"async\" loading=\"lazy\" class=\"alignnone wp-image-11800\" src=\"http:\/\/www.spa-grillon.fr\/wp-content\/uploads\/2022\/03\/IMG-20220311-WA0004-1024x768.jpg\" alt=\"IMG-20220311-WA0004\" width=\"539\" height=\"404\" srcset=\"https:\/\/www.spa-grillon.fr\/wp-content\/uploads\/2022\/03\/IMG-20220311-WA0004-1024x768.jpg 1024w, https:\/\/www.spa-grillon.fr\/wp-content\/uploads\/2022\/03\/IMG-20220311-WA0004-300x225.jpg 300w, https:\/\/www.spa-grillon.fr\/wp-content\/uploads\/2022\/03\/IMG-20220311-WA0004-768x576.jpg 768w, https:\/\/www.spa-grillon.fr\/wp-content\/uploads\/2022\/03\/IMG-20220311-WA0004.jpg 1288w\" sizes=\"(max-width: 539px) 100vw, 539px\" \/><\/a><\/p>\n<p style=\"text-align: center;\">\u00a0<a href=\"http:\/\/www.spa-grillon.fr\/wp-content\/uploads\/2022\/03\/Violette-2.jpg\" rel=\"attachment wp-att-11858\"><img decoding=\"async\" loading=\"lazy\" class=\"alignnone wp-image-11858 \" src=\"http:\/\/www.spa-grillon.fr\/wp-content\/uploads\/2022\/03\/Violette-2-e1647114291198-926x1024.jpg\" alt=\"Violette (2)\" width=\"452\" height=\"500\" srcset=\"https:\/\/www.spa-grillon.fr\/wp-content\/uploads\/2022\/03\/Violette-2-e1647114291198-926x1024.jpg 926w, https:\/\/www.spa-grillon.fr\/wp-content\/uploads\/2022\/03\/Violette-2-e1647114291198-271x300.jpg 271w, https:\/\/www.spa-grillon.fr\/wp-content\/uploads\/2022\/03\/Violette-2-e1647114291198-768x849.jpg 768w, https:\/\/www.spa-grillon.fr\/wp-content\/uploads\/2022\/03\/Violette-2-e1647114291198.jpg 1148w\" sizes=\"(max-width: 452px) 100vw, 452px\" \/><\/a><\/p>\n<div id=\"attachment_11863\" style=\"width: 450px\" class=\"wp-caption aligncenter\"><a href=\"http:\/\/www.spa-grillon.fr\/wp-content\/uploads\/2022\/03\/Violette-7.jpg\" rel=\"attachment wp-att-11863\"><img aria-describedby=\"caption-attachment-11863\" decoding=\"async\" loading=\"lazy\" class=\" wp-image-11863\" src=\"http:\/\/www.spa-grillon.fr\/wp-content\/uploads\/2022\/03\/Violette-7-582x1024.jpg\" alt=\"Voil\u00e0 ! C'est comme \u00e7a qu'on prom\u00e8ne ! \" width=\"440\" height=\"774\" srcset=\"https:\/\/www.spa-grillon.fr\/wp-content\/uploads\/2022\/03\/Violette-7-582x1024.jpg 582w, https:\/\/www.spa-grillon.fr\/wp-content\/uploads\/2022\/03\/Violette-7-171x300.jpg 171w, https:\/\/www.spa-grillon.fr\/wp-content\/uploads\/2022\/03\/Violette-7-768x1351.jpg 768w, https:\/\/www.spa-grillon.fr\/wp-content\/uploads\/2022\/03\/Violette-7.jpg 1800w\" sizes=\"(max-width: 440px) 100vw, 440px\" \/><\/a><p id=\"caption-attachment-11863\" class=\"wp-caption-text\">Voil\u00e0 ! C&rsquo;est comme \u00e7a qu&rsquo;on prom\u00e8ne !<\/p><\/div>\n","protected":false},"excerpt":{"rendered":"<p>&nbsp; Sexe : femelle Race : race commune Age : n\u00e9 en 01\/2017 Taille : grande &nbsp; Caract\u00e9ristiques :\u00a0 Elle nous est arriv\u00e9e au printemps, cette jolie chienne si gentille malgr\u00e9 les malheurs qui semblent lui \u00eatre advenus. Trouv\u00e9e dans &hellip; <a href=\"https:\/\/www.spa-grillon.fr\/?page_id=11793\">Continuer la lecture <span class=\"meta-nav\">&rarr;<\/span><\/a><\/p>\n","protected":false},"author":2,"featured_media":0,"parent":0,"menu_order":0,"comment_status":"closed","ping_status":"closed","template":"","meta":[],"_links":{"self":[{"href":"https:\/\/www.spa-grillon.fr\/index.php?rest_route=\/wp\/v2\/pages\/11793"}],"collection":[{"href":"https:\/\/www.spa-grillon.fr\/index.php?rest_route=\/wp\/v2\/pages"}],"about":[{"href":"https:\/\/www.spa-grillon.fr\/index.php?rest_route=\/wp\/v2\/types\/page"}],"author":[{"embeddable":true,"href":"https:\/\/www.spa-grillon.fr\/index.php?rest_route=\/wp\/v2\/users\/2"}],"replies":[{"embeddable":true,"href":"https:\/\/www.spa-grillon.fr\/index.php?rest_route=%2Fwp%2Fv2%2Fcomments&post=11793"}],"version-history":[{"count":7,"href":"https:\/\/www.spa-grillon.fr\/index.php?rest_route=\/wp\/v2\/pages\/11793\/revisions"}],"predecessor-version":[{"id":11864,"href":"https:\/\/www.spa-grillon.fr\/index.php?rest_route=\/wp\/v2\/pages\/11793\/revisions\/11864"}],"wp:attachment":[{"href":"https:\/\/www.spa-grillon.fr\/index.php?rest_route=%2Fwp%2Fv2%2Fmedia&parent=11793"}],"curies":[{"name":"wp","href":"https:\/\/api.w.org\/{rel}","templated":true}]}}