{"id":11826,"date":"2022-03-12T20:13:49","date_gmt":"2022-03-12T19:13:49","guid":{"rendered":"http:\/\/www.spa-grillon.fr\/?page_id=11826"},"modified":"2022-11-03T10:52:00","modified_gmt":"2022-11-03T09:52:00","slug":"django","status":"publish","type":"page","link":"https:\/\/www.spa-grillon.fr\/?page_id=11826","title":{"rendered":"DJANGO"},"content":{"rendered":"<p><strong><a href=\"http:\/\/www.spa-grillon.fr\/wp-content\/uploads\/2022\/03\/20221015_131343.jpg\" rel=\"attachment wp-att-12648\"><img decoding=\"async\" loading=\"lazy\" class=\"wp-image-12649 alignleft\" src=\"http:\/\/www.spa-grillon.fr\/wp-content\/uploads\/2022\/03\/20221015_131343-660x1024.jpg\" alt=\"\" width=\"319\" height=\"495\" srcset=\"https:\/\/www.spa-grillon.fr\/wp-content\/uploads\/2022\/03\/20221015_131343-660x1024.jpg 660w, https:\/\/www.spa-grillon.fr\/wp-content\/uploads\/2022\/03\/20221015_131343-193x300.jpg 193w, https:\/\/www.spa-grillon.fr\/wp-content\/uploads\/2022\/03\/20221015_131343-768x1192.jpg 768w, https:\/\/www.spa-grillon.fr\/wp-content\/uploads\/2022\/03\/20221015_131343.jpg 1797w\" sizes=\"(max-width: 319px) 100vw, 319px\" \/><\/a><\/strong><\/p>\n<p>&nbsp;<br \/>\n<strong>Sexe<\/strong> : m\u00e2le<\/p>\n<p><strong>Race <\/strong>: x labrador<\/p>\n<p><strong>Age <\/strong>: n\u00e9 en 07\/2019<\/p>\n<p><strong>Taille <\/strong>: taille grande<\/p>\n<p>&nbsp;<\/p>\n<p>&nbsp;<\/p>\n<p style=\"text-align: justify;\"><strong>Caract\u00e9ristiques <\/strong>: Django a \u00e9t\u00e9 abandonn\u00e9 car sa ma\u00eetresse ne pouvait plus s&rsquo;en occuper. Arriv\u00e9 avec Belle, rapidement adopt\u00e9e, il est maintenant seul \u00e0 attendre une famille. C&rsquo;est un chien extr\u00eamement affectueux : on nous a dit qu&rsquo;il vagabondait beaucoup dans son ancien quartier mais depuis qu&rsquo;il est au refuge, il ne para\u00eet pas se comporter comme un chien fugueur, bien au contraire. Il est tr\u00e8s demandeur de caresses et s&rsquo;il adore promener, il tol\u00e8re tr\u00e8s bien la laisse : il tire au d\u00e9but mais il se calme assez vite. Il n&rsquo;avait sans doute pas l&rsquo;habitude de sortir ainsi dans sa vie d&rsquo;avant. Il faudra lui apprendre le rappel. On nous a dit que ses ententes avec ses cong\u00e9n\u00e8res \u00e9taient un peu compliqu\u00e9es : cela nous semble assez faux puisqu&rsquo;il partage, depuis plusieurs mois, son parc avec un autre m\u00e2le. Bien s\u00fbr il fait le fou au grillage mais cela ne signifie pas grand chose. En revanche, les chats, non, pas de \u00e7a chez lui! Avec les deux-pattes, Django est un grand sentimental : il adore les enfants ! Trop p\u00eachu et sportif pour une personne \u00e2g\u00e9e, il serait comme un bienheureux dans une famille avec enfants qui joueraient avec lui et le papouilleraient. La solitude n&rsquo;est pas faite pour lui et il semble tristounet depuis qu&rsquo;il est tout seul. Alors pour rendre le sourire \u00e0 ce beau brun au c\u0153ur tendre,\u00a0 prenez votre t\u00e9l\u00e9phone pour venir le voir !<\/p>\n<p style=\"text-align: justify;\"><a href=\"http:\/\/www.spa-grillon.fr\/wp-content\/uploads\/2022\/03\/20221015_131401.jpg\" rel=\"attachment wp-att-12655\"><img decoding=\"async\" loading=\"lazy\" class=\"alignnone size-large wp-image-12655\" src=\"http:\/\/www.spa-grillon.fr\/wp-content\/uploads\/2022\/03\/20221015_131401-1024x842.jpg\" alt=\"20221015_131401\" width=\"640\" height=\"526\" srcset=\"https:\/\/www.spa-grillon.fr\/wp-content\/uploads\/2022\/03\/20221015_131401-1024x842.jpg 1024w, https:\/\/www.spa-grillon.fr\/wp-content\/uploads\/2022\/03\/20221015_131401-300x247.jpg 300w, https:\/\/www.spa-grillon.fr\/wp-content\/uploads\/2022\/03\/20221015_131401-768x631.jpg 768w\" sizes=\"(max-width: 640px) 100vw, 640px\" \/><\/a><a href=\"http:\/\/www.spa-grillon.fr\/wp-content\/uploads\/2022\/03\/20221015_131343.jpg\" rel=\"attachment wp-att-12649\"><img decoding=\"async\" loading=\"lazy\" class=\"wp-image-12649 aligncenter\" src=\"http:\/\/www.spa-grillon.fr\/wp-content\/uploads\/2022\/03\/20221015_131343-660x1024.jpg\" alt=\"20221015_131343\" width=\"476\" height=\"739\" srcset=\"https:\/\/www.spa-grillon.fr\/wp-content\/uploads\/2022\/03\/20221015_131343-660x1024.jpg 660w, https:\/\/www.spa-grillon.fr\/wp-content\/uploads\/2022\/03\/20221015_131343-193x300.jpg 193w, https:\/\/www.spa-grillon.fr\/wp-content\/uploads\/2022\/03\/20221015_131343-768x1192.jpg 768w, https:\/\/www.spa-grillon.fr\/wp-content\/uploads\/2022\/03\/20221015_131343.jpg 1797w\" sizes=\"(max-width: 476px) 100vw, 476px\" \/><\/a><\/p>\n<p style=\"text-align: justify;\"><a href=\"http:\/\/www.spa-grillon.fr\/wp-content\/uploads\/2022\/03\/Django-4.jpg\" rel=\"attachment wp-att-11830\"><img decoding=\"async\" loading=\"lazy\" class=\"wp-image-11830 aligncenter\" src=\"http:\/\/www.spa-grillon.fr\/wp-content\/uploads\/2022\/03\/Django-4-1010x1024.jpg\" alt=\"Django (4)\" width=\"536\" height=\"544\" \/><\/a><\/p>\n<p style=\"text-align: justify;\"><a href=\"http:\/\/www.spa-grillon.fr\/wp-content\/uploads\/2022\/03\/Django-2.jpg\" rel=\"attachment wp-att-11828\"><img decoding=\"async\" loading=\"lazy\" class=\"wp-image-11828 aligncenter\" src=\"http:\/\/www.spa-grillon.fr\/wp-content\/uploads\/2022\/03\/Django-2-747x1024.jpg\" alt=\"Django (2)\" width=\"534\" height=\"732\" srcset=\"https:\/\/www.spa-grillon.fr\/wp-content\/uploads\/2022\/03\/Django-2-747x1024.jpg 747w, https:\/\/www.spa-grillon.fr\/wp-content\/uploads\/2022\/03\/Django-2-219x300.jpg 219w, https:\/\/www.spa-grillon.fr\/wp-content\/uploads\/2022\/03\/Django-2-768x1053.jpg 768w, https:\/\/www.spa-grillon.fr\/wp-content\/uploads\/2022\/03\/Django-2.jpg 1476w\" sizes=\"(max-width: 534px) 100vw, 534px\" \/><\/a><a href=\"http:\/\/www.spa-grillon.fr\/wp-content\/uploads\/2022\/03\/Django-5.jpg\" rel=\"attachment wp-att-11831\"><img decoding=\"async\" loading=\"lazy\" class=\"wp-image-11831 aligncenter\" src=\"http:\/\/www.spa-grillon.fr\/wp-content\/uploads\/2022\/03\/Django-5-1024x981.jpg\" alt=\"Django (5)\" width=\"531\" height=\"509\" srcset=\"https:\/\/www.spa-grillon.fr\/wp-content\/uploads\/2022\/03\/Django-5-1024x981.jpg 1024w, https:\/\/www.spa-grillon.fr\/wp-content\/uploads\/2022\/03\/Django-5-300x287.jpg 300w, https:\/\/www.spa-grillon.fr\/wp-content\/uploads\/2022\/03\/Django-5-768x736.jpg 768w, https:\/\/www.spa-grillon.fr\/wp-content\/uploads\/2022\/03\/Django-5.jpg 1804w\" sizes=\"(max-width: 531px) 100vw, 531px\" \/><\/a><a href=\"http:\/\/www.spa-grillon.fr\/wp-content\/uploads\/2022\/03\/Django-1.jpg\" rel=\"attachment wp-att-11827\"><img decoding=\"async\" loading=\"lazy\" class=\"wp-image-11827 aligncenter\" src=\"http:\/\/www.spa-grillon.fr\/wp-content\/uploads\/2022\/03\/Django-1-864x1024.jpg\" alt=\"Django (1)\" width=\"535\" height=\"634\" srcset=\"https:\/\/www.spa-grillon.fr\/wp-content\/uploads\/2022\/03\/Django-1-864x1024.jpg 864w, https:\/\/www.spa-grillon.fr\/wp-content\/uploads\/2022\/03\/Django-1-253x300.jpg 253w, https:\/\/www.spa-grillon.fr\/wp-content\/uploads\/2022\/03\/Django-1-768x910.jpg 768w, https:\/\/www.spa-grillon.fr\/wp-content\/uploads\/2022\/03\/Django-1.jpg 1694w\" sizes=\"(max-width: 535px) 100vw, 535px\" \/><\/a><\/p>\n","protected":false},"excerpt":{"rendered":"<p>&nbsp; Sexe : m\u00e2le Race : x labrador Age : n\u00e9 en 07\/2019 Taille : taille grande &nbsp; &nbsp; Caract\u00e9ristiques : Django a \u00e9t\u00e9 abandonn\u00e9 car sa ma\u00eetresse ne pouvait plus s&rsquo;en occuper. Arriv\u00e9 avec Belle, rapidement adopt\u00e9e, il est &hellip; <a href=\"https:\/\/www.spa-grillon.fr\/?page_id=11826\">Continuer la lecture <span class=\"meta-nav\">&rarr;<\/span><\/a><\/p>\n","protected":false},"author":2,"featured_media":0,"parent":0,"menu_order":0,"comment_status":"closed","ping_status":"closed","template":"","meta":[],"_links":{"self":[{"href":"https:\/\/www.spa-grillon.fr\/index.php?rest_route=\/wp\/v2\/pages\/11826"}],"collection":[{"href":"https:\/\/www.spa-grillon.fr\/index.php?rest_route=\/wp\/v2\/pages"}],"about":[{"href":"https:\/\/www.spa-grillon.fr\/index.php?rest_route=\/wp\/v2\/types\/page"}],"author":[{"embeddable":true,"href":"https:\/\/www.spa-grillon.fr\/index.php?rest_route=\/wp\/v2\/users\/2"}],"replies":[{"embeddable":true,"href":"https:\/\/www.spa-grillon.fr\/index.php?rest_route=%2Fwp%2Fv2%2Fcomments&post=11826"}],"version-history":[{"count":9,"href":"https:\/\/www.spa-grillon.fr\/index.php?rest_route=\/wp\/v2\/pages\/11826\/revisions"}],"predecessor-version":[{"id":12697,"href":"https:\/\/www.spa-grillon.fr\/index.php?rest_route=\/wp\/v2\/pages\/11826\/revisions\/12697"}],"wp:attachment":[{"href":"https:\/\/www.spa-grillon.fr\/index.php?rest_route=%2Fwp%2Fv2%2Fmedia&parent=11826"}],"curies":[{"name":"wp","href":"https:\/\/api.w.org\/{rel}","templated":true}]}}