{"id":11949,"date":"2022-04-09T17:34:34","date_gmt":"2022-04-09T16:34:34","guid":{"rendered":"http:\/\/www.spa-grillon.fr\/?page_id=11949"},"modified":"2022-04-09T17:37:48","modified_gmt":"2022-04-09T16:37:48","slug":"lili-3","status":"publish","type":"page","link":"https:\/\/www.spa-grillon.fr\/?page_id=11949","title":{"rendered":"Lili"},"content":{"rendered":"<p style=\"text-align: left;\"><strong><a href=\"http:\/\/www.spa-grillon.fr\/wp-content\/uploads\/2022\/04\/fourri\u00e8re-1.jpg\" rel=\"attachment wp-att-11922\"><img decoding=\"async\" loading=\"lazy\" class=\"alignleft wp-image-11922 size-medium\" src=\"http:\/\/www.spa-grillon.fr\/wp-content\/uploads\/2022\/04\/fourri\u00e8re-1-e1649521860426-300x300.jpg\" alt=\"fourri\u00e8re'\" width=\"300\" height=\"300\" srcset=\"https:\/\/www.spa-grillon.fr\/wp-content\/uploads\/2022\/04\/fourri\u00e8re-1-e1649521860426-300x300.jpg 300w, https:\/\/www.spa-grillon.fr\/wp-content\/uploads\/2022\/04\/fourri\u00e8re-1-e1649521860426-150x150.jpg 150w, https:\/\/www.spa-grillon.fr\/wp-content\/uploads\/2022\/04\/fourri\u00e8re-1-e1649521860426.jpg 430w\" sizes=\"(max-width: 300px) 100vw, 300px\" \/><\/a><\/strong><\/p>\n<p>&nbsp;<\/p>\n<p><strong>Sexe<\/strong> : femelle<\/p>\n<p><strong>Race <\/strong>: chihuahua<\/p>\n<p><strong>Age <\/strong>: n\u00e9 en 01\/2011<\/p>\n<p><strong>Taille <\/strong>: petite<\/p>\n<p>&nbsp;<\/p>\n<p>&nbsp;<\/p>\n<p style=\"text-align: justify;\"><strong>Caract\u00e9ristiques<\/strong> :\u00a0 <span dir=\"auto\">Lili est arriv\u00e9e par la fourri\u00e8re et contre toute attente, personne n&rsquo;est venu la r\u00e9clamer. Elle est une chienne adorable et elle s&rsquo;entend avec tout le monde : les chiens, les chiennes, les chats. Elle a sans doute c\u00f4toy\u00e9 des enfants car elle se montre tr\u00e8s douce avec eux, m\u00eame avec les tout petits. Elle est actuellement en famille d&rsquo;accueil pour l&rsquo;instant, c&rsquo;est pour cela qu&rsquo;on conna\u00eet bien ses ententes. Elle a seulement tendance \u00e0 prot\u00e9ger son panier et sa gamelle, gare \u00e0 celui qui veut les lui piquer! Il faudra donc apprendre \u00e0 ses colocataires \u00e0 respecter ses affaires et sa tranquillit\u00e9. En dehors de \u00e7a, c&rsquo;est une jeune mamie tr\u00e8s affectueuse, maligne comme tout et qui adore promener. Elle portait \u00e0 son arriv\u00e9e un collier anti-aboiement mais elle est tr\u00e8s sage et pas du tout bruyante. Un chihuahua pouvant vivre une vingtaine d&rsquo;ann\u00e9es, elle a encore un bel avenir devant elle.<br \/>\nElle b\u00e9n\u00e9ficie, comme tout chien de plus de 10 ans, de l&rsquo;op\u00e9ration Doyens de 30 Millions d&rsquo;Amis, qui permet de prendre en charge ses \u00e9ventuels frais v\u00e9t\u00e9rinaires tout au long de sa vie \u00e0 hauteur de 600 euros.Alors n&rsquo;h\u00e9sitez pas, appelez la SPA pour venir la voir. <\/span><\/p>\n<p style=\"text-align: justify;\"><a href=\"http:\/\/www.spa-grillon.fr\/wp-content\/uploads\/2022\/04\/Lili.jpg\" rel=\"attachment wp-att-11950\"><img decoding=\"async\" loading=\"lazy\" class=\"wp-image-11950 aligncenter\" src=\"http:\/\/www.spa-grillon.fr\/wp-content\/uploads\/2022\/04\/Lili-e1649521989329.jpg\" alt=\"Lili''\" width=\"472\" height=\"472\" srcset=\"https:\/\/www.spa-grillon.fr\/wp-content\/uploads\/2022\/04\/Lili-e1649521989329.jpg 540w, https:\/\/www.spa-grillon.fr\/wp-content\/uploads\/2022\/04\/Lili-e1649521989329-150x150.jpg 150w, https:\/\/www.spa-grillon.fr\/wp-content\/uploads\/2022\/04\/Lili-e1649521989329-300x300.jpg 300w\" sizes=\"(max-width: 472px) 100vw, 472px\" \/><\/a> <a href=\"http:\/\/www.spa-grillon.fr\/wp-content\/uploads\/2022\/04\/Lili-1.jpg\" rel=\"attachment wp-att-11951\"><img decoding=\"async\" loading=\"lazy\" class=\"wp-image-11951 aligncenter\" src=\"http:\/\/www.spa-grillon.fr\/wp-content\/uploads\/2022\/04\/Lili-1-e1649522008708.jpg\" alt=\"Lili'''\" width=\"475\" height=\"401\" srcset=\"https:\/\/www.spa-grillon.fr\/wp-content\/uploads\/2022\/04\/Lili-1-e1649522008708.jpg 815w, https:\/\/www.spa-grillon.fr\/wp-content\/uploads\/2022\/04\/Lili-1-e1649522008708-300x253.jpg 300w, https:\/\/www.spa-grillon.fr\/wp-content\/uploads\/2022\/04\/Lili-1-e1649522008708-768x648.jpg 768w\" sizes=\"(max-width: 475px) 100vw, 475px\" \/><\/a> <a href=\"http:\/\/www.spa-grillon.fr\/wp-content\/uploads\/2022\/04\/Lili2.jpg\" rel=\"attachment wp-att-11952\"><img decoding=\"async\" loading=\"lazy\" class=\"wp-image-11952 aligncenter\" src=\"http:\/\/www.spa-grillon.fr\/wp-content\/uploads\/2022\/04\/Lili2-e1649522040924.jpg\" alt=\"Lili2\" width=\"475\" height=\"475\" srcset=\"https:\/\/www.spa-grillon.fr\/wp-content\/uploads\/2022\/04\/Lili2-e1649522040924.jpg 579w, https:\/\/www.spa-grillon.fr\/wp-content\/uploads\/2022\/04\/Lili2-e1649522040924-150x150.jpg 150w, https:\/\/www.spa-grillon.fr\/wp-content\/uploads\/2022\/04\/Lili2-e1649522040924-300x300.jpg 300w\" sizes=\"(max-width: 475px) 100vw, 475px\" \/><\/a><a href=\"http:\/\/www.spa-grillon.fr\/wp-content\/uploads\/2022\/04\/fourri\u00e8re.jpg\" rel=\"attachment wp-att-11921\"><img decoding=\"async\" loading=\"lazy\" class=\"wp-image-11921 aligncenter\" src=\"http:\/\/www.spa-grillon.fr\/wp-content\/uploads\/2022\/04\/fourri\u00e8re.jpg\" alt=\"fourri\u00e8re\" width=\"477\" height=\"577\" srcset=\"https:\/\/www.spa-grillon.fr\/wp-content\/uploads\/2022\/04\/fourri\u00e8re.jpg 496w, https:\/\/www.spa-grillon.fr\/wp-content\/uploads\/2022\/04\/fourri\u00e8re-248x300.jpg 248w\" sizes=\"(max-width: 477px) 100vw, 477px\" \/><\/a><\/p>\n","protected":false},"excerpt":{"rendered":"<p>&nbsp; Sexe : femelle Race : chihuahua Age : n\u00e9 en 01\/2011 Taille : petite &nbsp; &nbsp; Caract\u00e9ristiques :\u00a0 Lili est arriv\u00e9e par la fourri\u00e8re et contre toute attente, personne n&rsquo;est venu la r\u00e9clamer. Elle est une chienne adorable et &hellip; <a href=\"https:\/\/www.spa-grillon.fr\/?page_id=11949\">Continuer la lecture <span class=\"meta-nav\">&rarr;<\/span><\/a><\/p>\n","protected":false},"author":2,"featured_media":0,"parent":0,"menu_order":0,"comment_status":"closed","ping_status":"closed","template":"","meta":[],"_links":{"self":[{"href":"https:\/\/www.spa-grillon.fr\/index.php?rest_route=\/wp\/v2\/pages\/11949"}],"collection":[{"href":"https:\/\/www.spa-grillon.fr\/index.php?rest_route=\/wp\/v2\/pages"}],"about":[{"href":"https:\/\/www.spa-grillon.fr\/index.php?rest_route=\/wp\/v2\/types\/page"}],"author":[{"embeddable":true,"href":"https:\/\/www.spa-grillon.fr\/index.php?rest_route=\/wp\/v2\/users\/2"}],"replies":[{"embeddable":true,"href":"https:\/\/www.spa-grillon.fr\/index.php?rest_route=%2Fwp%2Fv2%2Fcomments&post=11949"}],"version-history":[{"count":11,"href":"https:\/\/www.spa-grillon.fr\/index.php?rest_route=\/wp\/v2\/pages\/11949\/revisions"}],"predecessor-version":[{"id":11963,"href":"https:\/\/www.spa-grillon.fr\/index.php?rest_route=\/wp\/v2\/pages\/11949\/revisions\/11963"}],"wp:attachment":[{"href":"https:\/\/www.spa-grillon.fr\/index.php?rest_route=%2Fwp%2Fv2%2Fmedia&parent=11949"}],"curies":[{"name":"wp","href":"https:\/\/api.w.org\/{rel}","templated":true}]}}