{"id":11992,"date":"2022-04-22T11:09:10","date_gmt":"2022-04-22T10:09:10","guid":{"rendered":"http:\/\/www.spa-grillon.fr\/?page_id=11992"},"modified":"2022-04-22T11:35:10","modified_gmt":"2022-04-22T10:35:10","slug":"garry","status":"publish","type":"page","link":"https:\/\/www.spa-grillon.fr\/?page_id=11992","title":{"rendered":"GARRY"},"content":{"rendered":"<p style=\"text-align: left;\"><strong><a href=\"http:\/\/www.spa-grillon.fr\/wp-content\/uploads\/2022\/04\/20220417_115310-e1650621977718.jpg\" rel=\"attachment wp-att-11986\"><img decoding=\"async\" loading=\"lazy\" class=\"size-medium wp-image-11986 alignleft\" src=\"http:\/\/www.spa-grillon.fr\/wp-content\/uploads\/2022\/04\/20220417_115310-e1650621977718-300x300.jpg\" alt=\"20220417_115310\" width=\"300\" height=\"300\" \/><\/a><\/strong><\/p>\n<p style=\"text-align: left;\"><strong><br \/>\nSexe<\/strong> : m\u00e2le<\/p>\n<p><strong>Race <\/strong>: labrador<\/p>\n<p><strong>Age <\/strong>: n\u00e9 en 01\/2011<\/p>\n<p><strong>Taille <\/strong>: grande<\/p>\n<p>&nbsp;<\/p>\n<p>&nbsp;<\/p>\n<p style=\"text-align: justify;\"><strong>Caract\u00e9ristiques :\u00a0<\/strong> Garry a fait les frais de l&rsquo;\u00e9go\u00efsme, de la l\u00e2chet\u00e9 et de la cruaut\u00e9 des hommes. Abandonn\u00e9 sans scrupules \u00e0 11 ans, il se retrouve derri\u00e8re des barreaux, certes \u00e0 l&rsquo;abri mais tout seul. Garry est \u00e2g\u00e9 et ob\u00e8se\u00a0 : il a donc du mal \u00e0 se d\u00e9placer, m\u00eame s&rsquo;il a tr\u00e8s envie de courir. Il fait ce qu&rsquo;il peut et il aura donc besoin de balades courtes et fr\u00e9quentes pour essayer de perdre un peu de poids, pour sa sant\u00e9. Pas d&rsquo;exc\u00e8s d&rsquo;exercice non plus \u00e0 son \u00e2ge. Il lui faudra surtout une maison accessible sans escaliers. Il est incontinent et ne ma\u00eetrise pas compl\u00e8tement sa vessie mais il y a des moyens aujourd&rsquo;hui pour limiter les d\u00e9sagr\u00e9ments que cela repr\u00e9sente. C&rsquo;est un chien tr\u00e8s gentil, qui peut s&rsquo;entendre avec d&rsquo;autres chiens. En revanche, il court les chats. Il ne court pas bien vite, certes, mais cela peut effrayer les matous timides. Garry est un vrai pot de colle ; il est tr\u00e8s affectueux et demandeur d&rsquo;attention. Il passe ses journ\u00e9es couch\u00e9 le museau entre ses barreaux, \u00e0 observer ceux qui passent. Il serait tellement heureux de trouver une famille pour passer sa retraite !<br \/>\nNous avons bien conscience qu&rsquo;il sera difficile de placer notre papy Garry, mais nous esp\u00e9rons qu&rsquo;il existe dans la r\u00e9gion une bonne \u00e2me qui lui offrira un peu de confort pour ses vieux jours et de r\u00e9confort apr\u00e8s ce qui lui est arriv\u00e9 ; une bonne \u00e2me qui n&rsquo;en aura pas profit\u00e9 tant qu&rsquo;il \u00e9tait beau, alerte et en bonne sant\u00e9 pour s&rsquo;en d\u00e9barrasser au moment o\u00f9 il a besoin qu&rsquo;on lui rende ce qu&rsquo;il a donn\u00e9 toute sa vie.<\/p>\n<p style=\"text-align: justify;\"><a href=\"http:\/\/www.spa-grillon.fr\/wp-content\/uploads\/2022\/04\/20220417_115234.jpg\" rel=\"attachment wp-att-11984\"><img decoding=\"async\" loading=\"lazy\" class=\"wp-image-11984 aligncenter\" src=\"http:\/\/www.spa-grillon.fr\/wp-content\/uploads\/2022\/04\/20220417_115234-833x1024.jpg\" alt=\"20220417_115234\" width=\"485\" height=\"596\" srcset=\"https:\/\/www.spa-grillon.fr\/wp-content\/uploads\/2022\/04\/20220417_115234-833x1024.jpg 833w, https:\/\/www.spa-grillon.fr\/wp-content\/uploads\/2022\/04\/20220417_115234-244x300.jpg 244w, https:\/\/www.spa-grillon.fr\/wp-content\/uploads\/2022\/04\/20220417_115234-768x945.jpg 768w, https:\/\/www.spa-grillon.fr\/wp-content\/uploads\/2022\/04\/20220417_115234.jpg 1444w\" sizes=\"(max-width: 485px) 100vw, 485px\" \/><\/a> <a href=\"http:\/\/www.spa-grillon.fr\/wp-content\/uploads\/2022\/04\/20220417_115144.jpg\" rel=\"attachment wp-att-11983\"><img decoding=\"async\" loading=\"lazy\" class=\"wp-image-11983 aligncenter\" src=\"http:\/\/www.spa-grillon.fr\/wp-content\/uploads\/2022\/04\/20220417_115144-1024x1011.jpg\" alt=\"20220417_115144\" width=\"527\" height=\"520\" srcset=\"https:\/\/www.spa-grillon.fr\/wp-content\/uploads\/2022\/04\/20220417_115144-1024x1011.jpg 1024w, https:\/\/www.spa-grillon.fr\/wp-content\/uploads\/2022\/04\/20220417_115144-300x296.jpg 300w, https:\/\/www.spa-grillon.fr\/wp-content\/uploads\/2022\/04\/20220417_115144-768x758.jpg 768w, https:\/\/www.spa-grillon.fr\/wp-content\/uploads\/2022\/04\/20220417_115144.jpg 1823w\" sizes=\"(max-width: 527px) 100vw, 527px\" \/><\/a><\/p>\n","protected":false},"excerpt":{"rendered":"<p>Sexe : m\u00e2le Race : labrador Age : n\u00e9 en 01\/2011 Taille : grande &nbsp; &nbsp; Caract\u00e9ristiques :\u00a0 Garry a fait les frais de l&rsquo;\u00e9go\u00efsme, de la l\u00e2chet\u00e9 et de la cruaut\u00e9 des hommes. Abandonn\u00e9 sans scrupules \u00e0 11 ans, &hellip; <a href=\"https:\/\/www.spa-grillon.fr\/?page_id=11992\">Continuer la lecture <span class=\"meta-nav\">&rarr;<\/span><\/a><\/p>\n","protected":false},"author":2,"featured_media":0,"parent":0,"menu_order":0,"comment_status":"closed","ping_status":"closed","template":"","meta":[],"_links":{"self":[{"href":"https:\/\/www.spa-grillon.fr\/index.php?rest_route=\/wp\/v2\/pages\/11992"}],"collection":[{"href":"https:\/\/www.spa-grillon.fr\/index.php?rest_route=\/wp\/v2\/pages"}],"about":[{"href":"https:\/\/www.spa-grillon.fr\/index.php?rest_route=\/wp\/v2\/types\/page"}],"author":[{"embeddable":true,"href":"https:\/\/www.spa-grillon.fr\/index.php?rest_route=\/wp\/v2\/users\/2"}],"replies":[{"embeddable":true,"href":"https:\/\/www.spa-grillon.fr\/index.php?rest_route=%2Fwp%2Fv2%2Fcomments&post=11992"}],"version-history":[{"count":2,"href":"https:\/\/www.spa-grillon.fr\/index.php?rest_route=\/wp\/v2\/pages\/11992\/revisions"}],"predecessor-version":[{"id":12011,"href":"https:\/\/www.spa-grillon.fr\/index.php?rest_route=\/wp\/v2\/pages\/11992\/revisions\/12011"}],"wp:attachment":[{"href":"https:\/\/www.spa-grillon.fr\/index.php?rest_route=%2Fwp%2Fv2%2Fmedia&parent=11992"}],"curies":[{"name":"wp","href":"https:\/\/api.w.org\/{rel}","templated":true}]}}