{"id":11995,"date":"2022-04-22T11:23:56","date_gmt":"2022-04-22T10:23:56","guid":{"rendered":"http:\/\/www.spa-grillon.fr\/?page_id=11995"},"modified":"2022-04-23T16:26:29","modified_gmt":"2022-04-23T15:26:29","slug":"minette-3","status":"publish","type":"page","link":"https:\/\/www.spa-grillon.fr\/?page_id=11995","title":{"rendered":"MINETTE"},"content":{"rendered":"<p style=\"text-align: justify;\"><a href=\"http:\/\/www.spa-grillon.fr\/wp-content\/uploads\/2022\/04\/20220421_100740.jpg\" rel=\"attachment wp-att-11999\"><img decoding=\"async\" loading=\"lazy\" class=\" wp-image-11999 alignleft\" src=\"http:\/\/www.spa-grillon.fr\/wp-content\/uploads\/2022\/04\/20220421_100740-294x300.jpg\" alt=\"20220421_100740\" width=\"326\" height=\"333\" srcset=\"https:\/\/www.spa-grillon.fr\/wp-content\/uploads\/2022\/04\/20220421_100740-294x300.jpg 294w, https:\/\/www.spa-grillon.fr\/wp-content\/uploads\/2022\/04\/20220421_100740-768x785.jpg 768w, https:\/\/www.spa-grillon.fr\/wp-content\/uploads\/2022\/04\/20220421_100740-1002x1024.jpg 1002w, https:\/\/www.spa-grillon.fr\/wp-content\/uploads\/2022\/04\/20220421_100740.jpg 1718w\" sizes=\"(max-width: 326px) 100vw, 326px\" \/><\/a>Minette, 11 ans, est arriv\u00e9e au refuge suite au d\u00e9c\u00e8s de sa ma\u00eetresse. Apr\u00e8s un essai de placement dans la famille qui n&rsquo;a pas pu durer car l&rsquo;autre minette de la maison n&rsquo;a pas support\u00e9 la concurrence et se montrait agressive envers elle, il a fallu se r\u00e9soudre \u00e0 nous la confier. Minette, elle, a d\u00e9j\u00e0 v\u00e9cu sans probl\u00e8mes avec d&rsquo;autres chiens et chats. C&rsquo;est une gentille chatte qui n&rsquo;est jamais sortie : elle pourra donc parfaitement vivre en appartement ou dans une maison sans ext\u00e9rieur quoique la d\u00e9couverte d&rsquo;un jardin pourra peut-\u00eatre lui plaire. A son \u00e2ge, elle n&rsquo;est pas un infatigable boute en train et appr\u00e9cie sa tranquillit\u00e9. Elle aime surtout se faire brosser, c\u00e2liner. Son long poil demandera un brossage r\u00e9gulier. Ce sera juste l&rsquo;occasion de c\u00e2lins suppl\u00e9mentaires. Elle est vraiment tr\u00e8s affectueuse et sera une compagne tr\u00e8s fid\u00e8le pour la personne qui l&rsquo;adoptera. Elle est en bonne sant\u00e9 : seul un petit surpoids sera \u00e0 surveiller. Si vous cherchez un chat c\u00e2lin, calme, une douce compagnie discr\u00e8te, Minette est faite pour vous. Un chat peut vivre jusqu&rsquo;\u00e0 18-20 ans : elle a donc de belles ann\u00e9es de bonheur \u00e0 donner devant elle.<\/p>\n<p style=\"text-align: justify;\">\n<p style=\"text-align: justify;\"><img decoding=\"async\" loading=\"lazy\" class=\"wp-image-12015 aligncenter\" src=\"http:\/\/www.spa-grillon.fr\/wp-content\/uploads\/2022\/04\/20220423_103345-748x1024.jpg\" alt=\"20220423_103345\" width=\"495\" height=\"678\" srcset=\"https:\/\/www.spa-grillon.fr\/wp-content\/uploads\/2022\/04\/20220423_103345-748x1024.jpg 748w, https:\/\/www.spa-grillon.fr\/wp-content\/uploads\/2022\/04\/20220423_103345-219x300.jpg 219w, https:\/\/www.spa-grillon.fr\/wp-content\/uploads\/2022\/04\/20220423_103345-768x1052.jpg 768w, https:\/\/www.spa-grillon.fr\/wp-content\/uploads\/2022\/04\/20220423_103345.jpg 1799w\" sizes=\"(max-width: 495px) 100vw, 495px\" \/><\/p>\n<p style=\"text-align: justify;\"><a href=\"http:\/\/www.spa-grillon.fr\/wp-content\/uploads\/2022\/04\/20220421_100736.jpg\" rel=\"attachment wp-att-11997\"><img decoding=\"async\" loading=\"lazy\" class=\"wp-image-11997 aligncenter\" src=\"http:\/\/www.spa-grillon.fr\/wp-content\/uploads\/2022\/04\/20220421_100736-e1650623011535-1024x939.jpg\" alt=\"20220421_100736\" width=\"500\" height=\"458\" srcset=\"https:\/\/www.spa-grillon.fr\/wp-content\/uploads\/2022\/04\/20220421_100736-e1650623011535-1024x939.jpg 1024w, https:\/\/www.spa-grillon.fr\/wp-content\/uploads\/2022\/04\/20220421_100736-e1650623011535-300x275.jpg 300w, https:\/\/www.spa-grillon.fr\/wp-content\/uploads\/2022\/04\/20220421_100736-e1650623011535-768x704.jpg 768w, https:\/\/www.spa-grillon.fr\/wp-content\/uploads\/2022\/04\/20220421_100736-e1650623011535.jpg 1593w\" sizes=\"(max-width: 500px) 100vw, 500px\" \/><\/a><\/p>\n<p style=\"text-align: justify;\"><a href=\"http:\/\/www.spa-grillon.fr\/wp-content\/uploads\/2022\/04\/20220421_100757.jpg\" rel=\"attachment wp-att-12001\"><img decoding=\"async\" loading=\"lazy\" class=\"wp-image-12001 aligncenter\" src=\"http:\/\/www.spa-grillon.fr\/wp-content\/uploads\/2022\/04\/20220421_100757-740x1024.jpg\" alt=\"20220421_100757\" width=\"509\" height=\"705\" srcset=\"https:\/\/www.spa-grillon.fr\/wp-content\/uploads\/2022\/04\/20220421_100757-740x1024.jpg 740w, https:\/\/www.spa-grillon.fr\/wp-content\/uploads\/2022\/04\/20220421_100757-217x300.jpg 217w, https:\/\/www.spa-grillon.fr\/wp-content\/uploads\/2022\/04\/20220421_100757-768x1063.jpg 768w, https:\/\/www.spa-grillon.fr\/wp-content\/uploads\/2022\/04\/20220421_100757.jpg 1773w\" sizes=\"(max-width: 509px) 100vw, 509px\" \/><\/a><\/p>\n","protected":false},"excerpt":{"rendered":"<p>Minette, 11 ans, est arriv\u00e9e au refuge suite au d\u00e9c\u00e8s de sa ma\u00eetresse. Apr\u00e8s un essai de placement dans la famille qui n&rsquo;a pas pu durer car l&rsquo;autre minette de la maison n&rsquo;a pas support\u00e9 la concurrence et se montrait &hellip; <a href=\"https:\/\/www.spa-grillon.fr\/?page_id=11995\">Continuer la lecture <span class=\"meta-nav\">&rarr;<\/span><\/a><\/p>\n","protected":false},"author":2,"featured_media":0,"parent":0,"menu_order":0,"comment_status":"closed","ping_status":"closed","template":"","meta":[],"_links":{"self":[{"href":"https:\/\/www.spa-grillon.fr\/index.php?rest_route=\/wp\/v2\/pages\/11995"}],"collection":[{"href":"https:\/\/www.spa-grillon.fr\/index.php?rest_route=\/wp\/v2\/pages"}],"about":[{"href":"https:\/\/www.spa-grillon.fr\/index.php?rest_route=\/wp\/v2\/types\/page"}],"author":[{"embeddable":true,"href":"https:\/\/www.spa-grillon.fr\/index.php?rest_route=\/wp\/v2\/users\/2"}],"replies":[{"embeddable":true,"href":"https:\/\/www.spa-grillon.fr\/index.php?rest_route=%2Fwp%2Fv2%2Fcomments&post=11995"}],"version-history":[{"count":4,"href":"https:\/\/www.spa-grillon.fr\/index.php?rest_route=\/wp\/v2\/pages\/11995\/revisions"}],"predecessor-version":[{"id":12016,"href":"https:\/\/www.spa-grillon.fr\/index.php?rest_route=\/wp\/v2\/pages\/11995\/revisions\/12016"}],"wp:attachment":[{"href":"https:\/\/www.spa-grillon.fr\/index.php?rest_route=%2Fwp%2Fv2%2Fmedia&parent=11995"}],"curies":[{"name":"wp","href":"https:\/\/api.w.org\/{rel}","templated":true}]}}