{"id":12074,"date":"2022-05-19T14:53:35","date_gmt":"2022-05-19T13:53:35","guid":{"rendered":"http:\/\/www.spa-grillon.fr\/?page_id=12074"},"modified":"2022-05-19T14:54:11","modified_gmt":"2022-05-19T13:54:11","slug":"anis","status":"publish","type":"page","link":"https:\/\/www.spa-grillon.fr\/?page_id=12074","title":{"rendered":"ANIS"},"content":{"rendered":"<p><strong><a href=\"http:\/\/www.spa-grillon.fr\/wp-content\/uploads\/2022\/05\/20220518_152210.jpg\" rel=\"attachment wp-att-12079\"><img decoding=\"async\" loading=\"lazy\" class=\"wp-image-12079 size-medium alignleft\" src=\"http:\/\/www.spa-grillon.fr\/wp-content\/uploads\/2022\/05\/20220518_152210-e1652968289495-300x300.jpg\" alt=\"20220518_152210\" width=\"300\" height=\"300\" srcset=\"https:\/\/www.spa-grillon.fr\/wp-content\/uploads\/2022\/05\/20220518_152210-e1652968289495-300x300.jpg 300w, https:\/\/www.spa-grillon.fr\/wp-content\/uploads\/2022\/05\/20220518_152210-e1652968289495-150x150.jpg 150w, https:\/\/www.spa-grillon.fr\/wp-content\/uploads\/2022\/05\/20220518_152210-e1652968289495.jpg 666w\" sizes=\"(max-width: 300px) 100vw, 300px\" \/><\/a><\/strong><\/p>\n<p><strong>Sexe <\/strong>: femelle<\/p>\n<p><strong>Race <\/strong>: race commune X porcelaine<\/p>\n<p><strong>Age <\/strong>: n\u00e9 en 01\/2014<\/p>\n<p><strong>Taille <\/strong>: grande<\/p>\n<p>&nbsp;<\/p>\n<p>&nbsp;<\/p>\n<p>&nbsp;<\/p>\n<p style=\"text-align: justify;\"><strong>Caract\u00e9ristiques :\u00a0<\/strong> Anis est arriv\u00e9e par la fourri\u00e8re et n&rsquo;a jamais \u00e9t\u00e9 r\u00e9clam\u00e9e. Nous ne savons donc rien de son pass\u00e9. Mais ce qu&rsquo;elle nous montre depuis qu&rsquo;elle est au refuge, c&rsquo;est une profonde reconnaissance : elle est d&rsquo;une gentillesse \u00e0 toute \u00e9preuve, avec tout le monde, avec les autres chiens, les chats. Sa gentillesse n&rsquo;a pas d&rsquo;\u00e9gal. Elle a sans doute \u00e9t\u00e9 brutalis\u00e9e car une approche un peu trop rapide suffit pour qu&rsquo;elle se terre au sol, se recroqueville et semble vouloir dispara\u00eetre. Elle commence \u00e0 comprendre qu&rsquo;elle est en s\u00e9curit\u00e9 ici mais les r\u00e9flexes sont difficiles \u00e0 perdre. Elle se prom\u00e8ne sans tirer du tout, paisiblement, en toute tranquillit\u00e9. C&rsquo;est un amour de chienne qui ne demande que de l&rsquo;affection. Elle pourra s&rsquo;adapter \u00e0 tout type de famille, jeunes, anciens, actifs, retrait\u00e9s avec ou sans animaux&#8230; Difficile \u00e0 dire si elle peut rester seule mais au refuge, elle est sage et n&rsquo;aboie pas. Seul l&rsquo;appartement ne lui conviendra pas. Nous ne savons pas si elle est propre ou non mais en g\u00e9n\u00e9ral, les chiens apprennent vite ce genre de choses \u00e0 condition de respecter un rythme r\u00e9gulier et suffisant de sorties. Anis est la douceur faite chien, alors n&rsquo;h\u00e9sitez pas \u00e0 prendre rendez-vous avec elle pour vous en faire une id\u00e9e par vous-m\u00eame.<\/p>\n<p style=\"text-align: justify;\"><a href=\"http:\/\/www.spa-grillon.fr\/wp-content\/uploads\/2022\/05\/20220518_151436.jpg\" rel=\"attachment wp-att-12076\"><img decoding=\"async\" loading=\"lazy\" class=\"wp-image-12076 aligncenter\" src=\"http:\/\/www.spa-grillon.fr\/wp-content\/uploads\/2022\/05\/20220518_151436-860x1024.jpg\" alt=\"20220518_151436\" width=\"501\" height=\"597\" \/><\/a> <a href=\"http:\/\/www.spa-grillon.fr\/wp-content\/uploads\/2022\/05\/20220518_152221.jpg\" rel=\"attachment wp-att-12084\"><img decoding=\"async\" loading=\"lazy\" class=\"wp-image-12084 aligncenter\" src=\"http:\/\/www.spa-grillon.fr\/wp-content\/uploads\/2022\/05\/20220518_152221-877x1024.jpg\" alt=\"20220518_152221\" width=\"505\" height=\"589\" srcset=\"https:\/\/www.spa-grillon.fr\/wp-content\/uploads\/2022\/05\/20220518_152221-877x1024.jpg 877w, https:\/\/www.spa-grillon.fr\/wp-content\/uploads\/2022\/05\/20220518_152221-257x300.jpg 257w, https:\/\/www.spa-grillon.fr\/wp-content\/uploads\/2022\/05\/20220518_152221-768x897.jpg 768w, https:\/\/www.spa-grillon.fr\/wp-content\/uploads\/2022\/05\/20220518_152221.jpg 1471w\" sizes=\"(max-width: 505px) 100vw, 505px\" \/><\/a> <a href=\"http:\/\/www.spa-grillon.fr\/wp-content\/uploads\/2022\/05\/20220518_152213.jpg\" rel=\"attachment wp-att-12080\"><img decoding=\"async\" loading=\"lazy\" class=\"wp-image-12080 aligncenter\" src=\"http:\/\/www.spa-grillon.fr\/wp-content\/uploads\/2022\/05\/20220518_152213-883x1024.jpg\" alt=\"20220518_152213\" width=\"509\" height=\"590\" srcset=\"https:\/\/www.spa-grillon.fr\/wp-content\/uploads\/2022\/05\/20220518_152213-883x1024.jpg 883w, https:\/\/www.spa-grillon.fr\/wp-content\/uploads\/2022\/05\/20220518_152213-259x300.jpg 259w, https:\/\/www.spa-grillon.fr\/wp-content\/uploads\/2022\/05\/20220518_152213-768x890.jpg 768w, https:\/\/www.spa-grillon.fr\/wp-content\/uploads\/2022\/05\/20220518_152213.jpg 1532w\" sizes=\"(max-width: 509px) 100vw, 509px\" \/><\/a> <a href=\"http:\/\/www.spa-grillon.fr\/wp-content\/uploads\/2022\/05\/20220518_151944.jpg\" rel=\"attachment wp-att-12077\"><img decoding=\"async\" loading=\"lazy\" class=\"wp-image-12077 aligncenter\" src=\"http:\/\/www.spa-grillon.fr\/wp-content\/uploads\/2022\/05\/20220518_151944-919x1024.jpg\" alt=\"20220518_151944\" width=\"504\" height=\"561\" \/><\/a><\/p>\n<p style=\"text-align: justify;\">\n","protected":false},"excerpt":{"rendered":"<p>Sexe : femelle Race : race commune X porcelaine Age : n\u00e9 en 01\/2014 Taille : grande &nbsp; &nbsp; &nbsp; Caract\u00e9ristiques :\u00a0 Anis est arriv\u00e9e par la fourri\u00e8re et n&rsquo;a jamais \u00e9t\u00e9 r\u00e9clam\u00e9e. Nous ne savons donc rien de son &hellip; <a href=\"https:\/\/www.spa-grillon.fr\/?page_id=12074\">Continuer la lecture <span class=\"meta-nav\">&rarr;<\/span><\/a><\/p>\n","protected":false},"author":2,"featured_media":0,"parent":0,"menu_order":0,"comment_status":"closed","ping_status":"closed","template":"","meta":[],"_links":{"self":[{"href":"https:\/\/www.spa-grillon.fr\/index.php?rest_route=\/wp\/v2\/pages\/12074"}],"collection":[{"href":"https:\/\/www.spa-grillon.fr\/index.php?rest_route=\/wp\/v2\/pages"}],"about":[{"href":"https:\/\/www.spa-grillon.fr\/index.php?rest_route=\/wp\/v2\/types\/page"}],"author":[{"embeddable":true,"href":"https:\/\/www.spa-grillon.fr\/index.php?rest_route=\/wp\/v2\/users\/2"}],"replies":[{"embeddable":true,"href":"https:\/\/www.spa-grillon.fr\/index.php?rest_route=%2Fwp%2Fv2%2Fcomments&post=12074"}],"version-history":[{"count":3,"href":"https:\/\/www.spa-grillon.fr\/index.php?rest_route=\/wp\/v2\/pages\/12074\/revisions"}],"predecessor-version":[{"id":12088,"href":"https:\/\/www.spa-grillon.fr\/index.php?rest_route=\/wp\/v2\/pages\/12074\/revisions\/12088"}],"wp:attachment":[{"href":"https:\/\/www.spa-grillon.fr\/index.php?rest_route=%2Fwp%2Fv2%2Fmedia&parent=12074"}],"curies":[{"name":"wp","href":"https:\/\/api.w.org\/{rel}","templated":true}]}}