{"id":12211,"date":"2022-06-23T17:06:35","date_gmt":"2022-06-23T16:06:35","guid":{"rendered":"http:\/\/www.spa-grillon.fr\/?page_id=12211"},"modified":"2023-03-12T18:55:23","modified_gmt":"2023-03-12T17:55:23","slug":"oros","status":"publish","type":"page","link":"https:\/\/www.spa-grillon.fr\/?page_id=12211","title":{"rendered":"OROS"},"content":{"rendered":"<p><strong><img decoding=\"async\" loading=\"lazy\" class=\"alignleft wp-image-12215 \" src=\"http:\/\/www.spa-grillon.fr\/wp-content\/uploads\/2022\/06\/20220611_114908-714x1024.jpg\" alt=\"20220611_114908\" width=\"255\" height=\"366\" srcset=\"https:\/\/www.spa-grillon.fr\/wp-content\/uploads\/2022\/06\/20220611_114908-714x1024.jpg 714w, https:\/\/www.spa-grillon.fr\/wp-content\/uploads\/2022\/06\/20220611_114908-209x300.jpg 209w, https:\/\/www.spa-grillon.fr\/wp-content\/uploads\/2022\/06\/20220611_114908-768x1102.jpg 768w, https:\/\/www.spa-grillon.fr\/wp-content\/uploads\/2022\/06\/20220611_114908.jpg 1487w\" sizes=\"(max-width: 255px) 100vw, 255px\" \/><\/strong><\/p>\n<p>&nbsp;<\/p>\n<p>&nbsp;<\/p>\n<p><strong>Sexe<\/strong> : m\u00e2le<\/p>\n<p><strong>Race <\/strong>: Labrador X beauceron<\/p>\n<p><strong>Age <\/strong>: n\u00e9 en 05\/2016<\/p>\n<p><strong>Taille <\/strong>: taille grande<\/p>\n<p>&nbsp;<\/p>\n<p>&nbsp;<\/p>\n<p style=\"text-align: justify;\"><strong>Caract\u00e9ristiques <\/strong>: Oros nous a \u00e9t\u00e9 abandonn\u00e9 pour cause de d\u00e9m\u00e9nagement&#8230; Ce beau chien est tr\u00e8s attachant : au physique, c&rsquo;est un colosse. Il y a du muscle ! Non que le promener soit difficile : il ne tire quasiment pas en laisse mais il est si puissant que lorsqu&rsquo;il a d\u00e9cid\u00e9 de renifler une bonne odeur au bord du chemin, il faudra beaucoup de persuasion pour l&rsquo;en d\u00e9coller ! On ne pourra donc pas le laisser \u00e0 une personne fr\u00eale. Mais au quotidien, c&rsquo;est un chien calme, qui n&rsquo;aboie pas et qui aime qu&rsquo;on s&rsquo;occupe de lui. Il ne faut pas se fier \u00e0 l&rsquo;image qu&rsquo;il donne dans son parc : l&rsquo;excitation du refuge n&rsquo;est pas r\u00e9v\u00e9latrice et il donne un tout autre visage une fois \u00e0 l&rsquo;ext\u00e9rieur. Il se laisser soigner facilement. C\u00f4t\u00e9 ententes, il a cohabit\u00e9 un certain temps avec un autre m\u00e2le dont il \u00e9tait ins\u00e9parable. Ce dernier a \u00e9t\u00e9 adopt\u00e9 et Oros a mal v\u00e9cu cette s\u00e9paration :il a tendance \u00e0 gronder sur les autres chiens. Cela dit, une cohabitation devrait \u00eatre possible mais il faudra faire imp\u00e9rativement des essais s\u00e9rieux. Les chats en revanche ne sont pas du tout les bienvenus. Oros a d\u00e9couvert le secret de la jeunesse \u00e9ternelle : le tuyau d&rsquo;arrosage ! Il suffit de sortir le tuyau et de le mouiller, et il redevient un gros b\u00e9b\u00e9 de 50 kilos qui joue sans aucune retenue! Aussit\u00f4t le tuyau ferm\u00e9, tout se calme !\u00a0\u00a0 Joueur, il appr\u00e9cie surtout qu&rsquo;on s&rsquo;occupe de lui car il est tr\u00e8s affectueux. Il lui faudra un jardin clos (on nous a dit qu&rsquo;il fuguait mais comme souvent, ce n&rsquo;est pas ce que nous avons constat\u00e9 au refuge). Laissez-vous s\u00e9duire par ce colosse au c\u0153ur tendre !<\/p>\n<p style=\"text-align: justify;\"><a href=\"http:\/\/www.spa-grillon.fr\/wp-content\/uploads\/2022\/06\/20221015_135206.jpg\" rel=\"attachment wp-att-12662\"><img decoding=\"async\" loading=\"lazy\" class=\"alignnone size-large wp-image-12662\" src=\"http:\/\/www.spa-grillon.fr\/wp-content\/uploads\/2022\/06\/20221015_135206-1024x896.jpg\" alt=\"20221015_135206\" width=\"640\" height=\"560\" \/><\/a><\/p>\n<p style=\"text-align: justify;\"><img decoding=\"async\" loading=\"lazy\" class=\"alignleft size-large wp-image-12213\" src=\"http:\/\/www.spa-grillon.fr\/wp-content\/uploads\/2022\/06\/20220611_114852-1024x833.jpg\" alt=\"20220611_114852\" width=\"640\" height=\"521\" srcset=\"https:\/\/www.spa-grillon.fr\/wp-content\/uploads\/2022\/06\/20220611_114852-1024x833.jpg 1024w, https:\/\/www.spa-grillon.fr\/wp-content\/uploads\/2022\/06\/20220611_114852-300x244.jpg 300w, https:\/\/www.spa-grillon.fr\/wp-content\/uploads\/2022\/06\/20220611_114852-768x625.jpg 768w\" sizes=\"(max-width: 640px) 100vw, 640px\" \/><\/p>\n<p style=\"text-align: justify;\">\u00a0 <img decoding=\"async\" loading=\"lazy\" class=\"alignleft wp-image-12214 size-large\" src=\"http:\/\/www.spa-grillon.fr\/wp-content\/uploads\/2022\/06\/20220611_114853-1024x811.jpg\" alt=\"20220611_114853\" width=\"640\" height=\"507\" srcset=\"https:\/\/www.spa-grillon.fr\/wp-content\/uploads\/2022\/06\/20220611_114853-1024x811.jpg 1024w, https:\/\/www.spa-grillon.fr\/wp-content\/uploads\/2022\/06\/20220611_114853-300x238.jpg 300w, https:\/\/www.spa-grillon.fr\/wp-content\/uploads\/2022\/06\/20220611_114853-768x608.jpg 768w\" sizes=\"(max-width: 640px) 100vw, 640px\" \/><\/p>\n<p style=\"text-align: justify;\"><img decoding=\"async\" loading=\"lazy\" class=\"alignleft size-large wp-image-12219\" src=\"http:\/\/www.spa-grillon.fr\/wp-content\/uploads\/2022\/06\/20220611_115104-997x1024.jpg\" alt=\"20220611_115104\" width=\"640\" height=\"657\" srcset=\"https:\/\/www.spa-grillon.fr\/wp-content\/uploads\/2022\/06\/20220611_115104-997x1024.jpg 997w, https:\/\/www.spa-grillon.fr\/wp-content\/uploads\/2022\/06\/20220611_115104-292x300.jpg 292w, https:\/\/www.spa-grillon.fr\/wp-content\/uploads\/2022\/06\/20220611_115104-768x789.jpg 768w, https:\/\/www.spa-grillon.fr\/wp-content\/uploads\/2022\/06\/20220611_115104.jpg 1450w\" sizes=\"(max-width: 640px) 100vw, 640px\" \/> <img decoding=\"async\" loading=\"lazy\" class=\"alignleft size-large wp-image-12216\" src=\"http:\/\/www.spa-grillon.fr\/wp-content\/uploads\/2022\/06\/20220611_114928-1024x847.jpg\" alt=\"20220611_114928\" width=\"640\" height=\"529\" srcset=\"https:\/\/www.spa-grillon.fr\/wp-content\/uploads\/2022\/06\/20220611_114928-1024x847.jpg 1024w, https:\/\/www.spa-grillon.fr\/wp-content\/uploads\/2022\/06\/20220611_114928-300x248.jpg 300w, https:\/\/www.spa-grillon.fr\/wp-content\/uploads\/2022\/06\/20220611_114928-768x636.jpg 768w\" sizes=\"(max-width: 640px) 100vw, 640px\" \/><\/p>\n","protected":false},"excerpt":{"rendered":"<p>&nbsp; &nbsp; Sexe : m\u00e2le Race : Labrador X beauceron Age : n\u00e9 en 05\/2016 Taille : taille grande &nbsp; &nbsp; Caract\u00e9ristiques : Oros nous a \u00e9t\u00e9 abandonn\u00e9 pour cause de d\u00e9m\u00e9nagement&#8230; Ce beau chien est tr\u00e8s attachant : au &hellip; <a href=\"https:\/\/www.spa-grillon.fr\/?page_id=12211\">Continuer la lecture <span class=\"meta-nav\">&rarr;<\/span><\/a><\/p>\n","protected":false},"author":2,"featured_media":0,"parent":0,"menu_order":0,"comment_status":"closed","ping_status":"closed","template":"","meta":[],"_links":{"self":[{"href":"https:\/\/www.spa-grillon.fr\/index.php?rest_route=\/wp\/v2\/pages\/12211"}],"collection":[{"href":"https:\/\/www.spa-grillon.fr\/index.php?rest_route=\/wp\/v2\/pages"}],"about":[{"href":"https:\/\/www.spa-grillon.fr\/index.php?rest_route=\/wp\/v2\/types\/page"}],"author":[{"embeddable":true,"href":"https:\/\/www.spa-grillon.fr\/index.php?rest_route=\/wp\/v2\/users\/2"}],"replies":[{"embeddable":true,"href":"https:\/\/www.spa-grillon.fr\/index.php?rest_route=%2Fwp%2Fv2%2Fcomments&post=12211"}],"version-history":[{"count":6,"href":"https:\/\/www.spa-grillon.fr\/index.php?rest_route=\/wp\/v2\/pages\/12211\/revisions"}],"predecessor-version":[{"id":13259,"href":"https:\/\/www.spa-grillon.fr\/index.php?rest_route=\/wp\/v2\/pages\/12211\/revisions\/13259"}],"wp:attachment":[{"href":"https:\/\/www.spa-grillon.fr\/index.php?rest_route=%2Fwp%2Fv2%2Fmedia&parent=12211"}],"curies":[{"name":"wp","href":"https:\/\/api.w.org\/{rel}","templated":true}]}}