{"id":12223,"date":"2022-06-23T17:36:53","date_gmt":"2022-06-23T16:36:53","guid":{"rendered":"http:\/\/www.spa-grillon.fr\/?page_id=12223"},"modified":"2022-06-23T17:36:53","modified_gmt":"2022-06-23T16:36:53","slug":"tyson-2","status":"publish","type":"page","link":"https:\/\/www.spa-grillon.fr\/?page_id=12223","title":{"rendered":"TYSON"},"content":{"rendered":"<p><strong><a href=\"http:\/\/www.spa-grillon.fr\/wp-content\/uploads\/2022\/06\/20220604_141415.jpg\" rel=\"attachment wp-att-12232\"><img decoding=\"async\" loading=\"lazy\" class=\"alignleft wp-image-12232 \" src=\"http:\/\/www.spa-grillon.fr\/wp-content\/uploads\/2022\/06\/20220604_141415-e1656002083373-798x1024.jpg\" alt=\"20220604_141415\" width=\"310\" height=\"398\" srcset=\"https:\/\/www.spa-grillon.fr\/wp-content\/uploads\/2022\/06\/20220604_141415-e1656002083373-798x1024.jpg 798w, https:\/\/www.spa-grillon.fr\/wp-content\/uploads\/2022\/06\/20220604_141415-e1656002083373-234x300.jpg 234w, https:\/\/www.spa-grillon.fr\/wp-content\/uploads\/2022\/06\/20220604_141415-e1656002083373-768x986.jpg 768w, https:\/\/www.spa-grillon.fr\/wp-content\/uploads\/2022\/06\/20220604_141415-e1656002083373.jpg 1089w\" sizes=\"(max-width: 310px) 100vw, 310px\" \/><\/a><\/strong><\/p>\n<p>&nbsp;<\/p>\n<p>&nbsp;<\/p>\n<p><strong>Sexe<\/strong> : m\u00e2le<\/p>\n<p><strong>Race <\/strong>: berger allemand \/ Malinois<\/p>\n<p><strong>Age <\/strong>: n\u00e9 en 06\/2020<\/p>\n<p><strong>Taille <\/strong>: grande<\/p>\n<p>&nbsp;<\/p>\n<p>&nbsp;<\/p>\n<p>&nbsp;<\/p>\n<p style=\"text-align: justify;\"><strong>Caract\u00e9ristiques <\/strong>: Ce chien magnifique a \u00e9t\u00e9 abandonn\u00e9 dans des circonstances et sous des pr\u00e9textes peu clairs. Ce que nous avons constat\u00e9 \u00e0 son sujet c&rsquo;est qu&rsquo;il est tr\u00e8s proche de l&rsquo;homme. Il tire peut-\u00eatre plus du berger allemand que du malinois du point de vue du caract\u00e8re. Il est tr\u00e8s \u00e9quilibr\u00e9 et ob\u00e9issant et il se montre tr\u00e8s \u00e0 l&rsquo;\u00e9coute : assis, la patte, et surtout il a un excellent rappel. Il est jeune donc encore un peu foufou et il aura besoin, comme tous ces chiens, d&rsquo;un ma\u00eetre disponible pour lui donner de l&rsquo;occupation et de l&rsquo;exercice. Rester tout seul dans un jardin, si grand soit-il, ne le rendra pas heureux, m\u00eame s&rsquo;il est \u00e9vident qu&rsquo;il lui faudra un ext\u00e9rieur. Plein d&rsquo;\u00e9nergie, il aura besoin d&rsquo;interactions, de jeu, &#8230; Il adore l&rsquo;eau et les jeux de balle. Il la ram\u00e8ne et vous la donne sans souci. Il n&rsquo;est pas fait pour des personnes \u00e2g\u00e9es car il est trop brusque et pourrait faire tomber quelqu&rsquo;un. Pareil pour les trop jeunes enfants. Dans un contexte normal, il est assez calme mais s&rsquo;il s&#8217;emballe, il faudra un peu de caract\u00e8re pour l&rsquo;apaiser. Il s&rsquo;entend plut\u00f4t bien avec ses cong\u00e9n\u00e8res m\u00eame si des tests seront n\u00e9cessaires si une cohabitation se profile ; en revanche, il a une aversion terrible pour les chats avec qui il ne pourra pas vivre. Quand il se pose, il est tr\u00e8s affectueux et aura sans doute une relation fusionnelle avec son ma\u00eetre.<\/p>\n<p style=\"text-align: justify;\"><a href=\"http:\/\/www.spa-grillon.fr\/wp-content\/uploads\/2022\/06\/20220604_141509.jpg\" rel=\"attachment wp-att-12235\"><img decoding=\"async\" loading=\"lazy\" class=\"wp-image-12235 aligncenter\" src=\"http:\/\/www.spa-grillon.fr\/wp-content\/uploads\/2022\/06\/20220604_141509-919x1024.jpg\" alt=\"20220604_141509\" width=\"539\" height=\"600\" \/><\/a><a href=\"http:\/\/www.spa-grillon.fr\/wp-content\/uploads\/2022\/06\/20220604_141534.jpg\" rel=\"attachment wp-att-12237\"><img decoding=\"async\" loading=\"lazy\" class=\"wp-image-12237 aligncenter\" src=\"http:\/\/www.spa-grillon.fr\/wp-content\/uploads\/2022\/06\/20220604_141534-814x1024.jpg\" alt=\"20220604_141534\" width=\"540\" height=\"679\" srcset=\"https:\/\/www.spa-grillon.fr\/wp-content\/uploads\/2022\/06\/20220604_141534-814x1024.jpg 814w, https:\/\/www.spa-grillon.fr\/wp-content\/uploads\/2022\/06\/20220604_141534-238x300.jpg 238w, https:\/\/www.spa-grillon.fr\/wp-content\/uploads\/2022\/06\/20220604_141534-768x966.jpg 768w, https:\/\/www.spa-grillon.fr\/wp-content\/uploads\/2022\/06\/20220604_141534.jpg 891w\" sizes=\"(max-width: 540px) 100vw, 540px\" \/><\/a><a href=\"http:\/\/www.spa-grillon.fr\/wp-content\/uploads\/2022\/06\/20220604_141409.jpg\" rel=\"attachment wp-att-12231\"><img decoding=\"async\" loading=\"lazy\" class=\"wp-image-12231 aligncenter\" src=\"http:\/\/www.spa-grillon.fr\/wp-content\/uploads\/2022\/06\/20220604_141409-660x1024.jpg\" alt=\"20220604_141409\" width=\"538\" height=\"835\" srcset=\"https:\/\/www.spa-grillon.fr\/wp-content\/uploads\/2022\/06\/20220604_141409-660x1024.jpg 660w, https:\/\/www.spa-grillon.fr\/wp-content\/uploads\/2022\/06\/20220604_141409-193x300.jpg 193w, https:\/\/www.spa-grillon.fr\/wp-content\/uploads\/2022\/06\/20220604_141409-768x1192.jpg 768w, https:\/\/www.spa-grillon.fr\/wp-content\/uploads\/2022\/06\/20220604_141409.jpg 1271w\" sizes=\"(max-width: 538px) 100vw, 538px\" \/><\/a><a href=\"http:\/\/www.spa-grillon.fr\/wp-content\/uploads\/2022\/06\/20220604_141309.jpg\" rel=\"attachment wp-att-12228\"><img decoding=\"async\" loading=\"lazy\" class=\"wp-image-12228 aligncenter\" src=\"http:\/\/www.spa-grillon.fr\/wp-content\/uploads\/2022\/06\/20220604_141309-605x1024.jpg\" alt=\"20220604_141309\" width=\"504\" height=\"853\" srcset=\"https:\/\/www.spa-grillon.fr\/wp-content\/uploads\/2022\/06\/20220604_141309-605x1024.jpg 605w, https:\/\/www.spa-grillon.fr\/wp-content\/uploads\/2022\/06\/20220604_141309-177x300.jpg 177w, https:\/\/www.spa-grillon.fr\/wp-content\/uploads\/2022\/06\/20220604_141309-768x1299.jpg 768w, https:\/\/www.spa-grillon.fr\/wp-content\/uploads\/2022\/06\/20220604_141309.jpg 1401w\" sizes=\"(max-width: 504px) 100vw, 504px\" \/><\/a> <a href=\"http:\/\/www.spa-grillon.fr\/wp-content\/uploads\/2022\/06\/20220604_141302_001.jpg\" rel=\"attachment wp-att-12227\"><img decoding=\"async\" loading=\"lazy\" class=\"wp-image-12227 aligncenter\" src=\"http:\/\/www.spa-grillon.fr\/wp-content\/uploads\/2022\/06\/20220604_141302_001-802x1024.jpg\" alt=\"20220604_141302_001\" width=\"454\" height=\"580\" srcset=\"https:\/\/www.spa-grillon.fr\/wp-content\/uploads\/2022\/06\/20220604_141302_001-802x1024.jpg 802w, https:\/\/www.spa-grillon.fr\/wp-content\/uploads\/2022\/06\/20220604_141302_001-235x300.jpg 235w, https:\/\/www.spa-grillon.fr\/wp-content\/uploads\/2022\/06\/20220604_141302_001-768x980.jpg 768w, https:\/\/www.spa-grillon.fr\/wp-content\/uploads\/2022\/06\/20220604_141302_001.jpg 1191w\" sizes=\"(max-width: 454px) 100vw, 454px\" \/><\/a><\/p>\n","protected":false},"excerpt":{"rendered":"<p>&nbsp; &nbsp; Sexe : m\u00e2le Race : berger allemand \/ Malinois Age : n\u00e9 en 06\/2020 Taille : grande &nbsp; &nbsp; &nbsp; Caract\u00e9ristiques : Ce chien magnifique a \u00e9t\u00e9 abandonn\u00e9 dans des circonstances et sous des pr\u00e9textes peu clairs. Ce &hellip; <a href=\"https:\/\/www.spa-grillon.fr\/?page_id=12223\">Continuer la lecture <span class=\"meta-nav\">&rarr;<\/span><\/a><\/p>\n","protected":false},"author":2,"featured_media":0,"parent":0,"menu_order":0,"comment_status":"closed","ping_status":"closed","template":"","meta":[],"_links":{"self":[{"href":"https:\/\/www.spa-grillon.fr\/index.php?rest_route=\/wp\/v2\/pages\/12223"}],"collection":[{"href":"https:\/\/www.spa-grillon.fr\/index.php?rest_route=\/wp\/v2\/pages"}],"about":[{"href":"https:\/\/www.spa-grillon.fr\/index.php?rest_route=\/wp\/v2\/types\/page"}],"author":[{"embeddable":true,"href":"https:\/\/www.spa-grillon.fr\/index.php?rest_route=\/wp\/v2\/users\/2"}],"replies":[{"embeddable":true,"href":"https:\/\/www.spa-grillon.fr\/index.php?rest_route=%2Fwp%2Fv2%2Fcomments&post=12223"}],"version-history":[{"count":1,"href":"https:\/\/www.spa-grillon.fr\/index.php?rest_route=\/wp\/v2\/pages\/12223\/revisions"}],"predecessor-version":[{"id":12241,"href":"https:\/\/www.spa-grillon.fr\/index.php?rest_route=\/wp\/v2\/pages\/12223\/revisions\/12241"}],"wp:attachment":[{"href":"https:\/\/www.spa-grillon.fr\/index.php?rest_route=%2Fwp%2Fv2%2Fmedia&parent=12223"}],"curies":[{"name":"wp","href":"https:\/\/api.w.org\/{rel}","templated":true}]}}