{"id":12479,"date":"2022-08-11T17:17:36","date_gmt":"2022-08-11T16:17:36","guid":{"rendered":"http:\/\/www.spa-grillon.fr\/?page_id=12479"},"modified":"2023-03-05T18:50:05","modified_gmt":"2023-03-05T17:50:05","slug":"titan-2","status":"publish","type":"page","link":"https:\/\/www.spa-grillon.fr\/?page_id=12479","title":{"rendered":"TITAN"},"content":{"rendered":"<p><a href=\"http:\/\/www.spa-grillon.fr\/wp-content\/uploads\/2022\/08\/20230219_115120-e1678038331254.jpg\" rel=\"attachment wp-att-13216\"><img decoding=\"async\" loading=\"lazy\" class=\"wp-image-13216 size-medium alignleft\" src=\"http:\/\/www.spa-grillon.fr\/wp-content\/uploads\/2022\/08\/20230219_115120-e1678038331254-251x300.jpg\" alt=\"\" width=\"251\" height=\"300\" srcset=\"https:\/\/www.spa-grillon.fr\/wp-content\/uploads\/2022\/08\/20230219_115120-e1678038331254-251x300.jpg 251w, https:\/\/www.spa-grillon.fr\/wp-content\/uploads\/2022\/08\/20230219_115120-e1678038331254-768x916.jpg 768w, https:\/\/www.spa-grillon.fr\/wp-content\/uploads\/2022\/08\/20230219_115120-e1678038331254-858x1024.jpg 858w, https:\/\/www.spa-grillon.fr\/wp-content\/uploads\/2022\/08\/20230219_115120-e1678038331254.jpg 1775w\" sizes=\"(max-width: 251px) 100vw, 251px\" \/><\/a><\/p>\n<p><strong>Sexe<\/strong> : m\u00e2le<\/p>\n<p><strong>Race <\/strong>: commune<\/p>\n<p><strong>Age <\/strong>: n\u00e9 le 15\/03\/2022<\/p>\n<p><strong>Taille <\/strong>: grande<\/p>\n<p>&nbsp;<\/p>\n<p>&nbsp;<\/p>\n<p style=\"text-align: justify;\"><strong>Caract\u00e9ristiques <\/strong>: Titan, \u00e0 4 mois, \u00e9tait d\u00e9j\u00e0 abandonn\u00e9&#8230; Ce\u00a0 gentil chien a fait les frais de l&rsquo;incons\u00e9quence de ses jeunes adoptants. C&rsquo;est une petite b\u00eate adorable qui a tout \u00e0 apprendre et surtout la confiance en soi. Il y a meilleure \u00e9cole que le refuge quand on est chiot. Pourtant il a d\u00e9j\u00e0 appris \u00ab\u00a0assis\u00a0\u00bb et apprend \u00e0 marcher en laisse avec les b\u00e9n\u00e9voles. Il a un bon rappel. Son abandon a \u00e9t\u00e9 difficile pour lui (se retrouver tout seul en box apr\u00e8s avoir pass\u00e9 sa jeune vie en famille, dur dur&#8230; m\u00eame pour de grands gar\u00e7ons aguerris. ) Son grand copain Willy l&rsquo;a aid\u00e9 \u00e0 traverser ce cap p\u00e9nible. Il est tr\u00e8s sociable avec ses cong\u00e9n\u00e8res. Les chats du refuge prennent en main son \u00e9ducation f\u00e9line mais pour l&rsquo;instant il court un peu apr\u00e8s. Dans quelles intentions&#8230; Il est tr\u00e8s d\u00e9pendant des humains pour l&rsquo;instant et recherche le contact de fa\u00e7on presque excessive : tr\u00e8s excit\u00e9 \u00e0 notre approche, il saute beaucoup : il faudra lui faire passer ce d\u00e9faut et c&rsquo;est seulement lorsqu&rsquo;il sera rassur\u00e9 et qu&rsquo;il aura retrouv\u00e9 un peu de stabilit\u00e9 que cela sera faisable. C&rsquo;est un tout jeune chien qui imite beaucoup : c&rsquo;est pourquoi la pr\u00e9sence d&rsquo;un cong\u00e9n\u00e8re serait sans doute un avantage. Dans son parc, il se montre tr\u00e8s excit\u00e9 mais il a un tout autre visage une fois hors du refuge. Quand il est tranquille, c&rsquo;est vraiment un amour de petite b\u00eate ! Alors si vous pouvez apporter un chaleureux foyer \u00e0 ce petit bout qui ne demande qu&rsquo;\u00e0 apprendre, \u00e0 se rassurer et \u00e0 \u00eatre aim\u00e9, prenez rendez-vous pour venir le voir.<\/p>\n<p style=\"text-align: justify;\"><a href=\"http:\/\/www.spa-grillon.fr\/wp-content\/uploads\/2022\/08\/20230219_115116.jpg\" rel=\"attachment wp-att-13215\"><img decoding=\"async\" loading=\"lazy\" class=\"aligncenter wp-image-13215 \" src=\"http:\/\/www.spa-grillon.fr\/wp-content\/uploads\/2022\/08\/20230219_115116-e1678038443171-790x1024.jpg\" alt=\"20230219_115116\" width=\"494\" height=\"641\" srcset=\"https:\/\/www.spa-grillon.fr\/wp-content\/uploads\/2022\/08\/20230219_115116-e1678038443171-790x1024.jpg 790w, https:\/\/www.spa-grillon.fr\/wp-content\/uploads\/2022\/08\/20230219_115116-e1678038443171-231x300.jpg 231w, https:\/\/www.spa-grillon.fr\/wp-content\/uploads\/2022\/08\/20230219_115116-e1678038443171-768x996.jpg 768w, https:\/\/www.spa-grillon.fr\/wp-content\/uploads\/2022\/08\/20230219_115116-e1678038443171.jpg 1704w\" sizes=\"(max-width: 494px) 100vw, 494px\" \/><\/a> <a href=\"http:\/\/www.spa-grillon.fr\/wp-content\/uploads\/2022\/08\/20230219_115004.jpg\" rel=\"attachment wp-att-13209\"><img decoding=\"async\" loading=\"lazy\" class=\"aligncenter wp-image-13209 \" src=\"http:\/\/www.spa-grillon.fr\/wp-content\/uploads\/2022\/08\/20230219_115004-e1678038423878-737x1024.jpg\" alt=\"20230219_115004\" width=\"497\" height=\"691\" srcset=\"https:\/\/www.spa-grillon.fr\/wp-content\/uploads\/2022\/08\/20230219_115004-e1678038423878-737x1024.jpg 737w, https:\/\/www.spa-grillon.fr\/wp-content\/uploads\/2022\/08\/20230219_115004-e1678038423878-216x300.jpg 216w, https:\/\/www.spa-grillon.fr\/wp-content\/uploads\/2022\/08\/20230219_115004-e1678038423878-768x1068.jpg 768w, https:\/\/www.spa-grillon.fr\/wp-content\/uploads\/2022\/08\/20230219_115004-e1678038423878.jpg 1056w\" sizes=\"(max-width: 497px) 100vw, 497px\" \/><\/a> <a href=\"http:\/\/www.spa-grillon.fr\/wp-content\/uploads\/2022\/08\/20230219_114939.jpg\" rel=\"attachment wp-att-13208\"><img decoding=\"async\" loading=\"lazy\" class=\"aligncenter wp-image-13208 \" src=\"http:\/\/www.spa-grillon.fr\/wp-content\/uploads\/2022\/08\/20230219_114939-603x1024.jpg\" alt=\"20230219_114939\" width=\"498\" height=\"846\" srcset=\"https:\/\/www.spa-grillon.fr\/wp-content\/uploads\/2022\/08\/20230219_114939-603x1024.jpg 603w, https:\/\/www.spa-grillon.fr\/wp-content\/uploads\/2022\/08\/20230219_114939-177x300.jpg 177w, https:\/\/www.spa-grillon.fr\/wp-content\/uploads\/2022\/08\/20230219_114939-768x1304.jpg 768w, https:\/\/www.spa-grillon.fr\/wp-content\/uploads\/2022\/08\/20230219_114939.jpg 1800w\" sizes=\"(max-width: 498px) 100vw, 498px\" \/><\/a><\/p>\n<p style=\"text-align: justify;\"><a href=\"http:\/\/www.spa-grillon.fr\/wp-content\/uploads\/2022\/08\/Titan-5.jpg\" rel=\"attachment wp-att-12887\"><img decoding=\"async\" loading=\"lazy\" class=\"alignnone wp-image-12887 size-large\" src=\"http:\/\/www.spa-grillon.fr\/wp-content\/uploads\/2022\/08\/Titan-5-840x1024.jpg\" alt=\"Titan (5)\" width=\"640\" height=\"780\" \/><\/a><\/p>\n<p style=\"text-align: justify;\"><a href=\"http:\/\/www.spa-grillon.fr\/wp-content\/uploads\/2022\/08\/Titan-3.jpg\" rel=\"attachment wp-att-12888\"><img decoding=\"async\" loading=\"lazy\" class=\"alignnone size-large wp-image-12888\" src=\"http:\/\/www.spa-grillon.fr\/wp-content\/uploads\/2022\/08\/Titan-3-836x1024.jpg\" alt=\"Titan (3)\" width=\"640\" height=\"784\" srcset=\"https:\/\/www.spa-grillon.fr\/wp-content\/uploads\/2022\/08\/Titan-3-836x1024.jpg 836w, https:\/\/www.spa-grillon.fr\/wp-content\/uploads\/2022\/08\/Titan-3-245x300.jpg 245w, https:\/\/www.spa-grillon.fr\/wp-content\/uploads\/2022\/08\/Titan-3-768x941.jpg 768w, https:\/\/www.spa-grillon.fr\/wp-content\/uploads\/2022\/08\/Titan-3.jpg 1182w\" sizes=\"(max-width: 640px) 100vw, 640px\" \/><\/a><\/p>\n<div id=\"attachment_12486\" style=\"width: 576px\" class=\"wp-caption aligncenter\"><a href=\"http:\/\/www.spa-grillon.fr\/wp-content\/uploads\/2022\/08\/20220808_1116060.jpg\" rel=\"attachment wp-att-12486\"><img aria-describedby=\"caption-attachment-12486\" decoding=\"async\" loading=\"lazy\" class=\"wp-image-12486\" src=\"http:\/\/www.spa-grillon.fr\/wp-content\/uploads\/2022\/08\/20220808_1116060-1024x655.jpg\" alt=\"20220808_111606(0)\" width=\"566\" height=\"362\" srcset=\"https:\/\/www.spa-grillon.fr\/wp-content\/uploads\/2022\/08\/20220808_1116060-1024x655.jpg 1024w, https:\/\/www.spa-grillon.fr\/wp-content\/uploads\/2022\/08\/20220808_1116060-300x192.jpg 300w, https:\/\/www.spa-grillon.fr\/wp-content\/uploads\/2022\/08\/20220808_1116060-768x492.jpg 768w\" sizes=\"(max-width: 566px) 100vw, 566px\" \/><\/a><p id=\"caption-attachment-12486\" class=\"wp-caption-text\">Titan, \u00e0 son arriv\u00e9e, avec son poil d&rsquo;\u00e9t\u00e9 !<\/p><\/div>\n<div id=\"attachment_12485\" style=\"width: 438px\" class=\"wp-caption aligncenter\"><a href=\"http:\/\/www.spa-grillon.fr\/wp-content\/uploads\/2022\/08\/20220808_111406.jpg\" rel=\"attachment wp-att-12485\"><img aria-describedby=\"caption-attachment-12485\" decoding=\"async\" loading=\"lazy\" class=\"wp-image-12485\" src=\"http:\/\/www.spa-grillon.fr\/wp-content\/uploads\/2022\/08\/20220808_111406-657x1024.jpg\" alt=\"20220808_111406\" width=\"428\" height=\"667\" \/><\/a><p id=\"caption-attachment-12485\" class=\"wp-caption-text\">Un petit bonhomme tout gentil et joyeux.<\/p><\/div>\n<p style=\"text-align: justify;\">\n","protected":false},"excerpt":{"rendered":"<p>Sexe : m\u00e2le Race : commune Age : n\u00e9 le 15\/03\/2022 Taille : grande &nbsp; &nbsp; Caract\u00e9ristiques : Titan, \u00e0 4 mois, \u00e9tait d\u00e9j\u00e0 abandonn\u00e9&#8230; Ce\u00a0 gentil chien a fait les frais de l&rsquo;incons\u00e9quence de ses jeunes adoptants. C&rsquo;est une &hellip; <a href=\"https:\/\/www.spa-grillon.fr\/?page_id=12479\">Continuer la lecture <span class=\"meta-nav\">&rarr;<\/span><\/a><\/p>\n","protected":false},"author":2,"featured_media":0,"parent":0,"menu_order":0,"comment_status":"closed","ping_status":"closed","template":"","meta":[],"_links":{"self":[{"href":"https:\/\/www.spa-grillon.fr\/index.php?rest_route=\/wp\/v2\/pages\/12479"}],"collection":[{"href":"https:\/\/www.spa-grillon.fr\/index.php?rest_route=\/wp\/v2\/pages"}],"about":[{"href":"https:\/\/www.spa-grillon.fr\/index.php?rest_route=\/wp\/v2\/types\/page"}],"author":[{"embeddable":true,"href":"https:\/\/www.spa-grillon.fr\/index.php?rest_route=\/wp\/v2\/users\/2"}],"replies":[{"embeddable":true,"href":"https:\/\/www.spa-grillon.fr\/index.php?rest_route=%2Fwp%2Fv2%2Fcomments&post=12479"}],"version-history":[{"count":6,"href":"https:\/\/www.spa-grillon.fr\/index.php?rest_route=\/wp\/v2\/pages\/12479\/revisions"}],"predecessor-version":[{"id":13218,"href":"https:\/\/www.spa-grillon.fr\/index.php?rest_route=\/wp\/v2\/pages\/12479\/revisions\/13218"}],"wp:attachment":[{"href":"https:\/\/www.spa-grillon.fr\/index.php?rest_route=%2Fwp%2Fv2%2Fmedia&parent=12479"}],"curies":[{"name":"wp","href":"https:\/\/api.w.org\/{rel}","templated":true}]}}