{"id":12557,"date":"2022-09-03T17:17:37","date_gmt":"2022-09-03T16:17:37","guid":{"rendered":"http:\/\/www.spa-grillon.fr\/?page_id=12557"},"modified":"2022-09-03T17:51:01","modified_gmt":"2022-09-03T16:51:01","slug":"rio","status":"publish","type":"page","link":"https:\/\/www.spa-grillon.fr\/?page_id=12557","title":{"rendered":"RIO"},"content":{"rendered":"<p style=\"text-align: justify;\"><a href=\"http:\/\/www.spa-grillon.fr\/wp-content\/uploads\/2022\/09\/rio-7.jpg\" rel=\"attachment wp-att-12558\"><img decoding=\"async\" loading=\"lazy\" class=\"size-medium wp-image-12558 alignleft\" src=\"http:\/\/www.spa-grillon.fr\/wp-content\/uploads\/2022\/09\/rio-7-282x300.jpg\" alt=\"rio (7)\" width=\"282\" height=\"300\" srcset=\"https:\/\/www.spa-grillon.fr\/wp-content\/uploads\/2022\/09\/rio-7-282x300.jpg 282w, https:\/\/www.spa-grillon.fr\/wp-content\/uploads\/2022\/09\/rio-7-768x818.jpg 768w, https:\/\/www.spa-grillon.fr\/wp-content\/uploads\/2022\/09\/rio-7-961x1024.jpg 961w, https:\/\/www.spa-grillon.fr\/wp-content\/uploads\/2022\/09\/rio-7.jpg 1610w\" sizes=\"(max-width: 282px) 100vw, 282px\" \/><\/a>Rio, n\u00e9 en mars 2020, a \u00e9t\u00e9 abandonn\u00e9 suite \u00e0 une s\u00e9paration. C&rsquo;est un chat terriblement gentil et affectueux. Il nous a \u00e9t\u00e9 amen\u00e9 avec son copain R\u00e9glisse mais ils ne semblent pas tr\u00e8s li\u00e9s et peuvent \u00eatre adopt\u00e9s s\u00e9par\u00e9ment. Il est calme pour un jeune chat et tranquille, voire pantouflard, mais il ne pourra pas pour autant vivre en appartement. Il a imp\u00e9rativement besoin d&rsquo;un ext\u00e9rieur. Il c\u00f4toie assez facilement les autres chats bien qu&rsquo;il ne recherche pas sp\u00e9cialement leur compagnie. On ne conna\u00eet pas vraiment ses ententes avec les chiens m\u00eame s&rsquo;il en aurait fr\u00e9quent\u00e9s. De toute fa\u00e7on, si les pr\u00e9sentations sont faites doucement et progressivement, il n&rsquo;y a pas de raison que la cohabitation se passe mal. Une vie de famille avec ou sans enfants ferait son bonheur : tout ce qu&rsquo;il r\u00e9clame, c&rsquo;est un peu d&rsquo;attention.<\/p>\n<p><a href=\"http:\/\/www.spa-grillon.fr\/wp-content\/uploads\/2022\/09\/rio-9.jpg\" rel=\"attachment wp-att-12560\"><img decoding=\"async\" loading=\"lazy\" class=\"wp-image-12560 aligncenter\" src=\"http:\/\/www.spa-grillon.fr\/wp-content\/uploads\/2022\/09\/rio-9-871x1024.jpg\" alt=\"rio (9)\" width=\"524\" height=\"616\" srcset=\"https:\/\/www.spa-grillon.fr\/wp-content\/uploads\/2022\/09\/rio-9-871x1024.jpg 871w, https:\/\/www.spa-grillon.fr\/wp-content\/uploads\/2022\/09\/rio-9-255x300.jpg 255w, https:\/\/www.spa-grillon.fr\/wp-content\/uploads\/2022\/09\/rio-9-768x902.jpg 768w, https:\/\/www.spa-grillon.fr\/wp-content\/uploads\/2022\/09\/rio-9.jpg 1291w\" sizes=\"(max-width: 524px) 100vw, 524px\" \/><\/a><a href=\"http:\/\/www.spa-grillon.fr\/wp-content\/uploads\/2022\/09\/rio-11.jpg\" rel=\"attachment wp-att-12562\"><img decoding=\"async\" loading=\"lazy\" class=\"wp-image-12562 aligncenter\" src=\"http:\/\/www.spa-grillon.fr\/wp-content\/uploads\/2022\/09\/rio-11-1024x937.jpg\" alt=\"rio (11)\" width=\"525\" height=\"480\" srcset=\"https:\/\/www.spa-grillon.fr\/wp-content\/uploads\/2022\/09\/rio-11-1024x937.jpg 1024w, https:\/\/www.spa-grillon.fr\/wp-content\/uploads\/2022\/09\/rio-11-300x275.jpg 300w, https:\/\/www.spa-grillon.fr\/wp-content\/uploads\/2022\/09\/rio-11-768x703.jpg 768w, https:\/\/www.spa-grillon.fr\/wp-content\/uploads\/2022\/09\/rio-11.jpg 1300w\" sizes=\"(max-width: 525px) 100vw, 525px\" \/><\/a><\/p>\n","protected":false},"excerpt":{"rendered":"<p>Rio, n\u00e9 en mars 2020, a \u00e9t\u00e9 abandonn\u00e9 suite \u00e0 une s\u00e9paration. C&rsquo;est un chat terriblement gentil et affectueux. Il nous a \u00e9t\u00e9 amen\u00e9 avec son copain R\u00e9glisse mais ils ne semblent pas tr\u00e8s li\u00e9s et peuvent \u00eatre adopt\u00e9s s\u00e9par\u00e9ment. &hellip; <a href=\"https:\/\/www.spa-grillon.fr\/?page_id=12557\">Continuer la lecture <span class=\"meta-nav\">&rarr;<\/span><\/a><\/p>\n","protected":false},"author":2,"featured_media":0,"parent":0,"menu_order":0,"comment_status":"closed","ping_status":"closed","template":"","meta":[],"_links":{"self":[{"href":"https:\/\/www.spa-grillon.fr\/index.php?rest_route=\/wp\/v2\/pages\/12557"}],"collection":[{"href":"https:\/\/www.spa-grillon.fr\/index.php?rest_route=\/wp\/v2\/pages"}],"about":[{"href":"https:\/\/www.spa-grillon.fr\/index.php?rest_route=\/wp\/v2\/types\/page"}],"author":[{"embeddable":true,"href":"https:\/\/www.spa-grillon.fr\/index.php?rest_route=\/wp\/v2\/users\/2"}],"replies":[{"embeddable":true,"href":"https:\/\/www.spa-grillon.fr\/index.php?rest_route=%2Fwp%2Fv2%2Fcomments&post=12557"}],"version-history":[{"count":3,"href":"https:\/\/www.spa-grillon.fr\/index.php?rest_route=\/wp\/v2\/pages\/12557\/revisions"}],"predecessor-version":[{"id":12581,"href":"https:\/\/www.spa-grillon.fr\/index.php?rest_route=\/wp\/v2\/pages\/12557\/revisions\/12581"}],"wp:attachment":[{"href":"https:\/\/www.spa-grillon.fr\/index.php?rest_route=%2Fwp%2Fv2%2Fmedia&parent=12557"}],"curies":[{"name":"wp","href":"https:\/\/api.w.org\/{rel}","templated":true}]}}