{"id":12565,"date":"2022-09-03T17:26:24","date_gmt":"2022-09-03T16:26:24","guid":{"rendered":"http:\/\/www.spa-grillon.fr\/?page_id=12565"},"modified":"2022-09-03T17:48:14","modified_gmt":"2022-09-03T16:48:14","slug":"reglisse","status":"publish","type":"page","link":"https:\/\/www.spa-grillon.fr\/?page_id=12565","title":{"rendered":"REGLISSE"},"content":{"rendered":"<p style=\"text-align: justify;\"><a href=\"http:\/\/www.spa-grillon.fr\/wp-content\/uploads\/2022\/09\/R\u00e9glisse-1.jpg\" rel=\"attachment wp-att-12566\"><img decoding=\"async\" loading=\"lazy\" class=\" wp-image-12566 alignleft\" src=\"http:\/\/www.spa-grillon.fr\/wp-content\/uploads\/2022\/09\/R\u00e9glisse-1-281x300.jpg\" alt=\"R\u00e9glisse (1)\" width=\"329\" height=\"351\" srcset=\"https:\/\/www.spa-grillon.fr\/wp-content\/uploads\/2022\/09\/R\u00e9glisse-1-281x300.jpg 281w, https:\/\/www.spa-grillon.fr\/wp-content\/uploads\/2022\/09\/R\u00e9glisse-1-768x820.jpg 768w, https:\/\/www.spa-grillon.fr\/wp-content\/uploads\/2022\/09\/R\u00e9glisse-1-959x1024.jpg 959w, https:\/\/www.spa-grillon.fr\/wp-content\/uploads\/2022\/09\/R\u00e9glisse-1.jpg 1288w\" sizes=\"(max-width: 329px) 100vw, 329px\" \/><\/a>Ce beau matou, n\u00e9 en mars 2020, est arriv\u00e9 avec son copain Rio, abandonn\u00e9 suite \u00e0 une s\u00e9paration. Il ne supportait pas la nouvelle vie en appartement qui lui \u00e9tait impos\u00e9e par sa nouvelle situation. C&rsquo;est un chat tr\u00e8s affectueux et proche de l&rsquo;humain dont il recherche le contact. Il trouvera facilement sa place dans une famille, nombreuse ou non, avec ou sans enfants. Il s&rsquo;entend relativement bien avec ses cong\u00e9n\u00e8res, en tout cas, il les tol\u00e8re et les c\u00f4toie sans bagarres. Pour les chiens, il en aurait fr\u00e9quent\u00e9s mais on ne sait pas vraiment ; il faudra faire un essai si une cohabitation est envisag\u00e9e.\u00a0 Si Rio est son compagnon de gal\u00e8re, tous deux ne sont pas forc\u00e9ment tr\u00e8s li\u00e9s et ils peuvent \u00eatre adopt\u00e9s s\u00e9par\u00e9ment \u00e0 condition qu&rsquo;un petit ext\u00e9rieur vienne agr\u00e9menter son nouveau chez-lui. R\u00e9glisse est vraiment un gentil matou : sachez lui donner sa chance !<\/p>\n<p style=\"text-align: justify;\"><a href=\"http:\/\/www.spa-grillon.fr\/wp-content\/uploads\/2022\/09\/R\u00e9glisse-3.jpg\" rel=\"attachment wp-att-12568\"><img decoding=\"async\" loading=\"lazy\" class=\"aligncenter wp-image-12568 \" src=\"http:\/\/www.spa-grillon.fr\/wp-content\/uploads\/2022\/09\/R\u00e9glisse-3-e1662222322227-949x1024.jpg\" alt=\"R\u00e9glisse (3)\" width=\"524\" height=\"566\" srcset=\"https:\/\/www.spa-grillon.fr\/wp-content\/uploads\/2022\/09\/R\u00e9glisse-3-e1662222322227-949x1024.jpg 949w, https:\/\/www.spa-grillon.fr\/wp-content\/uploads\/2022\/09\/R\u00e9glisse-3-e1662222322227-278x300.jpg 278w, https:\/\/www.spa-grillon.fr\/wp-content\/uploads\/2022\/09\/R\u00e9glisse-3-e1662222322227-768x828.jpg 768w, https:\/\/www.spa-grillon.fr\/wp-content\/uploads\/2022\/09\/R\u00e9glisse-3-e1662222322227.jpg 953w\" sizes=\"(max-width: 524px) 100vw, 524px\" \/><\/a><\/p>\n<p style=\"text-align: justify;\"><a href=\"http:\/\/www.spa-grillon.fr\/wp-content\/uploads\/2022\/09\/R\u00e9glisse-6.jpg\" rel=\"attachment wp-att-12571\"><img decoding=\"async\" loading=\"lazy\" class=\"wp-image-12571 aligncenter\" src=\"http:\/\/www.spa-grillon.fr\/wp-content\/uploads\/2022\/09\/R\u00e9glisse-6-725x1024.jpg\" alt=\"R\u00e9glisse (6)\" width=\"452\" height=\"638\" srcset=\"https:\/\/www.spa-grillon.fr\/wp-content\/uploads\/2022\/09\/R\u00e9glisse-6-725x1024.jpg 725w, https:\/\/www.spa-grillon.fr\/wp-content\/uploads\/2022\/09\/R\u00e9glisse-6-212x300.jpg 212w, https:\/\/www.spa-grillon.fr\/wp-content\/uploads\/2022\/09\/R\u00e9glisse-6-768x1085.jpg 768w, https:\/\/www.spa-grillon.fr\/wp-content\/uploads\/2022\/09\/R\u00e9glisse-6.jpg 831w\" sizes=\"(max-width: 452px) 100vw, 452px\" \/><\/a> <a href=\"http:\/\/www.spa-grillon.fr\/wp-content\/uploads\/2022\/09\/R\u00e9glisse-4.jpg\" rel=\"attachment wp-att-12569\"><img decoding=\"async\" loading=\"lazy\" class=\"wp-image-12569 aligncenter\" src=\"http:\/\/www.spa-grillon.fr\/wp-content\/uploads\/2022\/09\/R\u00e9glisse-4-775x1024.jpg\" alt=\"R\u00e9glisse (4)\" width=\"452\" height=\"598\" srcset=\"https:\/\/www.spa-grillon.fr\/wp-content\/uploads\/2022\/09\/R\u00e9glisse-4-775x1024.jpg 775w, https:\/\/www.spa-grillon.fr\/wp-content\/uploads\/2022\/09\/R\u00e9glisse-4-227x300.jpg 227w, https:\/\/www.spa-grillon.fr\/wp-content\/uploads\/2022\/09\/R\u00e9glisse-4-768x1015.jpg 768w, https:\/\/www.spa-grillon.fr\/wp-content\/uploads\/2022\/09\/R\u00e9glisse-4.jpg 1362w\" sizes=\"(max-width: 452px) 100vw, 452px\" \/><\/a><\/p>\n<p style=\"text-align: center;\"><a href=\"http:\/\/www.spa-grillon.fr\/wp-content\/uploads\/2022\/09\/R\u00e9glisse-1.jpg\" rel=\"attachment wp-att-12566\"><img decoding=\"async\" loading=\"lazy\" class=\" wp-image-12566 alignnone\" src=\"http:\/\/www.spa-grillon.fr\/wp-content\/uploads\/2022\/09\/R\u00e9glisse-1-959x1024.jpg\" alt=\"R\u00e9glisse (1)\" width=\"558\" height=\"595\" srcset=\"https:\/\/www.spa-grillon.fr\/wp-content\/uploads\/2022\/09\/R\u00e9glisse-1-959x1024.jpg 959w, https:\/\/www.spa-grillon.fr\/wp-content\/uploads\/2022\/09\/R\u00e9glisse-1-281x300.jpg 281w, https:\/\/www.spa-grillon.fr\/wp-content\/uploads\/2022\/09\/R\u00e9glisse-1-768x820.jpg 768w, https:\/\/www.spa-grillon.fr\/wp-content\/uploads\/2022\/09\/R\u00e9glisse-1.jpg 1288w\" sizes=\"(max-width: 558px) 100vw, 558px\" \/><\/a><\/p>\n","protected":false},"excerpt":{"rendered":"<p>Ce beau matou, n\u00e9 en mars 2020, est arriv\u00e9 avec son copain Rio, abandonn\u00e9 suite \u00e0 une s\u00e9paration. Il ne supportait pas la nouvelle vie en appartement qui lui \u00e9tait impos\u00e9e par sa nouvelle situation. C&rsquo;est un chat tr\u00e8s affectueux &hellip; <a href=\"https:\/\/www.spa-grillon.fr\/?page_id=12565\">Continuer la lecture <span class=\"meta-nav\">&rarr;<\/span><\/a><\/p>\n","protected":false},"author":2,"featured_media":0,"parent":0,"menu_order":0,"comment_status":"closed","ping_status":"closed","template":"","meta":[],"_links":{"self":[{"href":"https:\/\/www.spa-grillon.fr\/index.php?rest_route=\/wp\/v2\/pages\/12565"}],"collection":[{"href":"https:\/\/www.spa-grillon.fr\/index.php?rest_route=\/wp\/v2\/pages"}],"about":[{"href":"https:\/\/www.spa-grillon.fr\/index.php?rest_route=\/wp\/v2\/types\/page"}],"author":[{"embeddable":true,"href":"https:\/\/www.spa-grillon.fr\/index.php?rest_route=\/wp\/v2\/users\/2"}],"replies":[{"embeddable":true,"href":"https:\/\/www.spa-grillon.fr\/index.php?rest_route=%2Fwp%2Fv2%2Fcomments&post=12565"}],"version-history":[{"count":4,"href":"https:\/\/www.spa-grillon.fr\/index.php?rest_route=\/wp\/v2\/pages\/12565\/revisions"}],"predecessor-version":[{"id":12579,"href":"https:\/\/www.spa-grillon.fr\/index.php?rest_route=\/wp\/v2\/pages\/12565\/revisions\/12579"}],"wp:attachment":[{"href":"https:\/\/www.spa-grillon.fr\/index.php?rest_route=%2Fwp%2Fv2%2Fmedia&parent=12565"}],"curies":[{"name":"wp","href":"https:\/\/api.w.org\/{rel}","templated":true}]}}