{"id":12696,"date":"2022-11-03T11:09:51","date_gmt":"2022-11-03T10:09:51","guid":{"rendered":"http:\/\/www.spa-grillon.fr\/?page_id=12696"},"modified":"2023-12-25T19:48:29","modified_gmt":"2023-12-25T18:48:29","slug":"tyson-3","status":"publish","type":"page","link":"https:\/\/www.spa-grillon.fr\/?page_id=12696","title":{"rendered":"TYSON"},"content":{"rendered":"<p><strong><img decoding=\"async\" loading=\"lazy\" class=\"alignleft wp-image-12702 size-medium\" src=\"http:\/\/www.spa-grillon.fr\/wp-content\/uploads\/2022\/11\/Tyson-7-e1667470267698-300x300.jpg\" alt=\"Tyson (7)\" width=\"300\" height=\"300\" \/><\/strong><\/p>\n<p>&nbsp;<\/p>\n<p><strong>Sexe<\/strong> : m\u00e2le<\/p>\n<p><strong>Race <\/strong>: x labrador<\/p>\n<p><strong>Age <\/strong>: n\u00e9 en 02\/2014<\/p>\n<p><strong>Taille <\/strong>: grande<\/p>\n<p>&nbsp;<\/p>\n<p>&nbsp;<\/p>\n<p style=\"text-align: justify;\"><strong>Caract\u00e9ristiques <\/strong>: Tyson fait partie de ces chiens anonymes que personne ne regarde, pas m\u00eame ceux qui ont partag\u00e9 sa vie. De ce que l&rsquo;on sait, ses propri\u00e9taires ont d\u00e9m\u00e9nag\u00e9 et l&rsquo;ont \u00ab\u00a0oubli\u00e9\u00a0\u00bb derri\u00e8re eux. Il est noir, son museau commence \u00e0 blanchir et son comportement est parfois un peu d\u00e9bordant. Et pourtant, il devrait avoir, comme n&rsquo;importe quel autre, sa chance de retrouver une famille. C&rsquo;est un brave chien!! Assez stress\u00e9 \u00e0 son arriv\u00e9e, il s&rsquo;est depuis bien d\u00e9tendu et n&rsquo;a plus l&rsquo;attitude fr\u00e9n\u00e9tique qu&rsquo;il pouvait montrer avant. Aujourd&rsquo;hui, il a pris ses marques et se r\u00e9v\u00e8le un chien assez calme quand quelqu&rsquo;un est avec lui. Il aime beaucoup promener et ne tire plus trop sur la laisse : il profite de ses balades en reniflant et furetant. Il reste un petit costaud et il faut \u00eatre capable de le retenir notamment s&rsquo;il voit passer une moustache f\u00e9line ! Pour peu que la balade s&rsquo;accompagne de papouilles, alors, c&rsquo;est le plus heureux des chiens. Il s&rsquo;entend avec les femelles : les m\u00e2les, c&rsquo;est selon mais en g\u00e9n\u00e9ral, il est plut\u00f4t sympa. En tout cas, pas de risques de d\u00e9bordements en promenades. En revanche, les chats, c&rsquo;est une autre histoire et une cohabitation n&rsquo;est vraiment pas envisageable. On \u00e9vitera les jeunes enfants car Tyson a encore du gaz et peut bousculer involontairement mais c&rsquo;est un brave chien qui pourra s&rsquo;adapter \u00e0 tout type de famille.<\/p>\n<p style=\"text-align: justify;\"><img decoding=\"async\" loading=\"lazy\" class=\"wp-image-14367 aligncenter\" src=\"https:\/\/www.spa-grillon.fr\/wp-content\/uploads\/2022\/11\/Tyson-4-1-775x1024.jpg\" alt=\"Tyson (4)\" width=\"520\" height=\"687\" srcset=\"https:\/\/www.spa-grillon.fr\/wp-content\/uploads\/2022\/11\/Tyson-4-1-775x1024.jpg 775w, https:\/\/www.spa-grillon.fr\/wp-content\/uploads\/2022\/11\/Tyson-4-1-227x300.jpg 227w, https:\/\/www.spa-grillon.fr\/wp-content\/uploads\/2022\/11\/Tyson-4-1-768x1015.jpg 768w, https:\/\/www.spa-grillon.fr\/wp-content\/uploads\/2022\/11\/Tyson-4-1.jpg 1616w\" sizes=\"(max-width: 520px) 100vw, 520px\" \/> <img decoding=\"async\" loading=\"lazy\" class=\"wp-image-14365 aligncenter\" src=\"https:\/\/www.spa-grillon.fr\/wp-content\/uploads\/2022\/11\/Tyson-2-1-843x1024.jpg\" alt=\"Tyson (2)\" width=\"526\" height=\"639\" srcset=\"https:\/\/www.spa-grillon.fr\/wp-content\/uploads\/2022\/11\/Tyson-2-1-843x1024.jpg 843w, https:\/\/www.spa-grillon.fr\/wp-content\/uploads\/2022\/11\/Tyson-2-1-247x300.jpg 247w, https:\/\/www.spa-grillon.fr\/wp-content\/uploads\/2022\/11\/Tyson-2-1-768x933.jpg 768w, https:\/\/www.spa-grillon.fr\/wp-content\/uploads\/2022\/11\/Tyson-2-1.jpg 1017w\" sizes=\"(max-width: 526px) 100vw, 526px\" \/><\/p>\n<p style=\"text-align: justify;\"><img decoding=\"async\" loading=\"lazy\" class=\"wp-image-12699 aligncenter\" src=\"http:\/\/www.spa-grillon.fr\/wp-content\/uploads\/2022\/11\/Tyson-9-942x1024.jpg\" alt=\"Tyson (9)\" width=\"525\" height=\"571\" srcset=\"https:\/\/www.spa-grillon.fr\/wp-content\/uploads\/2022\/11\/Tyson-9-942x1024.jpg 942w, https:\/\/www.spa-grillon.fr\/wp-content\/uploads\/2022\/11\/Tyson-9-276x300.jpg 276w, https:\/\/www.spa-grillon.fr\/wp-content\/uploads\/2022\/11\/Tyson-9-768x835.jpg 768w, https:\/\/www.spa-grillon.fr\/wp-content\/uploads\/2022\/11\/Tyson-9.jpg 1651w\" sizes=\"(max-width: 525px) 100vw, 525px\" \/><\/p>\n<p style=\"text-align: justify;\"><img decoding=\"async\" loading=\"lazy\" class=\"wp-image-12701 aligncenter\" src=\"http:\/\/www.spa-grillon.fr\/wp-content\/uploads\/2022\/11\/Tyson-6-1024x985.jpg\" alt=\"Tyson (6)\" width=\"525\" height=\"505\" \/><\/p>\n<p style=\"text-align: justify;\"><img decoding=\"async\" loading=\"lazy\" class=\"wp-image-12703 aligncenter\" src=\"http:\/\/www.spa-grillon.fr\/wp-content\/uploads\/2022\/11\/Tyson-8-753x1024.jpg\" alt=\"Tyson (8)\" width=\"525\" height=\"714\" srcset=\"https:\/\/www.spa-grillon.fr\/wp-content\/uploads\/2022\/11\/Tyson-8-753x1024.jpg 753w, https:\/\/www.spa-grillon.fr\/wp-content\/uploads\/2022\/11\/Tyson-8-220x300.jpg 220w, https:\/\/www.spa-grillon.fr\/wp-content\/uploads\/2022\/11\/Tyson-8-768x1045.jpg 768w, https:\/\/www.spa-grillon.fr\/wp-content\/uploads\/2022\/11\/Tyson-8.jpg 1800w\" sizes=\"(max-width: 525px) 100vw, 525px\" \/><\/p>\n<p style=\"text-align: justify;\"><img decoding=\"async\" loading=\"lazy\" class=\"wp-image-13059 aligncenter\" src=\"http:\/\/www.spa-grillon.fr\/wp-content\/uploads\/2022\/11\/Tyson-3-888x1024.jpg\" alt=\"Tyson (3)\" width=\"539\" height=\"622\" srcset=\"https:\/\/www.spa-grillon.fr\/wp-content\/uploads\/2022\/11\/Tyson-3-888x1024.jpg 888w, https:\/\/www.spa-grillon.fr\/wp-content\/uploads\/2022\/11\/Tyson-3-260x300.jpg 260w, https:\/\/www.spa-grillon.fr\/wp-content\/uploads\/2022\/11\/Tyson-3-768x886.jpg 768w, https:\/\/www.spa-grillon.fr\/wp-content\/uploads\/2022\/11\/Tyson-3.jpg 1374w\" sizes=\"(max-width: 539px) 100vw, 539px\" \/> <img decoding=\"async\" loading=\"lazy\" class=\"wp-image-13060 aligncenter\" src=\"http:\/\/www.spa-grillon.fr\/wp-content\/uploads\/2022\/11\/Tyson-4-624x1024.jpg\" alt=\"Tyson (4)\" width=\"539\" height=\"884\" srcset=\"https:\/\/www.spa-grillon.fr\/wp-content\/uploads\/2022\/11\/Tyson-4-624x1024.jpg 624w, https:\/\/www.spa-grillon.fr\/wp-content\/uploads\/2022\/11\/Tyson-4-183x300.jpg 183w, https:\/\/www.spa-grillon.fr\/wp-content\/uploads\/2022\/11\/Tyson-4-768x1261.jpg 768w, https:\/\/www.spa-grillon.fr\/wp-content\/uploads\/2022\/11\/Tyson-4.jpg 1800w\" sizes=\"(max-width: 539px) 100vw, 539px\" \/><img decoding=\"async\" loading=\"lazy\" class=\"wp-image-12700 aligncenter\" src=\"http:\/\/www.spa-grillon.fr\/wp-content\/uploads\/2022\/11\/Tyson-5-1006x1024.jpg\" alt=\"Tyson (5)\" width=\"525\" height=\"534\" srcset=\"https:\/\/www.spa-grillon.fr\/wp-content\/uploads\/2022\/11\/Tyson-5-1006x1024.jpg 1006w, https:\/\/www.spa-grillon.fr\/wp-content\/uploads\/2022\/11\/Tyson-5-295x300.jpg 295w, https:\/\/www.spa-grillon.fr\/wp-content\/uploads\/2022\/11\/Tyson-5-768x781.jpg 768w, https:\/\/www.spa-grillon.fr\/wp-content\/uploads\/2022\/11\/Tyson-5.jpg 1436w\" sizes=\"(max-width: 525px) 100vw, 525px\" \/><\/p>\n","protected":false},"excerpt":{"rendered":"<p>&nbsp; Sexe : m\u00e2le Race : x labrador Age : n\u00e9 en 02\/2014 Taille : grande &nbsp; &nbsp; Caract\u00e9ristiques : Tyson fait partie de ces chiens anonymes que personne ne regarde, pas m\u00eame ceux qui ont partag\u00e9 sa vie. De &hellip; <a href=\"https:\/\/www.spa-grillon.fr\/?page_id=12696\">Continuer la lecture <span class=\"meta-nav\">&rarr;<\/span><\/a><\/p>\n","protected":false},"author":2,"featured_media":0,"parent":0,"menu_order":0,"comment_status":"closed","ping_status":"closed","template":"","meta":[],"_links":{"self":[{"href":"https:\/\/www.spa-grillon.fr\/index.php?rest_route=\/wp\/v2\/pages\/12696"}],"collection":[{"href":"https:\/\/www.spa-grillon.fr\/index.php?rest_route=\/wp\/v2\/pages"}],"about":[{"href":"https:\/\/www.spa-grillon.fr\/index.php?rest_route=\/wp\/v2\/types\/page"}],"author":[{"embeddable":true,"href":"https:\/\/www.spa-grillon.fr\/index.php?rest_route=\/wp\/v2\/users\/2"}],"replies":[{"embeddable":true,"href":"https:\/\/www.spa-grillon.fr\/index.php?rest_route=%2Fwp%2Fv2%2Fcomments&post=12696"}],"version-history":[{"count":9,"href":"https:\/\/www.spa-grillon.fr\/index.php?rest_route=\/wp\/v2\/pages\/12696\/revisions"}],"predecessor-version":[{"id":14369,"href":"https:\/\/www.spa-grillon.fr\/index.php?rest_route=\/wp\/v2\/pages\/12696\/revisions\/14369"}],"wp:attachment":[{"href":"https:\/\/www.spa-grillon.fr\/index.php?rest_route=%2Fwp%2Fv2%2Fmedia&parent=12696"}],"curies":[{"name":"wp","href":"https:\/\/api.w.org\/{rel}","templated":true}]}}