{"id":12711,"date":"2022-11-03T11:28:23","date_gmt":"2022-11-03T10:28:23","guid":{"rendered":"http:\/\/www.spa-grillon.fr\/?page_id=12711"},"modified":"2022-11-03T12:44:03","modified_gmt":"2022-11-03T11:44:03","slug":"benji-3","status":"publish","type":"page","link":"https:\/\/www.spa-grillon.fr\/?page_id=12711","title":{"rendered":"BENJI"},"content":{"rendered":"<p><strong><a href=\"http:\/\/www.spa-grillon.fr\/wp-content\/uploads\/2022\/11\/Benji-2.jpg\" rel=\"attachment wp-att-12712\"><img decoding=\"async\" loading=\"lazy\" class=\"size-medium wp-image-12712 alignleft\" src=\"http:\/\/www.spa-grillon.fr\/wp-content\/uploads\/2022\/11\/Benji-2-265x300.jpg\" alt=\"Benji (2)\" width=\"265\" height=\"300\" srcset=\"https:\/\/www.spa-grillon.fr\/wp-content\/uploads\/2022\/11\/Benji-2-265x300.jpg 265w, https:\/\/www.spa-grillon.fr\/wp-content\/uploads\/2022\/11\/Benji-2-768x871.jpg 768w, https:\/\/www.spa-grillon.fr\/wp-content\/uploads\/2022\/11\/Benji-2-903x1024.jpg 903w, https:\/\/www.spa-grillon.fr\/wp-content\/uploads\/2022\/11\/Benji-2.jpg 1745w\" sizes=\"(max-width: 265px) 100vw, 265px\" \/><\/a><\/strong><\/p>\n<p>&nbsp;<\/p>\n<p><strong>Sexe<\/strong> : m\u00e2le<\/p>\n<p><strong>Race <\/strong>: x labrit<\/p>\n<p><strong>Age <\/strong>: n\u00e9 en 01\/2021<\/p>\n<p><strong>Taille <\/strong>: moyenne<\/p>\n<p>&nbsp;<\/p>\n<p style=\"text-align: justify;\"><strong><br \/>\nCaract\u00e9ristiques : <\/strong>Benji est un amour de petit chien. Il est plut\u00f4t sage, ne tire pas trop en laisse. Il conna\u00eet quelques ordres de base. Tr\u00e8s joueur, il ferait merveille avec des enfants.\u00a0Il est sans doute un peu vif pour une personne \u00e2g\u00e9e mais il peut convenir \u00e0 tout type de famille \u00e0 condition que celle-ci soit suffisamment pr\u00e9sente car il a un peu de mal \u00e0 rester seul, \u00e0 moins qu&rsquo;il n&rsquo;ait un compagnon. Il est tr\u00e8s sociable avec ses cong\u00e9n\u00e8res et s&rsquo;entendra joyeusement avec un copain chien dans sa nouvelle maison. Les chats &#8230; c&rsquo;est \u00e0 voir mais le d\u00e9fi semble de taille car il est tr\u00e8s tr\u00e8s int\u00e9ress\u00e9. Il est tout jeune et a toutes les attitudes d&rsquo;un gamin : tout foufou, il sautille partout, vous assaille de bisous et de c\u00e2lins, il tourne et vire, bref, c&rsquo;est un petit \u00e0 \u00e9duquer mais il a bon caract\u00e8re et progressera sans doute tr\u00e8s vite. Arriv\u00e9 au refuge dans un \u00e9tat proche du sac de n\u0153uds, il a \u00e9t\u00e9 tondu mais il ressemble vraiment \u00e0 un petit labrit. Pour ceux qui craignent l&rsquo;entretien, ces chiens ne perdent pas plus de poils que n&rsquo;importe quel autre (les petits poils bien drus sont plus difficile \u00e0 chasser que les poils un peu longs) : il faudra juste le brosser de temps en temps. <strong><br \/>\n<\/strong><\/p>\n<p style=\"text-align: justify;\"><a href=\"http:\/\/www.spa-grillon.fr\/wp-content\/uploads\/2022\/11\/Benji-1.jpg\" rel=\"attachment wp-att-12713\"><img decoding=\"async\" loading=\"lazy\" class=\"wp-image-12713 aligncenter\" src=\"http:\/\/www.spa-grillon.fr\/wp-content\/uploads\/2022\/11\/Benji-1-865x1024.jpg\" alt=\"Benji (1)\" width=\"491\" height=\"582\" srcset=\"https:\/\/www.spa-grillon.fr\/wp-content\/uploads\/2022\/11\/Benji-1-865x1024.jpg 865w, https:\/\/www.spa-grillon.fr\/wp-content\/uploads\/2022\/11\/Benji-1-253x300.jpg 253w, https:\/\/www.spa-grillon.fr\/wp-content\/uploads\/2022\/11\/Benji-1-768x909.jpg 768w, https:\/\/www.spa-grillon.fr\/wp-content\/uploads\/2022\/11\/Benji-1.jpg 1783w\" sizes=\"(max-width: 491px) 100vw, 491px\" \/><\/a><\/p>\n<div id=\"attachment_12716\" style=\"width: 497px\" class=\"wp-caption aligncenter\"><a href=\"http:\/\/www.spa-grillon.fr\/wp-content\/uploads\/2022\/11\/20221025_150531.jpg\" rel=\"attachment wp-att-12716\"><img aria-describedby=\"caption-attachment-12716\" decoding=\"async\" loading=\"lazy\" class=\"wp-image-12716 \" src=\"http:\/\/www.spa-grillon.fr\/wp-content\/uploads\/2022\/11\/20221025_150531-e1667471228397-759x1024.jpg\" alt=\"20221025_150531\" width=\"487\" height=\"657\" srcset=\"https:\/\/www.spa-grillon.fr\/wp-content\/uploads\/2022\/11\/20221025_150531-e1667471228397-759x1024.jpg 759w, https:\/\/www.spa-grillon.fr\/wp-content\/uploads\/2022\/11\/20221025_150531-e1667471228397-222x300.jpg 222w, https:\/\/www.spa-grillon.fr\/wp-content\/uploads\/2022\/11\/20221025_150531-e1667471228397-768x1036.jpg 768w, https:\/\/www.spa-grillon.fr\/wp-content\/uploads\/2022\/11\/20221025_150531-e1667471228397.jpg 1062w\" sizes=\"(max-width: 487px) 100vw, 487px\" \/><\/a><p id=\"caption-attachment-12716\" class=\"wp-caption-text\">A son arriv\u00e9e, fa\u00e7on y\u00e9ti&#8230;<\/p><\/div>\n<p style=\"text-align: justify;\"><a href=\"http:\/\/www.spa-grillon.fr\/wp-content\/uploads\/2022\/11\/Benji-4.jpg\" rel=\"attachment wp-att-12714\"><img decoding=\"async\" loading=\"lazy\" class=\"wp-image-12714 aligncenter\" src=\"http:\/\/www.spa-grillon.fr\/wp-content\/uploads\/2022\/11\/Benji-4-847x1024.jpg\" alt=\"Benji (4)\" width=\"491\" height=\"593\" srcset=\"https:\/\/www.spa-grillon.fr\/wp-content\/uploads\/2022\/11\/Benji-4-847x1024.jpg 847w, https:\/\/www.spa-grillon.fr\/wp-content\/uploads\/2022\/11\/Benji-4-248x300.jpg 248w, https:\/\/www.spa-grillon.fr\/wp-content\/uploads\/2022\/11\/Benji-4-768x928.jpg 768w, https:\/\/www.spa-grillon.fr\/wp-content\/uploads\/2022\/11\/Benji-4.jpg 1489w\" sizes=\"(max-width: 491px) 100vw, 491px\" \/><\/a>\u00a0<a href=\"http:\/\/www.spa-grillon.fr\/wp-content\/uploads\/2022\/11\/Benji-2.jpg\" rel=\"attachment wp-att-12712\"><img decoding=\"async\" loading=\"lazy\" class=\"wp-image-12712 aligncenter\" src=\"http:\/\/www.spa-grillon.fr\/wp-content\/uploads\/2022\/11\/Benji-2-903x1024.jpg\" alt=\"Benji (2)\" width=\"497\" height=\"564\" srcset=\"https:\/\/www.spa-grillon.fr\/wp-content\/uploads\/2022\/11\/Benji-2-903x1024.jpg 903w, https:\/\/www.spa-grillon.fr\/wp-content\/uploads\/2022\/11\/Benji-2-265x300.jpg 265w, https:\/\/www.spa-grillon.fr\/wp-content\/uploads\/2022\/11\/Benji-2-768x871.jpg 768w, https:\/\/www.spa-grillon.fr\/wp-content\/uploads\/2022\/11\/Benji-2.jpg 1745w\" sizes=\"(max-width: 497px) 100vw, 497px\" \/><\/a><\/p>\n","protected":false},"excerpt":{"rendered":"<p>&nbsp; Sexe : m\u00e2le Race : x labrit Age : n\u00e9 en 01\/2021 Taille : moyenne &nbsp; Caract\u00e9ristiques : Benji est un amour de petit chien. Il est plut\u00f4t sage, ne tire pas trop en laisse. Il conna\u00eet quelques ordres &hellip; <a href=\"https:\/\/www.spa-grillon.fr\/?page_id=12711\">Continuer la lecture <span class=\"meta-nav\">&rarr;<\/span><\/a><\/p>\n","protected":false},"author":2,"featured_media":0,"parent":0,"menu_order":0,"comment_status":"closed","ping_status":"closed","template":"","meta":[],"_links":{"self":[{"href":"https:\/\/www.spa-grillon.fr\/index.php?rest_route=\/wp\/v2\/pages\/12711"}],"collection":[{"href":"https:\/\/www.spa-grillon.fr\/index.php?rest_route=\/wp\/v2\/pages"}],"about":[{"href":"https:\/\/www.spa-grillon.fr\/index.php?rest_route=\/wp\/v2\/types\/page"}],"author":[{"embeddable":true,"href":"https:\/\/www.spa-grillon.fr\/index.php?rest_route=\/wp\/v2\/users\/2"}],"replies":[{"embeddable":true,"href":"https:\/\/www.spa-grillon.fr\/index.php?rest_route=%2Fwp%2Fv2%2Fcomments&post=12711"}],"version-history":[{"count":3,"href":"https:\/\/www.spa-grillon.fr\/index.php?rest_route=\/wp\/v2\/pages\/12711\/revisions"}],"predecessor-version":[{"id":12759,"href":"https:\/\/www.spa-grillon.fr\/index.php?rest_route=\/wp\/v2\/pages\/12711\/revisions\/12759"}],"wp:attachment":[{"href":"https:\/\/www.spa-grillon.fr\/index.php?rest_route=%2Fwp%2Fv2%2Fmedia&parent=12711"}],"curies":[{"name":"wp","href":"https:\/\/api.w.org\/{rel}","templated":true}]}}