{"id":12729,"date":"2022-11-03T12:20:27","date_gmt":"2022-11-03T11:20:27","guid":{"rendered":"http:\/\/www.spa-grillon.fr\/?page_id=12729"},"modified":"2022-12-11T16:10:24","modified_gmt":"2022-12-11T15:10:24","slug":"potter","status":"publish","type":"page","link":"https:\/\/www.spa-grillon.fr\/?page_id=12729","title":{"rendered":"POTTER"},"content":{"rendered":"<p style=\"text-align: left;\"><strong><a href=\"http:\/\/www.spa-grillon.fr\/wp-content\/uploads\/2022\/11\/POtter-8.jpg\" rel=\"attachment wp-att-12737\"><img decoding=\"async\" loading=\"lazy\" class=\"size-medium wp-image-12737 alignleft\" src=\"http:\/\/www.spa-grillon.fr\/wp-content\/uploads\/2022\/11\/POtter-8-273x300.jpg\" alt=\"POtter (8)\" width=\"273\" height=\"300\" srcset=\"https:\/\/www.spa-grillon.fr\/wp-content\/uploads\/2022\/11\/POtter-8-273x300.jpg 273w, https:\/\/www.spa-grillon.fr\/wp-content\/uploads\/2022\/11\/POtter-8.jpg 704w\" sizes=\"(max-width: 273px) 100vw, 273px\" \/><\/a><\/strong><\/p>\n<p style=\"text-align: left;\"><strong>Sexe<\/strong> : m\u00e2le<\/p>\n<p><strong>Race <\/strong>:\u00a0 terrier jack russel (non LOF)<\/p>\n<p><strong>Age <\/strong>: n\u00e9 en 01\/2022<\/p>\n<p><strong>Taille <\/strong>: petite<\/p>\n<p>&nbsp;<\/p>\n<p>&nbsp;<\/p>\n<p style=\"text-align: justify;\"><strong><br \/>\nCaract\u00e9ristiques <\/strong>: Potter est un petit bout de chien arriv\u00e9 totalement terroris\u00e9 au refuge. On en saura jamais ce qu&rsquo;il a v\u00e9cu avant mais une main lev\u00e9e ou une parole un peu trop forte et il se terre et se fait pipi dessus&#8230; le refuge sera vraisemblablement pour lui un destin moins difficile que pour d&rsquo;autres.<br \/>\nIl est adorable et tr\u00e8s affectueux : c&rsquo;est encore un chiot et il cherche beaucoup le contact, les c\u00e2lins m\u00eame s&rsquo;il semble parfois ne pas savoir ce qu&rsquo;on lui veut. Il conna\u00eet \u00ab\u00a0assis\u00a0\u00bb et \u00ab\u00a0couch\u00e9\u00a0\u00bb et il sera sans doute tr\u00e8s simple de lui apprendre tout le reste avec patience et douceur. S&rsquo;il est peureux, il ne montre jamais d&rsquo;agressivit\u00e9 pour se prot\u00e9ger et se contente de s&rsquo;aplatir au sol. De jour en jour, il devient plus serein : il est maintenant tout foufou quand il nous voir arriver et il saute partout. En promenade, il ne tire pas. Il n&rsquo;aime pas les chats et leur aboie dessus (c&rsquo;est un terrier, l&rsquo;entente avec les moustachus est souvent compliqu\u00e9e). Avec ses cong\u00e9n\u00e8res, il semble gentil : la pr\u00e9sence d&rsquo;un copain bien dans ses pattes l&rsquo;aiderait peut-\u00eatre \u00e0 s&rsquo;adapter plus vite. Quelques semaines dans une maison, des rep\u00e8res et de l&rsquo;affection devraient venir \u00e0 bout sans trop de difficult\u00e9 des angoisses de ce petit chien qui a tant \u00e0 donner.<\/p>\n<p style=\"text-align: justify;\"><a href=\"http:\/\/www.spa-grillon.fr\/wp-content\/uploads\/2022\/11\/POtter-1.jpg\" rel=\"attachment wp-att-12730\"><img decoding=\"async\" loading=\"lazy\" class=\"wp-image-12730 aligncenter\" src=\"http:\/\/www.spa-grillon.fr\/wp-content\/uploads\/2022\/11\/POtter-1-779x1024.jpg\" alt=\"POtter (1)\" width=\"514\" height=\"675\" srcset=\"https:\/\/www.spa-grillon.fr\/wp-content\/uploads\/2022\/11\/POtter-1-779x1024.jpg 779w, https:\/\/www.spa-grillon.fr\/wp-content\/uploads\/2022\/11\/POtter-1-228x300.jpg 228w, https:\/\/www.spa-grillon.fr\/wp-content\/uploads\/2022\/11\/POtter-1-768x1009.jpg 768w, https:\/\/www.spa-grillon.fr\/wp-content\/uploads\/2022\/11\/POtter-1.jpg 876w\" sizes=\"(max-width: 514px) 100vw, 514px\" \/><\/a> <a href=\"http:\/\/www.spa-grillon.fr\/wp-content\/uploads\/2022\/11\/POtter-5.jpg\" rel=\"attachment wp-att-12734\"><img decoding=\"async\" loading=\"lazy\" class=\"wp-image-12734 aligncenter\" src=\"http:\/\/www.spa-grillon.fr\/wp-content\/uploads\/2022\/11\/POtter-5-971x1024.jpg\" alt=\"POtter (5)\" width=\"514\" height=\"542\" srcset=\"https:\/\/www.spa-grillon.fr\/wp-content\/uploads\/2022\/11\/POtter-5-971x1024.jpg 971w, https:\/\/www.spa-grillon.fr\/wp-content\/uploads\/2022\/11\/POtter-5-284x300.jpg 284w, https:\/\/www.spa-grillon.fr\/wp-content\/uploads\/2022\/11\/POtter-5-768x810.jpg 768w, https:\/\/www.spa-grillon.fr\/wp-content\/uploads\/2022\/11\/POtter-5.jpg 1166w\" sizes=\"(max-width: 514px) 100vw, 514px\" \/><\/a><\/p>\n<p style=\"text-align: justify;\"><a href=\"http:\/\/www.spa-grillon.fr\/wp-content\/uploads\/2022\/11\/POtter-4.jpg\" rel=\"attachment wp-att-12733\"><img decoding=\"async\" loading=\"lazy\" class=\"wp-image-12733 aligncenter\" src=\"http:\/\/www.spa-grillon.fr\/wp-content\/uploads\/2022\/11\/POtter-4-838x1024.jpg\" alt=\"POtter (4)\" width=\"387\" height=\"473\" srcset=\"https:\/\/www.spa-grillon.fr\/wp-content\/uploads\/2022\/11\/POtter-4-838x1024.jpg 838w, https:\/\/www.spa-grillon.fr\/wp-content\/uploads\/2022\/11\/POtter-4-246x300.jpg 246w, https:\/\/www.spa-grillon.fr\/wp-content\/uploads\/2022\/11\/POtter-4-768x938.jpg 768w, https:\/\/www.spa-grillon.fr\/wp-content\/uploads\/2022\/11\/POtter-4.jpg 1800w\" sizes=\"(max-width: 387px) 100vw, 387px\" \/><\/a><\/p>\n","protected":false},"excerpt":{"rendered":"<p>Sexe : m\u00e2le Race :\u00a0 terrier jack russel (non LOF) Age : n\u00e9 en 01\/2022 Taille : petite &nbsp; &nbsp; Caract\u00e9ristiques : Potter est un petit bout de chien arriv\u00e9 totalement terroris\u00e9 au refuge. On en saura jamais ce qu&rsquo;il &hellip; <a href=\"https:\/\/www.spa-grillon.fr\/?page_id=12729\">Continuer la lecture <span class=\"meta-nav\">&rarr;<\/span><\/a><\/p>\n","protected":false},"author":2,"featured_media":0,"parent":0,"menu_order":0,"comment_status":"closed","ping_status":"closed","template":"","meta":[],"_links":{"self":[{"href":"https:\/\/www.spa-grillon.fr\/index.php?rest_route=\/wp\/v2\/pages\/12729"}],"collection":[{"href":"https:\/\/www.spa-grillon.fr\/index.php?rest_route=\/wp\/v2\/pages"}],"about":[{"href":"https:\/\/www.spa-grillon.fr\/index.php?rest_route=\/wp\/v2\/types\/page"}],"author":[{"embeddable":true,"href":"https:\/\/www.spa-grillon.fr\/index.php?rest_route=\/wp\/v2\/users\/2"}],"replies":[{"embeddable":true,"href":"https:\/\/www.spa-grillon.fr\/index.php?rest_route=%2Fwp%2Fv2%2Fcomments&post=12729"}],"version-history":[{"count":6,"href":"https:\/\/www.spa-grillon.fr\/index.php?rest_route=\/wp\/v2\/pages\/12729\/revisions"}],"predecessor-version":[{"id":12835,"href":"https:\/\/www.spa-grillon.fr\/index.php?rest_route=\/wp\/v2\/pages\/12729\/revisions\/12835"}],"wp:attachment":[{"href":"https:\/\/www.spa-grillon.fr\/index.php?rest_route=%2Fwp%2Fv2%2Fmedia&parent=12729"}],"curies":[{"name":"wp","href":"https:\/\/api.w.org\/{rel}","templated":true}]}}