{"id":12740,"date":"2022-11-03T12:32:50","date_gmt":"2022-11-03T11:32:50","guid":{"rendered":"http:\/\/www.spa-grillon.fr\/?page_id=12740"},"modified":"2022-11-03T12:33:53","modified_gmt":"2022-11-03T11:33:53","slug":"tao-2","status":"publish","type":"page","link":"https:\/\/www.spa-grillon.fr\/?page_id=12740","title":{"rendered":"TAO"},"content":{"rendered":"<p><strong><a href=\"http:\/\/www.spa-grillon.fr\/wp-content\/uploads\/2022\/11\/Tao-3.jpg\" rel=\"attachment wp-att-12743\"><img decoding=\"async\" loading=\"lazy\" class=\"size-medium wp-image-12743 alignleft\" src=\"http:\/\/www.spa-grillon.fr\/wp-content\/uploads\/2022\/11\/Tao-3-191x300.jpg\" alt=\"Tao (3)\" width=\"191\" height=\"300\" \/><\/a><\/strong><\/p>\n<p><strong>Sexe<\/strong> : m\u00e2le<\/p>\n<p><strong>Race <\/strong>: \u00e9pagneul breton (non LOF)<\/p>\n<p><strong>Age <\/strong>: n\u00e9 en 05\/2022<\/p>\n<p><strong>Taille <\/strong>: taille moyenne<\/p>\n<p>&nbsp;<\/p>\n<p>&nbsp;<\/p>\n<p style=\"text-align: justify;\"><strong>Caract\u00e9ristiques<\/strong> : Qui sait ce qu&rsquo;a v\u00e9cu ce chiot pour avoir si peur de l&rsquo;homme? Nous ne le saurons jamais. Il y a en tout cas un gros travail de socialisation \u00e0 fournir pour apaiser ce petit chien qui reste terrifi\u00e9 \u00e0 notre approche. Sans les limites de son box, il nous fuirait aussi loin que ses pattes pourraient le porter. Il n&rsquo;est \u00e0 l&rsquo;aise qu&rsquo;avec ses cong\u00e9n\u00e8res avec qui il se comporte comme n&rsquo;importe quel chiot : il aboie, il sautille, il joue comme un petit fou, il vit. Avec nous, il accepte seulement de promener mais il est encore difficile de le toucher pour le caresser. Il faudra donc \u00e0 Tao une famille responsable, consciente de la disponibilit\u00e9 n\u00e9cessaire \u00e0 ce chiot. Rien n&rsquo;est perdu pour lui, il est tout jeune mais il faudra du temps, de la patience et un peu de savoir faire. La pr\u00e9sence d&rsquo;un autre chien nous semble indispensable car les progr\u00e8s qu&rsquo;il a faits chez nous se sont faits par imitation de son copain de parc. Nous pourrons vous mettre en relation avec des \u00e9ducateurs pour vous guider si vous en avez besoin.<\/p>\n<p style=\"text-align: justify;\"><a href=\"http:\/\/www.spa-grillon.fr\/wp-content\/uploads\/2022\/11\/Tao.jpg\" rel=\"attachment wp-att-12744\"><img decoding=\"async\" loading=\"lazy\" class=\"wp-image-12744 aligncenter\" src=\"http:\/\/www.spa-grillon.fr\/wp-content\/uploads\/2022\/11\/Tao-948x1024.jpg\" alt=\"Tao\" width=\"461\" height=\"498\" srcset=\"https:\/\/www.spa-grillon.fr\/wp-content\/uploads\/2022\/11\/Tao-948x1024.jpg 948w, https:\/\/www.spa-grillon.fr\/wp-content\/uploads\/2022\/11\/Tao-278x300.jpg 278w, https:\/\/www.spa-grillon.fr\/wp-content\/uploads\/2022\/11\/Tao-768x830.jpg 768w, https:\/\/www.spa-grillon.fr\/wp-content\/uploads\/2022\/11\/Tao.jpg 1561w\" sizes=\"(max-width: 461px) 100vw, 461px\" \/><\/a><\/p>\n<p style=\"text-align: justify;\"><a href=\"http:\/\/www.spa-grillon.fr\/wp-content\/uploads\/2022\/11\/Tao-2.jpg\" rel=\"attachment wp-att-12742\"><img decoding=\"async\" loading=\"lazy\" class=\"wp-image-12742 aligncenter\" src=\"http:\/\/www.spa-grillon.fr\/wp-content\/uploads\/2022\/11\/Tao-2-662x1024.jpg\" alt=\"Tao (2)\" width=\"459\" height=\"710\" srcset=\"https:\/\/www.spa-grillon.fr\/wp-content\/uploads\/2022\/11\/Tao-2-662x1024.jpg 662w, https:\/\/www.spa-grillon.fr\/wp-content\/uploads\/2022\/11\/Tao-2-194x300.jpg 194w, https:\/\/www.spa-grillon.fr\/wp-content\/uploads\/2022\/11\/Tao-2-768x1188.jpg 768w, https:\/\/www.spa-grillon.fr\/wp-content\/uploads\/2022\/11\/Tao-2.jpg 1797w\" sizes=\"(max-width: 459px) 100vw, 459px\" \/><\/a><\/p>\n","protected":false},"excerpt":{"rendered":"<p>Sexe : m\u00e2le Race : \u00e9pagneul breton (non LOF) Age : n\u00e9 en 05\/2022 Taille : taille moyenne &nbsp; &nbsp; Caract\u00e9ristiques : Qui sait ce qu&rsquo;a v\u00e9cu ce chiot pour avoir si peur de l&rsquo;homme? Nous ne le saurons jamais. &hellip; <a href=\"https:\/\/www.spa-grillon.fr\/?page_id=12740\">Continuer la lecture <span class=\"meta-nav\">&rarr;<\/span><\/a><\/p>\n","protected":false},"author":2,"featured_media":0,"parent":0,"menu_order":0,"comment_status":"closed","ping_status":"closed","template":"","meta":[],"_links":{"self":[{"href":"https:\/\/www.spa-grillon.fr\/index.php?rest_route=\/wp\/v2\/pages\/12740"}],"collection":[{"href":"https:\/\/www.spa-grillon.fr\/index.php?rest_route=\/wp\/v2\/pages"}],"about":[{"href":"https:\/\/www.spa-grillon.fr\/index.php?rest_route=\/wp\/v2\/types\/page"}],"author":[{"embeddable":true,"href":"https:\/\/www.spa-grillon.fr\/index.php?rest_route=\/wp\/v2\/users\/2"}],"replies":[{"embeddable":true,"href":"https:\/\/www.spa-grillon.fr\/index.php?rest_route=%2Fwp%2Fv2%2Fcomments&post=12740"}],"version-history":[{"count":7,"href":"https:\/\/www.spa-grillon.fr\/index.php?rest_route=\/wp\/v2\/pages\/12740\/revisions"}],"predecessor-version":[{"id":12751,"href":"https:\/\/www.spa-grillon.fr\/index.php?rest_route=\/wp\/v2\/pages\/12740\/revisions\/12751"}],"wp:attachment":[{"href":"https:\/\/www.spa-grillon.fr\/index.php?rest_route=%2Fwp%2Fv2%2Fmedia&parent=12740"}],"curies":[{"name":"wp","href":"https:\/\/api.w.org\/{rel}","templated":true}]}}