{"id":12810,"date":"2022-11-23T22:48:26","date_gmt":"2022-11-23T21:48:26","guid":{"rendered":"http:\/\/www.spa-grillon.fr\/?page_id=12810"},"modified":"2025-11-07T18:44:01","modified_gmt":"2025-11-07T17:44:01","slug":"belle-2","status":"publish","type":"page","link":"https:\/\/www.spa-grillon.fr\/?page_id=12810","title":{"rendered":"BELLE"},"content":{"rendered":"\n<p><\/p>\n\n\n\n<div class=\"wp-block-media-text alignwide is-stacked-on-mobile\"><figure class=\"wp-block-media-text__media\"><img decoding=\"async\" loading=\"lazy\" width=\"1024\" height=\"1024\" src=\"https:\/\/www.spa-grillon.fr\/wp-content\/uploads\/2022\/11\/20230219_114146-e1678037473993-1024x1024.jpg\" alt=\"\" class=\"wp-image-13197 size-full\" srcset=\"https:\/\/www.spa-grillon.fr\/wp-content\/uploads\/2022\/11\/20230219_114146-e1678037473993-1024x1024.jpg 1024w, https:\/\/www.spa-grillon.fr\/wp-content\/uploads\/2022\/11\/20230219_114146-e1678037473993-150x150.jpg 150w, https:\/\/www.spa-grillon.fr\/wp-content\/uploads\/2022\/11\/20230219_114146-e1678037473993-300x300.jpg 300w, https:\/\/www.spa-grillon.fr\/wp-content\/uploads\/2022\/11\/20230219_114146-e1678037473993-768x768.jpg 768w, https:\/\/www.spa-grillon.fr\/wp-content\/uploads\/2022\/11\/20230219_114146-e1678037473993.jpg 1800w\" sizes=\"(max-width: 1024px) 100vw, 1024px\" \/><\/figure><div class=\"wp-block-media-text__content\">\n<p><strong>Sexe <\/strong>: femelle<\/p>\n\n\n\n<p><strong>Race <\/strong>: crois\u00e9e labrador<\/p>\n\n\n\n<p><strong>Age <\/strong>: n\u00e9 en 06\/2015<\/p>\n\n\n\n<p><strong>Taille <\/strong>: moyenne<\/p>\n<\/div><\/div>\n\n\n\n<p align=\"justify\"><strong>Caract\u00e9ristiques :\u00a0<\/strong> Belle est arriv\u00e9e au refuge suite au d\u00e9c\u00e8s brutal de sa ma\u00eetresse. Elle a un pass\u00e9 un peu compliqu\u00e9 et en garde une attitude tr\u00e8s m\u00e9fiante avec les hommes et les \u00e9trangers en g\u00e9n\u00e9ral dont elle ne se laisse que tr\u00e8s difficilement approcher. En revanche, elle est tr\u00e8s affectueuse et en demande d&rsquo;attention avec les femmes. Elle adore se promener et semble d\u00e9couvrir le plaisir de laisser ses oreilles flotter au vent, pr\u00eate \u00e0 s&rsquo;envoler. Hum&#8230; son derri\u00e8re en l\u00e9ger surpoids la rappelle \u00e0 la dure r\u00e9alit\u00e9 de l&rsquo;apesanteur mais elle adorerait avoir l&rsquo;occasion de se d\u00e9penser et de promener tous les jours. Et d\u00e9couvrir les parfums de la terre et des chemins, le bonheur est l\u00e0!! Elle conna\u00eet des ordres de basse (le rappel, la patte, assis). En laisse, elle tire au d\u00e9but mais se calme tr\u00e8s vite : le manque d&rsquo;habitude sans doute. Point de vue ententes, elle a ses t\u00eates. Au refuge, elle cohabite avec un autre chien sans souci. Mais elle se comporte avec les autres animaux comme avec les gens : elle est tr\u00e8s possessive. Adopt\u00e9e deux fois avec une dame seule, elle est devenue hyper protectrice au point de refuser que d&rsquo;autres personnes l&rsquo;approchent. Il faudra donc \u00e0 Belle un adoptant qui connaisse bien les chiens et qui puisse travailler le d\u00e9tachement. C&rsquo;est imp\u00e9ratif. Belle a vu un \u00e9ducateur : tout est possible \u00e0 condition de ne pas prendre le probl\u00e8me \u00e0 la l\u00e9g\u00e8re et de s&rsquo;engager vraiment dans une r\u00e9\u00e9ducation. Bref si vous voulez une compagne fid\u00e8le, avec une histoire dont il faut tenir compte mais enthousiaste et joyeuse, Belle est faite pour vous .<p align=\"justify\">\n\n\n<div class=\"wp-block-image\">\n<figure class=\"aligncenter is-resized\"><a href=\"http:\/\/www.spa-grillon.fr\/wp-content\/uploads\/2022\/11\/Belle-2.jpg\" rel=\"attachment wp-att-13376\"><img decoding=\"async\" loading=\"lazy\" src=\"http:\/\/www.spa-grillon.fr\/wp-content\/uploads\/2022\/11\/Belle-2-881x1024.jpg\" alt=\"Belle (2)\" class=\"wp-image-13376\" width=\"454\" height=\"527\"\/><\/a><\/figure><\/div>\n\n<div class=\"wp-block-image\">\n<figure class=\"aligncenter is-resized\"><a href=\"http:\/\/www.spa-grillon.fr\/wp-content\/uploads\/2022\/11\/Belle-11.jpg\" rel=\"attachment wp-att-12859\"><img decoding=\"async\" loading=\"lazy\" src=\"http:\/\/www.spa-grillon.fr\/wp-content\/uploads\/2022\/11\/Belle-11-e1671876774698-975x1024.jpg\" alt=\"Belle (11)\" class=\"wp-image-12859\" width=\"536\" height=\"562\"\/><\/a><\/figure><\/div>\n\n\n<figure class=\"wp-block-image\"><img decoding=\"async\" loading=\"lazy\" width=\"2560\" height=\"1707\" src=\"https:\/\/www.spa-grillon.fr\/wp-content\/uploads\/2025\/03\/Belle-scaled.jpg\" alt=\"\" class=\"wp-image-16919\" srcset=\"https:\/\/www.spa-grillon.fr\/wp-content\/uploads\/2025\/03\/Belle-scaled.jpg 2560w, https:\/\/www.spa-grillon.fr\/wp-content\/uploads\/2025\/03\/Belle-300x200.jpg 300w, https:\/\/www.spa-grillon.fr\/wp-content\/uploads\/2025\/03\/Belle-1024x683.jpg 1024w, https:\/\/www.spa-grillon.fr\/wp-content\/uploads\/2025\/03\/Belle-768x512.jpg 768w, https:\/\/www.spa-grillon.fr\/wp-content\/uploads\/2025\/03\/Belle-1536x1024.jpg 1536w, https:\/\/www.spa-grillon.fr\/wp-content\/uploads\/2025\/03\/Belle-2048x1365.jpg 2048w\" sizes=\"(max-width: 2560px) 100vw, 2560px\" \/><\/figure>\n\n\n<div class=\"wp-block-image\">\n<figure class=\"aligncenter is-resized\"><a href=\"http:\/\/www.spa-grillon.fr\/wp-content\/uploads\/2022\/11\/20230219_114142.jpg\" rel=\"attachment wp-att-13196\"><img decoding=\"async\" loading=\"lazy\" src=\"http:\/\/www.spa-grillon.fr\/wp-content\/uploads\/2022\/11\/20230219_114142-530x1024.jpg\" alt=\"20230219_114142\" class=\"wp-image-13196\" width=\"366\" height=\"707\" srcset=\"https:\/\/www.spa-grillon.fr\/wp-content\/uploads\/2022\/11\/20230219_114142-530x1024.jpg 530w, https:\/\/www.spa-grillon.fr\/wp-content\/uploads\/2022\/11\/20230219_114142-155x300.jpg 155w, https:\/\/www.spa-grillon.fr\/wp-content\/uploads\/2022\/11\/20230219_114142-768x1484.jpg 768w, https:\/\/www.spa-grillon.fr\/wp-content\/uploads\/2022\/11\/20230219_114142.jpg 1768w\" sizes=\"(max-width: 366px) 100vw, 366px\" \/><\/a><\/figure><\/div>\n\n<div class=\"wp-block-image\">\n<figure class=\"aligncenter is-resized\"><a href=\"http:\/\/www.spa-grillon.fr\/wp-content\/uploads\/2022\/11\/20230219_113754.jpg\" rel=\"attachment wp-att-13191\"><img decoding=\"async\" loading=\"lazy\" src=\"http:\/\/www.spa-grillon.fr\/wp-content\/uploads\/2022\/11\/20230219_113754-e1678037656177-800x1024.jpg\" alt=\"20230219_113754\" class=\"wp-image-13191\" width=\"398\" height=\"509\" srcset=\"https:\/\/www.spa-grillon.fr\/wp-content\/uploads\/2022\/11\/20230219_113754-e1678037656177-800x1024.jpg 800w, https:\/\/www.spa-grillon.fr\/wp-content\/uploads\/2022\/11\/20230219_113754-e1678037656177-234x300.jpg 234w, https:\/\/www.spa-grillon.fr\/wp-content\/uploads\/2022\/11\/20230219_113754-e1678037656177-768x984.jpg 768w, https:\/\/www.spa-grillon.fr\/wp-content\/uploads\/2022\/11\/20230219_113754-e1678037656177.jpg 1767w\" sizes=\"(max-width: 398px) 100vw, 398px\" \/><\/a><\/figure><\/div>\n\n<div class=\"wp-block-image\">\n<figure class=\"aligncenter is-resized\"><img decoding=\"async\" loading=\"lazy\" src=\"https:\/\/www.spa-grillon.fr\/wp-content\/uploads\/2022\/11\/Belle-2-1-e1703528514921-1024x875.jpg\" alt=\"Belle (2)\" class=\"wp-image-14331\" width=\"501\" height=\"428\" srcset=\"https:\/\/www.spa-grillon.fr\/wp-content\/uploads\/2022\/11\/Belle-2-1-e1703528514921-1024x875.jpg 1024w, https:\/\/www.spa-grillon.fr\/wp-content\/uploads\/2022\/11\/Belle-2-1-e1703528514921-300x256.jpg 300w, https:\/\/www.spa-grillon.fr\/wp-content\/uploads\/2022\/11\/Belle-2-1-e1703528514921-768x656.jpg 768w, https:\/\/www.spa-grillon.fr\/wp-content\/uploads\/2022\/11\/Belle-2-1-e1703528514921.jpg 1583w\" sizes=\"(max-width: 501px) 100vw, 501px\" \/><\/figure><\/div>\n\n\n<p>  <\/p>\n","protected":false},"excerpt":{"rendered":"<p>Sexe : femelle Race : crois\u00e9e labrador Age : n\u00e9 en 06\/2015 Taille : moyenne Caract\u00e9ristiques :\u00a0 Belle est arriv\u00e9e au refuge suite au d\u00e9c\u00e8s brutal de sa ma\u00eetresse. Elle a un pass\u00e9 un peu compliqu\u00e9 et en garde une &hellip; <a href=\"https:\/\/www.spa-grillon.fr\/?page_id=12810\">Continuer la lecture <span class=\"meta-nav\">&rarr;<\/span><\/a><\/p>\n","protected":false},"author":2,"featured_media":0,"parent":0,"menu_order":0,"comment_status":"closed","ping_status":"closed","template":"","meta":[],"_links":{"self":[{"href":"https:\/\/www.spa-grillon.fr\/index.php?rest_route=\/wp\/v2\/pages\/12810"}],"collection":[{"href":"https:\/\/www.spa-grillon.fr\/index.php?rest_route=\/wp\/v2\/pages"}],"about":[{"href":"https:\/\/www.spa-grillon.fr\/index.php?rest_route=\/wp\/v2\/types\/page"}],"author":[{"embeddable":true,"href":"https:\/\/www.spa-grillon.fr\/index.php?rest_route=\/wp\/v2\/users\/2"}],"replies":[{"embeddable":true,"href":"https:\/\/www.spa-grillon.fr\/index.php?rest_route=%2Fwp%2Fv2%2Fcomments&post=12810"}],"version-history":[{"count":11,"href":"https:\/\/www.spa-grillon.fr\/index.php?rest_route=\/wp\/v2\/pages\/12810\/revisions"}],"predecessor-version":[{"id":17932,"href":"https:\/\/www.spa-grillon.fr\/index.php?rest_route=\/wp\/v2\/pages\/12810\/revisions\/17932"}],"wp:attachment":[{"href":"https:\/\/www.spa-grillon.fr\/index.php?rest_route=%2Fwp%2Fv2%2Fmedia&parent=12810"}],"curies":[{"name":"wp","href":"https:\/\/api.w.org\/{rel}","templated":true}]}}