{"id":12869,"date":"2022-12-24T12:01:55","date_gmt":"2022-12-24T11:01:55","guid":{"rendered":"http:\/\/www.spa-grillon.fr\/?page_id=12869"},"modified":"2022-12-24T12:14:56","modified_gmt":"2022-12-24T11:14:56","slug":"shannah","status":"publish","type":"page","link":"https:\/\/www.spa-grillon.fr\/?page_id=12869","title":{"rendered":"SHANNAH"},"content":{"rendered":"<p style=\"text-align: justify;\"><strong><a href=\"http:\/\/www.spa-grillon.fr\/wp-content\/uploads\/2022\/12\/shanna-4-e1671879563339.jpg\" rel=\"attachment wp-att-12870\"><img decoding=\"async\" loading=\"lazy\" class=\"size-medium wp-image-12870 alignleft\" src=\"http:\/\/www.spa-grillon.fr\/wp-content\/uploads\/2022\/12\/shanna-4-e1671879563339-300x300.jpg\" alt=\"shanna (4)\" width=\"300\" height=\"300\" srcset=\"https:\/\/www.spa-grillon.fr\/wp-content\/uploads\/2022\/12\/shanna-4-e1671879563339-300x300.jpg 300w, https:\/\/www.spa-grillon.fr\/wp-content\/uploads\/2022\/12\/shanna-4-e1671879563339-150x150.jpg 150w, https:\/\/www.spa-grillon.fr\/wp-content\/uploads\/2022\/12\/shanna-4-e1671879563339-768x768.jpg 768w, https:\/\/www.spa-grillon.fr\/wp-content\/uploads\/2022\/12\/shanna-4-e1671879563339.jpg 909w\" sizes=\"(max-width: 300px) 100vw, 300px\" \/><\/a><\/strong><\/p>\n<p style=\"text-align: justify;\"><strong><br \/>\nSexe <\/strong>: femelle<\/p>\n<p><strong>Race <\/strong>: Labrador<\/p>\n<p><strong>Age <\/strong>: n\u00e9 en 11\/2008<\/p>\n<p><strong>Taille <\/strong>: grande<\/p>\n<p>&nbsp;<\/p>\n<p>&nbsp;<\/p>\n<p style=\"text-align: justify;\"><strong>Caract\u00e9ristiques<\/strong> :\u00a0 Shannah est une pauvre petite mamie qui va passer l&rsquo;hiver de sa 15e ann\u00e9e dans le froid et l&rsquo;humidit\u00e9 au refuge quelques mois apr\u00e8s avoir perdu son ma\u00eetre. C&rsquo;est un vrai cr\u00e8ve c\u0153ur&#8230; Elle pleure et tourne en rond le long du grillage sans comprendre ce qui lui arrive. Elle venait en pension avant mais on dirait qu&rsquo;elle a compris que cette fois le s\u00e9jour serait d\u00e9finitif. Comme tous les vieux chiens, Shannah n&rsquo;entend plus tr\u00e8s bien et a un peu d&rsquo;arthrose bien qu&rsquo;elle prom\u00e8ne tr\u00e8s volontiers. Elle ne fera pas de tr\u00e8s longues promenades mais un petit tour, \u00e7a, avec plaisir! Son souffle au c\u0153ur n&rsquo;arrange rien mais c&rsquo;est surtout le fait qu&rsquo;elle ne se pose pas tant qu&rsquo;elle voit quelqu&rsquo;un dans le refuge qui la fatigue. Elle a tout de m\u00eame encore de l&rsquo;\u00e9nergie, a envie de sortir et s&rsquo;il est vrai qu&rsquo;elle ne tire pas du tout en laisse, la vue d&rsquo;un matou lui redonne du gaz ! Il sera tr\u00e8s compliqu\u00e9 pour elle de cohabiter avec un chat. Pour les chiens, elle a ses t\u00eates. Elle aime se poser en patronne, c&rsquo;est elle la doyenne et elle entend qu&rsquo;on respecte son anciennet\u00e9 ! Elle peut grogner histoire de poser le personnage mais si l&rsquo;autre chien la laisse tranquille, les choses s&rsquo;arr\u00eatent l\u00e0. En bon labrador, elle adore l&rsquo;eau! Shannah est une chienne tr\u00e8s douce et c\u00e2line : elle ne m\u00e9rite pas de finir ses jours ainsi. Alors si vous voulez offrir une fin digne \u00e0 cette louloute que la vie maltraite \u00e0 un moment o\u00f9 elle ne s&rsquo;en remettra pas, venez la voir. Elle b\u00e9n\u00e9ficie de l&rsquo;op\u00e9ration Doyens de 30 Millions d&rsquo;Amis qui vous assure 600 euros de remboursement de frais v\u00e9t\u00e9rinaires.<\/p>\n<p style=\"text-align: justify;\"><a href=\"http:\/\/www.spa-grillon.fr\/wp-content\/uploads\/2022\/12\/Shanna-3.jpg\" rel=\"attachment wp-att-12871\"><img decoding=\"async\" loading=\"lazy\" class=\"wp-image-12871 aligncenter\" src=\"http:\/\/www.spa-grillon.fr\/wp-content\/uploads\/2022\/12\/Shanna-3-874x1024.jpg\" alt=\"Shanna (3)\" width=\"556\" height=\"652\" \/><\/a><\/p>\n<p style=\"text-align: justify;\"><a href=\"http:\/\/www.spa-grillon.fr\/wp-content\/uploads\/2022\/12\/Shanna-7.jpg\" rel=\"attachment wp-att-12872\"><img decoding=\"async\" loading=\"lazy\" class=\"wp-image-12872 aligncenter\" src=\"http:\/\/www.spa-grillon.fr\/wp-content\/uploads\/2022\/12\/Shanna-7-823x1024.jpg\" alt=\"Shanna (7)\" width=\"507\" height=\"631\" srcset=\"https:\/\/www.spa-grillon.fr\/wp-content\/uploads\/2022\/12\/Shanna-7-823x1024.jpg 823w, https:\/\/www.spa-grillon.fr\/wp-content\/uploads\/2022\/12\/Shanna-7-241x300.jpg 241w, https:\/\/www.spa-grillon.fr\/wp-content\/uploads\/2022\/12\/Shanna-7-768x956.jpg 768w, https:\/\/www.spa-grillon.fr\/wp-content\/uploads\/2022\/12\/Shanna-7.jpg 1769w\" sizes=\"(max-width: 507px) 100vw, 507px\" \/><\/a><a href=\"http:\/\/www.spa-grillon.fr\/wp-content\/uploads\/2022\/12\/Shanna-11.jpg\" rel=\"attachment wp-att-12873\"><img decoding=\"async\" loading=\"lazy\" class=\"wp-image-12873 aligncenter\" src=\"http:\/\/www.spa-grillon.fr\/wp-content\/uploads\/2022\/12\/Shanna-11-942x1024.jpg\" alt=\"Shanna (11)\" width=\"509\" height=\"554\" srcset=\"https:\/\/www.spa-grillon.fr\/wp-content\/uploads\/2022\/12\/Shanna-11-942x1024.jpg 942w, https:\/\/www.spa-grillon.fr\/wp-content\/uploads\/2022\/12\/Shanna-11-276x300.jpg 276w, https:\/\/www.spa-grillon.fr\/wp-content\/uploads\/2022\/12\/Shanna-11-768x835.jpg 768w, https:\/\/www.spa-grillon.fr\/wp-content\/uploads\/2022\/12\/Shanna-11.jpg 1011w\" sizes=\"(max-width: 509px) 100vw, 509px\" \/><\/a><a href=\"http:\/\/www.spa-grillon.fr\/wp-content\/uploads\/2022\/12\/Shanna.jpg\" rel=\"attachment wp-att-12874\"><img decoding=\"async\" loading=\"lazy\" class=\"wp-image-12874 aligncenter\" src=\"http:\/\/www.spa-grillon.fr\/wp-content\/uploads\/2022\/12\/Shanna-981x1024.jpg\" alt=\"Shanna\" width=\"501\" height=\"523\" srcset=\"https:\/\/www.spa-grillon.fr\/wp-content\/uploads\/2022\/12\/Shanna-981x1024.jpg 981w, https:\/\/www.spa-grillon.fr\/wp-content\/uploads\/2022\/12\/Shanna-287x300.jpg 287w, https:\/\/www.spa-grillon.fr\/wp-content\/uploads\/2022\/12\/Shanna-768x801.jpg 768w, https:\/\/www.spa-grillon.fr\/wp-content\/uploads\/2022\/12\/Shanna.jpg 1605w\" sizes=\"(max-width: 501px) 100vw, 501px\" \/><\/a><\/p>\n","protected":false},"excerpt":{"rendered":"<p>Sexe : femelle Race : Labrador Age : n\u00e9 en 11\/2008 Taille : grande &nbsp; &nbsp; Caract\u00e9ristiques :\u00a0 Shannah est une pauvre petite mamie qui va passer l&rsquo;hiver de sa 15e ann\u00e9e dans le froid et l&rsquo;humidit\u00e9 au refuge quelques &hellip; <a href=\"https:\/\/www.spa-grillon.fr\/?page_id=12869\">Continuer la lecture <span class=\"meta-nav\">&rarr;<\/span><\/a><\/p>\n","protected":false},"author":2,"featured_media":0,"parent":0,"menu_order":0,"comment_status":"closed","ping_status":"closed","template":"","meta":[],"_links":{"self":[{"href":"https:\/\/www.spa-grillon.fr\/index.php?rest_route=\/wp\/v2\/pages\/12869"}],"collection":[{"href":"https:\/\/www.spa-grillon.fr\/index.php?rest_route=\/wp\/v2\/pages"}],"about":[{"href":"https:\/\/www.spa-grillon.fr\/index.php?rest_route=\/wp\/v2\/types\/page"}],"author":[{"embeddable":true,"href":"https:\/\/www.spa-grillon.fr\/index.php?rest_route=\/wp\/v2\/users\/2"}],"replies":[{"embeddable":true,"href":"https:\/\/www.spa-grillon.fr\/index.php?rest_route=%2Fwp%2Fv2%2Fcomments&post=12869"}],"version-history":[{"count":7,"href":"https:\/\/www.spa-grillon.fr\/index.php?rest_route=\/wp\/v2\/pages\/12869\/revisions"}],"predecessor-version":[{"id":12884,"href":"https:\/\/www.spa-grillon.fr\/index.php?rest_route=\/wp\/v2\/pages\/12869\/revisions\/12884"}],"wp:attachment":[{"href":"https:\/\/www.spa-grillon.fr\/index.php?rest_route=%2Fwp%2Fv2%2Fmedia&parent=12869"}],"curies":[{"name":"wp","href":"https:\/\/api.w.org\/{rel}","templated":true}]}}