{"id":12960,"date":"2023-01-29T18:16:02","date_gmt":"2023-01-29T17:16:02","guid":{"rendered":"http:\/\/www.spa-grillon.fr\/?page_id=12960"},"modified":"2023-02-05T19:56:00","modified_gmt":"2023-02-05T18:56:00","slug":"saiko-2","status":"publish","type":"page","link":"https:\/\/www.spa-grillon.fr\/?page_id=12960","title":{"rendered":"SAIKO"},"content":{"rendered":"<p><strong><img decoding=\"async\" loading=\"lazy\" class=\"alignleft wp-image-12968\" src=\"http:\/\/www.spa-grillon.fr\/wp-content\/uploads\/2023\/01\/20230122_120752-172x300.jpg\" alt=\"20230122_120752\" width=\"218\" height=\"380\" \/><\/strong><\/p>\n<p>&nbsp;<\/p>\n<p>&nbsp;<\/p>\n<p><strong>Sexe<\/strong> : m\u00e2le<\/p>\n<p><strong>Race <\/strong>: border collie X malinois<\/p>\n<p><strong>Age <\/strong>: n\u00e9 en 01\/2022<\/p>\n<p><strong>Taille <\/strong>: moyenne<\/p>\n<p>&nbsp;<\/p>\n<p>&nbsp;<\/p>\n<p style=\"text-align: justify;\"><strong><br \/>\nCaract\u00e9ristiques <\/strong>: Sa\u00efko est un jeune chien tr\u00e8s gai mais un peu craintif. Il n&rsquo;avait pas eu la vie bien rose avant d&rsquo;arriver au refuge et il en garde une certaine crainte des inconnus mais il est d&rsquo;une nature tellement affectueuse qu&rsquo;il oublie vite et vient chercher des caresses et des gourmandises. Il n&rsquo;a pas connu grand chose jusqu&rsquo;ici. Il apprend \u00e0 marcher en laisse mais il faudra continuer cet apprentissage. Il est assez sage en voiture. Il sait s&rsquo;asseoir quand on lui demande. Sociable (il vivait avec son fr\u00e8re Goku), il pourra s&rsquo;entendre avec un autre chien. Les chats, il faudra voir. Peut-\u00eatre avec un matou de caract\u00e8re qui sache le remettre \u00e0 sa place? Attention : c&rsquo;est un border collie : certes ce n&rsquo;est pas un chien encombrant mais il a besoin de d\u00e9pense physique et mentale. Il ne sera pas heureux tout seul dans un jardin, aussi grand soit-il. C&rsquo;est un chien intelligent qui apprendra vite une fois qu&rsquo;il aura compris que toutes les nouveaut\u00e9s qu&rsquo;il d\u00e9couvre sont la vie normale. Il c\u00f4toyait des enfants avec qui il se montrait gentil et doux. Plus calme que son fr\u00e8re, il sera un bon chien de famille une fois qu&rsquo;il aura pris de nouveaux rep\u00e8res.<\/p>\n<p style=\"text-align: justify;\"><img decoding=\"async\" loading=\"lazy\" class=\"wp-image-12969 aligncenter\" src=\"http:\/\/www.spa-grillon.fr\/wp-content\/uploads\/2023\/01\/20230122_120753-639x1024.jpg\" alt=\"20230122_120753\" width=\"502\" height=\"804\" srcset=\"https:\/\/www.spa-grillon.fr\/wp-content\/uploads\/2023\/01\/20230122_120753-639x1024.jpg 639w, https:\/\/www.spa-grillon.fr\/wp-content\/uploads\/2023\/01\/20230122_120753-187x300.jpg 187w, https:\/\/www.spa-grillon.fr\/wp-content\/uploads\/2023\/01\/20230122_120753-768x1231.jpg 768w, https:\/\/www.spa-grillon.fr\/wp-content\/uploads\/2023\/01\/20230122_120753.jpg 1771w\" sizes=\"(max-width: 502px) 100vw, 502px\" \/> <img decoding=\"async\" loading=\"lazy\" class=\"wp-image-12968 aligncenter\" src=\"http:\/\/www.spa-grillon.fr\/wp-content\/uploads\/2023\/01\/20230122_120752-587x1024.jpg\" alt=\"20230122_120752\" width=\"500\" height=\"872\" \/> <img decoding=\"async\" loading=\"lazy\" class=\"wp-image-12967 aligncenter\" src=\"http:\/\/www.spa-grillon.fr\/wp-content\/uploads\/2023\/01\/20230122_120419-919x1024.jpg\" alt=\"20230122_120419\" width=\"507\" height=\"565\" srcset=\"https:\/\/www.spa-grillon.fr\/wp-content\/uploads\/2023\/01\/20230122_120419-919x1024.jpg 919w, https:\/\/www.spa-grillon.fr\/wp-content\/uploads\/2023\/01\/20230122_120419-269x300.jpg 269w, https:\/\/www.spa-grillon.fr\/wp-content\/uploads\/2023\/01\/20230122_120419-768x855.jpg 768w, https:\/\/www.spa-grillon.fr\/wp-content\/uploads\/2023\/01\/20230122_120419.jpg 1616w\" sizes=\"(max-width: 507px) 100vw, 507px\" \/> <img decoding=\"async\" loading=\"lazy\" class=\"wp-image-12965 aligncenter\" src=\"http:\/\/www.spa-grillon.fr\/wp-content\/uploads\/2023\/01\/20230122_120302-726x1024.jpg\" alt=\"20230122_120302\" width=\"504\" height=\"711\" srcset=\"https:\/\/www.spa-grillon.fr\/wp-content\/uploads\/2023\/01\/20230122_120302-726x1024.jpg 726w, https:\/\/www.spa-grillon.fr\/wp-content\/uploads\/2023\/01\/20230122_120302-213x300.jpg 213w, https:\/\/www.spa-grillon.fr\/wp-content\/uploads\/2023\/01\/20230122_120302-768x1084.jpg 768w, https:\/\/www.spa-grillon.fr\/wp-content\/uploads\/2023\/01\/20230122_120302.jpg 1772w\" sizes=\"(max-width: 504px) 100vw, 504px\" \/> <img decoding=\"async\" loading=\"lazy\" class=\"wp-image-12962 aligncenter\" src=\"http:\/\/www.spa-grillon.fr\/wp-content\/uploads\/2023\/01\/20230122_115531-708x1024.jpg\" alt=\"20230122_115531\" width=\"501\" height=\"724\" srcset=\"https:\/\/www.spa-grillon.fr\/wp-content\/uploads\/2023\/01\/20230122_115531-708x1024.jpg 708w, https:\/\/www.spa-grillon.fr\/wp-content\/uploads\/2023\/01\/20230122_115531-207x300.jpg 207w, https:\/\/www.spa-grillon.fr\/wp-content\/uploads\/2023\/01\/20230122_115531-768x1111.jpg 768w, https:\/\/www.spa-grillon.fr\/wp-content\/uploads\/2023\/01\/20230122_115531.jpg 1757w\" sizes=\"(max-width: 501px) 100vw, 501px\" \/><\/p>\n","protected":false},"excerpt":{"rendered":"<p>&nbsp; &nbsp; Sexe : m\u00e2le Race : border collie X malinois Age : n\u00e9 en 01\/2022 Taille : moyenne &nbsp; &nbsp; Caract\u00e9ristiques : Sa\u00efko est un jeune chien tr\u00e8s gai mais un peu craintif. Il n&rsquo;avait pas eu la vie &hellip; <a href=\"https:\/\/www.spa-grillon.fr\/?page_id=12960\">Continuer la lecture <span class=\"meta-nav\">&rarr;<\/span><\/a><\/p>\n","protected":false},"author":2,"featured_media":0,"parent":0,"menu_order":0,"comment_status":"closed","ping_status":"closed","template":"","meta":[],"_links":{"self":[{"href":"https:\/\/www.spa-grillon.fr\/index.php?rest_route=\/wp\/v2\/pages\/12960"}],"collection":[{"href":"https:\/\/www.spa-grillon.fr\/index.php?rest_route=\/wp\/v2\/pages"}],"about":[{"href":"https:\/\/www.spa-grillon.fr\/index.php?rest_route=\/wp\/v2\/types\/page"}],"author":[{"embeddable":true,"href":"https:\/\/www.spa-grillon.fr\/index.php?rest_route=\/wp\/v2\/users\/2"}],"replies":[{"embeddable":true,"href":"https:\/\/www.spa-grillon.fr\/index.php?rest_route=%2Fwp%2Fv2%2Fcomments&post=12960"}],"version-history":[{"count":5,"href":"https:\/\/www.spa-grillon.fr\/index.php?rest_route=\/wp\/v2\/pages\/12960\/revisions"}],"predecessor-version":[{"id":13035,"href":"https:\/\/www.spa-grillon.fr\/index.php?rest_route=\/wp\/v2\/pages\/12960\/revisions\/13035"}],"wp:attachment":[{"href":"https:\/\/www.spa-grillon.fr\/index.php?rest_route=%2Fwp%2Fv2%2Fmedia&parent=12960"}],"curies":[{"name":"wp","href":"https:\/\/api.w.org\/{rel}","templated":true}]}}