{"id":13001,"date":"2023-02-03T16:30:26","date_gmt":"2023-02-03T15:30:26","guid":{"rendered":"http:\/\/www.spa-grillon.fr\/?page_id=13001"},"modified":"2023-02-16T17:35:54","modified_gmt":"2023-02-16T16:35:54","slug":"goku","status":"publish","type":"page","link":"https:\/\/www.spa-grillon.fr\/?page_id=13001","title":{"rendered":"GOKU"},"content":{"rendered":"<p><strong> <img decoding=\"async\" loading=\"lazy\" class=\"alignleft wp-image-13022 size-medium\" src=\"http:\/\/www.spa-grillon.fr\/wp-content\/uploads\/2023\/02\/20230122_121310-1-256x300.jpg\" alt=\"20230122_121310\" width=\"256\" height=\"300\" srcset=\"https:\/\/www.spa-grillon.fr\/wp-content\/uploads\/2023\/02\/20230122_121310-1-256x300.jpg 256w, https:\/\/www.spa-grillon.fr\/wp-content\/uploads\/2023\/02\/20230122_121310-1-768x901.jpg 768w, https:\/\/www.spa-grillon.fr\/wp-content\/uploads\/2023\/02\/20230122_121310-1-872x1024.jpg 872w, https:\/\/www.spa-grillon.fr\/wp-content\/uploads\/2023\/02\/20230122_121310-1.jpg 1232w\" sizes=\"(max-width: 256px) 100vw, 256px\" \/><\/strong><\/p>\n<p>&nbsp;<\/p>\n<p><strong>Sexe<\/strong> : m\u00e2le<\/p>\n<p><strong>Race <\/strong>: border collie X malinois<\/p>\n<p><strong>Age <\/strong>: n\u00e9 en 01\/2022<\/p>\n<p><strong>Taille <\/strong>: grande<\/p>\n<p>&nbsp;<\/p>\n<p>&nbsp;<\/p>\n<p style=\"text-align: justify;\"><strong>Caract\u00e9ristiques <\/strong>: Goku (on prononce gokou) est le fr\u00e8re de Sa\u00efko. Comme lui, la vie n&rsquo;a pas \u00e9t\u00e9 rose. Plus d\u00e9tendu que son frangin, Goku est une grande sauterelle pleine d&rsquo;affection. Prendre du poids et faire dispara\u00eetre ses c\u00f4tes bien trop apparentes, c&rsquo;est le premier objectif. Ensuite, il aura besoin de d\u00e9penser son \u00e9nergie, lui qui n&rsquo;a pas connu les grandes balades et les journ\u00e9es bien remplies dont il a besoin. Il ne conna\u00eet d&rsquo;ailleurs pas grand chose : tout est nouveau pour lui : la laisse, la voiture mais il apprend tr\u00e8s vite et a tr\u00e8s envie de tout. Il ne sera pas heureux tout seul dans un jardin, aussi grand soit-il. Sociable, il devrait pouvoir s\u2019entendre avec un autre chien. Les chats, il faudra voir. Peut-\u00eatre avec un matou de caract\u00e8re qui sache le remettre \u00e0 sa place? C\u2019est un chien intelligent qui apprendra vite une fois qu\u2019il aura compris que toutes les nouveaut\u00e9s qu\u2019il d\u00e9couvre sont la vie normale. Il c\u00f4toyait des enfants avec qui il se montrait gentil et doux. Il peut se montrer un peu garnement et il faudra sans doute s&rsquo;attendre \u00e0 quelques b\u00eatises : c&rsquo;est qu&rsquo;il a appris \u00e0 s&rsquo;occuper comme il pouvait. Il faudra juste lui montrer qu&rsquo;on peut s&rsquo;occuper autrement. Il sera un bon chien de famille une fois qu\u2019il aura pris de nouveaux rep\u00e8res car il est terriblement affectueux!<\/p>\n<p style=\"text-align: justify;\"><img decoding=\"async\" loading=\"lazy\" class=\"wp-image-13025 aligncenter\" src=\"http:\/\/www.spa-grillon.fr\/wp-content\/uploads\/2023\/02\/20230122_121337-1-994x1024.jpg\" alt=\"20230122_121337\" width=\"525\" height=\"541\" \/> <img decoding=\"async\" loading=\"lazy\" class=\"wp-image-13022 aligncenter\" src=\"http:\/\/www.spa-grillon.fr\/wp-content\/uploads\/2023\/02\/20230122_121310-1-872x1024.jpg\" alt=\"20230122_121310\" width=\"525\" height=\"617\" srcset=\"https:\/\/www.spa-grillon.fr\/wp-content\/uploads\/2023\/02\/20230122_121310-1-872x1024.jpg 872w, https:\/\/www.spa-grillon.fr\/wp-content\/uploads\/2023\/02\/20230122_121310-1-256x300.jpg 256w, https:\/\/www.spa-grillon.fr\/wp-content\/uploads\/2023\/02\/20230122_121310-1-768x901.jpg 768w, https:\/\/www.spa-grillon.fr\/wp-content\/uploads\/2023\/02\/20230122_121310-1.jpg 1232w\" sizes=\"(max-width: 525px) 100vw, 525px\" \/><\/p>\n<p style=\"text-align: justify;\"><img decoding=\"async\" loading=\"lazy\" class=\"wp-image-13051 aligncenter\" src=\"http:\/\/www.spa-grillon.fr\/wp-content\/uploads\/2023\/02\/Goku-11-745x1024.jpg\" alt=\"Goku (11)\" width=\"522\" height=\"718\" \/> <img decoding=\"async\" loading=\"lazy\" class=\"aligncenter wp-image-13019 \" src=\"http:\/\/www.spa-grillon.fr\/wp-content\/uploads\/2023\/02\/20230122_121046-1-739x1024.jpg\" alt=\"20230122_121046\" width=\"526\" height=\"729\" \/> <img decoding=\"async\" loading=\"lazy\" class=\"wp-image-13049 aligncenter\" src=\"http:\/\/www.spa-grillon.fr\/wp-content\/uploads\/2023\/02\/Goku-13-e1676218878445-1024x936.jpg\" alt=\"Goku (13)\" width=\"527\" height=\"482\" srcset=\"https:\/\/www.spa-grillon.fr\/wp-content\/uploads\/2023\/02\/Goku-13-e1676218878445-1024x936.jpg 1024w, https:\/\/www.spa-grillon.fr\/wp-content\/uploads\/2023\/02\/Goku-13-e1676218878445-300x274.jpg 300w, https:\/\/www.spa-grillon.fr\/wp-content\/uploads\/2023\/02\/Goku-13-e1676218878445-768x702.jpg 768w, https:\/\/www.spa-grillon.fr\/wp-content\/uploads\/2023\/02\/Goku-13-e1676218878445.jpg 1250w\" sizes=\"(max-width: 527px) 100vw, 527px\" \/><\/p>\n<p style=\"text-align: justify;\"><a href=\"http:\/\/www.spa-grillon.fr\/wp-content\/uploads\/2023\/02\/IMG-20230215-WA0022.jpg\" rel=\"attachment wp-att-13107\"><img decoding=\"async\" loading=\"lazy\" class=\"wp-image-13107 aligncenter\" src=\"http:\/\/www.spa-grillon.fr\/wp-content\/uploads\/2023\/02\/IMG-20230215-WA0022.jpg\" alt=\"IMG-20230215-WA0022\" width=\"528\" height=\"528\" srcset=\"https:\/\/www.spa-grillon.fr\/wp-content\/uploads\/2023\/02\/IMG-20230215-WA0022.jpg 926w, https:\/\/www.spa-grillon.fr\/wp-content\/uploads\/2023\/02\/IMG-20230215-WA0022-150x150.jpg 150w, https:\/\/www.spa-grillon.fr\/wp-content\/uploads\/2023\/02\/IMG-20230215-WA0022-300x300.jpg 300w, https:\/\/www.spa-grillon.fr\/wp-content\/uploads\/2023\/02\/IMG-20230215-WA0022-768x768.jpg 768w\" sizes=\"(max-width: 528px) 100vw, 528px\" \/><\/a><\/p>\n","protected":false},"excerpt":{"rendered":"<p>&nbsp; Sexe : m\u00e2le Race : border collie X malinois Age : n\u00e9 en 01\/2022 Taille : grande &nbsp; &nbsp; Caract\u00e9ristiques : Goku (on prononce gokou) est le fr\u00e8re de Sa\u00efko. Comme lui, la vie n&rsquo;a pas \u00e9t\u00e9 rose. Plus &hellip; <a href=\"https:\/\/www.spa-grillon.fr\/?page_id=13001\">Continuer la lecture <span class=\"meta-nav\">&rarr;<\/span><\/a><\/p>\n","protected":false},"author":2,"featured_media":0,"parent":0,"menu_order":0,"comment_status":"closed","ping_status":"closed","template":"","meta":[],"_links":{"self":[{"href":"https:\/\/www.spa-grillon.fr\/index.php?rest_route=\/wp\/v2\/pages\/13001"}],"collection":[{"href":"https:\/\/www.spa-grillon.fr\/index.php?rest_route=\/wp\/v2\/pages"}],"about":[{"href":"https:\/\/www.spa-grillon.fr\/index.php?rest_route=\/wp\/v2\/types\/page"}],"author":[{"embeddable":true,"href":"https:\/\/www.spa-grillon.fr\/index.php?rest_route=\/wp\/v2\/users\/2"}],"replies":[{"embeddable":true,"href":"https:\/\/www.spa-grillon.fr\/index.php?rest_route=%2Fwp%2Fv2%2Fcomments&post=13001"}],"version-history":[{"count":8,"href":"https:\/\/www.spa-grillon.fr\/index.php?rest_route=\/wp\/v2\/pages\/13001\/revisions"}],"predecessor-version":[{"id":13108,"href":"https:\/\/www.spa-grillon.fr\/index.php?rest_route=\/wp\/v2\/pages\/13001\/revisions\/13108"}],"wp:attachment":[{"href":"https:\/\/www.spa-grillon.fr\/index.php?rest_route=%2Fwp%2Fv2%2Fmedia&parent=13001"}],"curies":[{"name":"wp","href":"https:\/\/api.w.org\/{rel}","templated":true}]}}