{"id":13073,"date":"2023-02-12T18:17:46","date_gmt":"2023-02-12T17:17:46","guid":{"rendered":"http:\/\/www.spa-grillon.fr\/?page_id=13073"},"modified":"2024-11-24T19:05:18","modified_gmt":"2024-11-24T18:05:18","slug":"tistou","status":"publish","type":"page","link":"https:\/\/www.spa-grillon.fr\/?page_id=13073","title":{"rendered":"TISTOU"},"content":{"rendered":"<p><img decoding=\"async\" loading=\"lazy\" class=\"alignleft wp-image-13063\" src=\"http:\/\/www.spa-grillon.fr\/wp-content\/uploads\/2013\/12\/Tistou-5-e1676221058178-1024x1024.jpg\" alt=\"TISTOU\" width=\"316\" height=\"316\" srcset=\"https:\/\/www.spa-grillon.fr\/wp-content\/uploads\/2013\/12\/Tistou-5-e1676221058178-1024x1024.jpg 1024w, https:\/\/www.spa-grillon.fr\/wp-content\/uploads\/2013\/12\/Tistou-5-e1676221058178-150x150.jpg 150w, https:\/\/www.spa-grillon.fr\/wp-content\/uploads\/2013\/12\/Tistou-5-e1676221058178-300x300.jpg 300w, https:\/\/www.spa-grillon.fr\/wp-content\/uploads\/2013\/12\/Tistou-5-e1676221058178-768x768.jpg 768w, https:\/\/www.spa-grillon.fr\/wp-content\/uploads\/2013\/12\/Tistou-5-e1676221058178.jpg 1542w\" sizes=\"(max-width: 316px) 100vw, 316px\" \/><\/p>\n<p style=\"text-align: justify;\">Tistou est arriv\u00e9e avec sa s\u0153ur Thais et son fr\u00e8re Tamino un \u00e9t\u00e9. Sauvageons, il a fallu les socialiser. Une fois en libert\u00e9, elle s&rsquo;est r\u00e9v\u00e9l\u00e9e affectueuse et assez proche de l&rsquo;homme, surtout s&rsquo;il a une petite gamelle \u00e0 la main : car la miss est tr\u00e8s gourmande et cela facilite grandement les interactions! Elle est tr\u00e8s sociable avec les autres chats, tellement qu&rsquo;elle se fait chasser parfois par les cat-racailles, elle qui n&rsquo;a pas deux sous de m\u00e9chancet\u00e9. Elle n&rsquo;est pas sauvage, seulement timide : elle se laisse caresser, porter par les b\u00e9n\u00e9voles qu&rsquo;elle conna\u00eet et elle appr\u00e9cie grandement les c\u00e2lins. Ce n&rsquo;est donc pas une minette tout \u00e0 fait \u00ab\u00a0pr\u00eate \u00e0 l&#8217;emploi\u00a0\u00bb. Il faudra un peu de temps et de patience pour l&rsquo;amadouer mais un peu de savoir- faire devrait suffire. On d\u00e9conseillera les enfants car ils seront sans doute trop vifs pour elle. Tistou est donc r\u00e9serv\u00e9e \u00e0 des amoureux des chats, des personnes patientes et douces, ent\u00eat\u00e9es aussi ! C&rsquo;est une gentille petite minette qui doit aussi avoir sa chance.<\/p>\n<p style=\"text-align: justify;\"><a href=\"http:\/\/www.spa-grillon.fr\/wp-content\/uploads\/2023\/02\/20230219_120342.jpg\" rel=\"attachment wp-att-13234\"><img decoding=\"async\" loading=\"lazy\" class=\"wp-image-13234 aligncenter\" src=\"http:\/\/www.spa-grillon.fr\/wp-content\/uploads\/2023\/02\/20230219_120342-e1678040153372-833x1024.jpg\" alt=\"20230219_120342\" width=\"448\" height=\"551\" srcset=\"https:\/\/www.spa-grillon.fr\/wp-content\/uploads\/2023\/02\/20230219_120342-e1678040153372-833x1024.jpg 833w, https:\/\/www.spa-grillon.fr\/wp-content\/uploads\/2023\/02\/20230219_120342-e1678040153372-244x300.jpg 244w, https:\/\/www.spa-grillon.fr\/wp-content\/uploads\/2023\/02\/20230219_120342-e1678040153372-768x944.jpg 768w, https:\/\/www.spa-grillon.fr\/wp-content\/uploads\/2023\/02\/20230219_120342-e1678040153372.jpg 1778w\" sizes=\"(max-width: 448px) 100vw, 448px\" \/><\/a><a href=\"http:\/\/www.spa-grillon.fr\/wp-content\/uploads\/2023\/02\/20230219_120355.jpg\" rel=\"attachment wp-att-13235\"><img decoding=\"async\" loading=\"lazy\" class=\"wp-image-13235 aligncenter\" src=\"http:\/\/www.spa-grillon.fr\/wp-content\/uploads\/2023\/02\/20230219_120355-692x1024.jpg\" alt=\"20230219_120355\" width=\"457\" height=\"676\" srcset=\"https:\/\/www.spa-grillon.fr\/wp-content\/uploads\/2023\/02\/20230219_120355-692x1024.jpg 692w, https:\/\/www.spa-grillon.fr\/wp-content\/uploads\/2023\/02\/20230219_120355-203x300.jpg 203w, https:\/\/www.spa-grillon.fr\/wp-content\/uploads\/2023\/02\/20230219_120355-768x1136.jpg 768w, https:\/\/www.spa-grillon.fr\/wp-content\/uploads\/2023\/02\/20230219_120355.jpg 1800w\" sizes=\"(max-width: 457px) 100vw, 457px\" \/><\/a><\/p>\n<p style=\"text-align: justify;\"><a href=\"http:\/\/www.spa-grillon.fr\/wp-content\/uploads\/2023\/02\/20230215_161241.jpg\" rel=\"attachment wp-att-13121\"><img decoding=\"async\" loading=\"lazy\" class=\"size-large wp-image-13121 aligncenter\" src=\"http:\/\/www.spa-grillon.fr\/wp-content\/uploads\/2023\/02\/20230215_161241-1024x806.jpg\" alt=\"20230215_161241\" width=\"640\" height=\"504\" srcset=\"https:\/\/www.spa-grillon.fr\/wp-content\/uploads\/2023\/02\/20230215_161241-1024x806.jpg 1024w, https:\/\/www.spa-grillon.fr\/wp-content\/uploads\/2023\/02\/20230215_161241-300x236.jpg 300w, https:\/\/www.spa-grillon.fr\/wp-content\/uploads\/2023\/02\/20230215_161241-768x605.jpg 768w\" sizes=\"(max-width: 640px) 100vw, 640px\" \/><\/a><\/p>\n<div id=\"attachment_13077\" style=\"width: 295px\" class=\"wp-caption aligncenter\"><img aria-describedby=\"caption-attachment-13077\" decoding=\"async\" loading=\"lazy\" class=\"wp-image-13077\" src=\"http:\/\/www.spa-grillon.fr\/wp-content\/uploads\/2023\/02\/Tistou-1024x461.jpg\" alt=\"Tistou\" width=\"285\" height=\"633\" \/><p id=\"caption-attachment-13077\" class=\"wp-caption-text\">Tistou \u00e0 trois mois<\/p><\/div>\n<div style=\"width: 640px;\" class=\"wp-video\"><!--[if lt IE 9]><script>document.createElement('video');<\/script><![endif]-->\n<video class=\"wp-video-shortcode\" id=\"video-13073-1\" width=\"640\" height=\"360\" preload=\"metadata\" controls=\"controls\"><source type=\"video\/mp4\" src=\"http:\/\/www.spa-grillon.fr\/wp-content\/uploads\/2023\/02\/20230219_120046.mp4?_=1\" \/><a href=\"http:\/\/www.spa-grillon.fr\/wp-content\/uploads\/2023\/02\/20230219_120046.mp4\">http:\/\/www.spa-grillon.fr\/wp-content\/uploads\/2023\/02\/20230219_120046.mp4<\/a><\/video><\/div>\n","protected":false},"excerpt":{"rendered":"<p>Tistou est arriv\u00e9e avec sa s\u0153ur Thais et son fr\u00e8re Tamino un \u00e9t\u00e9. Sauvageons, il a fallu les socialiser. Une fois en libert\u00e9, elle s&rsquo;est r\u00e9v\u00e9l\u00e9e affectueuse et assez proche de l&rsquo;homme, surtout s&rsquo;il a une petite gamelle \u00e0 la &hellip; <a href=\"https:\/\/www.spa-grillon.fr\/?page_id=13073\">Continuer la lecture <span class=\"meta-nav\">&rarr;<\/span><\/a><\/p>\n","protected":false},"author":2,"featured_media":0,"parent":0,"menu_order":0,"comment_status":"closed","ping_status":"closed","template":"","meta":[],"_links":{"self":[{"href":"https:\/\/www.spa-grillon.fr\/index.php?rest_route=\/wp\/v2\/pages\/13073"}],"collection":[{"href":"https:\/\/www.spa-grillon.fr\/index.php?rest_route=\/wp\/v2\/pages"}],"about":[{"href":"https:\/\/www.spa-grillon.fr\/index.php?rest_route=\/wp\/v2\/types\/page"}],"author":[{"embeddable":true,"href":"https:\/\/www.spa-grillon.fr\/index.php?rest_route=\/wp\/v2\/users\/2"}],"replies":[{"embeddable":true,"href":"https:\/\/www.spa-grillon.fr\/index.php?rest_route=%2Fwp%2Fv2%2Fcomments&post=13073"}],"version-history":[{"count":9,"href":"https:\/\/www.spa-grillon.fr\/index.php?rest_route=\/wp\/v2\/pages\/13073\/revisions"}],"predecessor-version":[{"id":16364,"href":"https:\/\/www.spa-grillon.fr\/index.php?rest_route=\/wp\/v2\/pages\/13073\/revisions\/16364"}],"wp:attachment":[{"href":"https:\/\/www.spa-grillon.fr\/index.php?rest_route=%2Fwp%2Fv2%2Fmedia&parent=13073"}],"curies":[{"name":"wp","href":"https:\/\/api.w.org\/{rel}","templated":true}]}}