{"id":13087,"date":"2023-02-12T18:24:24","date_gmt":"2023-02-12T17:24:24","guid":{"rendered":"http:\/\/www.spa-grillon.fr\/?page_id=13087"},"modified":"2024-11-24T19:09:36","modified_gmt":"2024-11-24T18:09:36","slug":"thais","status":"publish","type":"page","link":"https:\/\/www.spa-grillon.fr\/?page_id=13087","title":{"rendered":"THAIS"},"content":{"rendered":"<p style=\"text-align: justify;\"><img decoding=\"async\" loading=\"lazy\" class=\"alignleft wp-image-13064\" src=\"http:\/\/www.spa-grillon.fr\/wp-content\/uploads\/2013\/12\/Thais-et-T\u00e9tris-3-e1676221176621-1024x1024.jpg\" alt=\"Thais et T\u00e9tris (3)\" width=\"335\" height=\"335\" srcset=\"https:\/\/www.spa-grillon.fr\/wp-content\/uploads\/2013\/12\/Thais-et-T\u00e9tris-3-e1676221176621-1024x1024.jpg 1024w, https:\/\/www.spa-grillon.fr\/wp-content\/uploads\/2013\/12\/Thais-et-T\u00e9tris-3-e1676221176621-150x150.jpg 150w, https:\/\/www.spa-grillon.fr\/wp-content\/uploads\/2013\/12\/Thais-et-T\u00e9tris-3-e1676221176621-300x300.jpg 300w, https:\/\/www.spa-grillon.fr\/wp-content\/uploads\/2013\/12\/Thais-et-T\u00e9tris-3-e1676221176621-768x768.jpg 768w, https:\/\/www.spa-grillon.fr\/wp-content\/uploads\/2013\/12\/Thais-et-T\u00e9tris-3-e1676221176621.jpg 1198w\" sizes=\"(max-width: 335px) 100vw, 335px\" \/>Tha\u00efs est arriv\u00e9e avec sa s\u0153ur Tistou et son fr\u00e8re Tamino un \u00e9t\u00e9. Sauvageons, il a fallu les socialiser. Une fois en libert\u00e9, elle s&rsquo;est r\u00e9v\u00e9l\u00e9e attir\u00e9e par l&rsquo;homme, surtout s&rsquo;il a une petite gamelle \u00e0 la main : car la miss est tr\u00e8s gourmande et cela facilite grandement les interactions! Elle est tr\u00e8s sociable avec les autres chats, tellement qu&rsquo;elle se fait chasser parfois par les cat-racailles, elle qui n&rsquo;a pas deux sous de m\u00e9chancet\u00e9. Elle n&rsquo;est pas sauvage, seulement timide, un peu plus que Tistou, mais elle se laisse caresser par les b\u00e9n\u00e9voles qu&rsquo;elle conna\u00eet et elle appr\u00e9cie grandement les c\u00e2lins. Ce n&rsquo;est donc pas une minette tout \u00e0 fait \u00ab\u00a0pr\u00eate \u00e0 l&#8217;emploi\u00a0\u00bb. Il faudra un peu de temps et de patience pour l&rsquo;amadouer mais un peu de savoir- faire devrait suffire. On d\u00e9conseillera les enfants car ils seront sans doute trop vifs pour elle. Tha\u00efs est donc r\u00e9serv\u00e9e \u00e0 des amoureux des chats, des personnes patientes et douces, ent\u00eat\u00e9es aussi ! C&rsquo;est une gentille petite minette qui doit aussi avoir sa chance.<\/p>\n<p style=\"text-align: justify;\"><a href=\"http:\/\/www.spa-grillon.fr\/wp-content\/uploads\/2023\/02\/20230219_115521.jpg\" rel=\"attachment wp-att-13245\"><img decoding=\"async\" loading=\"lazy\" class=\"alignnone size-large wp-image-13245\" src=\"http:\/\/www.spa-grillon.fr\/wp-content\/uploads\/2023\/02\/20230219_115521-972x1024.jpg\" alt=\"20230219_115521\" width=\"640\" height=\"674\" srcset=\"https:\/\/www.spa-grillon.fr\/wp-content\/uploads\/2023\/02\/20230219_115521-972x1024.jpg 972w, https:\/\/www.spa-grillon.fr\/wp-content\/uploads\/2023\/02\/20230219_115521-285x300.jpg 285w, https:\/\/www.spa-grillon.fr\/wp-content\/uploads\/2023\/02\/20230219_115521-768x809.jpg 768w, https:\/\/www.spa-grillon.fr\/wp-content\/uploads\/2023\/02\/20230219_115521.jpg 1709w\" sizes=\"(max-width: 640px) 100vw, 640px\" \/><\/a><\/p>\n<p style=\"text-align: justify;\">\u00a0 <img decoding=\"async\" loading=\"lazy\" class=\"wp-image-13085 aligncenter\" src=\"http:\/\/www.spa-grillon.fr\/wp-content\/uploads\/2023\/02\/Thais-et-T\u00e9tris-2-1024x765.jpg\" alt=\"Thais et T\u00e9tris (2)\" width=\"544\" height=\"406\" srcset=\"https:\/\/www.spa-grillon.fr\/wp-content\/uploads\/2023\/02\/Thais-et-T\u00e9tris-2-1024x765.jpg 1024w, https:\/\/www.spa-grillon.fr\/wp-content\/uploads\/2023\/02\/Thais-et-T\u00e9tris-2-300x224.jpg 300w, https:\/\/www.spa-grillon.fr\/wp-content\/uploads\/2023\/02\/Thais-et-T\u00e9tris-2-768x574.jpg 768w\" sizes=\"(max-width: 544px) 100vw, 544px\" \/><\/p>\n<p style=\"text-align: justify;\"><img decoding=\"async\" loading=\"lazy\" class=\"wp-image-13084 aligncenter\" src=\"http:\/\/www.spa-grillon.fr\/wp-content\/uploads\/2023\/02\/Thais-et-T\u00e9tris-1024x762.jpg\" alt=\"Thais et T\u00e9tris\" width=\"543\" height=\"404\" srcset=\"https:\/\/www.spa-grillon.fr\/wp-content\/uploads\/2023\/02\/Thais-et-T\u00e9tris-1024x762.jpg 1024w, https:\/\/www.spa-grillon.fr\/wp-content\/uploads\/2023\/02\/Thais-et-T\u00e9tris-300x223.jpg 300w, https:\/\/www.spa-grillon.fr\/wp-content\/uploads\/2023\/02\/Thais-et-T\u00e9tris-768x571.jpg 768w\" sizes=\"(max-width: 543px) 100vw, 543px\" \/><\/p>\n<div id=\"attachment_13082\" style=\"width: 478px\" class=\"wp-caption aligncenter\"><img aria-describedby=\"caption-attachment-13082\" decoding=\"async\" loading=\"lazy\" class=\"wp-image-13082 \" src=\"http:\/\/www.spa-grillon.fr\/wp-content\/uploads\/2023\/02\/Thais-e1676222596183-883x1024.jpg\" alt=\"Thais, b\u00e9b\u00e9, avait le sens du confort ! \" width=\"468\" height=\"543\" srcset=\"https:\/\/www.spa-grillon.fr\/wp-content\/uploads\/2023\/02\/Thais-e1676222596183-883x1024.jpg 883w, https:\/\/www.spa-grillon.fr\/wp-content\/uploads\/2023\/02\/Thais-e1676222596183-259x300.jpg 259w, https:\/\/www.spa-grillon.fr\/wp-content\/uploads\/2023\/02\/Thais-e1676222596183-768x891.jpg 768w, https:\/\/www.spa-grillon.fr\/wp-content\/uploads\/2023\/02\/Thais-e1676222596183.jpg 1169w\" sizes=\"(max-width: 468px) 100vw, 468px\" \/><p id=\"caption-attachment-13082\" class=\"wp-caption-text\">Tha\u00efs, b\u00e9b\u00e9, avait le sens du confort !<\/p><\/div>\n<div style=\"width: 640px;\" class=\"wp-video\"><!--[if lt IE 9]><script>document.createElement('video');<\/script><![endif]-->\n<video class=\"wp-video-shortcode\" id=\"video-13087-1\" width=\"640\" height=\"360\" preload=\"metadata\" controls=\"controls\"><source type=\"video\/mp4\" src=\"http:\/\/www.spa-grillon.fr\/wp-content\/uploads\/2023\/02\/20230219_120252.mp4?_=1\" \/><a href=\"http:\/\/www.spa-grillon.fr\/wp-content\/uploads\/2023\/02\/20230219_120252.mp4\">http:\/\/www.spa-grillon.fr\/wp-content\/uploads\/2023\/02\/20230219_120252.mp4<\/a><\/video><\/div>\n","protected":false},"excerpt":{"rendered":"<p>Tha\u00efs est arriv\u00e9e avec sa s\u0153ur Tistou et son fr\u00e8re Tamino un \u00e9t\u00e9. Sauvageons, il a fallu les socialiser. Une fois en libert\u00e9, elle s&rsquo;est r\u00e9v\u00e9l\u00e9e attir\u00e9e par l&rsquo;homme, surtout s&rsquo;il a une petite gamelle \u00e0 la main : car &hellip; <a href=\"https:\/\/www.spa-grillon.fr\/?page_id=13087\">Continuer la lecture <span class=\"meta-nav\">&rarr;<\/span><\/a><\/p>\n","protected":false},"author":2,"featured_media":0,"parent":0,"menu_order":0,"comment_status":"closed","ping_status":"closed","template":"","meta":[],"_links":{"self":[{"href":"https:\/\/www.spa-grillon.fr\/index.php?rest_route=\/wp\/v2\/pages\/13087"}],"collection":[{"href":"https:\/\/www.spa-grillon.fr\/index.php?rest_route=\/wp\/v2\/pages"}],"about":[{"href":"https:\/\/www.spa-grillon.fr\/index.php?rest_route=\/wp\/v2\/types\/page"}],"author":[{"embeddable":true,"href":"https:\/\/www.spa-grillon.fr\/index.php?rest_route=\/wp\/v2\/users\/2"}],"replies":[{"embeddable":true,"href":"https:\/\/www.spa-grillon.fr\/index.php?rest_route=%2Fwp%2Fv2%2Fcomments&post=13087"}],"version-history":[{"count":6,"href":"https:\/\/www.spa-grillon.fr\/index.php?rest_route=\/wp\/v2\/pages\/13087\/revisions"}],"predecessor-version":[{"id":16366,"href":"https:\/\/www.spa-grillon.fr\/index.php?rest_route=\/wp\/v2\/pages\/13087\/revisions\/16366"}],"wp:attachment":[{"href":"https:\/\/www.spa-grillon.fr\/index.php?rest_route=%2Fwp%2Fv2%2Fmedia&parent=13087"}],"curies":[{"name":"wp","href":"https:\/\/api.w.org\/{rel}","templated":true}]}}