{"id":13438,"date":"2023-05-06T17:23:45","date_gmt":"2023-05-06T16:23:45","guid":{"rendered":"http:\/\/www.spa-grillon.fr\/?page_id=13438"},"modified":"2023-05-06T17:41:15","modified_gmt":"2023-05-06T16:41:15","slug":"maverick","status":"publish","type":"page","link":"https:\/\/www.spa-grillon.fr\/?page_id=13438","title":{"rendered":"MAVERICK"},"content":{"rendered":"<p><strong><a href=\"http:\/\/www.spa-grillon.fr\/wp-content\/uploads\/2023\/05\/Maverick-1.jpg\" rel=\"attachment wp-att-13439\"><img decoding=\"async\" loading=\"lazy\" class=\"wp-image-13439 alignleft\" src=\"http:\/\/www.spa-grillon.fr\/wp-content\/uploads\/2023\/05\/Maverick-1-e1683390068473-234x300.jpg\" alt=\"Maverick (1)\" width=\"282\" height=\"362\" \/><\/a><\/strong><\/p>\n<p>&nbsp;<\/p>\n<p><strong>Sexe<\/strong> : m\u00e2le<\/p>\n<p><strong>Race <\/strong>: berger allemand<\/p>\n<p><strong>Age <\/strong>: n\u00e9 en 02\/2022<\/p>\n<p><strong>Taille <\/strong>: grande<\/p>\n<p>&nbsp;<\/p>\n<p>&nbsp;<\/p>\n<p>&nbsp;<\/p>\n<p dir=\"auto\" style=\"text-align: justify;\"><strong>Caract\u00e9ristiques <\/strong>: Maverick est arriv\u00e9 par la fourri\u00e8re et n&rsquo;a jamais \u00e9t\u00e9 r\u00e9clam\u00e9. On ne sait donc rien de son pass\u00e9. C&rsquo;est un chien qui peut \u00eatre impressionnant \u00e0 premi\u00e8re vue : puissant, muscl\u00e9 et vif, il ne sera pas \u00e0 mettre entre toutes les mains mais un connaisseur de chiens et de bergers allemands en particulier saura voir quelle perle il est. C&rsquo;est un chien pos\u00e9 pour son \u00e2ge : il n&rsquo;aboie pas pour un oui ou pour un nom. Il a d\u00fb avoir l&rsquo;habitude de rester seul car il s&rsquo;amuse de fa\u00e7on autonome : il se lance lui-m\u00eame la balle et semble surpris quand on joue avec lui. C&rsquo;est presque triste, mais il apprend \u00e0 jouer avec nous et il aime \u00e7a ! Il conna\u00eet plusieurs ordres (il a sans doute re\u00e7u des bases d&rsquo;\u00e9ducation avant). Il s&rsquo;assoit, se couche, marche presque au pied. Mais il est tr\u00e8s puissant et peut vous entra\u00eener facilement : il faudra donc compl\u00e9ter son \u00e9ducation. Il est tr\u00e8s intelligent et apprend tr\u00e8s vite. C\u00f4t\u00e9 ententes, il appr\u00e9cie certains de ses voisins de parc, m\u00e2les ou femelles, et il ne supporte pas certains autres : c&rsquo;est selon : il faudra faire des tests pour garantir qu&rsquo;il puisse cohabiter avec des cong\u00e9n\u00e8res. Les chats, c&rsquo;est clair, c&rsquo;est non ! Comme beaucoup de bergers allemands, Maverick est proche de ses humains : c&rsquo;est un plaisir de rester avec lui loin du refuge et de lui apprendre des choses. On d\u00e9conseillera les enfants avec Maverick car il peut \u00eatre brusque dans ses d\u00e9placements.<br \/>\nIl est tr\u00e8s bon gardien mais c&rsquo;est une famille que l&rsquo;on veut trouver pour lui : il ne deviendra pas un surveillant de parking de nuit, jamais sollicit\u00e9 et toujours seul. Maintenant, c&rsquo;est une vraie vie de chien qu&rsquo;il lui faut.<\/p>\n<p dir=\"auto\" style=\"text-align: justify;\"><a href=\"http:\/\/www.spa-grillon.fr\/wp-content\/uploads\/2023\/05\/Maverick-3.jpg\" rel=\"attachment wp-att-13442\"><img decoding=\"async\" loading=\"lazy\" class=\"wp-image-13442 aligncenter\" src=\"http:\/\/www.spa-grillon.fr\/wp-content\/uploads\/2023\/05\/Maverick-3-e1683390370334-901x1024.jpg\" alt=\"Maverick (3)\" width=\"491\" height=\"558\" srcset=\"https:\/\/www.spa-grillon.fr\/wp-content\/uploads\/2023\/05\/Maverick-3-e1683390370334-901x1024.jpg 901w, https:\/\/www.spa-grillon.fr\/wp-content\/uploads\/2023\/05\/Maverick-3-e1683390370334-264x300.jpg 264w, https:\/\/www.spa-grillon.fr\/wp-content\/uploads\/2023\/05\/Maverick-3-e1683390370334-768x873.jpg 768w, https:\/\/www.spa-grillon.fr\/wp-content\/uploads\/2023\/05\/Maverick-3-e1683390370334.jpg 1219w\" sizes=\"(max-width: 491px) 100vw, 491px\" \/><\/a><\/p>\n<p dir=\"auto\" style=\"text-align: justify;\"><a href=\"http:\/\/www.spa-grillon.fr\/wp-content\/uploads\/2023\/05\/Maverick-14.jpg\" rel=\"attachment wp-att-13453\"><img decoding=\"async\" loading=\"lazy\" class=\"wp-image-13453 aligncenter\" src=\"http:\/\/www.spa-grillon.fr\/wp-content\/uploads\/2023\/05\/Maverick-14-768x1024.jpg\" alt=\"Maverick (14)\" width=\"548\" height=\"730\" srcset=\"https:\/\/www.spa-grillon.fr\/wp-content\/uploads\/2023\/05\/Maverick-14-768x1024.jpg 768w, https:\/\/www.spa-grillon.fr\/wp-content\/uploads\/2023\/05\/Maverick-14-225x300.jpg 225w, https:\/\/www.spa-grillon.fr\/wp-content\/uploads\/2023\/05\/Maverick-14.jpg 1536w\" sizes=\"(max-width: 548px) 100vw, 548px\" \/><\/a><a href=\"http:\/\/www.spa-grillon.fr\/wp-content\/uploads\/2023\/05\/Maverick-8.jpg\" rel=\"attachment wp-att-13447\"><img decoding=\"async\" loading=\"lazy\" class=\"wp-image-13447 aligncenter\" src=\"http:\/\/www.spa-grillon.fr\/wp-content\/uploads\/2023\/05\/Maverick-8-668x1024.jpg\" alt=\"Maverick (8)\" width=\"540\" height=\"828\" srcset=\"https:\/\/www.spa-grillon.fr\/wp-content\/uploads\/2023\/05\/Maverick-8-668x1024.jpg 668w, https:\/\/www.spa-grillon.fr\/wp-content\/uploads\/2023\/05\/Maverick-8-196x300.jpg 196w, https:\/\/www.spa-grillon.fr\/wp-content\/uploads\/2023\/05\/Maverick-8-768x1177.jpg 768w, https:\/\/www.spa-grillon.fr\/wp-content\/uploads\/2023\/05\/Maverick-8.jpg 1237w\" sizes=\"(max-width: 540px) 100vw, 540px\" \/><\/a><a href=\"http:\/\/www.spa-grillon.fr\/wp-content\/uploads\/2023\/05\/Maverick-1-e1683391255591.jpg\" rel=\"attachment wp-att-13439\"><img decoding=\"async\" loading=\"lazy\" class=\"wp-image-13439  aligncenter\" src=\"http:\/\/www.spa-grillon.fr\/wp-content\/uploads\/2023\/05\/Maverick-1-e1683391255591-847x1024.jpg\" alt=\"Maverick (1)\" width=\"515\" height=\"623\" srcset=\"https:\/\/www.spa-grillon.fr\/wp-content\/uploads\/2023\/05\/Maverick-1-e1683391255591-847x1024.jpg 847w, https:\/\/www.spa-grillon.fr\/wp-content\/uploads\/2023\/05\/Maverick-1-e1683391255591-248x300.jpg 248w, https:\/\/www.spa-grillon.fr\/wp-content\/uploads\/2023\/05\/Maverick-1-e1683391255591-768x928.jpg 768w, https:\/\/www.spa-grillon.fr\/wp-content\/uploads\/2023\/05\/Maverick-1-e1683391255591.jpg 1318w\" sizes=\"(max-width: 515px) 100vw, 515px\" \/><\/a><\/p>\n<div style=\"width: 320px;\" class=\"wp-video\"><!--[if lt IE 9]><script>document.createElement('video');<\/script><![endif]-->\n<video class=\"wp-video-shortcode\" id=\"video-13438-1\" width=\"320\" height=\"180\" preload=\"metadata\" controls=\"controls\"><source type=\"video\/mp4\" src=\"http:\/\/www.spa-grillon.fr\/wp-content\/uploads\/2023\/05\/Maverick-1-1.mp4?_=1\" \/><a href=\"http:\/\/www.spa-grillon.fr\/wp-content\/uploads\/2023\/05\/Maverick-1-1.mp4\">http:\/\/www.spa-grillon.fr\/wp-content\/uploads\/2023\/05\/Maverick-1-1.mp4<\/a><\/video><\/div>\n","protected":false},"excerpt":{"rendered":"<p>&nbsp; Sexe : m\u00e2le Race : berger allemand Age : n\u00e9 en 02\/2022 Taille : grande &nbsp; &nbsp; &nbsp; Caract\u00e9ristiques : Maverick est arriv\u00e9 par la fourri\u00e8re et n&rsquo;a jamais \u00e9t\u00e9 r\u00e9clam\u00e9. On ne sait donc rien de son pass\u00e9. &hellip; <a href=\"https:\/\/www.spa-grillon.fr\/?page_id=13438\">Continuer la lecture <span class=\"meta-nav\">&rarr;<\/span><\/a><\/p>\n","protected":false},"author":2,"featured_media":0,"parent":0,"menu_order":0,"comment_status":"closed","ping_status":"closed","template":"","meta":[],"_links":{"self":[{"href":"https:\/\/www.spa-grillon.fr\/index.php?rest_route=\/wp\/v2\/pages\/13438"}],"collection":[{"href":"https:\/\/www.spa-grillon.fr\/index.php?rest_route=\/wp\/v2\/pages"}],"about":[{"href":"https:\/\/www.spa-grillon.fr\/index.php?rest_route=\/wp\/v2\/types\/page"}],"author":[{"embeddable":true,"href":"https:\/\/www.spa-grillon.fr\/index.php?rest_route=\/wp\/v2\/users\/2"}],"replies":[{"embeddable":true,"href":"https:\/\/www.spa-grillon.fr\/index.php?rest_route=%2Fwp%2Fv2%2Fcomments&post=13438"}],"version-history":[{"count":5,"href":"https:\/\/www.spa-grillon.fr\/index.php?rest_route=\/wp\/v2\/pages\/13438\/revisions"}],"predecessor-version":[{"id":13465,"href":"https:\/\/www.spa-grillon.fr\/index.php?rest_route=\/wp\/v2\/pages\/13438\/revisions\/13465"}],"wp:attachment":[{"href":"https:\/\/www.spa-grillon.fr\/index.php?rest_route=%2Fwp%2Fv2%2Fmedia&parent=13438"}],"curies":[{"name":"wp","href":"https:\/\/api.w.org\/{rel}","templated":true}]}}