{"id":13620,"date":"2023-07-03T21:25:17","date_gmt":"2023-07-03T20:25:17","guid":{"rendered":"http:\/\/www.spa-grillon.fr\/?page_id=13620"},"modified":"2023-10-08T17:19:42","modified_gmt":"2023-10-08T16:19:42","slug":"dixie","status":"publish","type":"page","link":"https:\/\/www.spa-grillon.fr\/?page_id=13620","title":{"rendered":"DIXIE"},"content":{"rendered":"<p><strong> <a href=\"http:\/\/www.spa-grillon.fr\/wp-content\/uploads\/2023\/07\/Dixie-5.jpg\" rel=\"attachment wp-att-13625\"><img decoding=\"async\" loading=\"lazy\" class=\"alignleft wp-image-13625 size-medium\" src=\"http:\/\/www.spa-grillon.fr\/wp-content\/uploads\/2023\/07\/Dixie-5-e1688415812145-300x300.jpg\" alt=\"Dixie (5)\" width=\"300\" height=\"300\" srcset=\"https:\/\/www.spa-grillon.fr\/wp-content\/uploads\/2023\/07\/Dixie-5-e1688415812145-300x300.jpg 300w, https:\/\/www.spa-grillon.fr\/wp-content\/uploads\/2023\/07\/Dixie-5-e1688415812145-150x150.jpg 150w, https:\/\/www.spa-grillon.fr\/wp-content\/uploads\/2023\/07\/Dixie-5-e1688415812145-768x768.jpg 768w, https:\/\/www.spa-grillon.fr\/wp-content\/uploads\/2023\/07\/Dixie-5-e1688415812145-1024x1024.jpg 1024w, https:\/\/www.spa-grillon.fr\/wp-content\/uploads\/2023\/07\/Dixie-5-e1688415812145.jpg 1165w\" sizes=\"(max-width: 300px) 100vw, 300px\" \/><\/a> <\/strong><\/p>\n<p>&nbsp;<\/p>\n<p><strong>Sexe <\/strong>: femelle<\/p>\n<p><strong>Race <\/strong>: border collie<\/p>\n<p><strong>Age <\/strong>: n\u00e9 en 11\/2020<\/p>\n<p><strong>Taille <\/strong>: grande<\/p>\n<p>&nbsp;<\/p>\n<p style=\"text-align: justify;\"><strong><br \/>\nCaract\u00e9ristiques :\u00a0<\/strong> Dixie a \u00e9t\u00e9 abandonn\u00e9e car ses ma\u00eetres n&rsquo;avaient pas le temps de s&rsquo;occuper d&rsquo;elle. Son abandon a \u00e9t\u00e9 difficile mais elle va mieux maintenant et s&rsquo;attache vite aux personnes qui s&rsquo;occupent d&rsquo;elle. Elle peut \u00eatre peureuse de prime abord et il faudra se montrer un peu patient, le temps qu&rsquo;elle se familiarise avec un nouvel environnement. Tr\u00e8s ob\u00e9issante, elle reste \u00e0 l&rsquo;\u00e9coute et pr\u00eate \u00e0 apprendre de multiples choses. Elle prom\u00e8ne sans tirer excessivement. Avec ses cong\u00e9n\u00e8res m\u00e2les, tout se passe pacifiquement et une cohabitation avec un chien tranquille lui sera b\u00e9n\u00e9fique. Il nous restera \u00e0 tester avec les femelles mais elle semble s&rsquo;entendre avec tout le monde. Elle course les chats mais semble accepter de s&rsquo;interrompre quand on la gronde : rien n&rsquo;est peut-\u00eatre perdu. Attention, Dixie est une fugueuse : il faudra une cl\u00f4ture assez haute et une certaine vigilance mais c&rsquo;est son seul d\u00e9faut. Elle devra b\u00e9n\u00e9ficier d&rsquo;une vie active qui la sollicite suffisamment pour d\u00e9tendre sa nature de border collie. Elle craint aussi, d&rsquo;autant plus maintenant, l&rsquo;abandon et il faudra lui apprendre avec patience que partir de la maison pour aller travailler n&rsquo;implique pas qu&rsquo;on ne reviendra pas la chercher. Elle est tr\u00e8s en demande de pr\u00e9sence mais elle ne pleure plus quand elle nous voit nous \u00e9loigner maintenant. Il faudra apaiser ses craintes du d\u00e9laissement. Elle a besoin de retrouver confiance en ses humains. Dixie est une chienne adorable qui fera le bonheur d&rsquo;une famille avec des enfants avec qui elle pourra jouer et se faire c\u00e2liner.<\/p>\n<p style=\"text-align: justify;\"><a href=\"http:\/\/www.spa-grillon.fr\/wp-content\/uploads\/2023\/07\/Dixie-1.jpg\" rel=\"attachment wp-att-13621\"><img decoding=\"async\" loading=\"lazy\" class=\"wp-image-13621 aligncenter\" src=\"http:\/\/www.spa-grillon.fr\/wp-content\/uploads\/2023\/07\/Dixie-1-783x1024.jpg\" alt=\"Dixie (1)\" width=\"510\" height=\"667\" srcset=\"https:\/\/www.spa-grillon.fr\/wp-content\/uploads\/2023\/07\/Dixie-1-783x1024.jpg 783w, https:\/\/www.spa-grillon.fr\/wp-content\/uploads\/2023\/07\/Dixie-1-229x300.jpg 229w, https:\/\/www.spa-grillon.fr\/wp-content\/uploads\/2023\/07\/Dixie-1-768x1004.jpg 768w, https:\/\/www.spa-grillon.fr\/wp-content\/uploads\/2023\/07\/Dixie-1.jpg 1346w\" sizes=\"(max-width: 510px) 100vw, 510px\" \/><\/a> <a href=\"http:\/\/www.spa-grillon.fr\/wp-content\/uploads\/2023\/07\/Dixie-3.jpg\" rel=\"attachment wp-att-13623\"><img decoding=\"async\" loading=\"lazy\" class=\"wp-image-13623 aligncenter\" src=\"http:\/\/www.spa-grillon.fr\/wp-content\/uploads\/2023\/07\/Dixie-3-738x1024.jpg\" alt=\"Dixie (3)\" width=\"435\" height=\"604\" srcset=\"https:\/\/www.spa-grillon.fr\/wp-content\/uploads\/2023\/07\/Dixie-3-738x1024.jpg 738w, https:\/\/www.spa-grillon.fr\/wp-content\/uploads\/2023\/07\/Dixie-3-216x300.jpg 216w, https:\/\/www.spa-grillon.fr\/wp-content\/uploads\/2023\/07\/Dixie-3-768x1066.jpg 768w, https:\/\/www.spa-grillon.fr\/wp-content\/uploads\/2023\/07\/Dixie-3.jpg 924w\" sizes=\"(max-width: 435px) 100vw, 435px\" \/><\/a> <a href=\"http:\/\/www.spa-grillon.fr\/wp-content\/uploads\/2023\/07\/Dixie.jpg\" rel=\"attachment wp-att-13627\"><img decoding=\"async\" loading=\"lazy\" class=\"aligncenter wp-image-13627 \" src=\"http:\/\/www.spa-grillon.fr\/wp-content\/uploads\/2023\/07\/Dixie.jpg\" alt=\"Dixie\" width=\"516\" height=\"499\" srcset=\"https:\/\/www.spa-grillon.fr\/wp-content\/uploads\/2023\/07\/Dixie.jpg 961w, https:\/\/www.spa-grillon.fr\/wp-content\/uploads\/2023\/07\/Dixie-300x290.jpg 300w, https:\/\/www.spa-grillon.fr\/wp-content\/uploads\/2023\/07\/Dixie-768x743.jpg 768w\" sizes=\"(max-width: 516px) 100vw, 516px\" \/><\/a> <a href=\"http:\/\/www.spa-grillon.fr\/wp-content\/uploads\/2023\/07\/Dixie-4.jpg\" rel=\"attachment wp-att-13624\"><img decoding=\"async\" loading=\"lazy\" class=\"aligncenter wp-image-13624 \" src=\"http:\/\/www.spa-grillon.fr\/wp-content\/uploads\/2023\/07\/Dixie-4-784x1024.jpg\" alt=\"Dixie (4)\" width=\"520\" height=\"679\" \/><\/a><\/p>\n","protected":false},"excerpt":{"rendered":"<p>&nbsp; Sexe : femelle Race : border collie Age : n\u00e9 en 11\/2020 Taille : grande &nbsp; Caract\u00e9ristiques :\u00a0 Dixie a \u00e9t\u00e9 abandonn\u00e9e car ses ma\u00eetres n&rsquo;avaient pas le temps de s&rsquo;occuper d&rsquo;elle. Son abandon a \u00e9t\u00e9 difficile mais elle &hellip; <a href=\"https:\/\/www.spa-grillon.fr\/?page_id=13620\">Continuer la lecture <span class=\"meta-nav\">&rarr;<\/span><\/a><\/p>\n","protected":false},"author":2,"featured_media":0,"parent":0,"menu_order":0,"comment_status":"closed","ping_status":"closed","template":"","meta":[],"_links":{"self":[{"href":"https:\/\/www.spa-grillon.fr\/index.php?rest_route=\/wp\/v2\/pages\/13620"}],"collection":[{"href":"https:\/\/www.spa-grillon.fr\/index.php?rest_route=\/wp\/v2\/pages"}],"about":[{"href":"https:\/\/www.spa-grillon.fr\/index.php?rest_route=\/wp\/v2\/types\/page"}],"author":[{"embeddable":true,"href":"https:\/\/www.spa-grillon.fr\/index.php?rest_route=\/wp\/v2\/users\/2"}],"replies":[{"embeddable":true,"href":"https:\/\/www.spa-grillon.fr\/index.php?rest_route=%2Fwp%2Fv2%2Fcomments&post=13620"}],"version-history":[{"count":4,"href":"https:\/\/www.spa-grillon.fr\/index.php?rest_route=\/wp\/v2\/pages\/13620\/revisions"}],"predecessor-version":[{"id":14001,"href":"https:\/\/www.spa-grillon.fr\/index.php?rest_route=\/wp\/v2\/pages\/13620\/revisions\/14001"}],"wp:attachment":[{"href":"https:\/\/www.spa-grillon.fr\/index.php?rest_route=%2Fwp%2Fv2%2Fmedia&parent=13620"}],"curies":[{"name":"wp","href":"https:\/\/api.w.org\/{rel}","templated":true}]}}