{"id":13742,"date":"2023-07-30T17:03:52","date_gmt":"2023-07-30T16:03:52","guid":{"rendered":"http:\/\/www.spa-grillon.fr\/?page_id=13742"},"modified":"2023-07-30T17:03:52","modified_gmt":"2023-07-30T16:03:52","slug":"fanny-3","status":"publish","type":"page","link":"https:\/\/www.spa-grillon.fr\/?page_id=13742","title":{"rendered":"FANNY"},"content":{"rendered":"<p style=\"text-align: justify;\"><a href=\"http:\/\/www.spa-grillon.fr\/wp-content\/uploads\/2023\/07\/Fanny-2.jpg\" rel=\"attachment wp-att-13743\"><img decoding=\"async\" loading=\"lazy\" class=\"wp-image-13743  alignleft\" src=\"http:\/\/www.spa-grillon.fr\/wp-content\/uploads\/2023\/07\/Fanny-2-e1690733009750-1024x1024.jpg\" alt=\"Fanny (2)\" width=\"302\" height=\"302\" srcset=\"https:\/\/www.spa-grillon.fr\/wp-content\/uploads\/2023\/07\/Fanny-2-e1690733009750-1024x1024.jpg 1024w, https:\/\/www.spa-grillon.fr\/wp-content\/uploads\/2023\/07\/Fanny-2-e1690733009750-150x150.jpg 150w, https:\/\/www.spa-grillon.fr\/wp-content\/uploads\/2023\/07\/Fanny-2-e1690733009750-300x300.jpg 300w, https:\/\/www.spa-grillon.fr\/wp-content\/uploads\/2023\/07\/Fanny-2-e1690733009750-768x768.jpg 768w, https:\/\/www.spa-grillon.fr\/wp-content\/uploads\/2023\/07\/Fanny-2-e1690733009750.jpg 1121w\" sizes=\"(max-width: 302px) 100vw, 302px\" \/><\/a>Fanny est une jeune minette d\u2019environ un an et demi. C&rsquo;est un tout petit gabarit tant et si bien qu&rsquo;elle a l&rsquo;air d&rsquo;\u00eatre un chaton.\u00a0 Elle est arriv\u00e9e au refuge avec ses b\u00e9b\u00e9s. Elle s&rsquo;est montr\u00e9e maman attentive et protectrice et elle a bien fait son travail car plusieurs sont d\u00e9j\u00e0 adopt\u00e9s. Elle est d\u00e9sormais st\u00e9rilis\u00e9e et par\u00e9e pour d\u00e9couvrir la vraie vie de chat de famille. Ses qualit\u00e9s\u00a0? Douce, tendre et caressante. Ses d\u00e9fauts\u00a0? Elle a v\u00e9cu dehors et il lui est difficile de rester enferm\u00e9e. Il le faudra bien pour le temps de son adaptation \u00e0 un nouveau lieu de vie, mais elle ne pourra pas se r\u00e9soudre \u00e0 vivre en appartement. Elle a besoin de grand air et d\u2019un peu d\u2019ind\u00e9pendance. Elle cohabite pacifiquement avec d&rsquo;autres chats sans rechercher pour autant leur compagnie\u00a0 : elle appr\u00e9cie sa tranquillit\u00e9. Elle ne connais pas encore les chiens. Alors, si vous voulez succomber au charme de ses roucoulades enj\u00f4leuses, venez la voir\u00a0! Elle vous attend\u2026<\/p>\n","protected":false},"excerpt":{"rendered":"<p>Fanny est une jeune minette d\u2019environ un an et demi. C&rsquo;est un tout petit gabarit tant et si bien qu&rsquo;elle a l&rsquo;air d&rsquo;\u00eatre un chaton.\u00a0 Elle est arriv\u00e9e au refuge avec ses b\u00e9b\u00e9s. Elle s&rsquo;est montr\u00e9e maman attentive et protectrice &hellip; <a href=\"https:\/\/www.spa-grillon.fr\/?page_id=13742\">Continuer la lecture <span class=\"meta-nav\">&rarr;<\/span><\/a><\/p>\n","protected":false},"author":2,"featured_media":0,"parent":0,"menu_order":0,"comment_status":"closed","ping_status":"closed","template":"","meta":[],"_links":{"self":[{"href":"https:\/\/www.spa-grillon.fr\/index.php?rest_route=\/wp\/v2\/pages\/13742"}],"collection":[{"href":"https:\/\/www.spa-grillon.fr\/index.php?rest_route=\/wp\/v2\/pages"}],"about":[{"href":"https:\/\/www.spa-grillon.fr\/index.php?rest_route=\/wp\/v2\/types\/page"}],"author":[{"embeddable":true,"href":"https:\/\/www.spa-grillon.fr\/index.php?rest_route=\/wp\/v2\/users\/2"}],"replies":[{"embeddable":true,"href":"https:\/\/www.spa-grillon.fr\/index.php?rest_route=%2Fwp%2Fv2%2Fcomments&post=13742"}],"version-history":[{"count":1,"href":"https:\/\/www.spa-grillon.fr\/index.php?rest_route=\/wp\/v2\/pages\/13742\/revisions"}],"predecessor-version":[{"id":13744,"href":"https:\/\/www.spa-grillon.fr\/index.php?rest_route=\/wp\/v2\/pages\/13742\/revisions\/13744"}],"wp:attachment":[{"href":"https:\/\/www.spa-grillon.fr\/index.php?rest_route=%2Fwp%2Fv2%2Fmedia&parent=13742"}],"curies":[{"name":"wp","href":"https:\/\/api.w.org\/{rel}","templated":true}]}}