{"id":13977,"date":"2023-09-28T14:12:39","date_gmt":"2023-09-28T13:12:39","guid":{"rendered":"https:\/\/www.spa-grillon.fr\/?page_id=13977"},"modified":"2025-01-19T18:21:25","modified_gmt":"2025-01-19T17:21:25","slug":"milka","status":"publish","type":"page","link":"https:\/\/www.spa-grillon.fr\/?page_id=13977","title":{"rendered":"MILKA"},"content":{"rendered":"\n<p><\/p>\n\n\n\n<div class=\"wp-block-media-text alignwide is-stacked-on-mobile\"><figure class=\"wp-block-media-text__media\"><img decoding=\"async\" loading=\"lazy\" width=\"1024\" height=\"1024\" src=\"https:\/\/www.spa-grillon.fr\/wp-content\/uploads\/2024\/09\/Milka-9-scaled-e1727542812877-1024x1024.jpg\" alt=\"\" class=\"wp-image-15934 size-full\" srcset=\"https:\/\/www.spa-grillon.fr\/wp-content\/uploads\/2024\/09\/Milka-9-scaled-e1727542812877-1024x1024.jpg 1024w, https:\/\/www.spa-grillon.fr\/wp-content\/uploads\/2024\/09\/Milka-9-scaled-e1727542812877-300x300.jpg 300w, https:\/\/www.spa-grillon.fr\/wp-content\/uploads\/2024\/09\/Milka-9-scaled-e1727542812877-150x150.jpg 150w, https:\/\/www.spa-grillon.fr\/wp-content\/uploads\/2024\/09\/Milka-9-scaled-e1727542812877-768x768.jpg 768w, https:\/\/www.spa-grillon.fr\/wp-content\/uploads\/2024\/09\/Milka-9-scaled-e1727542812877-1536x1536.jpg 1536w, https:\/\/www.spa-grillon.fr\/wp-content\/uploads\/2024\/09\/Milka-9-scaled-e1727542812877.jpg 1619w\" sizes=\"(max-width: 1024px) 100vw, 1024px\" \/><\/figure><div class=\"wp-block-media-text__content\">\n<p><strong>Sexe<\/strong> : m\u00e2le<\/p>\n\n\n\n<p><strong>Race <\/strong>: malinois<\/p>\n\n\n\n<p><strong>Age <\/strong>: n\u00e9 en 01\/2019<\/p>\n\n\n\n<p><strong>Taille <\/strong>: grande<\/p>\n<\/div><\/div>\n\n\n\n<p style=\"text-align: justify;\"><strong>Caract\u00e9ristiques<\/strong> : Milka a perdu son propri\u00e9taire, d\u00e9c\u00e9d\u00e9. La famille n&rsquo;a pas pu le garder. Il \u00e9tait tr\u00e8s craintif \u00e0 son arriv\u00e9e, mais sans agressivit\u00e9. Petit \u00e0 petit, il s&rsquo;est d\u00e9tendu m\u00eame s&rsquo;il reste encore nerveux parfois. Il aura besoin de stabilit\u00e9 et en attendant, de la patience et du savoir-faire pour le rassurer. Il montre les dents aux inconnus (c&rsquo;est un malou et il a ce temp\u00e9rament protecteur) mais une fois que vous \u00eates dans son carnet d&rsquo;adresses, tout va bien et il est affectueux.<br>Il est imp\u00e9ratif que Milka soit adopt\u00e9 par un connaisseur de la race, tout du moins des chiens, pour pouvoir g\u00e9rer ses r\u00e9actions. Ce n&rsquo;est pas un chien agressif du tout mais il est dominant, notamment dans ce qu&rsquo;il a identifi\u00e9 comme son domaine et il a d\u00e9j\u00e0 pinc\u00e9. Il est tr\u00e8s \u00e9quilibr\u00e9 mais il a besoin d&rsquo;un ma\u00eetre sachant lui imposer son autorit\u00e9 sans le craindre et sans le brutaliser non plus, \u00e9videmment. Il est hyper ob\u00e9issant mais il teste aussi et si on ne sait pas r\u00e9pondre \u00e0 ses intimidations, ou si on montre qu&rsquo;on le craint, il s&rsquo;imposera. C&rsquo;est pourquoi on \u00e9vitera les enfants et les non avertis. C&rsquo;est un chien fabuleux pour un connaisseur : il est intelligent et apprend tr\u00e8s vite. Milka sera sans doute malheureux s&rsquo;il est laiss\u00e9 livr\u00e9 \u00e0 lui-m\u00eame dans un jardin : il aura besoin d&rsquo;interactions fr\u00e9quentes avec ses adoptants, des balades, des activit\u00e9s, de l&rsquo;\u00e9ducation&#8230; C\u00f4t\u00e9 ententes, il est sociable avec les femelles et avec certains m\u00e2les. Il ne supporte pas les chats en revanche. En balade, il ne tire pas vraiment, il n&rsquo;est pas dit qu&rsquo;il soit un grand sportif mais peut-\u00eatre cache-t-il son jeu et qu&rsquo;il s&rsquo;\u00e9clatera \u00e0 faire du canicross? Milka est un gentil chien, \u00e9quilibr\u00e9 mais qui a perdu ses rep\u00e8res : il a juste besoin de retrouver une ancre et un cadre rassurant.<br>Milka n\u00e9cessitera que son futur adoptant vienne l&rsquo;habituer \u00e0 sa pr\u00e9sence et un temps d&rsquo;accompagnement avec un \u00e9ducateur sera propos\u00e9 par le refuge. <p style=\"text-align: justify;\">\n\n\n<div class=\"wp-block-image\">\n<figure class=\"aligncenter is-resized\"><img decoding=\"async\" src=\"https:\/\/www.spa-grillon.fr\/wp-content\/uploads\/2025\/01\/Milka-6-edited.jpg\" alt=\"\" class=\"wp-image-16651\" width=\"471\" srcset=\"https:\/\/www.spa-grillon.fr\/wp-content\/uploads\/2025\/01\/Milka-6-edited.jpg 1778w, https:\/\/www.spa-grillon.fr\/wp-content\/uploads\/2025\/01\/Milka-6-edited-225x300.jpg 225w, https:\/\/www.spa-grillon.fr\/wp-content\/uploads\/2025\/01\/Milka-6-edited-768x1024.jpg 768w, https:\/\/www.spa-grillon.fr\/wp-content\/uploads\/2025\/01\/Milka-6-edited-1152x1536.jpg 1152w, https:\/\/www.spa-grillon.fr\/wp-content\/uploads\/2025\/01\/Milka-6-edited-1536x2048.jpg 1536w\" sizes=\"(max-width: 1778px) 100vw, 1778px\" \/><\/figure><\/div>\n\n<div class=\"wp-block-image\">\n<figure class=\"aligncenter is-resized\"><img decoding=\"async\" loading=\"lazy\" src=\"https:\/\/www.spa-grillon.fr\/wp-content\/uploads\/2024\/09\/Milka-12-758x1024.jpg\" alt=\"\" class=\"wp-image-15930\" width=\"472\" height=\"638\" srcset=\"https:\/\/www.spa-grillon.fr\/wp-content\/uploads\/2024\/09\/Milka-12-758x1024.jpg 758w, https:\/\/www.spa-grillon.fr\/wp-content\/uploads\/2024\/09\/Milka-12-222x300.jpg 222w, https:\/\/www.spa-grillon.fr\/wp-content\/uploads\/2024\/09\/Milka-12-768x1037.jpg 768w, https:\/\/www.spa-grillon.fr\/wp-content\/uploads\/2024\/09\/Milka-12-1138x1536.jpg 1138w, https:\/\/www.spa-grillon.fr\/wp-content\/uploads\/2024\/09\/Milka-12-1517x2048.jpg 1517w, https:\/\/www.spa-grillon.fr\/wp-content\/uploads\/2024\/09\/Milka-12.jpg 1748w\" sizes=\"(max-width: 472px) 100vw, 472px\" \/><\/figure><\/div>\n\n<div class=\"wp-block-image\">\n<figure class=\"aligncenter size-large is-resized\"><a href=\"https:\/\/www.spa-grillon.fr\/wp-content\/uploads\/2025\/01\/Milka-6.jpg\"><img decoding=\"async\" loading=\"lazy\" src=\"https:\/\/www.spa-grillon.fr\/wp-content\/uploads\/2025\/01\/Milka-6-918x1024.jpg\" alt=\"\" class=\"wp-image-16652\" width=\"575\" height=\"641\" srcset=\"https:\/\/www.spa-grillon.fr\/wp-content\/uploads\/2025\/01\/Milka-6-918x1024.jpg 918w, https:\/\/www.spa-grillon.fr\/wp-content\/uploads\/2025\/01\/Milka-6-269x300.jpg 269w, https:\/\/www.spa-grillon.fr\/wp-content\/uploads\/2025\/01\/Milka-6-768x857.jpg 768w, https:\/\/www.spa-grillon.fr\/wp-content\/uploads\/2025\/01\/Milka-6-1377x1536.jpg 1377w, https:\/\/www.spa-grillon.fr\/wp-content\/uploads\/2025\/01\/Milka-6.jpg 1767w\" sizes=\"(max-width: 575px) 100vw, 575px\" \/><\/a><\/figure><\/div>\n\n<div class=\"wp-block-image\">\n<figure class=\"aligncenter is-resized\"><img decoding=\"async\" loading=\"lazy\" src=\"https:\/\/www.spa-grillon.fr\/wp-content\/uploads\/2023\/09\/20230926_1535310-1014x1024.jpg\" alt=\"20230926_153531(0)\" class=\"wp-image-13979\" width=\"474\" height=\"478\" srcset=\"https:\/\/www.spa-grillon.fr\/wp-content\/uploads\/2023\/09\/20230926_1535310-1014x1024.jpg 1014w, https:\/\/www.spa-grillon.fr\/wp-content\/uploads\/2023\/09\/20230926_1535310-150x150.jpg 150w, https:\/\/www.spa-grillon.fr\/wp-content\/uploads\/2023\/09\/20230926_1535310-297x300.jpg 297w, https:\/\/www.spa-grillon.fr\/wp-content\/uploads\/2023\/09\/20230926_1535310-768x776.jpg 768w, https:\/\/www.spa-grillon.fr\/wp-content\/uploads\/2023\/09\/20230926_1535310.jpg 1643w\" sizes=\"(max-width: 474px) 100vw, 474px\" \/><\/figure><\/div>\n\n<div class=\"wp-block-image\">\n<figure class=\"aligncenter is-resized\"><img decoding=\"async\" loading=\"lazy\" src=\"https:\/\/www.spa-grillon.fr\/wp-content\/uploads\/2023\/09\/20230926_153631-984x1024.jpg\" alt=\"20230926_153631\" class=\"wp-image-13982\" width=\"470\" height=\"489\" srcset=\"https:\/\/www.spa-grillon.fr\/wp-content\/uploads\/2023\/09\/20230926_153631-984x1024.jpg 984w, https:\/\/www.spa-grillon.fr\/wp-content\/uploads\/2023\/09\/20230926_153631-288x300.jpg 288w, https:\/\/www.spa-grillon.fr\/wp-content\/uploads\/2023\/09\/20230926_153631-768x799.jpg 768w, https:\/\/www.spa-grillon.fr\/wp-content\/uploads\/2023\/09\/20230926_153631.jpg 1159w\" sizes=\"(max-width: 470px) 100vw, 470px\" \/><\/figure><\/div>\n\n<div class=\"wp-block-image\">\n<figure class=\"aligncenter is-resized\"><img decoding=\"async\" loading=\"lazy\" src=\"https:\/\/www.spa-grillon.fr\/wp-content\/uploads\/2023\/09\/20230926_153559-781x1024.jpg\" alt=\"20230926_153559\" class=\"wp-image-13980\" width=\"436\" height=\"571\"\/><\/figure><\/div>","protected":false},"excerpt":{"rendered":"<p>Sexe : m\u00e2le Race : malinois Age : n\u00e9 en 01\/2019 Taille : grande Caract\u00e9ristiques : Milka a perdu son propri\u00e9taire, d\u00e9c\u00e9d\u00e9. La famille n&rsquo;a pas pu le garder. Il \u00e9tait tr\u00e8s craintif \u00e0 son arriv\u00e9e, mais sans agressivit\u00e9. Petit &hellip; <a href=\"https:\/\/www.spa-grillon.fr\/?page_id=13977\">Continuer la lecture <span class=\"meta-nav\">&rarr;<\/span><\/a><\/p>\n","protected":false},"author":2,"featured_media":0,"parent":0,"menu_order":0,"comment_status":"closed","ping_status":"closed","template":"","meta":[],"_links":{"self":[{"href":"https:\/\/www.spa-grillon.fr\/index.php?rest_route=\/wp\/v2\/pages\/13977"}],"collection":[{"href":"https:\/\/www.spa-grillon.fr\/index.php?rest_route=\/wp\/v2\/pages"}],"about":[{"href":"https:\/\/www.spa-grillon.fr\/index.php?rest_route=\/wp\/v2\/types\/page"}],"author":[{"embeddable":true,"href":"https:\/\/www.spa-grillon.fr\/index.php?rest_route=\/wp\/v2\/users\/2"}],"replies":[{"embeddable":true,"href":"https:\/\/www.spa-grillon.fr\/index.php?rest_route=%2Fwp%2Fv2%2Fcomments&post=13977"}],"version-history":[{"count":9,"href":"https:\/\/www.spa-grillon.fr\/index.php?rest_route=\/wp\/v2\/pages\/13977\/revisions"}],"predecessor-version":[{"id":16654,"href":"https:\/\/www.spa-grillon.fr\/index.php?rest_route=\/wp\/v2\/pages\/13977\/revisions\/16654"}],"wp:attachment":[{"href":"https:\/\/www.spa-grillon.fr\/index.php?rest_route=%2Fwp%2Fv2%2Fmedia&parent=13977"}],"curies":[{"name":"wp","href":"https:\/\/api.w.org\/{rel}","templated":true}]}}