{"id":14281,"date":"2023-12-24T09:09:49","date_gmt":"2023-12-24T08:09:49","guid":{"rendered":"https:\/\/www.spa-grillon.fr\/?page_id=14281"},"modified":"2025-11-07T18:31:34","modified_gmt":"2025-11-07T17:31:34","slug":"starky","status":"publish","type":"page","link":"https:\/\/www.spa-grillon.fr\/?page_id=14281","title":{"rendered":"Starky"},"content":{"rendered":"\n<div class=\"wp-block-media-text alignwide is-stacked-on-mobile\"><figure class=\"wp-block-media-text__media\"><img decoding=\"async\" loading=\"lazy\" width=\"1024\" height=\"928\" src=\"https:\/\/www.spa-grillon.fr\/wp-content\/uploads\/2023\/12\/20231129_153311-1-1024x928.jpg\" alt=\"20231129_153311\" class=\"wp-image-14293 size-full\" srcset=\"https:\/\/www.spa-grillon.fr\/wp-content\/uploads\/2023\/12\/20231129_153311-1-1024x928.jpg 1024w, https:\/\/www.spa-grillon.fr\/wp-content\/uploads\/2023\/12\/20231129_153311-1-300x272.jpg 300w, https:\/\/www.spa-grillon.fr\/wp-content\/uploads\/2023\/12\/20231129_153311-1-768x696.jpg 768w, https:\/\/www.spa-grillon.fr\/wp-content\/uploads\/2023\/12\/20231129_153311-1.jpg 1970w\" sizes=\"(max-width: 1024px) 100vw, 1024px\" \/><\/figure><div class=\"wp-block-media-text__content\">\n<p><strong>Sexe<\/strong> : m\u00e2le<\/p>\n\n\n\n<p><strong>Race <\/strong>: griffon nivernais<\/p>\n\n\n\n<p><strong>Age <\/strong>: n\u00e9 en 09\/2021<\/p>\n\n\n\n<p><strong>Taille <\/strong>: grande<\/p>\n<\/div><\/div>\n\n\n\n<p align=\"justify\"><strong>Caract\u00e9ristiques<\/strong> : Starky est un adorable grand escogriffe. Un grand gar\u00e7on tout en jambes, gentil comme tout, tr\u00e8s enjou\u00e9. Comme beaucoup de chiens typ\u00e9s chasse, il est affectueux et tr\u00e8s proche de l&rsquo;homme : il faut voir les f\u00eates qu&rsquo;il vous fait! Il n&rsquo;a de cesse de rechercher des caresses et des attentions. Il n&rsquo;est pas bon chasseur d&rsquo;apr\u00e8s son ancien ma\u00eetre. Starky ne chasse que le chat : matous s&rsquo;abstenir donc ! Il tire en laisse mais il commence \u00e0 apprendre \u00e0 marcher sans et il semble avoir un peu de rappel. Il conna\u00eet quelques ordres. Concernant ses ententes, il est sympa avec les femelles. Il cohabite tr\u00e8s pacifiquement avec un autre m\u00e2le et lors des balades collectives, tout se passe bien. Au refuge, \u00ab\u00a0l&rsquo;effet grillage\u00a0\u00bb joue beaucoup et il peut donner l&rsquo;impression d&rsquo;\u00eatre un affreux jojo mais c&rsquo;est tr\u00e8s trompeur. Il faudra faire attention avec les petits enfants car il se dresse souvent pour faire des bisous et il peut faire mal avec ses pattes mais il n&rsquo;a pas la moindre parcelle d&rsquo;agressivit\u00e9. Les griffons, et celui-ci en particulier, sont des chiens d&rsquo;une extr\u00eame gentillesse, il pourra donc trouver sa place dans une famille avec des enfants, pas trop jeunes peut-\u00eatre car il peut bousculer.<p align=\"justify\">\n\n\n<div class=\"wp-block-image\">\n<figure class=\"aligncenter is-resized\"><img decoding=\"async\" loading=\"lazy\" src=\"https:\/\/www.spa-grillon.fr\/wp-content\/uploads\/2024\/11\/Starky-12-808x1024.jpg\" alt=\"\" class=\"wp-image-16338\" width=\"436\" height=\"552\" srcset=\"https:\/\/www.spa-grillon.fr\/wp-content\/uploads\/2024\/11\/Starky-12-808x1024.jpg 808w, https:\/\/www.spa-grillon.fr\/wp-content\/uploads\/2024\/11\/Starky-12-237x300.jpg 237w, https:\/\/www.spa-grillon.fr\/wp-content\/uploads\/2024\/11\/Starky-12-768x974.jpg 768w, https:\/\/www.spa-grillon.fr\/wp-content\/uploads\/2024\/11\/Starky-12-1212x1536.jpg 1212w, https:\/\/www.spa-grillon.fr\/wp-content\/uploads\/2024\/11\/Starky-12.jpg 1420w\" sizes=\"(max-width: 436px) 100vw, 436px\" \/><\/figure><\/div>\n\n<div class=\"wp-block-image\">\n<figure class=\"aligncenter is-resized\"><img decoding=\"async\" loading=\"lazy\" src=\"https:\/\/www.spa-grillon.fr\/wp-content\/uploads\/2024\/11\/Starky-14-847x1024.jpg\" alt=\"\" class=\"wp-image-16337\" width=\"518\" height=\"626\" srcset=\"https:\/\/www.spa-grillon.fr\/wp-content\/uploads\/2024\/11\/Starky-14-847x1024.jpg 847w, https:\/\/www.spa-grillon.fr\/wp-content\/uploads\/2024\/11\/Starky-14-248x300.jpg 248w, https:\/\/www.spa-grillon.fr\/wp-content\/uploads\/2024\/11\/Starky-14-768x928.jpg 768w, https:\/\/www.spa-grillon.fr\/wp-content\/uploads\/2024\/11\/Starky-14-1271x1536.jpg 1271w, https:\/\/www.spa-grillon.fr\/wp-content\/uploads\/2024\/11\/Starky-14.jpg 1489w\" sizes=\"(max-width: 518px) 100vw, 518px\" \/><\/figure><\/div>\n\n<div class=\"wp-block-image\">\n<figure class=\"aligncenter is-resized\"><img decoding=\"async\" loading=\"lazy\" src=\"https:\/\/www.spa-grillon.fr\/wp-content\/uploads\/2023\/12\/20231129_153533-937x1024.jpg\" alt=\"20231129_153533\" class=\"wp-image-14299\" width=\"524\" height=\"572\"\/><\/figure><\/div>\n\n<div class=\"wp-block-image\">\n<figure class=\"aligncenter is-resized\"><img decoding=\"async\" loading=\"lazy\" src=\"https:\/\/www.spa-grillon.fr\/wp-content\/uploads\/2023\/12\/20231129_153447-1024x997.jpg\" alt=\"20231129_153447\" class=\"wp-image-14298\" width=\"528\" height=\"514\" srcset=\"https:\/\/www.spa-grillon.fr\/wp-content\/uploads\/2023\/12\/20231129_153447-1024x997.jpg 1024w, https:\/\/www.spa-grillon.fr\/wp-content\/uploads\/2023\/12\/20231129_153447-300x292.jpg 300w, https:\/\/www.spa-grillon.fr\/wp-content\/uploads\/2023\/12\/20231129_153447-768x748.jpg 768w, https:\/\/www.spa-grillon.fr\/wp-content\/uploads\/2023\/12\/20231129_153447.jpg 1491w\" sizes=\"(max-width: 528px) 100vw, 528px\" \/><\/figure><\/div>\n\n<div class=\"wp-block-image\">\n<figure class=\"aligncenter is-resized\"><img decoding=\"async\" loading=\"lazy\" src=\"https:\/\/www.spa-grillon.fr\/wp-content\/uploads\/2023\/12\/20231129_153418-1-590x1024.jpg\" alt=\"20231129_153418\" class=\"wp-image-14297\" width=\"462\" height=\"802\" srcset=\"https:\/\/www.spa-grillon.fr\/wp-content\/uploads\/2023\/12\/20231129_153418-1-590x1024.jpg 590w, https:\/\/www.spa-grillon.fr\/wp-content\/uploads\/2023\/12\/20231129_153418-1-173x300.jpg 173w, https:\/\/www.spa-grillon.fr\/wp-content\/uploads\/2023\/12\/20231129_153418-1-768x1333.jpg 768w, https:\/\/www.spa-grillon.fr\/wp-content\/uploads\/2023\/12\/20231129_153418-1.jpg 1323w\" sizes=\"(max-width: 462px) 100vw, 462px\" \/><\/figure><\/div>\n\n<div class=\"wp-block-image\">\n<figure class=\"aligncenter is-resized\"><img decoding=\"async\" loading=\"lazy\" src=\"https:\/\/www.spa-grillon.fr\/wp-content\/uploads\/2023\/12\/20231129_153359-1-1024x1018.jpg\" alt=\"20231129_153359\" class=\"wp-image-14296\" width=\"536\" height=\"533\" srcset=\"https:\/\/www.spa-grillon.fr\/wp-content\/uploads\/2023\/12\/20231129_153359-1-1024x1018.jpg 1024w, https:\/\/www.spa-grillon.fr\/wp-content\/uploads\/2023\/12\/20231129_153359-1-150x150.jpg 150w, https:\/\/www.spa-grillon.fr\/wp-content\/uploads\/2023\/12\/20231129_153359-1-300x298.jpg 300w, https:\/\/www.spa-grillon.fr\/wp-content\/uploads\/2023\/12\/20231129_153359-1-768x764.jpg 768w, https:\/\/www.spa-grillon.fr\/wp-content\/uploads\/2023\/12\/20231129_153359-1.jpg 1587w\" sizes=\"(max-width: 536px) 100vw, 536px\" \/><\/figure><\/div>\n\n\n<div class=\"wp-block-group is-layout-constrained\"><div class=\"wp-block-group__inner-container\"><div class=\"wp-block-image\">\n<figure class=\"aligncenter size-large is-resized\"><a href=\"https:\/\/www.spa-grillon.fr\/wp-content\/uploads\/2025\/11\/Starky-3-scaled.jpg\"><img decoding=\"async\" loading=\"lazy\" src=\"https:\/\/www.spa-grillon.fr\/wp-content\/uploads\/2025\/11\/Starky-3-682x1024.jpg\" alt=\"\" class=\"wp-image-17915\" width=\"443\" height=\"665\" srcset=\"https:\/\/www.spa-grillon.fr\/wp-content\/uploads\/2025\/11\/Starky-3-682x1024.jpg 682w, https:\/\/www.spa-grillon.fr\/wp-content\/uploads\/2025\/11\/Starky-3-200x300.jpg 200w, https:\/\/www.spa-grillon.fr\/wp-content\/uploads\/2025\/11\/Starky-3-768x1152.jpg 768w, https:\/\/www.spa-grillon.fr\/wp-content\/uploads\/2025\/11\/Starky-3-1024x1536.jpg 1024w, https:\/\/www.spa-grillon.fr\/wp-content\/uploads\/2025\/11\/Starky-3-1365x2048.jpg 1365w, https:\/\/www.spa-grillon.fr\/wp-content\/uploads\/2025\/11\/Starky-3-scaled.jpg 1706w\" sizes=\"(max-width: 443px) 100vw, 443px\" \/><\/a><\/figure><\/div><\/div><\/div>\n\n\n\n<p>   <\/p>\n","protected":false},"excerpt":{"rendered":"<p>Sexe : m\u00e2le Race : griffon nivernais Age : n\u00e9 en 09\/2021 Taille : grande Caract\u00e9ristiques : Starky est un adorable grand escogriffe. Un grand gar\u00e7on tout en jambes, gentil comme tout, tr\u00e8s enjou\u00e9. Comme beaucoup de chiens typ\u00e9s chasse, &hellip; <a href=\"https:\/\/www.spa-grillon.fr\/?page_id=14281\">Continuer la lecture <span class=\"meta-nav\">&rarr;<\/span><\/a><\/p>\n","protected":false},"author":2,"featured_media":0,"parent":0,"menu_order":0,"comment_status":"closed","ping_status":"closed","template":"","meta":[],"_links":{"self":[{"href":"https:\/\/www.spa-grillon.fr\/index.php?rest_route=\/wp\/v2\/pages\/14281"}],"collection":[{"href":"https:\/\/www.spa-grillon.fr\/index.php?rest_route=\/wp\/v2\/pages"}],"about":[{"href":"https:\/\/www.spa-grillon.fr\/index.php?rest_route=\/wp\/v2\/types\/page"}],"author":[{"embeddable":true,"href":"https:\/\/www.spa-grillon.fr\/index.php?rest_route=\/wp\/v2\/users\/2"}],"replies":[{"embeddable":true,"href":"https:\/\/www.spa-grillon.fr\/index.php?rest_route=%2Fwp%2Fv2%2Fcomments&post=14281"}],"version-history":[{"count":3,"href":"https:\/\/www.spa-grillon.fr\/index.php?rest_route=\/wp\/v2\/pages\/14281\/revisions"}],"predecessor-version":[{"id":17916,"href":"https:\/\/www.spa-grillon.fr\/index.php?rest_route=\/wp\/v2\/pages\/14281\/revisions\/17916"}],"wp:attachment":[{"href":"https:\/\/www.spa-grillon.fr\/index.php?rest_route=%2Fwp%2Fv2%2Fmedia&parent=14281"}],"curies":[{"name":"wp","href":"https:\/\/api.w.org\/{rel}","templated":true}]}}